{"id":923,"date":"2024-02-19T09:50:04","date_gmt":"2024-02-19T08:50:04","guid":{"rendered":"https:\/\/serwer1331410.home.pl\/home\/salonkosea\/www\/?page_id=923"},"modified":"2024-06-07T16:11:47","modified_gmt":"2024-06-07T14:11:47","slug":"medik8-2","status":"publish","type":"page","link":"https:\/\/salonkosmetyczny-niemcza.pl\/?page_id=923","title":{"rendered":"Osocze, Fibryna, Kom\u00f3rki Macierzyste"},"content":{"rendered":"\t\t<div data-elementor-type=\"wp-page\" data-elementor-id=\"923\" class=\"elementor elementor-923\">\n\t\t\t\t\t\t<section class=\"elementor-section elementor-top-section elementor-element elementor-element-0f2eabf elementor-section-boxed elementor-section-height-default elementor-section-height-default wpr-particle-no wpr-jarallax-no wpr-parallax-no wpr-sticky-section-no\" data-id=\"0f2eabf\" data-element_type=\"section\">\n\t\t\t\t\t\t<div class=\"elementor-container elementor-column-gap-default\">\n\t\t\t\t\t<div class=\"elementor-column elementor-col-100 elementor-top-column elementor-element elementor-element-d8df345\" data-id=\"d8df345\" data-element_type=\"column\">\n\t\t\t<div class=\"elementor-widget-wrap elementor-element-populated\">\n\t\t\t\t\t\t<div class=\"elementor-element elementor-element-064ebf8 elementor-widget elementor-widget-text-editor\" data-id=\"064ebf8\" data-element_type=\"widget\" data-widget_type=\"text-editor.default\">\n\t\t\t\t<div class=\"elementor-widget-container\">\n\t\t\t\t\t\t\t\t\t<p>Od teraz 1-miesi\u0119czna terapia autologiczna jest ju\u017c dost\u0119pna w naszym gabinecie.\u00a0<\/p><p>Na czym polega? To kompleksowy zabieg autologiczny, kt\u00f3ry wykorzystuje r\u00f3\u017cne rodzaje fibryny i osocza bogatop\u0142ytkowego, dzi\u0119ki czemu gwarantuje popraw\u0119 j\u0119drno\u015bci, jako\u015bci i kolorytu sk\u00f3ry w kilku obszarach w czasie jednej wizyty, bez efektu maski! Podczas jednej wizyty uzyskiwany jest materia\u0142 autologiczny o r\u00f3\u017cnych w\u0142a\u015bciwo\u015bciach, kt\u00f3ry pozwala zregenerowa\u0107 i odm\u0142odzi\u0107 sk\u00f3r\u0119 twarzy w kilku obszarach.\u00a0<\/p><p>Efekty s\u0105 natychmiastowe!<\/p>\t\t\t\t\t\t\t\t<\/div>\n\t\t\t\t<\/div>\n\t\t\t\t<section class=\"elementor-section elementor-inner-section elementor-element elementor-element-9e88cd5 elementor-section-boxed elementor-section-height-default elementor-section-height-default wpr-particle-no wpr-jarallax-no wpr-parallax-no wpr-sticky-section-no\" data-id=\"9e88cd5\" data-element_type=\"section\">\n\t\t\t\t\t\t<div class=\"elementor-container elementor-column-gap-default\">\n\t\t\t\t\t<div class=\"elementor-column elementor-col-50 elementor-inner-column elementor-element elementor-element-5d714d7\" data-id=\"5d714d7\" data-element_type=\"column\">\n\t\t\t<div class=\"elementor-widget-wrap elementor-element-populated\">\n\t\t\t\t\t\t<div class=\"elementor-element elementor-element-57ca35b elementor-widget elementor-widget-image\" data-id=\"57ca35b\" data-element_type=\"widget\" data-widget_type=\"image.default\">\n\t\t\t\t<div class=\"elementor-widget-container\">\n\t\t\t\t\t\t\t\t\t\t\t\t\t\t\t<img fetchpriority=\"high\" decoding=\"async\" width=\"1024\" height=\"1024\" src=\"http:\/\/salonkosmetyczny-niemcza.pl\/wp-content\/uploads\/2024\/02\/1-MIESIECZNA-TERAPIA-AUTOLOGICZNA-1024x1024.png\" class=\"attachment-large size-large wp-image-925\" alt=\"\" srcset=\"http:\/\/salonkosmetyczny-niemcza.pl\/wp-content\/uploads\/2024\/02\/1-MIESIECZNA-TERAPIA-AUTOLOGICZNA-1024x1024.png 1024w, http:\/\/salonkosmetyczny-niemcza.pl\/wp-content\/uploads\/2024\/02\/1-MIESIECZNA-TERAPIA-AUTOLOGICZNA-300x300.png 300w, http:\/\/salonkosmetyczny-niemcza.pl\/wp-content\/uploads\/2024\/02\/1-MIESIECZNA-TERAPIA-AUTOLOGICZNA-150x150.png 150w, http:\/\/salonkosmetyczny-niemcza.pl\/wp-content\/uploads\/2024\/02\/1-MIESIECZNA-TERAPIA-AUTOLOGICZNA-768x768.png 768w, http:\/\/salonkosmetyczny-niemcza.pl\/wp-content\/uploads\/2024\/02\/1-MIESIECZNA-TERAPIA-AUTOLOGICZNA-65x65.png 65w, http:\/\/salonkosmetyczny-niemcza.pl\/wp-content\/uploads\/2024\/02\/1-MIESIECZNA-TERAPIA-AUTOLOGICZNA-160x159.png 160w, http:\/\/salonkosmetyczny-niemcza.pl\/wp-content\/uploads\/2024\/02\/1-MIESIECZNA-TERAPIA-AUTOLOGICZNA.png 1200w\" sizes=\"(max-width: 1024px) 100vw, 1024px\" \/>\t\t\t\t\t\t\t\t\t\t\t\t\t\t\t<\/div>\n\t\t\t\t<\/div>\n\t\t\t\t\t<\/div>\n\t\t<\/div>\n\t\t\t\t<div class=\"elementor-column elementor-col-50 elementor-inner-column elementor-element elementor-element-b95a8c4\" data-id=\"b95a8c4\" data-element_type=\"column\">\n\t\t\t<div class=\"elementor-widget-wrap elementor-element-populated\">\n\t\t\t\t\t\t<div class=\"elementor-element elementor-element-148bb5b elementor-widget elementor-widget-image\" data-id=\"148bb5b\" data-element_type=\"widget\" data-widget_type=\"image.default\">\n\t\t\t\t<div class=\"elementor-widget-container\">\n\t\t\t\t\t\t\t\t\t\t\t\t\t\t\t<img decoding=\"async\" width=\"1024\" height=\"1024\" src=\"http:\/\/salonkosmetyczny-niemcza.pl\/wp-content\/uploads\/2024\/02\/2.-NATURALNE-EFEKTY-1024x1024.png\" class=\"attachment-large size-large wp-image-926\" alt=\"\" srcset=\"http:\/\/salonkosmetyczny-niemcza.pl\/wp-content\/uploads\/2024\/02\/2.-NATURALNE-EFEKTY-1024x1024.png 1024w, http:\/\/salonkosmetyczny-niemcza.pl\/wp-content\/uploads\/2024\/02\/2.-NATURALNE-EFEKTY-300x300.png 300w, http:\/\/salonkosmetyczny-niemcza.pl\/wp-content\/uploads\/2024\/02\/2.-NATURALNE-EFEKTY-150x150.png 150w, http:\/\/salonkosmetyczny-niemcza.pl\/wp-content\/uploads\/2024\/02\/2.-NATURALNE-EFEKTY-768x768.png 768w, http:\/\/salonkosmetyczny-niemcza.pl\/wp-content\/uploads\/2024\/02\/2.-NATURALNE-EFEKTY-65x65.png 65w, http:\/\/salonkosmetyczny-niemcza.pl\/wp-content\/uploads\/2024\/02\/2.-NATURALNE-EFEKTY-160x159.png 160w, http:\/\/salonkosmetyczny-niemcza.pl\/wp-content\/uploads\/2024\/02\/2.-NATURALNE-EFEKTY.png 1200w\" sizes=\"(max-width: 1024px) 100vw, 1024px\" \/>\t\t\t\t\t\t\t\t\t\t\t\t\t\t\t<\/div>\n\t\t\t\t<\/div>\n\t\t\t\t\t<\/div>\n\t\t<\/div>\n\t\t\t\t\t<\/div>\n\t\t<\/section>\n\t\t\t\t<div class=\"elementor-element elementor-element-56bcc94 elementor-widget elementor-widget-heading\" data-id=\"56bcc94\" data-element_type=\"widget\" data-widget_type=\"heading.default\">\n\t\t\t\t<div class=\"elementor-widget-container\">\n\t\t\t\t\t<h4 class=\"elementor-heading-title elementor-size-default\">Naturalne efekty<\/h4>\t\t\t\t<\/div>\n\t\t\t\t<\/div>\n\t\t\t\t<div class=\"elementor-element elementor-element-a1fb1f0 elementor-widget elementor-widget-text-editor\" data-id=\"a1fb1f0\" data-element_type=\"widget\" data-widget_type=\"text-editor.default\">\n\t\t\t\t<div class=\"elementor-widget-container\">\n\t\t\t\t\t\t\t\t\t<div class=\"flex flex-grow flex-col max-w-full\">\n<div class=\"min-h-[20px] text-message flex flex-col items-start gap-3 whitespace-pre-wrap break-words [.text-message+&amp;]:mt-5 overflow-x-auto\" data-message-author-role=\"assistant\" data-message-id=\"2778b2e5-e44a-4720-8fc5-cbbfecad5f15\">\n<div class=\"markdown prose w-full break-words dark:prose-invert light\">Autologiczna 1-miesi\u0119czna terapia, to idealne rozwi\u0105zanie dla sk\u00f3ry, kt\u00f3ra potrzebuje kompleksowej regeneracji i odm\u0142odzenia, a to wszystko podczas tylko jednej wizyty w naszym gabinecie.<\/div>\n\n<\/div>\n<\/div>\t\t\t\t\t\t\t\t<\/div>\n\t\t\t\t<\/div>\n\t\t\t\t<div class=\"elementor-element elementor-element-9e648cb elementor-widget elementor-widget-heading\" data-id=\"9e648cb\" data-element_type=\"widget\" data-widget_type=\"heading.default\">\n\t\t\t\t<div class=\"elementor-widget-container\">\n\t\t\t\t\t<h4 class=\"elementor-heading-title elementor-size-default\">Pobud\u017a naturalne pi\u0119kno<\/h4>\t\t\t\t<\/div>\n\t\t\t\t<\/div>\n\t\t\t\t<div class=\"elementor-element elementor-element-f1f9094 elementor-widget elementor-widget-text-editor\" data-id=\"f1f9094\" data-element_type=\"widget\" data-widget_type=\"text-editor.default\">\n\t\t\t\t<div class=\"elementor-widget-container\">\n\t\t\t\t\t\t\t\t\t<div class=\"flex flex-grow flex-col max-w-full\"><p>Poznaj now\u0105 i innowacyjn\u0105 terapi\u0119 autologiczn\u0105, kt\u00f3ra pozwala odm\u0142odzi\u0107 i zregenerowa\u0107 kilka obszar\u00f3w twarzy podczas jednej wizyty w naszym gabinecie!<\/p><div class=\"min-h-[20px] text-message flex flex-col items-start gap-3 whitespace-pre-wrap break-words [.text-message+&amp;]:mt-5 overflow-x-auto\" data-message-author-role=\"assistant\" data-message-id=\"2778b2e5-e44a-4720-8fc5-cbbfecad5f15\">Kiedy najlepiej zdecydowa\u0107 si\u0119 na zabieg?<br>&#8211; Chcesz uzyska\u0107 od\u017cywion\u0105, promienn\u0105 i nawil\u017con\u0105 sk\u00f3r\u0119,<br>&#8211; Szukasz sposobu na popraw\u0119 kolorytu oraz struktury sk\u00f3ry,<br>&#8211; Zale\u017cy ci na profilaktyce anti-aging oraz regeneracji dojrza\u0142ej sk\u00f3ry,<br>&#8211; Zastanawiasz si\u0119 nad wyg\u0142adzeniem ubytk\u00f3w i zmarszczek w subtelny spos\u00f3b<br><\/div>\n<\/div>\t\t\t\t\t\t\t\t<\/div>\n\t\t\t\t<\/div>\n\t\t\t\t<div class=\"elementor-element elementor-element-2dba307 elementor-widget elementor-widget-heading\" data-id=\"2dba307\" data-element_type=\"widget\" data-widget_type=\"heading.default\">\n\t\t\t\t<div class=\"elementor-widget-container\">\n\t\t\t\t\t<h4 class=\"elementor-heading-title elementor-size-default\">Bez efektu maski<\/h4>\t\t\t\t<\/div>\n\t\t\t\t<\/div>\n\t\t\t\t<div class=\"elementor-element elementor-element-8f07b74 elementor-widget elementor-widget-image\" data-id=\"8f07b74\" data-element_type=\"widget\" data-widget_type=\"image.default\">\n\t\t\t\t<div class=\"elementor-widget-container\">\n\t\t\t\t\t\t\t\t\t\t\t\t\t\t\t<img decoding=\"async\" width=\"1024\" height=\"1024\" src=\"http:\/\/salonkosmetyczny-niemcza.pl\/wp-content\/uploads\/2024\/02\/4.-BEZ-EFEKTU-MASKI-1024x1024.png\" class=\"attachment-large size-large wp-image-927\" alt=\"\" srcset=\"http:\/\/salonkosmetyczny-niemcza.pl\/wp-content\/uploads\/2024\/02\/4.-BEZ-EFEKTU-MASKI-1024x1024.png 1024w, http:\/\/salonkosmetyczny-niemcza.pl\/wp-content\/uploads\/2024\/02\/4.-BEZ-EFEKTU-MASKI-300x300.png 300w, http:\/\/salonkosmetyczny-niemcza.pl\/wp-content\/uploads\/2024\/02\/4.-BEZ-EFEKTU-MASKI-150x150.png 150w, http:\/\/salonkosmetyczny-niemcza.pl\/wp-content\/uploads\/2024\/02\/4.-BEZ-EFEKTU-MASKI-768x768.png 768w, http:\/\/salonkosmetyczny-niemcza.pl\/wp-content\/uploads\/2024\/02\/4.-BEZ-EFEKTU-MASKI-65x65.png 65w, http:\/\/salonkosmetyczny-niemcza.pl\/wp-content\/uploads\/2024\/02\/4.-BEZ-EFEKTU-MASKI-160x159.png 160w, http:\/\/salonkosmetyczny-niemcza.pl\/wp-content\/uploads\/2024\/02\/4.-BEZ-EFEKTU-MASKI.png 1200w\" sizes=\"(max-width: 1024px) 100vw, 1024px\" \/>\t\t\t\t\t\t\t\t\t\t\t\t\t\t\t<\/div>\n\t\t\t\t<\/div>\n\t\t\t\t<div class=\"elementor-element elementor-element-46c7196 elementor-widget elementor-widget-text-editor\" data-id=\"46c7196\" data-element_type=\"widget\" data-widget_type=\"text-editor.default\">\n\t\t\t\t<div class=\"elementor-widget-container\">\n\t\t\t\t\t\t\t\t\t<div class=\"flex flex-grow flex-col max-w-full\"><div class=\"min-h-[20px] text-message flex flex-col items-start gap-3 whitespace-pre-wrap break-words [.text-message+&amp;]:mt-5 overflow-x-auto\" data-message-author-role=\"assistant\" data-message-id=\"2778b2e5-e44a-4720-8fc5-cbbfecad5f15\">Natychmiastowy efekt odm\u0142odzenia, bez efektu maski! To nowa terapia, kt\u00f3ra:<br \/>&#8211; Kompleksowo poprawia j\u0119drno\u015b\u0107, jako\u015b\u0107 i koloryt sk\u00f3ry<br \/>&#8211; Podczas jednej wizyty i z jednego pobrania krwi, uzyskiwane s\u0105 a\u017c 4 frakcje osocza i fibryny, kt\u00f3re pozwalaj\u0105 wykona\u0107 kilka iniekcji w r\u00f3\u017cnych obszarach twarzy,<br \/>&#8211; To w pe\u0142ni naturalny zabieg,<br \/>&#8211; Natychmiastowy efekt odm\u0142odzenia bez konieczno\u015bci rekonwalescencji <\/div><\/div>\t\t\t\t\t\t\t\t<\/div>\n\t\t\t\t<\/div>\n\t\t\t\t<div class=\"elementor-element elementor-element-a844b8c elementor-widget elementor-widget-heading\" data-id=\"a844b8c\" data-element_type=\"widget\" data-widget_type=\"heading.default\">\n\t\t\t\t<div class=\"elementor-widget-container\">\n\t\t\t\t\t<h4 class=\"elementor-heading-title elementor-size-default\">Gwarancja bezpiecze\u0144stwa<\/h4>\t\t\t\t<\/div>\n\t\t\t\t<\/div>\n\t\t\t\t<div class=\"elementor-element elementor-element-4a4ab88 elementor-widget elementor-widget-text-editor\" data-id=\"4a4ab88\" data-element_type=\"widget\" data-widget_type=\"text-editor.default\">\n\t\t\t\t<div class=\"elementor-widget-container\">\n\t\t\t\t\t\t\t\t\t<div class=\"flex flex-grow flex-col max-w-full\"><div class=\"min-h-[20px] text-message flex flex-col items-start gap-3 whitespace-pre-wrap break-words [.text-message+&amp;]:mt-5 overflow-x-auto\" data-message-author-role=\"assistant\" data-message-id=\"2778b2e5-e44a-4720-8fc5-cbbfecad5f15\">Cenimy sobie bezpiecze\u0144stwo, dlatego w naszej ofercie znajdziecie tylko w pe\u0142ni przebadane i sprawdzone zabiegi.<br \/>W naszym gabinecie stawiamy na bezpieczne i w pe\u0142ni przebadane technologie oraz zabiegi, dlatego 1-miesi\u0119czna terapia autologiczna ju\u017c jest dost\u0119pna w naszym gabinecie. Terapia sk\u0142ada si\u0119 z dw\u00f3ch w pe\u0142ni naturalnych zabieg\u00f3w, kt\u00f3re wykorzystuj\u0105 a\u017c 4 r\u00f3\u017cne frakcje osocza i fibryny.<br \/>Terapia powsta\u0142a we wsp\u00f3\u0142pracy z Uniwersytetem Jagiello\u0144skim i gwarantuje kompleksow\u0105 popraw\u0119 j\u0119drno\u015b\u0107, jako\u015b\u0107 i kolorytu sk\u00f3ry.<\/div><\/div>\t\t\t\t\t\t\t\t<\/div>\n\t\t\t\t<\/div>\n\t\t\t\t\t<\/div>\n\t\t<\/div>\n\t\t\t\t\t<\/div>\n\t\t<\/section>\n\t\t\t\t<\/div>\n\t\t","protected":false},"excerpt":{"rendered":"<p>Od teraz 1-miesi\u0119czna terapia autologiczna jest ju\u017c dost\u0119pna w naszym gabinecie.\u00a0 Na czym polega? To kompleksowy zabieg autologiczny, kt\u00f3ry wykorzystuje r\u00f3\u017cne rodzaje fibryny i osocza bogatop\u0142ytkowego, dzi\u0119ki czemu gwarantuje popraw\u0119 &hellip; <\/p>\n","protected":false},"author":1,"featured_media":1226,"parent":0,"menu_order":0,"comment_status":"closed","ping_status":"closed","template":"","meta":{"footnotes":""},"class_list":["post-923","page","type-page","status-publish","has-post-thumbnail","hentry"],"yoast_head":"<!-- This site is optimized with the Yoast SEO plugin v25.6 - https:\/\/yoast.com\/wordpress\/plugins\/seo\/ -->\n<title>Osocze, Fibryna, Kom\u00f3rki Macierzyste - Ewa Kowal<\/title>\n<meta name=\"robots\" content=\"index, follow, max-snippet:-1, max-image-preview:large, max-video-preview:-1\" \/>\n<link rel=\"canonical\" href=\"http:\/\/salonkosmetyczny-niemcza.pl\/?page_id=923\" \/>\n<meta property=\"og:locale\" content=\"pl_PL\" \/>\n<meta property=\"og:type\" content=\"article\" \/>\n<meta property=\"og:title\" content=\"Osocze, Fibryna, Kom\u00f3rki Macierzyste - Ewa Kowal\" \/>\n<meta property=\"og:description\" content=\"Od teraz 1-miesi\u0119czna terapia autologiczna jest ju\u017c dost\u0119pna w naszym gabinecie.\u00a0 Na czym polega? To kompleksowy zabieg autologiczny, kt\u00f3ry wykorzystuje r\u00f3\u017cne rodzaje fibryny i osocza bogatop\u0142ytkowego, dzi\u0119ki czemu gwarantuje popraw\u0119 &hellip;\" \/>\n<meta property=\"og:url\" content=\"http:\/\/salonkosmetyczny-niemcza.pl\/?page_id=923\" \/>\n<meta property=\"og:site_name\" content=\"Ewa Kowal\" \/>\n<meta property=\"article:modified_time\" content=\"2024-06-07T14:11:47+00:00\" \/>\n<meta property=\"og:image\" content=\"http:\/\/salonkosmetyczny-niemcza.pl\/wp-content\/uploads\/2024\/02\/Firefly-woman-face-54451.jpg\" \/>\n\t<meta property=\"og:image:width\" content=\"2048\" \/>\n\t<meta property=\"og:image:height\" content=\"2048\" \/>\n\t<meta property=\"og:image:type\" content=\"image\/jpeg\" \/>\n<meta name=\"twitter:card\" content=\"summary_large_image\" \/>\n<meta name=\"twitter:label1\" content=\"Szacowany czas czytania\" \/>\n\t<meta name=\"twitter:data1\" content=\"2 minuty\" \/>\n<script type=\"application\/ld+json\" class=\"yoast-schema-graph\">{\"@context\":\"https:\/\/schema.org\",\"@graph\":[{\"@type\":\"WebPage\",\"@id\":\"http:\/\/salonkosmetyczny-niemcza.pl\/?page_id=923\",\"url\":\"http:\/\/salonkosmetyczny-niemcza.pl\/?page_id=923\",\"name\":\"Osocze, Fibryna, Kom\u00f3rki Macierzyste - Ewa Kowal\",\"isPartOf\":{\"@id\":\"http:\/\/salonkosmetyczny-niemcza.pl\/#website\"},\"primaryImageOfPage\":{\"@id\":\"http:\/\/salonkosmetyczny-niemcza.pl\/?page_id=923#primaryimage\"},\"image\":{\"@id\":\"http:\/\/salonkosmetyczny-niemcza.pl\/?page_id=923#primaryimage\"},\"thumbnailUrl\":\"https:\/\/salonkosmetyczny-niemcza.pl\/wp-content\/uploads\/2024\/02\/Firefly-woman-face-54451.jpg\",\"datePublished\":\"2024-02-19T08:50:04+00:00\",\"dateModified\":\"2024-06-07T14:11:47+00:00\",\"breadcrumb\":{\"@id\":\"http:\/\/salonkosmetyczny-niemcza.pl\/?page_id=923#breadcrumb\"},\"inLanguage\":\"pl-PL\",\"potentialAction\":[{\"@type\":\"ReadAction\",\"target\":[\"http:\/\/salonkosmetyczny-niemcza.pl\/?page_id=923\"]}]},{\"@type\":\"ImageObject\",\"inLanguage\":\"pl-PL\",\"@id\":\"http:\/\/salonkosmetyczny-niemcza.pl\/?page_id=923#primaryimage\",\"url\":\"https:\/\/salonkosmetyczny-niemcza.pl\/wp-content\/uploads\/2024\/02\/Firefly-woman-face-54451.jpg\",\"contentUrl\":\"https:\/\/salonkosmetyczny-niemcza.pl\/wp-content\/uploads\/2024\/02\/Firefly-woman-face-54451.jpg\",\"width\":2048,\"height\":2048},{\"@type\":\"BreadcrumbList\",\"@id\":\"http:\/\/salonkosmetyczny-niemcza.pl\/?page_id=923#breadcrumb\",\"itemListElement\":[{\"@type\":\"ListItem\",\"position\":1,\"name\":\"Strona g\u0142\u00f3wna\",\"item\":\"http:\/\/salonkosmetyczny-niemcza.pl\/\"},{\"@type\":\"ListItem\",\"position\":2,\"name\":\"Osocze, Fibryna, Kom\u00f3rki Macierzyste\"}]},{\"@type\":\"WebSite\",\"@id\":\"http:\/\/salonkosmetyczny-niemcza.pl\/#website\",\"url\":\"http:\/\/salonkosmetyczny-niemcza.pl\/\",\"name\":\"Ewa Kowal\",\"description\":\"Gabinet Kosmetyczny\",\"publisher\":{\"@id\":\"http:\/\/salonkosmetyczny-niemcza.pl\/#organization\"},\"potentialAction\":[{\"@type\":\"SearchAction\",\"target\":{\"@type\":\"EntryPoint\",\"urlTemplate\":\"http:\/\/salonkosmetyczny-niemcza.pl\/?s={search_term_string}\"},\"query-input\":{\"@type\":\"PropertyValueSpecification\",\"valueRequired\":true,\"valueName\":\"search_term_string\"}}],\"inLanguage\":\"pl-PL\"},{\"@type\":\"Organization\",\"@id\":\"http:\/\/salonkosmetyczny-niemcza.pl\/#organization\",\"name\":\"Ewa Kowal\",\"url\":\"http:\/\/salonkosmetyczny-niemcza.pl\/\",\"logo\":{\"@type\":\"ImageObject\",\"inLanguage\":\"pl-PL\",\"@id\":\"http:\/\/salonkosmetyczny-niemcza.pl\/#\/schema\/logo\/image\/\",\"url\":\"https:\/\/salonkosmetyczny-niemcza.pl\/wp-content\/uploads\/2023\/02\/cropped-ewakowal.png\",\"contentUrl\":\"https:\/\/salonkosmetyczny-niemcza.pl\/wp-content\/uploads\/2023\/02\/cropped-ewakowal.png\",\"width\":189,\"height\":150,\"caption\":\"Ewa Kowal\"},\"image\":{\"@id\":\"http:\/\/salonkosmetyczny-niemcza.pl\/#\/schema\/logo\/image\/\"}}]}<\/script>\n<!-- \/ Yoast SEO plugin. -->","yoast_head_json":{"title":"Osocze, Fibryna, Kom\u00f3rki Macierzyste - Ewa Kowal","robots":{"index":"index","follow":"follow","max-snippet":"max-snippet:-1","max-image-preview":"max-image-preview:large","max-video-preview":"max-video-preview:-1"},"canonical":"http:\/\/salonkosmetyczny-niemcza.pl\/?page_id=923","og_locale":"pl_PL","og_type":"article","og_title":"Osocze, Fibryna, Kom\u00f3rki Macierzyste - Ewa Kowal","og_description":"Od teraz 1-miesi\u0119czna terapia autologiczna jest ju\u017c dost\u0119pna w naszym gabinecie.\u00a0 Na czym polega? To kompleksowy zabieg autologiczny, kt\u00f3ry wykorzystuje r\u00f3\u017cne rodzaje fibryny i osocza bogatop\u0142ytkowego, dzi\u0119ki czemu gwarantuje popraw\u0119 &hellip;","og_url":"http:\/\/salonkosmetyczny-niemcza.pl\/?page_id=923","og_site_name":"Ewa Kowal","article_modified_time":"2024-06-07T14:11:47+00:00","og_image":[{"width":2048,"height":2048,"url":"http:\/\/salonkosmetyczny-niemcza.pl\/wp-content\/uploads\/2024\/02\/Firefly-woman-face-54451.jpg","type":"image\/jpeg"}],"twitter_card":"summary_large_image","twitter_misc":{"Szacowany czas czytania":"2 minuty"},"schema":{"@context":"https:\/\/schema.org","@graph":[{"@type":"WebPage","@id":"http:\/\/salonkosmetyczny-niemcza.pl\/?page_id=923","url":"http:\/\/salonkosmetyczny-niemcza.pl\/?page_id=923","name":"Osocze, Fibryna, Kom\u00f3rki Macierzyste - Ewa Kowal","isPartOf":{"@id":"http:\/\/salonkosmetyczny-niemcza.pl\/#website"},"primaryImageOfPage":{"@id":"http:\/\/salonkosmetyczny-niemcza.pl\/?page_id=923#primaryimage"},"image":{"@id":"http:\/\/salonkosmetyczny-niemcza.pl\/?page_id=923#primaryimage"},"thumbnailUrl":"https:\/\/salonkosmetyczny-niemcza.pl\/wp-content\/uploads\/2024\/02\/Firefly-woman-face-54451.jpg","datePublished":"2024-02-19T08:50:04+00:00","dateModified":"2024-06-07T14:11:47+00:00","breadcrumb":{"@id":"http:\/\/salonkosmetyczny-niemcza.pl\/?page_id=923#breadcrumb"},"inLanguage":"pl-PL","potentialAction":[{"@type":"ReadAction","target":["http:\/\/salonkosmetyczny-niemcza.pl\/?page_id=923"]}]},{"@type":"ImageObject","inLanguage":"pl-PL","@id":"http:\/\/salonkosmetyczny-niemcza.pl\/?page_id=923#primaryimage","url":"https:\/\/salonkosmetyczny-niemcza.pl\/wp-content\/uploads\/2024\/02\/Firefly-woman-face-54451.jpg","contentUrl":"https:\/\/salonkosmetyczny-niemcza.pl\/wp-content\/uploads\/2024\/02\/Firefly-woman-face-54451.jpg","width":2048,"height":2048},{"@type":"BreadcrumbList","@id":"http:\/\/salonkosmetyczny-niemcza.pl\/?page_id=923#breadcrumb","itemListElement":[{"@type":"ListItem","position":1,"name":"Strona g\u0142\u00f3wna","item":"http:\/\/salonkosmetyczny-niemcza.pl\/"},{"@type":"ListItem","position":2,"name":"Osocze, Fibryna, Kom\u00f3rki Macierzyste"}]},{"@type":"WebSite","@id":"http:\/\/salonkosmetyczny-niemcza.pl\/#website","url":"http:\/\/salonkosmetyczny-niemcza.pl\/","name":"Ewa Kowal","description":"Gabinet Kosmetyczny","publisher":{"@id":"http:\/\/salonkosmetyczny-niemcza.pl\/#organization"},"potentialAction":[{"@type":"SearchAction","target":{"@type":"EntryPoint","urlTemplate":"http:\/\/salonkosmetyczny-niemcza.pl\/?s={search_term_string}"},"query-input":{"@type":"PropertyValueSpecification","valueRequired":true,"valueName":"search_term_string"}}],"inLanguage":"pl-PL"},{"@type":"Organization","@id":"http:\/\/salonkosmetyczny-niemcza.pl\/#organization","name":"Ewa Kowal","url":"http:\/\/salonkosmetyczny-niemcza.pl\/","logo":{"@type":"ImageObject","inLanguage":"pl-PL","@id":"http:\/\/salonkosmetyczny-niemcza.pl\/#\/schema\/logo\/image\/","url":"https:\/\/salonkosmetyczny-niemcza.pl\/wp-content\/uploads\/2023\/02\/cropped-ewakowal.png","contentUrl":"https:\/\/salonkosmetyczny-niemcza.pl\/wp-content\/uploads\/2023\/02\/cropped-ewakowal.png","width":189,"height":150,"caption":"Ewa Kowal"},"image":{"@id":"http:\/\/salonkosmetyczny-niemcza.pl\/#\/schema\/logo\/image\/"}}]}},"_links":{"self":[{"href":"https:\/\/salonkosmetyczny-niemcza.pl\/index.php?rest_route=\/wp\/v2\/pages\/923","targetHints":{"allow":["GET"]}}],"collection":[{"href":"https:\/\/salonkosmetyczny-niemcza.pl\/index.php?rest_route=\/wp\/v2\/pages"}],"about":[{"href":"https:\/\/salonkosmetyczny-niemcza.pl\/index.php?rest_route=\/wp\/v2\/types\/page"}],"author":[{"embeddable":true,"href":"https:\/\/salonkosmetyczny-niemcza.pl\/index.php?rest_route=\/wp\/v2\/users\/1"}],"replies":[{"embeddable":true,"href":"https:\/\/salonkosmetyczny-niemcza.pl\/index.php?rest_route=%2Fwp%2Fv2%2Fcomments&post=923"}],"version-history":[{"count":21,"href":"https:\/\/salonkosmetyczny-niemcza.pl\/index.php?rest_route=\/wp\/v2\/pages\/923\/revisions"}],"predecessor-version":[{"id":1349,"href":"https:\/\/salonkosmetyczny-niemcza.pl\/index.php?rest_route=\/wp\/v2\/pages\/923\/revisions\/1349"}],"wp:featuredmedia":[{"embeddable":true,"href":"https:\/\/salonkosmetyczny-niemcza.pl\/index.php?rest_route=\/wp\/v2\/media\/1226"}],"wp:attachment":[{"href":"https:\/\/salonkosmetyczny-niemcza.pl\/index.php?rest_route=%2Fwp%2Fv2%2Fmedia&parent=923"}],"curies":[{"name":"wp","href":"https:\/\/api.w.org\/{rel}","templated":true}]}}