{"id":770,"date":"2023-06-14T13:33:35","date_gmt":"2023-06-14T11:33:35","guid":{"rendered":"https:\/\/serwer1331410.home.pl\/home\/salonkosea\/www\/?page_id=770"},"modified":"2024-02-29T20:19:49","modified_gmt":"2024-02-29T19:19:49","slug":"henna","status":"publish","type":"page","link":"https:\/\/salonkosmetyczny-niemcza.pl\/?page_id=770","title":{"rendered":"Henna"},"content":{"rendered":"\t\t<div data-elementor-type=\"wp-page\" data-elementor-id=\"770\" class=\"elementor elementor-770\">\n\t\t\t\t\t\t<section class=\"elementor-section elementor-top-section elementor-element elementor-element-95da71b elementor-section-boxed elementor-section-height-default elementor-section-height-default wpr-particle-no wpr-jarallax-no wpr-parallax-no wpr-sticky-section-no\" data-id=\"95da71b\" data-element_type=\"section\">\n\t\t\t\t\t\t<div class=\"elementor-container elementor-column-gap-default\">\n\t\t\t\t\t<div class=\"elementor-column elementor-col-100 elementor-top-column elementor-element elementor-element-b12e7c0\" data-id=\"b12e7c0\" data-element_type=\"column\">\n\t\t\t<div class=\"elementor-widget-wrap elementor-element-populated\">\n\t\t\t\t\t\t<div class=\"elementor-element elementor-element-fe0ba85 elementor-widget elementor-widget-text-editor\" data-id=\"fe0ba85\" data-element_type=\"widget\" data-widget_type=\"text-editor.default\">\n\t\t\t\t<div class=\"elementor-widget-container\">\n\t\t\t\t\t\t\t\t\t<p>W dzisiejszych czasach, kiedy trend naturalno\u015bci i podkre\u015blania w\u0142asnej urody nabiera coraz wi\u0119kszego znaczenia, zabiegi kosmetyczne wykorzystuj\u0105ce henn\u0119 staj\u0105 si\u0119 niezwykle popularne. W Gabinetu Kosmetycznym &#8222;Ewa Kowal Kosmetologia Estetyczna&#8221; doskonale rozumiemy potrzeb\u0119 harmonii pomi\u0119dzy naturalno\u015bci\u0105 a elegancj\u0105. Dlatego te\u017c oferujemy naszym klientom szerok\u0105 gam\u0119 zabieg\u00f3w z u\u017cyciem henny, kt\u00f3re podkre\u015blaj\u0105 pi\u0119kno naturalnych rys\u00f3w twarzy, jednocze\u015bnie zapewniaj\u0105c trwa\u0142y i efektowny efekt.<\/p>\t\t\t\t\t\t\t\t<\/div>\n\t\t\t\t<\/div>\n\t\t\t\t<div class=\"elementor-element elementor-element-a814446 elementor-widget elementor-widget-heading\" data-id=\"a814446\" data-element_type=\"widget\" data-widget_type=\"heading.default\">\n\t\t\t\t<div class=\"elementor-widget-container\">\n\t\t\t\t\t<h1 class=\"elementor-heading-title elementor-size-default\">Dlaczego henna?<\/h1>\t\t\t\t<\/div>\n\t\t\t\t<\/div>\n\t\t\t\t<section class=\"elementor-section elementor-inner-section elementor-element elementor-element-c0680c4 elementor-section-boxed elementor-section-height-default elementor-section-height-default wpr-particle-no wpr-jarallax-no wpr-parallax-no wpr-sticky-section-no\" data-id=\"c0680c4\" data-element_type=\"section\">\n\t\t\t\t\t\t<div class=\"elementor-container elementor-column-gap-default\">\n\t\t\t\t\t<div class=\"elementor-column elementor-col-50 elementor-inner-column elementor-element elementor-element-937f156\" data-id=\"937f156\" data-element_type=\"column\">\n\t\t\t<div class=\"elementor-widget-wrap elementor-element-populated\">\n\t\t\t\t\t\t<div class=\"elementor-element elementor-element-df4cc10 elementor-widget elementor-widget-text-editor\" data-id=\"df4cc10\" data-element_type=\"widget\" data-widget_type=\"text-editor.default\">\n\t\t\t\t<div class=\"elementor-widget-container\">\n\t\t\t\t\t\t\t\t\t<p>Henna od wiek\u00f3w jest znana ze swoich w\u0142a\u015bciwo\u015bci barwi\u0105cych i piel\u0119gnacyjnych. Wykorzystywana zar\u00f3wno w kulturze wschodniej, jak i zachodniej, henna jest doskona\u0142ym rozwi\u0105zaniem dla os\u00f3b poszukuj\u0105cych naturalnych metod poprawy wygl\u0105du. Bogata w sk\u0142adniki od\u017cywcze, henna nie tylko nadaje intensywny kolor, ale tak\u017ce wzmacnia w\u0142osy i zapewnia im zdrowy wygl\u0105d.<\/p>\t\t\t\t\t\t\t\t<\/div>\n\t\t\t\t<\/div>\n\t\t\t\t\t<\/div>\n\t\t<\/div>\n\t\t\t\t<div class=\"elementor-column elementor-col-50 elementor-inner-column elementor-element elementor-element-4159370\" data-id=\"4159370\" data-element_type=\"column\">\n\t\t\t<div class=\"elementor-widget-wrap elementor-element-populated\">\n\t\t\t\t\t\t<div class=\"elementor-element elementor-element-8662ddd elementor-widget elementor-widget-image\" data-id=\"8662ddd\" data-element_type=\"widget\" data-widget_type=\"image.default\">\n\t\t\t\t<div class=\"elementor-widget-container\">\n\t\t\t\t\t\t\t\t\t\t\t\t\t\t\t<img fetchpriority=\"high\" decoding=\"async\" width=\"300\" height=\"300\" src=\"http:\/\/salonkosmetyczny-niemcza.pl\/wp-content\/uploads\/2024\/02\/Firefly-female-clinician-doing-an-eyebrow-treatment-for-woman-close-up-on-eyebrows-66172-300x300.jpg\" class=\"attachment-medium size-medium wp-image-1052\" alt=\"henna\" srcset=\"http:\/\/salonkosmetyczny-niemcza.pl\/wp-content\/uploads\/2024\/02\/Firefly-female-clinician-doing-an-eyebrow-treatment-for-woman-close-up-on-eyebrows-66172-300x300.jpg 300w, http:\/\/salonkosmetyczny-niemcza.pl\/wp-content\/uploads\/2024\/02\/Firefly-female-clinician-doing-an-eyebrow-treatment-for-woman-close-up-on-eyebrows-66172-1024x1024.jpg 1024w, http:\/\/salonkosmetyczny-niemcza.pl\/wp-content\/uploads\/2024\/02\/Firefly-female-clinician-doing-an-eyebrow-treatment-for-woman-close-up-on-eyebrows-66172-150x150.jpg 150w, http:\/\/salonkosmetyczny-niemcza.pl\/wp-content\/uploads\/2024\/02\/Firefly-female-clinician-doing-an-eyebrow-treatment-for-woman-close-up-on-eyebrows-66172-768x768.jpg 768w, http:\/\/salonkosmetyczny-niemcza.pl\/wp-content\/uploads\/2024\/02\/Firefly-female-clinician-doing-an-eyebrow-treatment-for-woman-close-up-on-eyebrows-66172-1536x1536.jpg 1536w, http:\/\/salonkosmetyczny-niemcza.pl\/wp-content\/uploads\/2024\/02\/Firefly-female-clinician-doing-an-eyebrow-treatment-for-woman-close-up-on-eyebrows-66172-60x60.jpg 60w, http:\/\/salonkosmetyczny-niemcza.pl\/wp-content\/uploads\/2024\/02\/Firefly-female-clinician-doing-an-eyebrow-treatment-for-woman-close-up-on-eyebrows-66172.jpg 2048w\" sizes=\"(max-width: 300px) 100vw, 300px\" \/>\t\t\t\t\t\t\t\t\t\t\t\t\t\t\t<\/div>\n\t\t\t\t<\/div>\n\t\t\t\t\t<\/div>\n\t\t<\/div>\n\t\t\t\t\t<\/div>\n\t\t<\/section>\n\t\t\t\t<div class=\"elementor-element elementor-element-e3d3031 elementor-widget elementor-widget-spacer\" data-id=\"e3d3031\" data-element_type=\"widget\" data-widget_type=\"spacer.default\">\n\t\t\t\t<div class=\"elementor-widget-container\">\n\t\t\t\t\t\t\t<div class=\"elementor-spacer\">\n\t\t\t<div class=\"elementor-spacer-inner\"><\/div>\n\t\t<\/div>\n\t\t\t\t\t\t<\/div>\n\t\t\t\t<\/div>\n\t\t\t\t<div class=\"elementor-element elementor-element-f805244 elementor-widget elementor-widget-heading\" data-id=\"f805244\" data-element_type=\"widget\" data-widget_type=\"heading.default\">\n\t\t\t\t<div class=\"elementor-widget-container\">\n\t\t\t\t\t<h1 class=\"elementor-heading-title elementor-size-default\">Zabiegi kosmetyczne henn\u0105 w naszym gabinecie:<\/h1>\t\t\t\t<\/div>\n\t\t\t\t<\/div>\n\t\t\t\t<div class=\"elementor-element elementor-element-415acb6 elementor-widget elementor-widget-eael-feature-list\" data-id=\"415acb6\" data-element_type=\"widget\" data-widget_type=\"eael-feature-list.default\">\n\t\t\t\t<div class=\"elementor-widget-container\">\n\t\t\t\t\t\t\t<div class=\"-icon-position-left -tablet-icon-position-left -mobile-icon-position-left\">\n\t\t\t<ul id=\"eael-feature-list-415acb6\" class=\"eael-feature-list-items circle stacked  eael-feature-list-vertical\">\n\t\t\t                <li class=\"eael-feature-list-item elementor-repeater-item-04d4ad5\">\n                    \n\t\t\t\t\t\t<div class=\"eael-feature-list-icon-box\">\n\t\t\t\t\t\t\t<div class=\"eael-feature-list-icon-inner\">\n\n\t\t\t\t\t\t\t\t<span class=\"eael-feature-list-icon fl-icon-0\">\n\n\t\t<i aria-hidden=\"true\" class=\"fas fa-paint-brush\"><\/i>\t\t\t\t\t\t\t\t<\/span>\n\t\t\t\t\t\t\t<\/div>\n\t\t\t\t\t\t<\/div>\n\t\t\t\t\t\t<div class=\"eael-feature-list-content-box\">\n                            <h2 class=\"eael-feature-list-title\">Henna brwi<\/h2>\t\t\t\t\t\t<p class=\"eael-feature-list-content\">Doskonale wymodelowane brwi to podstawa perfekcyjnego makija\u017cu. Dzi\u0119ki zabiegowi henny brwi nabieraj\u0105 intensywnego koloru, s\u0105 bardziej wyraziste i idealnie podkre\u015blaj\u0105 spojrzenie. Nasze specjalistki dobieraj\u0105 odcie\u0144 henny indywidualnie do ka\u017cdego klienta, zapewniaj\u0105c naturalny efekt i trwa\u0142o\u015b\u0107.<\/p>\n\t\t\t\t\t\t<\/div>\n\n\t\t\t\t\t<\/li>\n\t\t\t\t                <li class=\"eael-feature-list-item elementor-repeater-item-7963074\">\n                    \n\t\t\t\t\t\t<div class=\"eael-feature-list-icon-box\">\n\t\t\t\t\t\t\t<div class=\"eael-feature-list-icon-inner\">\n\n\t\t\t\t\t\t\t\t<span class=\"eael-feature-list-icon fl-icon-1\">\n\n\t\t<i aria-hidden=\"true\" class=\"fas fa-paint-brush\"><\/i>\t\t\t\t\t\t\t\t<\/span>\n\t\t\t\t\t\t\t<\/div>\n\t\t\t\t\t\t<\/div>\n\t\t\t\t\t\t<div class=\"eael-feature-list-content-box\">\n                            <h2 class=\"eael-feature-list-title\">Henna rz\u0119s<\/h2>\t\t\t\t\t\t<p class=\"eael-feature-list-content\">D\u0142ugie, g\u0119ste i intensywnie czarne rz\u0119sy to marzenie wielu kobiet. Zabieg henny rz\u0119s nie tylko nadaje im pi\u0119kny kolor, ale tak\u017ce wzmacnia i piel\u0119gnuje w\u0142oski, sprawiaj\u0105c, \u017ce staj\u0105 si\u0119 bardziej odporne na uszkodzenia. Efekt jest natychmiastowy i utrzymuje si\u0119 przez wiele tygodni.<\/p>\n\t\t\t\t\t\t<\/div>\n\n\t\t\t\t\t<\/li>\n\t\t\t\t                <li class=\"eael-feature-list-item elementor-repeater-item-79cfcc4\">\n                    \n\t\t\t\t\t\t<div class=\"eael-feature-list-icon-box\">\n\t\t\t\t\t\t\t<div class=\"eael-feature-list-icon-inner\">\n\n\t\t\t\t\t\t\t\t<span class=\"eael-feature-list-icon fl-icon-2\">\n\n\t\t<i aria-hidden=\"true\" class=\"fas fa-paint-brush\"><\/i>\t\t\t\t\t\t\t\t<\/span>\n\t\t\t\t\t\t\t<\/div>\n\t\t\t\t\t\t<\/div>\n\t\t\t\t\t\t<div class=\"eael-feature-list-content-box\">\n                            <h2 class=\"eael-feature-list-title\">Henna do w\u0142os\u00f3w<\/h2>\t\t\t\t\t\t<p class=\"eael-feature-list-content\">Je\u015bli marzysz o intensywnym kolorze w\u0142os\u00f3w, jednocze\u015bnie dbaj\u0105c o ich kondycj\u0119, zabieg henny do w\u0142os\u00f3w jest idealnym rozwi\u0105zaniem. Dost\u0119pne w r\u00f3\u017cnych odcieniach, henna nadaje w\u0142osom g\u0142\u0119boki kolor, jednocze\u015bnie wzmacniaj\u0105c je i nadaj\u0105c im zdrowy blask.<\/p>\n\t\t\t\t\t\t<\/div>\n\n\t\t\t\t\t<\/li>\n\t\t\t\t\t\t\t<\/ul>\n\t\t<\/div>\n\t\t\t\t\t\t<\/div>\n\t\t\t\t<\/div>\n\t\t\t\t<div class=\"elementor-element elementor-element-1c14a4d elementor-widget elementor-widget-heading\" data-id=\"1c14a4d\" data-element_type=\"widget\" data-widget_type=\"heading.default\">\n\t\t\t\t<div class=\"elementor-widget-container\">\n\t\t\t\t\t<h1 class=\"elementor-heading-title elementor-size-default\">Dlaczego w\u0142a\u015bnie u nas warto wykona\u0107 zabieg henn\u0105?<\/h1>\t\t\t\t<\/div>\n\t\t\t\t<\/div>\n\t\t\t\t<div class=\"elementor-element elementor-element-88f4251 elementor-widget elementor-widget-text-editor\" data-id=\"88f4251\" data-element_type=\"widget\" data-widget_type=\"text-editor.default\">\n\t\t\t\t<div class=\"elementor-widget-container\">\n\t\t\t\t\t\t\t\t\t<div class=\"flex flex-grow flex-col max-w-full\"><div class=\"min-h-[20px] text-message flex flex-col items-start gap-3 whitespace-pre-wrap break-words [.text-message+&amp;]:mt-5 overflow-x-auto\" data-message-author-role=\"assistant\" data-message-id=\"c54d508e-3dfd-4353-a2b6-4210c057b73f\"><div class=\"markdown prose w-full break-words dark:prose-invert light\"><p>Mam <strong>bogate do\u015bwiadczenie<\/strong> w wykonywaniu zabieg\u00f3w z u\u017cyciem henny. Mo\u017cesz by\u0107 pewna, \u017ce jeste\u015b w dobrych r\u0119kach. Dbam o to, aby ka\u017cdy zabieg by\u0142 dopasowany do <strong>indywidualnych potrzeb i oczekiwa\u0144 klienta<\/strong>. S\u0142u\u017c\u0119 fachowym doradztwem i pomoc\u0105 w doborze najlepszego rozwi\u0105zania. Korzystamy jedynie z wysokiej jako\u015bci produkt\u00f3w, kt\u00f3re s\u0105 <strong>bezpieczne<\/strong> dla sk\u00f3ry i w\u0142os\u00f3w naszych klient\u00f3w.<\/p><p>Zabiegi kosmetyczne henn\u0105 w Gabinecie Kosmetycznym &#8222;Ewa Kowal Kosmetologia Estetyczna&#8221; to gwarancja naturalnego pi\u0119kna i trwa\u0142ego efektu. Zapraszamy do skorzystania z naszej oferty i odkrycia, jak henna mo\u017ce odmieni\u0107 Tw\u00f3j wygl\u0105d, podkre\u015blaj\u0105c Twoj\u0105 naturaln\u0105 urod\u0119. Um\u00f3w si\u0119 na wizyt\u0119 ju\u017c dzi\u015b i poczuj si\u0119 pi\u0119kna w spos\u00f3b naturalny!<\/p><\/div><\/div><\/div>\t\t\t\t\t\t\t\t<\/div>\n\t\t\t\t<\/div>\n\t\t\t\t\t<\/div>\n\t\t<\/div>\n\t\t\t\t\t<\/div>\n\t\t<\/section>\n\t\t\t\t<\/div>\n\t\t","protected":false},"excerpt":{"rendered":"<p>W dzisiejszych czasach, kiedy trend naturalno\u015bci i podkre\u015blania w\u0142asnej urody nabiera coraz wi\u0119kszego znaczenia, zabiegi kosmetyczne wykorzystuj\u0105ce henn\u0119 staj\u0105 si\u0119 niezwykle popularne. W Gabinetu Kosmetycznym &#8222;Ewa Kowal Kosmetologia Estetyczna&#8221; doskonale &hellip; <\/p>\n","protected":false},"author":1,"featured_media":1052,"parent":0,"menu_order":0,"comment_status":"closed","ping_status":"closed","template":"","meta":{"footnotes":""},"class_list":["post-770","page","type-page","status-publish","has-post-thumbnail","hentry"],"yoast_head":"<!-- This site is optimized with the Yoast SEO plugin v25.6 - https:\/\/yoast.com\/wordpress\/plugins\/seo\/ -->\n<title>Henna - Ewa Kowal<\/title>\n<meta name=\"robots\" content=\"index, follow, max-snippet:-1, max-image-preview:large, max-video-preview:-1\" \/>\n<link rel=\"canonical\" href=\"http:\/\/salonkosmetyczny-niemcza.pl\/?page_id=770\" \/>\n<meta property=\"og:locale\" content=\"pl_PL\" \/>\n<meta property=\"og:type\" content=\"article\" \/>\n<meta property=\"og:title\" content=\"Henna - Ewa Kowal\" \/>\n<meta property=\"og:description\" content=\"W dzisiejszych czasach, kiedy trend naturalno\u015bci i podkre\u015blania w\u0142asnej urody nabiera coraz wi\u0119kszego znaczenia, zabiegi kosmetyczne wykorzystuj\u0105ce henn\u0119 staj\u0105 si\u0119 niezwykle popularne. W Gabinetu Kosmetycznym &#8222;Ewa Kowal Kosmetologia Estetyczna&#8221; doskonale &hellip;\" \/>\n<meta property=\"og:url\" content=\"http:\/\/salonkosmetyczny-niemcza.pl\/?page_id=770\" \/>\n<meta property=\"og:site_name\" content=\"Ewa Kowal\" \/>\n<meta property=\"article:modified_time\" content=\"2024-02-29T19:19:49+00:00\" \/>\n<meta property=\"og:image\" content=\"http:\/\/salonkosmetyczny-niemcza.pl\/wp-content\/uploads\/2024\/02\/Firefly-female-clinician-doing-an-eyebrow-treatment-for-woman-close-up-on-eyebrows-66172.jpg\" \/>\n\t<meta property=\"og:image:width\" content=\"2048\" \/>\n\t<meta property=\"og:image:height\" content=\"2048\" \/>\n\t<meta property=\"og:image:type\" content=\"image\/jpeg\" \/>\n<meta name=\"twitter:card\" content=\"summary_large_image\" \/>\n<meta name=\"twitter:label1\" content=\"Szacowany czas czytania\" \/>\n\t<meta name=\"twitter:data1\" content=\"2 minuty\" \/>\n<script type=\"application\/ld+json\" class=\"yoast-schema-graph\">{\"@context\":\"https:\/\/schema.org\",\"@graph\":[{\"@type\":\"WebPage\",\"@id\":\"http:\/\/salonkosmetyczny-niemcza.pl\/?page_id=770\",\"url\":\"http:\/\/salonkosmetyczny-niemcza.pl\/?page_id=770\",\"name\":\"Henna - Ewa Kowal\",\"isPartOf\":{\"@id\":\"http:\/\/salonkosmetyczny-niemcza.pl\/#website\"},\"primaryImageOfPage\":{\"@id\":\"http:\/\/salonkosmetyczny-niemcza.pl\/?page_id=770#primaryimage\"},\"image\":{\"@id\":\"http:\/\/salonkosmetyczny-niemcza.pl\/?page_id=770#primaryimage\"},\"thumbnailUrl\":\"https:\/\/salonkosmetyczny-niemcza.pl\/wp-content\/uploads\/2024\/02\/Firefly-female-clinician-doing-an-eyebrow-treatment-for-woman-close-up-on-eyebrows-66172.jpg\",\"datePublished\":\"2023-06-14T11:33:35+00:00\",\"dateModified\":\"2024-02-29T19:19:49+00:00\",\"breadcrumb\":{\"@id\":\"http:\/\/salonkosmetyczny-niemcza.pl\/?page_id=770#breadcrumb\"},\"inLanguage\":\"pl-PL\",\"potentialAction\":[{\"@type\":\"ReadAction\",\"target\":[\"http:\/\/salonkosmetyczny-niemcza.pl\/?page_id=770\"]}]},{\"@type\":\"ImageObject\",\"inLanguage\":\"pl-PL\",\"@id\":\"http:\/\/salonkosmetyczny-niemcza.pl\/?page_id=770#primaryimage\",\"url\":\"https:\/\/salonkosmetyczny-niemcza.pl\/wp-content\/uploads\/2024\/02\/Firefly-female-clinician-doing-an-eyebrow-treatment-for-woman-close-up-on-eyebrows-66172.jpg\",\"contentUrl\":\"https:\/\/salonkosmetyczny-niemcza.pl\/wp-content\/uploads\/2024\/02\/Firefly-female-clinician-doing-an-eyebrow-treatment-for-woman-close-up-on-eyebrows-66172.jpg\",\"width\":2048,\"height\":2048,\"caption\":\"henna\"},{\"@type\":\"BreadcrumbList\",\"@id\":\"http:\/\/salonkosmetyczny-niemcza.pl\/?page_id=770#breadcrumb\",\"itemListElement\":[{\"@type\":\"ListItem\",\"position\":1,\"name\":\"Strona g\u0142\u00f3wna\",\"item\":\"http:\/\/salonkosmetyczny-niemcza.pl\/\"},{\"@type\":\"ListItem\",\"position\":2,\"name\":\"Henna\"}]},{\"@type\":\"WebSite\",\"@id\":\"http:\/\/salonkosmetyczny-niemcza.pl\/#website\",\"url\":\"http:\/\/salonkosmetyczny-niemcza.pl\/\",\"name\":\"Ewa Kowal\",\"description\":\"Gabinet Kosmetyczny\",\"publisher\":{\"@id\":\"http:\/\/salonkosmetyczny-niemcza.pl\/#organization\"},\"potentialAction\":[{\"@type\":\"SearchAction\",\"target\":{\"@type\":\"EntryPoint\",\"urlTemplate\":\"http:\/\/salonkosmetyczny-niemcza.pl\/?s={search_term_string}\"},\"query-input\":{\"@type\":\"PropertyValueSpecification\",\"valueRequired\":true,\"valueName\":\"search_term_string\"}}],\"inLanguage\":\"pl-PL\"},{\"@type\":\"Organization\",\"@id\":\"http:\/\/salonkosmetyczny-niemcza.pl\/#organization\",\"name\":\"Ewa Kowal\",\"url\":\"http:\/\/salonkosmetyczny-niemcza.pl\/\",\"logo\":{\"@type\":\"ImageObject\",\"inLanguage\":\"pl-PL\",\"@id\":\"http:\/\/salonkosmetyczny-niemcza.pl\/#\/schema\/logo\/image\/\",\"url\":\"https:\/\/salonkosmetyczny-niemcza.pl\/wp-content\/uploads\/2023\/02\/cropped-ewakowal.png\",\"contentUrl\":\"https:\/\/salonkosmetyczny-niemcza.pl\/wp-content\/uploads\/2023\/02\/cropped-ewakowal.png\",\"width\":189,\"height\":150,\"caption\":\"Ewa Kowal\"},\"image\":{\"@id\":\"http:\/\/salonkosmetyczny-niemcza.pl\/#\/schema\/logo\/image\/\"}}]}<\/script>\n<!-- \/ Yoast SEO plugin. -->","yoast_head_json":{"title":"Henna - Ewa Kowal","robots":{"index":"index","follow":"follow","max-snippet":"max-snippet:-1","max-image-preview":"max-image-preview:large","max-video-preview":"max-video-preview:-1"},"canonical":"http:\/\/salonkosmetyczny-niemcza.pl\/?page_id=770","og_locale":"pl_PL","og_type":"article","og_title":"Henna - Ewa Kowal","og_description":"W dzisiejszych czasach, kiedy trend naturalno\u015bci i podkre\u015blania w\u0142asnej urody nabiera coraz wi\u0119kszego znaczenia, zabiegi kosmetyczne wykorzystuj\u0105ce henn\u0119 staj\u0105 si\u0119 niezwykle popularne. W Gabinetu Kosmetycznym &#8222;Ewa Kowal Kosmetologia Estetyczna&#8221; doskonale &hellip;","og_url":"http:\/\/salonkosmetyczny-niemcza.pl\/?page_id=770","og_site_name":"Ewa Kowal","article_modified_time":"2024-02-29T19:19:49+00:00","og_image":[{"width":2048,"height":2048,"url":"http:\/\/salonkosmetyczny-niemcza.pl\/wp-content\/uploads\/2024\/02\/Firefly-female-clinician-doing-an-eyebrow-treatment-for-woman-close-up-on-eyebrows-66172.jpg","type":"image\/jpeg"}],"twitter_card":"summary_large_image","twitter_misc":{"Szacowany czas czytania":"2 minuty"},"schema":{"@context":"https:\/\/schema.org","@graph":[{"@type":"WebPage","@id":"http:\/\/salonkosmetyczny-niemcza.pl\/?page_id=770","url":"http:\/\/salonkosmetyczny-niemcza.pl\/?page_id=770","name":"Henna - Ewa Kowal","isPartOf":{"@id":"http:\/\/salonkosmetyczny-niemcza.pl\/#website"},"primaryImageOfPage":{"@id":"http:\/\/salonkosmetyczny-niemcza.pl\/?page_id=770#primaryimage"},"image":{"@id":"http:\/\/salonkosmetyczny-niemcza.pl\/?page_id=770#primaryimage"},"thumbnailUrl":"https:\/\/salonkosmetyczny-niemcza.pl\/wp-content\/uploads\/2024\/02\/Firefly-female-clinician-doing-an-eyebrow-treatment-for-woman-close-up-on-eyebrows-66172.jpg","datePublished":"2023-06-14T11:33:35+00:00","dateModified":"2024-02-29T19:19:49+00:00","breadcrumb":{"@id":"http:\/\/salonkosmetyczny-niemcza.pl\/?page_id=770#breadcrumb"},"inLanguage":"pl-PL","potentialAction":[{"@type":"ReadAction","target":["http:\/\/salonkosmetyczny-niemcza.pl\/?page_id=770"]}]},{"@type":"ImageObject","inLanguage":"pl-PL","@id":"http:\/\/salonkosmetyczny-niemcza.pl\/?page_id=770#primaryimage","url":"https:\/\/salonkosmetyczny-niemcza.pl\/wp-content\/uploads\/2024\/02\/Firefly-female-clinician-doing-an-eyebrow-treatment-for-woman-close-up-on-eyebrows-66172.jpg","contentUrl":"https:\/\/salonkosmetyczny-niemcza.pl\/wp-content\/uploads\/2024\/02\/Firefly-female-clinician-doing-an-eyebrow-treatment-for-woman-close-up-on-eyebrows-66172.jpg","width":2048,"height":2048,"caption":"henna"},{"@type":"BreadcrumbList","@id":"http:\/\/salonkosmetyczny-niemcza.pl\/?page_id=770#breadcrumb","itemListElement":[{"@type":"ListItem","position":1,"name":"Strona g\u0142\u00f3wna","item":"http:\/\/salonkosmetyczny-niemcza.pl\/"},{"@type":"ListItem","position":2,"name":"Henna"}]},{"@type":"WebSite","@id":"http:\/\/salonkosmetyczny-niemcza.pl\/#website","url":"http:\/\/salonkosmetyczny-niemcza.pl\/","name":"Ewa Kowal","description":"Gabinet Kosmetyczny","publisher":{"@id":"http:\/\/salonkosmetyczny-niemcza.pl\/#organization"},"potentialAction":[{"@type":"SearchAction","target":{"@type":"EntryPoint","urlTemplate":"http:\/\/salonkosmetyczny-niemcza.pl\/?s={search_term_string}"},"query-input":{"@type":"PropertyValueSpecification","valueRequired":true,"valueName":"search_term_string"}}],"inLanguage":"pl-PL"},{"@type":"Organization","@id":"http:\/\/salonkosmetyczny-niemcza.pl\/#organization","name":"Ewa Kowal","url":"http:\/\/salonkosmetyczny-niemcza.pl\/","logo":{"@type":"ImageObject","inLanguage":"pl-PL","@id":"http:\/\/salonkosmetyczny-niemcza.pl\/#\/schema\/logo\/image\/","url":"https:\/\/salonkosmetyczny-niemcza.pl\/wp-content\/uploads\/2023\/02\/cropped-ewakowal.png","contentUrl":"https:\/\/salonkosmetyczny-niemcza.pl\/wp-content\/uploads\/2023\/02\/cropped-ewakowal.png","width":189,"height":150,"caption":"Ewa Kowal"},"image":{"@id":"http:\/\/salonkosmetyczny-niemcza.pl\/#\/schema\/logo\/image\/"}}]}},"_links":{"self":[{"href":"https:\/\/salonkosmetyczny-niemcza.pl\/index.php?rest_route=\/wp\/v2\/pages\/770","targetHints":{"allow":["GET"]}}],"collection":[{"href":"https:\/\/salonkosmetyczny-niemcza.pl\/index.php?rest_route=\/wp\/v2\/pages"}],"about":[{"href":"https:\/\/salonkosmetyczny-niemcza.pl\/index.php?rest_route=\/wp\/v2\/types\/page"}],"author":[{"embeddable":true,"href":"https:\/\/salonkosmetyczny-niemcza.pl\/index.php?rest_route=\/wp\/v2\/users\/1"}],"replies":[{"embeddable":true,"href":"https:\/\/salonkosmetyczny-niemcza.pl\/index.php?rest_route=%2Fwp%2Fv2%2Fcomments&post=770"}],"version-history":[{"count":22,"href":"https:\/\/salonkosmetyczny-niemcza.pl\/index.php?rest_route=\/wp\/v2\/pages\/770\/revisions"}],"predecessor-version":[{"id":1086,"href":"https:\/\/salonkosmetyczny-niemcza.pl\/index.php?rest_route=\/wp\/v2\/pages\/770\/revisions\/1086"}],"wp:featuredmedia":[{"embeddable":true,"href":"https:\/\/salonkosmetyczny-niemcza.pl\/index.php?rest_route=\/wp\/v2\/media\/1052"}],"wp:attachment":[{"href":"https:\/\/salonkosmetyczny-niemcza.pl\/index.php?rest_route=%2Fwp%2Fv2%2Fmedia&parent=770"}],"curies":[{"name":"wp","href":"https:\/\/api.w.org\/{rel}","templated":true}]}}