{"id":754,"date":"2023-06-14T12:52:38","date_gmt":"2023-06-14T10:52:38","guid":{"rendered":"https:\/\/serwer1331410.home.pl\/home\/salonkosea\/www\/?page_id=754"},"modified":"2024-02-29T20:48:30","modified_gmt":"2024-02-29T19:48:30","slug":"medik8","status":"publish","type":"page","link":"https:\/\/salonkosmetyczny-niemcza.pl\/?page_id=754","title":{"rendered":"Medik8"},"content":{"rendered":"\t\t<div data-elementor-type=\"wp-page\" data-elementor-id=\"754\" class=\"elementor elementor-754\">\n\t\t\t\t\t\t<section class=\"elementor-section elementor-top-section elementor-element elementor-element-0f2eabf elementor-section-boxed elementor-section-height-default elementor-section-height-default wpr-particle-no wpr-jarallax-no wpr-parallax-no wpr-sticky-section-no\" data-id=\"0f2eabf\" data-element_type=\"section\">\n\t\t\t\t\t\t<div class=\"elementor-container elementor-column-gap-default\">\n\t\t\t\t\t<div class=\"elementor-column elementor-col-100 elementor-top-column elementor-element elementor-element-d8df345\" data-id=\"d8df345\" data-element_type=\"column\">\n\t\t\t<div class=\"elementor-widget-wrap elementor-element-populated\">\n\t\t\t\t\t\t<div class=\"elementor-element elementor-element-a1fb1f0 elementor-widget elementor-widget-text-editor\" data-id=\"a1fb1f0\" data-element_type=\"widget\" data-widget_type=\"text-editor.default\">\n\t\t\t\t<div class=\"elementor-widget-container\">\n\t\t\t\t\t\t\t\t\t<div class=\"flex flex-grow flex-col max-w-full\"><div class=\"min-h-[20px] text-message flex flex-col items-start gap-3 whitespace-pre-wrap break-words [.text-message+&amp;]:mt-5 overflow-x-auto\" data-message-author-role=\"assistant\" data-message-id=\"2778b2e5-e44a-4720-8fc5-cbbfecad5f15\"><div class=\"markdown prose w-full break-words dark:prose-invert light\"><p><strong>Medik8: Peelingi Chemiczne Dla Perfekcyjnej Piel\u0119gnacji Sk\u00f3ry<\/strong><\/p><p>W dzisiejszym artykule przyjrzymy si\u0119 szerokiej gamie peeling\u00f3w chemicznych oferowanych przez mark\u0119 Medik8, dostosowanych do indywidualnych potrzeb ka\u017cdego klienta. Zabiegi te s\u0105 idealne dla os\u00f3b poszukuj\u0105cych skutecznych rozwi\u0105za\u0144 w piel\u0119gnacji sk\u00f3ry, a jednym z kluczowych produkt\u00f3w, kt\u00f3rym warto si\u0119 przyjrze\u0107, jest &#8222;Medik8&#8221;.<\/p><h3><strong>Peelingi Dla R\u00f3\u017cnych Typ\u00f3w Sk\u00f3ry<\/strong><\/h3><p>Medik8 oferuje r\u00f3\u017cnorodne peelingi, od tych \u0142agodnych, dedykowanych sk\u00f3rze wra\u017cliwej, po intensywne z\u0142uszczanie dla bardziej do\u015bwiadczonych u\u017cytkownik\u00f3w.<\/p><h4><strong>Sensitive PHA Peel: Dla Sk\u00f3ry Wra\u017cliwej i Naczyniowej<\/strong><\/h4><p>Sensitive PHA Peel to doskona\u0142e rozwi\u0105zanie dla sk\u00f3ry wra\u017cliwej i naczyniowej. Zawiera 30% glukonolaktonu, skutecznie z\u0142uszczaj\u0105c sk\u00f3r\u0119 bez ryzyka podra\u017cnie\u0144.<\/p><h4><strong>Mono Lactic Peel (30%, 50%): Przeciwdzia\u0142a Odwodnieniu i Hiperpigmentacji<\/strong><\/h4><p>Peeling z kwasem mlekowym, w wersjach 30% i 50%, \u015bwietny dla cer matowych, odwodnionych i ze sk\u0142onno\u015bci\u0105 do hiperpigmentacji.<\/p><h4><strong>Mono Glycolic Peel (30%, 50%): Przeciwko Uszkodzeniom i Starzeniu Si\u0119 Sk\u00f3ry<\/strong><\/h4><p>Peeling z kwasem glikolowym, w wersjach 30% i 50%, skierowany do sk\u00f3ry z widocznymi uszkodzeniami oraz oznakami przedwczesnego starzenia si\u0119.<\/p><h4><strong>Mono Mandelic Peel 30%: Dla Sk\u00f3ry Z Niedoskona\u0142o\u015bciami i Tr\u0105dzikiem<\/strong><\/h4><p>Peeling z kwasem migda\u0142owym, w st\u0119\u017ceniu 30%, doskona\u0142y dla sk\u00f3ry ze sk\u0142onno\u015bci\u0105 do powstawania niedoskona\u0142o\u015bci oraz tr\u0105dziku.<\/p><h3><strong>Peelingi Specjalistyczne<\/strong><\/h3><h4><strong>Universal AHA Peel: Dla Ka\u017cdego Typu Sk\u00f3ry<\/strong><\/h4><p>Peeling zawieraj\u0105cy 8% kwasu glikolowego, 8% kwasu mlekowego i 8% kwasu migda\u0142owego. Doskona\u0142y na pocz\u0105tek zabieg\u00f3w z peelingami lub do podtrzymania efekt\u00f3w.<\/p><h4><strong>Eye Reveal Peel: Delikatna Piel\u0119gnacja Okolic Oczu<\/strong><\/h4><p>Specjalny peeling do delikatnej sk\u00f3ry wok\u00f3\u0142 oczu. Ni\u017csze st\u0119\u017cenia kwas\u00f3w z\u0142uszczaj\u0105cych poprawiaj\u0105 nawil\u017cenie i niweluj\u0105 widoczne zmarszczki.<\/p><h3><strong>Peelingi Przeciwstarzeniowe i Przeciwprzebarwieniowe<\/strong><\/h3><h4><strong>Signature Rewind Peel: Zmniejsza Widoczno\u015b\u0107 Zmarszczek i Niedoskona\u0142o\u015bci<\/strong><\/h4><p>Peeling ukierunkowany na przedwczesne oznaki starzenia si\u0119 sk\u00f3ry. Kombinacja alfa-hydroksykwas\u00f3w redukuje zmarszczki, pozostawiaj\u0105c sk\u00f3r\u0119 wyg\u0142adzon\u0105 i nawil\u017con\u0105.<\/p><h4><strong>Signature Even Peel: Walka z Przebarwieniami<\/strong><\/h4><p>Peeling zaprojektowany do walki z przebarwieniami. Skuteczna kombinacja kwas\u00f3w minimalizuje przebarwienia, nadaj\u0105c sk\u00f3rze r\u00f3wnomierny koloryt.<\/p><h4><strong>Signature Clarity Peel: Dla Sk\u00f3ry Problemowej<\/strong><\/h4><p>Peeling dedykowany sk\u00f3rze problematycznej, tr\u0105dzikowej i ze sk\u0142onno\u015bci\u0105 do niedoskona\u0142o\u015bci. Kwasowe po\u0142\u0105czenie kontroluje produkcj\u0119 sebum i ogranicza powstawanie zmian zapalnych.<\/p><h3><strong>Zastosowanie W Piel\u0119gnacji Domowej<\/strong><\/h3><p>Warto pami\u0119ta\u0107, \u017ce peelingi Medik8 osi\u0105gaj\u0105 najlepsze rezultaty, stosowane w po\u0142\u0105czeniu z dedykowan\u0105 piel\u0119gnacj\u0105 domow\u0105. Dlatego te\u017c, aby cieszy\u0107 si\u0119 pi\u0119kn\u0105 i zdrow\u0105 sk\u00f3r\u0105, warto skonsultowa\u0107 si\u0119 z profesjonalist\u0105 i dostosowa\u0107 peeling do w\u0142asnych potrzeb.<\/p><h3><strong>Podsumowanie<\/strong><\/h3><p>Medik8 to marka, kt\u00f3ra oferuje kompleksowe rozwi\u0105zania w dziedzinie peeling\u00f3w chemicznych. Dzi\u0119ki r\u00f3\u017cnorodno\u015bci produkt\u00f3w, ka\u017cdy klient znajdzie odpowiednie rozwi\u0105zanie na swoje indywidualne potrzeby piel\u0119gnacyjne.<\/p><\/div><\/div><\/div>\t\t\t\t\t\t\t\t<\/div>\n\t\t\t\t<\/div>\n\t\t\t\t<div class=\"elementor-element elementor-element-148bb5b elementor-widget elementor-widget-image\" data-id=\"148bb5b\" data-element_type=\"widget\" data-widget_type=\"image.default\">\n\t\t\t\t<div class=\"elementor-widget-container\">\n\t\t\t\t\t\t\t\t\t\t\t\t\t\t\t<img fetchpriority=\"high\" decoding=\"async\" width=\"1024\" height=\"683\" src=\"https:\/\/salonkosmetyczny-niemcza.pl\/wp-content\/uploads\/2024\/01\/close-up-face-young-woman-relaxing-gentle-1-1024x683.jpg\" class=\"attachment-large size-large wp-image-859\" alt=\"\" srcset=\"https:\/\/salonkosmetyczny-niemcza.pl\/wp-content\/uploads\/2024\/01\/close-up-face-young-woman-relaxing-gentle-1-1024x683.jpg 1024w, https:\/\/salonkosmetyczny-niemcza.pl\/wp-content\/uploads\/2024\/01\/close-up-face-young-woman-relaxing-gentle-1-300x200.jpg 300w, https:\/\/salonkosmetyczny-niemcza.pl\/wp-content\/uploads\/2024\/01\/close-up-face-young-woman-relaxing-gentle-1-768x512.jpg 768w, https:\/\/salonkosmetyczny-niemcza.pl\/wp-content\/uploads\/2024\/01\/close-up-face-young-woman-relaxing-gentle-1-1536x1024.jpg 1536w, https:\/\/salonkosmetyczny-niemcza.pl\/wp-content\/uploads\/2024\/01\/close-up-face-young-woman-relaxing-gentle-1-2048x1365.jpg 2048w\" sizes=\"(max-width: 1024px) 100vw, 1024px\" \/>\t\t\t\t\t\t\t\t\t\t\t\t\t\t\t<\/div>\n\t\t\t\t<\/div>\n\t\t\t\t\t<\/div>\n\t\t<\/div>\n\t\t\t\t\t<\/div>\n\t\t<\/section>\n\t\t\t\t<\/div>\n\t\t","protected":false},"excerpt":{"rendered":"<p>Medik8: Peelingi Chemiczne Dla Perfekcyjnej Piel\u0119gnacji Sk\u00f3ry W dzisiejszym artykule przyjrzymy si\u0119 szerokiej gamie peeling\u00f3w chemicznych oferowanych przez mark\u0119 Medik8, dostosowanych do indywidualnych potrzeb ka\u017cdego klienta. Zabiegi te s\u0105 idealne &hellip; <\/p>\n","protected":false},"author":1,"featured_media":1036,"parent":0,"menu_order":0,"comment_status":"closed","ping_status":"closed","template":"","meta":{"footnotes":""},"class_list":["post-754","page","type-page","status-publish","has-post-thumbnail","hentry"],"yoast_head":"<!-- This site is optimized with the Yoast SEO plugin v25.6 - https:\/\/yoast.com\/wordpress\/plugins\/seo\/ -->\n<title>Medik8 - Ewa Kowal<\/title>\n<meta name=\"robots\" content=\"index, follow, max-snippet:-1, max-image-preview:large, max-video-preview:-1\" \/>\n<link rel=\"canonical\" href=\"http:\/\/salonkosmetyczny-niemcza.pl\/?page_id=754\" \/>\n<meta property=\"og:locale\" content=\"pl_PL\" \/>\n<meta property=\"og:type\" content=\"article\" \/>\n<meta property=\"og:title\" content=\"Medik8 - Ewa Kowal\" \/>\n<meta property=\"og:description\" content=\"Medik8: Peelingi Chemiczne Dla Perfekcyjnej Piel\u0119gnacji Sk\u00f3ry W dzisiejszym artykule przyjrzymy si\u0119 szerokiej gamie peeling\u00f3w chemicznych oferowanych przez mark\u0119 Medik8, dostosowanych do indywidualnych potrzeb ka\u017cdego klienta. Zabiegi te s\u0105 idealne &hellip;\" \/>\n<meta property=\"og:url\" content=\"http:\/\/salonkosmetyczny-niemcza.pl\/?page_id=754\" \/>\n<meta property=\"og:site_name\" content=\"Ewa Kowal\" \/>\n<meta property=\"article:modified_time\" content=\"2024-02-29T19:48:30+00:00\" \/>\n<meta property=\"og:image\" content=\"http:\/\/salonkosmetyczny-niemcza.pl\/wp-content\/uploads\/2024\/01\/cropped-close-up-face-young-woman-relaxing-gentle-1-scaled-1.jpg\" \/>\n\t<meta property=\"og:image:width\" content=\"1920\" \/>\n\t<meta property=\"og:image:height\" content=\"700\" \/>\n\t<meta property=\"og:image:type\" content=\"image\/jpeg\" \/>\n<meta name=\"twitter:card\" content=\"summary_large_image\" \/>\n<meta name=\"twitter:label1\" content=\"Szacowany czas czytania\" \/>\n\t<meta name=\"twitter:data1\" content=\"2 minuty\" \/>\n<script type=\"application\/ld+json\" class=\"yoast-schema-graph\">{\"@context\":\"https:\/\/schema.org\",\"@graph\":[{\"@type\":\"WebPage\",\"@id\":\"http:\/\/salonkosmetyczny-niemcza.pl\/?page_id=754\",\"url\":\"http:\/\/salonkosmetyczny-niemcza.pl\/?page_id=754\",\"name\":\"Medik8 - Ewa Kowal\",\"isPartOf\":{\"@id\":\"http:\/\/salonkosmetyczny-niemcza.pl\/#website\"},\"primaryImageOfPage\":{\"@id\":\"http:\/\/salonkosmetyczny-niemcza.pl\/?page_id=754#primaryimage\"},\"image\":{\"@id\":\"http:\/\/salonkosmetyczny-niemcza.pl\/?page_id=754#primaryimage\"},\"thumbnailUrl\":\"https:\/\/salonkosmetyczny-niemcza.pl\/wp-content\/uploads\/2024\/01\/cropped-close-up-face-young-woman-relaxing-gentle-1-scaled-1.jpg\",\"datePublished\":\"2023-06-14T10:52:38+00:00\",\"dateModified\":\"2024-02-29T19:48:30+00:00\",\"breadcrumb\":{\"@id\":\"http:\/\/salonkosmetyczny-niemcza.pl\/?page_id=754#breadcrumb\"},\"inLanguage\":\"pl-PL\",\"potentialAction\":[{\"@type\":\"ReadAction\",\"target\":[\"http:\/\/salonkosmetyczny-niemcza.pl\/?page_id=754\"]}]},{\"@type\":\"ImageObject\",\"inLanguage\":\"pl-PL\",\"@id\":\"http:\/\/salonkosmetyczny-niemcza.pl\/?page_id=754#primaryimage\",\"url\":\"https:\/\/salonkosmetyczny-niemcza.pl\/wp-content\/uploads\/2024\/01\/cropped-close-up-face-young-woman-relaxing-gentle-1-scaled-1.jpg\",\"contentUrl\":\"https:\/\/salonkosmetyczny-niemcza.pl\/wp-content\/uploads\/2024\/01\/cropped-close-up-face-young-woman-relaxing-gentle-1-scaled-1.jpg\",\"width\":1920,\"height\":700},{\"@type\":\"BreadcrumbList\",\"@id\":\"http:\/\/salonkosmetyczny-niemcza.pl\/?page_id=754#breadcrumb\",\"itemListElement\":[{\"@type\":\"ListItem\",\"position\":1,\"name\":\"Strona g\u0142\u00f3wna\",\"item\":\"http:\/\/salonkosmetyczny-niemcza.pl\/\"},{\"@type\":\"ListItem\",\"position\":2,\"name\":\"Medik8\"}]},{\"@type\":\"WebSite\",\"@id\":\"http:\/\/salonkosmetyczny-niemcza.pl\/#website\",\"url\":\"http:\/\/salonkosmetyczny-niemcza.pl\/\",\"name\":\"Ewa Kowal\",\"description\":\"Gabinet Kosmetyczny\",\"publisher\":{\"@id\":\"http:\/\/salonkosmetyczny-niemcza.pl\/#organization\"},\"potentialAction\":[{\"@type\":\"SearchAction\",\"target\":{\"@type\":\"EntryPoint\",\"urlTemplate\":\"http:\/\/salonkosmetyczny-niemcza.pl\/?s={search_term_string}\"},\"query-input\":{\"@type\":\"PropertyValueSpecification\",\"valueRequired\":true,\"valueName\":\"search_term_string\"}}],\"inLanguage\":\"pl-PL\"},{\"@type\":\"Organization\",\"@id\":\"http:\/\/salonkosmetyczny-niemcza.pl\/#organization\",\"name\":\"Ewa Kowal\",\"url\":\"http:\/\/salonkosmetyczny-niemcza.pl\/\",\"logo\":{\"@type\":\"ImageObject\",\"inLanguage\":\"pl-PL\",\"@id\":\"http:\/\/salonkosmetyczny-niemcza.pl\/#\/schema\/logo\/image\/\",\"url\":\"https:\/\/salonkosmetyczny-niemcza.pl\/wp-content\/uploads\/2023\/02\/cropped-ewakowal.png\",\"contentUrl\":\"https:\/\/salonkosmetyczny-niemcza.pl\/wp-content\/uploads\/2023\/02\/cropped-ewakowal.png\",\"width\":189,\"height\":150,\"caption\":\"Ewa Kowal\"},\"image\":{\"@id\":\"http:\/\/salonkosmetyczny-niemcza.pl\/#\/schema\/logo\/image\/\"}}]}<\/script>\n<!-- \/ Yoast SEO plugin. -->","yoast_head_json":{"title":"Medik8 - Ewa Kowal","robots":{"index":"index","follow":"follow","max-snippet":"max-snippet:-1","max-image-preview":"max-image-preview:large","max-video-preview":"max-video-preview:-1"},"canonical":"http:\/\/salonkosmetyczny-niemcza.pl\/?page_id=754","og_locale":"pl_PL","og_type":"article","og_title":"Medik8 - Ewa Kowal","og_description":"Medik8: Peelingi Chemiczne Dla Perfekcyjnej Piel\u0119gnacji Sk\u00f3ry W dzisiejszym artykule przyjrzymy si\u0119 szerokiej gamie peeling\u00f3w chemicznych oferowanych przez mark\u0119 Medik8, dostosowanych do indywidualnych potrzeb ka\u017cdego klienta. Zabiegi te s\u0105 idealne &hellip;","og_url":"http:\/\/salonkosmetyczny-niemcza.pl\/?page_id=754","og_site_name":"Ewa Kowal","article_modified_time":"2024-02-29T19:48:30+00:00","og_image":[{"width":1920,"height":700,"url":"http:\/\/salonkosmetyczny-niemcza.pl\/wp-content\/uploads\/2024\/01\/cropped-close-up-face-young-woman-relaxing-gentle-1-scaled-1.jpg","type":"image\/jpeg"}],"twitter_card":"summary_large_image","twitter_misc":{"Szacowany czas czytania":"2 minuty"},"schema":{"@context":"https:\/\/schema.org","@graph":[{"@type":"WebPage","@id":"http:\/\/salonkosmetyczny-niemcza.pl\/?page_id=754","url":"http:\/\/salonkosmetyczny-niemcza.pl\/?page_id=754","name":"Medik8 - Ewa Kowal","isPartOf":{"@id":"http:\/\/salonkosmetyczny-niemcza.pl\/#website"},"primaryImageOfPage":{"@id":"http:\/\/salonkosmetyczny-niemcza.pl\/?page_id=754#primaryimage"},"image":{"@id":"http:\/\/salonkosmetyczny-niemcza.pl\/?page_id=754#primaryimage"},"thumbnailUrl":"https:\/\/salonkosmetyczny-niemcza.pl\/wp-content\/uploads\/2024\/01\/cropped-close-up-face-young-woman-relaxing-gentle-1-scaled-1.jpg","datePublished":"2023-06-14T10:52:38+00:00","dateModified":"2024-02-29T19:48:30+00:00","breadcrumb":{"@id":"http:\/\/salonkosmetyczny-niemcza.pl\/?page_id=754#breadcrumb"},"inLanguage":"pl-PL","potentialAction":[{"@type":"ReadAction","target":["http:\/\/salonkosmetyczny-niemcza.pl\/?page_id=754"]}]},{"@type":"ImageObject","inLanguage":"pl-PL","@id":"http:\/\/salonkosmetyczny-niemcza.pl\/?page_id=754#primaryimage","url":"https:\/\/salonkosmetyczny-niemcza.pl\/wp-content\/uploads\/2024\/01\/cropped-close-up-face-young-woman-relaxing-gentle-1-scaled-1.jpg","contentUrl":"https:\/\/salonkosmetyczny-niemcza.pl\/wp-content\/uploads\/2024\/01\/cropped-close-up-face-young-woman-relaxing-gentle-1-scaled-1.jpg","width":1920,"height":700},{"@type":"BreadcrumbList","@id":"http:\/\/salonkosmetyczny-niemcza.pl\/?page_id=754#breadcrumb","itemListElement":[{"@type":"ListItem","position":1,"name":"Strona g\u0142\u00f3wna","item":"http:\/\/salonkosmetyczny-niemcza.pl\/"},{"@type":"ListItem","position":2,"name":"Medik8"}]},{"@type":"WebSite","@id":"http:\/\/salonkosmetyczny-niemcza.pl\/#website","url":"http:\/\/salonkosmetyczny-niemcza.pl\/","name":"Ewa Kowal","description":"Gabinet Kosmetyczny","publisher":{"@id":"http:\/\/salonkosmetyczny-niemcza.pl\/#organization"},"potentialAction":[{"@type":"SearchAction","target":{"@type":"EntryPoint","urlTemplate":"http:\/\/salonkosmetyczny-niemcza.pl\/?s={search_term_string}"},"query-input":{"@type":"PropertyValueSpecification","valueRequired":true,"valueName":"search_term_string"}}],"inLanguage":"pl-PL"},{"@type":"Organization","@id":"http:\/\/salonkosmetyczny-niemcza.pl\/#organization","name":"Ewa Kowal","url":"http:\/\/salonkosmetyczny-niemcza.pl\/","logo":{"@type":"ImageObject","inLanguage":"pl-PL","@id":"http:\/\/salonkosmetyczny-niemcza.pl\/#\/schema\/logo\/image\/","url":"https:\/\/salonkosmetyczny-niemcza.pl\/wp-content\/uploads\/2023\/02\/cropped-ewakowal.png","contentUrl":"https:\/\/salonkosmetyczny-niemcza.pl\/wp-content\/uploads\/2023\/02\/cropped-ewakowal.png","width":189,"height":150,"caption":"Ewa Kowal"},"image":{"@id":"http:\/\/salonkosmetyczny-niemcza.pl\/#\/schema\/logo\/image\/"}}]}},"_links":{"self":[{"href":"https:\/\/salonkosmetyczny-niemcza.pl\/index.php?rest_route=\/wp\/v2\/pages\/754","targetHints":{"allow":["GET"]}}],"collection":[{"href":"https:\/\/salonkosmetyczny-niemcza.pl\/index.php?rest_route=\/wp\/v2\/pages"}],"about":[{"href":"https:\/\/salonkosmetyczny-niemcza.pl\/index.php?rest_route=\/wp\/v2\/types\/page"}],"author":[{"embeddable":true,"href":"https:\/\/salonkosmetyczny-niemcza.pl\/index.php?rest_route=\/wp\/v2\/users\/1"}],"replies":[{"embeddable":true,"href":"https:\/\/salonkosmetyczny-niemcza.pl\/index.php?rest_route=%2Fwp%2Fv2%2Fcomments&post=754"}],"version-history":[{"count":10,"href":"https:\/\/salonkosmetyczny-niemcza.pl\/index.php?rest_route=\/wp\/v2\/pages\/754\/revisions"}],"predecessor-version":[{"id":1139,"href":"https:\/\/salonkosmetyczny-niemcza.pl\/index.php?rest_route=\/wp\/v2\/pages\/754\/revisions\/1139"}],"wp:featuredmedia":[{"embeddable":true,"href":"https:\/\/salonkosmetyczny-niemcza.pl\/index.php?rest_route=\/wp\/v2\/media\/1036"}],"wp:attachment":[{"href":"https:\/\/salonkosmetyczny-niemcza.pl\/index.php?rest_route=%2Fwp%2Fv2%2Fmedia&parent=754"}],"curies":[{"name":"wp","href":"https:\/\/api.w.org\/{rel}","templated":true}]}}