{"id":749,"date":"2023-06-14T12:48:45","date_gmt":"2023-06-14T10:48:45","guid":{"rendered":"https:\/\/serwer1331410.home.pl\/home\/salonkosea\/www\/?page_id=749"},"modified":"2024-02-29T20:19:49","modified_gmt":"2024-02-29T19:19:49","slug":"masaz-klasyczny","status":"publish","type":"page","link":"https:\/\/salonkosmetyczny-niemcza.pl\/?page_id=749","title":{"rendered":"Masa\u017c klasyczny"},"content":{"rendered":"\t\t<div data-elementor-type=\"wp-page\" data-elementor-id=\"749\" class=\"elementor elementor-749\">\n\t\t\t\t\t\t<section class=\"elementor-section elementor-top-section elementor-element elementor-element-f15816d elementor-section-boxed elementor-section-height-default elementor-section-height-default wpr-particle-no wpr-jarallax-no wpr-parallax-no wpr-sticky-section-no\" data-id=\"f15816d\" data-element_type=\"section\">\n\t\t\t\t\t\t<div class=\"elementor-container elementor-column-gap-default\">\n\t\t\t\t\t<div class=\"elementor-column elementor-col-100 elementor-top-column elementor-element elementor-element-ce0dcbe\" data-id=\"ce0dcbe\" data-element_type=\"column\">\n\t\t\t<div class=\"elementor-widget-wrap elementor-element-populated\">\n\t\t\t\t\t\t<div class=\"elementor-element elementor-element-84dfc6f elementor-widget elementor-widget-heading\" data-id=\"84dfc6f\" data-element_type=\"widget\" data-widget_type=\"heading.default\">\n\t\t\t\t<div class=\"elementor-widget-container\">\n\t\t\t\t\t<h5 class=\"elementor-heading-title elementor-size-medium\">Pocz\u0105tki Masa\u017cu: Tradycje Chin i Indii<\/h5>\t\t\t\t<\/div>\n\t\t\t\t<\/div>\n\t\t\t\t<div class=\"elementor-element elementor-element-c221a74 elementor-widget elementor-widget-text-editor\" data-id=\"c221a74\" data-element_type=\"widget\" data-widget_type=\"text-editor.default\">\n\t\t\t\t<div class=\"elementor-widget-container\">\n\t\t\t\t\t\t\t\t\t<p>Masa\u017c, wywodz\u0105cy si\u0119 z Chin i Indii, mia\u0142 swoje korzenie w obrz\u0119dach religijnych ju\u017c 300 lat p.n.e. Pierwsze zapisy na temat jego wykonywania mo\u017cna odnale\u017a\u0107 w Hinduskiej Ksi\u0119dze M\u0105dro\u015bci datowanej na 1800 r. p.n.e.<\/p>\t\t\t\t\t\t\t\t<\/div>\n\t\t\t\t<\/div>\n\t\t\t\t<div class=\"elementor-element elementor-element-eb290f4 elementor-widget elementor-widget-image\" data-id=\"eb290f4\" data-element_type=\"widget\" data-widget_type=\"image.default\">\n\t\t\t\t<div class=\"elementor-widget-container\">\n\t\t\t\t\t\t\t\t\t\t\t\t\t\t\t<img fetchpriority=\"high\" decoding=\"async\" width=\"768\" height=\"1152\" src=\"http:\/\/salonkosmetyczny-niemcza.pl\/wp-content\/uploads\/2024\/01\/african-american-woman-receiving-relaxing-massage-spa-768x1152.jpg\" class=\"attachment-medium_large size-medium_large wp-image-797\" alt=\"\" srcset=\"http:\/\/salonkosmetyczny-niemcza.pl\/wp-content\/uploads\/2024\/01\/african-american-woman-receiving-relaxing-massage-spa-768x1152.jpg 768w, http:\/\/salonkosmetyczny-niemcza.pl\/wp-content\/uploads\/2024\/01\/african-american-woman-receiving-relaxing-massage-spa-200x300.jpg 200w, http:\/\/salonkosmetyczny-niemcza.pl\/wp-content\/uploads\/2024\/01\/african-american-woman-receiving-relaxing-massage-spa-683x1024.jpg 683w, http:\/\/salonkosmetyczny-niemcza.pl\/wp-content\/uploads\/2024\/01\/african-american-woman-receiving-relaxing-massage-spa-1024x1536.jpg 1024w, http:\/\/salonkosmetyczny-niemcza.pl\/wp-content\/uploads\/2024\/01\/african-american-woman-receiving-relaxing-massage-spa-1365x2048.jpg 1365w, http:\/\/salonkosmetyczny-niemcza.pl\/wp-content\/uploads\/2024\/01\/african-american-woman-receiving-relaxing-massage-spa-scaled.jpg 1707w\" sizes=\"(max-width: 768px) 100vw, 768px\" \/>\t\t\t\t\t\t\t\t\t\t\t\t\t\t\t<\/div>\n\t\t\t\t<\/div>\n\t\t\t\t<div class=\"elementor-element elementor-element-8bd4224 elementor-widget elementor-widget-heading\" data-id=\"8bd4224\" data-element_type=\"widget\" data-widget_type=\"heading.default\">\n\t\t\t\t<div class=\"elementor-widget-container\">\n\t\t\t\t\t<h5 class=\"elementor-heading-title elementor-size-medium\">\n\n\nMasa\u017c Klasyczny: Fundamentalna Technika Wp\u0142ywaj\u0105ca na Organizm<\/h5>\t\t\t\t<\/div>\n\t\t\t\t<\/div>\n\t\t\t\t<div class=\"elementor-element elementor-element-3771d67 elementor-widget elementor-widget-text-editor\" data-id=\"3771d67\" data-element_type=\"widget\" data-widget_type=\"text-editor.default\">\n\t\t\t\t<div class=\"elementor-widget-container\">\n\t\t\t\t\t\t\t\t\t<p>Masa\u017c klasyczny stanowi fundament dla wielu rodzaj\u00f3w masa\u017cy, w tym relaksacyjnych. Jego wszechstronny wp\u0142yw obejmuje sk\u00f3r\u0119, tkank\u0119 podsk\u00f3rn\u0105, mi\u0119\u015bnie, aparat wi\u0119zad\u0142owy, uk\u0142ad kr\u0105\u017cenia, uk\u0142ad nerwowy i narz\u0105dy wewn\u0119trzne.<\/p>\t\t\t\t\t\t\t\t<\/div>\n\t\t\t\t<\/div>\n\t\t\t\t<div class=\"elementor-element elementor-element-23ff004 elementor-widget elementor-widget-heading\" data-id=\"23ff004\" data-element_type=\"widget\" data-widget_type=\"heading.default\">\n\t\t\t\t<div class=\"elementor-widget-container\">\n\t\t\t\t\t<h5 class=\"elementor-heading-title elementor-size-medium\">Dzia\u0142anie Masa\u017cu: Lokalne i Og\u00f3lne Aspekty<\/h5>\t\t\t\t<\/div>\n\t\t\t\t<\/div>\n\t\t\t\t<div class=\"elementor-element elementor-element-ed56ffb elementor-widget elementor-widget-text-editor\" data-id=\"ed56ffb\" data-element_type=\"widget\" data-widget_type=\"text-editor.default\">\n\t\t\t\t<div class=\"elementor-widget-container\">\n\t\t\t\t\t\t\t\t\t<p>Dzia\u0142anie masa\u017cu mo\u017cna podzieli\u0107 na miejscowe i og\u00f3lne. Dzia\u0142a miejscowo poprzez rozszerzenie naczy\u0144 krwiono\u015bnych, co przek\u0142ada si\u0119 na lepsze dotlenienie i od\u017cywienie masowanej tkanki. Efekt og\u00f3lny polega na pobudzeniu uk\u0142adu nerwowego, wp\u0142ywaj\u0105c na prac\u0119 narz\u0105d\u00f3w i uk\u0142ad\u00f3w organizmu.<\/p>\t\t\t\t\t\t\t\t<\/div>\n\t\t\t\t<\/div>\n\t\t\t\t<div class=\"elementor-element elementor-element-0b1b78f elementor-widget elementor-widget-image\" data-id=\"0b1b78f\" data-element_type=\"widget\" data-widget_type=\"image.default\">\n\t\t\t\t<div class=\"elementor-widget-container\">\n\t\t\t\t\t\t\t\t\t\t\t\t\t\t\t<img decoding=\"async\" width=\"1024\" height=\"1024\" src=\"http:\/\/salonkosmetyczny-niemcza.pl\/wp-content\/uploads\/2024\/01\/Firefly-spa-salon-beauty-and-cosmetic-concept-relaxed-woman-serene-feeling-34489-1024x1024.jpg\" class=\"attachment-large size-large wp-image-798\" alt=\"\" srcset=\"http:\/\/salonkosmetyczny-niemcza.pl\/wp-content\/uploads\/2024\/01\/Firefly-spa-salon-beauty-and-cosmetic-concept-relaxed-woman-serene-feeling-34489-1024x1024.jpg 1024w, http:\/\/salonkosmetyczny-niemcza.pl\/wp-content\/uploads\/2024\/01\/Firefly-spa-salon-beauty-and-cosmetic-concept-relaxed-woman-serene-feeling-34489-300x300.jpg 300w, http:\/\/salonkosmetyczny-niemcza.pl\/wp-content\/uploads\/2024\/01\/Firefly-spa-salon-beauty-and-cosmetic-concept-relaxed-woman-serene-feeling-34489-150x150.jpg 150w, http:\/\/salonkosmetyczny-niemcza.pl\/wp-content\/uploads\/2024\/01\/Firefly-spa-salon-beauty-and-cosmetic-concept-relaxed-woman-serene-feeling-34489-768x768.jpg 768w, http:\/\/salonkosmetyczny-niemcza.pl\/wp-content\/uploads\/2024\/01\/Firefly-spa-salon-beauty-and-cosmetic-concept-relaxed-woman-serene-feeling-34489-1536x1536.jpg 1536w, http:\/\/salonkosmetyczny-niemcza.pl\/wp-content\/uploads\/2024\/01\/Firefly-spa-salon-beauty-and-cosmetic-concept-relaxed-woman-serene-feeling-34489-65x65.jpg 65w, http:\/\/salonkosmetyczny-niemcza.pl\/wp-content\/uploads\/2024\/01\/Firefly-spa-salon-beauty-and-cosmetic-concept-relaxed-woman-serene-feeling-34489-160x159.jpg 160w, http:\/\/salonkosmetyczny-niemcza.pl\/wp-content\/uploads\/2024\/01\/Firefly-spa-salon-beauty-and-cosmetic-concept-relaxed-woman-serene-feeling-34489.jpg 2048w\" sizes=\"(max-width: 1024px) 100vw, 1024px\" \/>\t\t\t\t\t\t\t\t\t\t\t\t\t\t\t<\/div>\n\t\t\t\t<\/div>\n\t\t\t\t<div class=\"elementor-element elementor-element-493c64e elementor-widget elementor-widget-heading\" data-id=\"493c64e\" data-element_type=\"widget\" data-widget_type=\"heading.default\">\n\t\t\t\t<div class=\"elementor-widget-container\">\n\t\t\t\t\t<h5 class=\"elementor-heading-title elementor-size-medium\">Masa\u017c a Uk\u0142ad Krwiono\u015bny i Limfatyczny<\/h5>\t\t\t\t<\/div>\n\t\t\t\t<\/div>\n\t\t\t\t<div class=\"elementor-element elementor-element-3f1ba95 elementor-widget elementor-widget-text-editor\" data-id=\"3f1ba95\" data-element_type=\"widget\" data-widget_type=\"text-editor.default\">\n\t\t\t\t<div class=\"elementor-widget-container\">\n\t\t\t\t\t\t\t\t\t<p>Podczas masa\u017cu dochodzi do miejscowego przekrwienia, przyspieszenia przemiany materii oraz szybszego usuwania substancji przemiany materii. Masa\u017c sprzyja r\u00f3wnie\u017c odp\u0142ywowi krwi \u017cylnej, zmniejszeniu ci\u015bnienia krwi t\u0119tniczej oraz rozszerzeniu naczy\u0144 krwiono\u015bnych, poprawiaj\u0105c og\u00f3lny obieg krwi.<\/p>\t\t\t\t\t\t\t\t<\/div>\n\t\t\t\t<\/div>\n\t\t\t\t<div class=\"elementor-element elementor-element-89b6845 elementor-widget elementor-widget-heading\" data-id=\"89b6845\" data-element_type=\"widget\" data-widget_type=\"heading.default\">\n\t\t\t\t<div class=\"elementor-widget-container\">\n\t\t\t\t\t<h5 class=\"elementor-heading-title elementor-size-medium\">Wp\u0142yw Masa\u017cu na Tkank\u0119 Mi\u0119\u015bniow\u0105<\/h5>\t\t\t\t<\/div>\n\t\t\t\t<\/div>\n\t\t\t\t<div class=\"elementor-element elementor-element-222ed7f elementor-widget elementor-widget-text-editor\" data-id=\"222ed7f\" data-element_type=\"widget\" data-widget_type=\"text-editor.default\">\n\t\t\t\t<div class=\"elementor-widget-container\">\n\t\t\t\t\t\t\t\t\t<p>Masa\u017c skraca czas regeneracji po wysi\u0142ku fizycznym, wspomaga usuwanie metabolit\u00f3w, reguluje napi\u0119cie mi\u0119\u015bniowe oraz poprawia zdolno\u015b\u0107 mi\u0119\u015bni do kurczenia si\u0119 i rozkurczania.<\/p>\t\t\t\t\t\t\t\t<\/div>\n\t\t\t\t<\/div>\n\t\t\t\t<div class=\"elementor-element elementor-element-51bf89f elementor-widget elementor-widget-heading\" data-id=\"51bf89f\" data-element_type=\"widget\" data-widget_type=\"heading.default\">\n\t\t\t\t<div class=\"elementor-widget-container\">\n\t\t\t\t\t<h5 class=\"elementor-heading-title elementor-size-medium\">Masa\u017c a Tkanka \u0141\u0105czna: Elastyczno\u015b\u0107 i Regeneracja<\/h5>\t\t\t\t<\/div>\n\t\t\t\t<\/div>\n\t\t\t\t<div class=\"elementor-element elementor-element-57bf81e elementor-widget elementor-widget-text-editor\" data-id=\"57bf81e\" data-element_type=\"widget\" data-widget_type=\"text-editor.default\">\n\t\t\t\t<div class=\"elementor-widget-container\">\n\t\t\t\t\t\t\t\t\t<p>Podczas masa\u017cu nast\u0119puje uelastycznienie w\u0142\u00f3kien kolagenowych i elastynowych, wzmocnienie w\u0142\u00f3kien kolagenowych, przyspieszona regeneracja kolagenu i elastyny. Masa\u017c wp\u0142ywa tak\u017ce na lepsze od\u017cywienie tkanki chrz\u0119stnej, utrzymanie homeostazy mi\u0119dzy zwi\u0105zkami organicznymi i nieorganicznymi oraz przyspieszenie proces\u00f3w kostnienia w przypadku z\u0142ama\u0144 czy p\u0119kni\u0119\u0107.<\/p>\t\t\t\t\t\t\t\t<\/div>\n\t\t\t\t<\/div>\n\t\t\t\t<div class=\"elementor-element elementor-element-85b5f54 elementor-widget elementor-widget-image\" data-id=\"85b5f54\" data-element_type=\"widget\" data-widget_type=\"image.default\">\n\t\t\t\t<div class=\"elementor-widget-container\">\n\t\t\t\t\t\t\t\t\t\t\t\t\t\t\t<img decoding=\"async\" width=\"1024\" height=\"683\" src=\"http:\/\/salonkosmetyczny-niemcza.pl\/wp-content\/uploads\/2024\/01\/young-woman-receiving-head-massage-spa-center-1024x683.jpg\" class=\"attachment-large size-large wp-image-799\" alt=\"\" srcset=\"http:\/\/salonkosmetyczny-niemcza.pl\/wp-content\/uploads\/2024\/01\/young-woman-receiving-head-massage-spa-center-1024x683.jpg 1024w, http:\/\/salonkosmetyczny-niemcza.pl\/wp-content\/uploads\/2024\/01\/young-woman-receiving-head-massage-spa-center-300x200.jpg 300w, http:\/\/salonkosmetyczny-niemcza.pl\/wp-content\/uploads\/2024\/01\/young-woman-receiving-head-massage-spa-center-768x513.jpg 768w, http:\/\/salonkosmetyczny-niemcza.pl\/wp-content\/uploads\/2024\/01\/young-woman-receiving-head-massage-spa-center-1536x1025.jpg 1536w, http:\/\/salonkosmetyczny-niemcza.pl\/wp-content\/uploads\/2024\/01\/young-woman-receiving-head-massage-spa-center-2048x1367.jpg 2048w\" sizes=\"(max-width: 1024px) 100vw, 1024px\" \/>\t\t\t\t\t\t\t\t\t\t\t\t\t\t\t<\/div>\n\t\t\t\t<\/div>\n\t\t\t\t<div class=\"elementor-element elementor-element-599a4b5 elementor-widget elementor-widget-heading\" data-id=\"599a4b5\" data-element_type=\"widget\" data-widget_type=\"heading.default\">\n\t\t\t\t<div class=\"elementor-widget-container\">\n\t\t\t\t\t<h5 class=\"elementor-heading-title elementor-size-medium\">Masa\u017c a Sk\u00f3ra: Odnowa i Elastyczno\u015b\u0107<\/h5>\t\t\t\t<\/div>\n\t\t\t\t<\/div>\n\t\t\t\t<div class=\"elementor-element elementor-element-e32a53b elementor-widget elementor-widget-text-editor\" data-id=\"e32a53b\" data-element_type=\"widget\" data-widget_type=\"text-editor.default\">\n\t\t\t\t<div class=\"elementor-widget-container\">\n\t\t\t\t\t\t\t\t\t<p>Podczas masa\u017cu wykonuje si\u0119 naturalny peeling z\u0142uszczaj\u0105cy warstw\u0119 rogow\u0105, co przyczynia si\u0119 do lepszego dotlenienia kom\u00f3rek i odm\u0142odzenia nask\u00f3rka. Masa\u017c zwi\u0119ksza elastyczno\u015b\u0107 i spr\u0119\u017cysto\u015b\u0107 sk\u00f3ry poprzez udro\u017cnienie uj\u015b\u0107 gruczo\u0142\u00f3w \u0142ojowych i potowych.<\/p>\t\t\t\t\t\t\t\t<\/div>\n\t\t\t\t<\/div>\n\t\t\t\t<div class=\"elementor-element elementor-element-60b4fe3 elementor-widget elementor-widget-heading\" data-id=\"60b4fe3\" data-element_type=\"widget\" data-widget_type=\"heading.default\">\n\t\t\t\t<div class=\"elementor-widget-container\">\n\t\t\t\t\t<h5 class=\"elementor-heading-title elementor-size-medium\">Podsumowanie<\/h5>\t\t\t\t<\/div>\n\t\t\t\t<\/div>\n\t\t\t\t<div class=\"elementor-element elementor-element-5f95d4d elementor-widget elementor-widget-text-editor\" data-id=\"5f95d4d\" data-element_type=\"widget\" data-widget_type=\"text-editor.default\">\n\t\t\t\t<div class=\"elementor-widget-container\">\n\t\t\t\t\t\t\t\t\t<p>Masa\u017c klasyczny stanowi niezwykle skuteczn\u0105 metod\u0119 wp\u0142ywaj\u0105c\u0105 na ca\u0142y organizm. Jego korzystny wp\u0142yw na uk\u0142ad krwiono\u015bny, mi\u0119\u015bnie, tkank\u0119 \u0142\u0105czn\u0105 i sk\u00f3r\u0119 sprawia, \u017ce jest to doskona\u0142a forma relaksu oraz dba\u0142o\u015bci o zdrowie fizyczne i psychiczne.<\/p>\t\t\t\t\t\t\t\t<\/div>\n\t\t\t\t<\/div>\n\t\t\t\t\t<\/div>\n\t\t<\/div>\n\t\t\t\t\t<\/div>\n\t\t<\/section>\n\t\t\t\t<section class=\"elementor-section elementor-top-section elementor-element elementor-element-3ef69279 elementor-section-boxed elementor-section-height-default elementor-section-height-default wpr-particle-no wpr-jarallax-no wpr-parallax-no wpr-sticky-section-no\" data-id=\"3ef69279\" data-element_type=\"section\">\n\t\t\t\t\t\t<div class=\"elementor-container elementor-column-gap-default\">\n\t\t\t\t\t<div class=\"elementor-column elementor-col-100 elementor-top-column elementor-element elementor-element-31334bc6\" data-id=\"31334bc6\" data-element_type=\"column\">\n\t\t\t<div class=\"elementor-widget-wrap elementor-element-populated\">\n\t\t\t\t\t\t<div class=\"elementor-element elementor-element-109b819 content-align-cta-default elementor-widget elementor-widget-eael-cta-box\" data-id=\"109b819\" data-element_type=\"widget\" data-widget_type=\"eael-cta-box.default\">\n\t\t\t\t<div class=\"elementor-widget-container\">\n\t\t\t\t\t\t\t<div class=\"eael-call-to-action cta-basic bg-lite cta-preset-1\">\n        <h5 class=\"title eael-cta-heading\">Zapraszamy do skorzystania z naszych us\u0142ug<\/h5><p>Masa\u017c klasyczny, przyniesie korzy\u015bci zar\u00f3wno dla cia\u0142a, jak i umys\u0142u. <strong>Wykonujemy zabiegi na twarzy, szyi i dekolcie.<\/strong> Odkryj pe\u0142en potencja\u0142 relaksacyjnego masa\u017cu klasycznego ju\u017c dzi\u015b!<\/p><a href=\"https:\/\/serwer1331410.home.pl\/home\/salonkosea\/www\/?page_id=121\" class=\"cta-button cta-preset-1  \">Kontakt<\/a>\t<\/div>\n\t\t\t\t\t\t\t\t<\/div>\n\t\t\t\t<\/div>\n\t\t\t\t\t<\/div>\n\t\t<\/div>\n\t\t\t\t\t<\/div>\n\t\t<\/section>\n\t\t\t\t<\/div>\n\t\t","protected":false},"excerpt":{"rendered":"<p>Pocz\u0105tki Masa\u017cu: Tradycje Chin i Indii Masa\u017c, wywodz\u0105cy si\u0119 z Chin i Indii, mia\u0142 swoje korzenie w obrz\u0119dach religijnych ju\u017c 300 lat p.n.e. Pierwsze zapisy na temat jego wykonywania mo\u017cna &hellip; <\/p>\n","protected":false},"author":1,"featured_media":799,"parent":0,"menu_order":0,"comment_status":"closed","ping_status":"closed","template":"","meta":{"footnotes":""},"class_list":["post-749","page","type-page","status-publish","has-post-thumbnail","hentry"],"yoast_head":"<!-- This site is optimized with the Yoast SEO plugin v25.6 - https:\/\/yoast.com\/wordpress\/plugins\/seo\/ -->\n<title>Masa\u017c klasyczny - Ewa Kowal<\/title>\n<meta name=\"robots\" content=\"index, follow, max-snippet:-1, max-image-preview:large, max-video-preview:-1\" \/>\n<link rel=\"canonical\" href=\"http:\/\/salonkosmetyczny-niemcza.pl\/?page_id=749\" \/>\n<meta property=\"og:locale\" content=\"pl_PL\" \/>\n<meta property=\"og:type\" content=\"article\" \/>\n<meta property=\"og:title\" content=\"Masa\u017c klasyczny - Ewa Kowal\" \/>\n<meta property=\"og:description\" content=\"Pocz\u0105tki Masa\u017cu: Tradycje Chin i Indii Masa\u017c, wywodz\u0105cy si\u0119 z Chin i Indii, mia\u0142 swoje korzenie w obrz\u0119dach religijnych ju\u017c 300 lat p.n.e. Pierwsze zapisy na temat jego wykonywania mo\u017cna &hellip;\" \/>\n<meta property=\"og:url\" content=\"http:\/\/salonkosmetyczny-niemcza.pl\/?page_id=749\" \/>\n<meta property=\"og:site_name\" content=\"Ewa Kowal\" \/>\n<meta property=\"article:modified_time\" content=\"2024-02-29T19:19:49+00:00\" \/>\n<meta property=\"og:image\" content=\"http:\/\/salonkosmetyczny-niemcza.pl\/wp-content\/uploads\/2024\/01\/young-woman-receiving-head-massage-spa-center-scaled.jpg\" \/>\n\t<meta property=\"og:image:width\" content=\"2560\" \/>\n\t<meta property=\"og:image:height\" content=\"1709\" \/>\n\t<meta property=\"og:image:type\" content=\"image\/jpeg\" \/>\n<meta name=\"twitter:card\" content=\"summary_large_image\" \/>\n<meta name=\"twitter:label1\" content=\"Szacowany czas czytania\" \/>\n\t<meta name=\"twitter:data1\" content=\"2 minuty\" \/>\n<script type=\"application\/ld+json\" class=\"yoast-schema-graph\">{\"@context\":\"https:\/\/schema.org\",\"@graph\":[{\"@type\":\"WebPage\",\"@id\":\"http:\/\/salonkosmetyczny-niemcza.pl\/?page_id=749\",\"url\":\"http:\/\/salonkosmetyczny-niemcza.pl\/?page_id=749\",\"name\":\"Masa\u017c klasyczny - Ewa Kowal\",\"isPartOf\":{\"@id\":\"http:\/\/salonkosmetyczny-niemcza.pl\/#website\"},\"primaryImageOfPage\":{\"@id\":\"http:\/\/salonkosmetyczny-niemcza.pl\/?page_id=749#primaryimage\"},\"image\":{\"@id\":\"http:\/\/salonkosmetyczny-niemcza.pl\/?page_id=749#primaryimage\"},\"thumbnailUrl\":\"https:\/\/salonkosmetyczny-niemcza.pl\/wp-content\/uploads\/2024\/01\/young-woman-receiving-head-massage-spa-center-scaled.jpg\",\"datePublished\":\"2023-06-14T10:48:45+00:00\",\"dateModified\":\"2024-02-29T19:19:49+00:00\",\"breadcrumb\":{\"@id\":\"http:\/\/salonkosmetyczny-niemcza.pl\/?page_id=749#breadcrumb\"},\"inLanguage\":\"pl-PL\",\"potentialAction\":[{\"@type\":\"ReadAction\",\"target\":[\"http:\/\/salonkosmetyczny-niemcza.pl\/?page_id=749\"]}]},{\"@type\":\"ImageObject\",\"inLanguage\":\"pl-PL\",\"@id\":\"http:\/\/salonkosmetyczny-niemcza.pl\/?page_id=749#primaryimage\",\"url\":\"https:\/\/salonkosmetyczny-niemcza.pl\/wp-content\/uploads\/2024\/01\/young-woman-receiving-head-massage-spa-center-scaled.jpg\",\"contentUrl\":\"https:\/\/salonkosmetyczny-niemcza.pl\/wp-content\/uploads\/2024\/01\/young-woman-receiving-head-massage-spa-center-scaled.jpg\",\"width\":2560,\"height\":1709,\"caption\":\"Young blond woman receiving a head massage in a spa center with eyes closed. Female patient is receiving treatment by professional therapist.\"},{\"@type\":\"BreadcrumbList\",\"@id\":\"http:\/\/salonkosmetyczny-niemcza.pl\/?page_id=749#breadcrumb\",\"itemListElement\":[{\"@type\":\"ListItem\",\"position\":1,\"name\":\"Strona g\u0142\u00f3wna\",\"item\":\"http:\/\/salonkosmetyczny-niemcza.pl\/\"},{\"@type\":\"ListItem\",\"position\":2,\"name\":\"Masa\u017c klasyczny\"}]},{\"@type\":\"WebSite\",\"@id\":\"http:\/\/salonkosmetyczny-niemcza.pl\/#website\",\"url\":\"http:\/\/salonkosmetyczny-niemcza.pl\/\",\"name\":\"Ewa Kowal\",\"description\":\"Gabinet Kosmetyczny\",\"publisher\":{\"@id\":\"http:\/\/salonkosmetyczny-niemcza.pl\/#organization\"},\"potentialAction\":[{\"@type\":\"SearchAction\",\"target\":{\"@type\":\"EntryPoint\",\"urlTemplate\":\"http:\/\/salonkosmetyczny-niemcza.pl\/?s={search_term_string}\"},\"query-input\":{\"@type\":\"PropertyValueSpecification\",\"valueRequired\":true,\"valueName\":\"search_term_string\"}}],\"inLanguage\":\"pl-PL\"},{\"@type\":\"Organization\",\"@id\":\"http:\/\/salonkosmetyczny-niemcza.pl\/#organization\",\"name\":\"Ewa Kowal\",\"url\":\"http:\/\/salonkosmetyczny-niemcza.pl\/\",\"logo\":{\"@type\":\"ImageObject\",\"inLanguage\":\"pl-PL\",\"@id\":\"http:\/\/salonkosmetyczny-niemcza.pl\/#\/schema\/logo\/image\/\",\"url\":\"https:\/\/salonkosmetyczny-niemcza.pl\/wp-content\/uploads\/2023\/02\/cropped-ewakowal.png\",\"contentUrl\":\"https:\/\/salonkosmetyczny-niemcza.pl\/wp-content\/uploads\/2023\/02\/cropped-ewakowal.png\",\"width\":189,\"height\":150,\"caption\":\"Ewa Kowal\"},\"image\":{\"@id\":\"http:\/\/salonkosmetyczny-niemcza.pl\/#\/schema\/logo\/image\/\"}}]}<\/script>\n<!-- \/ Yoast SEO plugin. -->","yoast_head_json":{"title":"Masa\u017c klasyczny - Ewa Kowal","robots":{"index":"index","follow":"follow","max-snippet":"max-snippet:-1","max-image-preview":"max-image-preview:large","max-video-preview":"max-video-preview:-1"},"canonical":"http:\/\/salonkosmetyczny-niemcza.pl\/?page_id=749","og_locale":"pl_PL","og_type":"article","og_title":"Masa\u017c klasyczny - Ewa Kowal","og_description":"Pocz\u0105tki Masa\u017cu: Tradycje Chin i Indii Masa\u017c, wywodz\u0105cy si\u0119 z Chin i Indii, mia\u0142 swoje korzenie w obrz\u0119dach religijnych ju\u017c 300 lat p.n.e. Pierwsze zapisy na temat jego wykonywania mo\u017cna &hellip;","og_url":"http:\/\/salonkosmetyczny-niemcza.pl\/?page_id=749","og_site_name":"Ewa Kowal","article_modified_time":"2024-02-29T19:19:49+00:00","og_image":[{"width":2560,"height":1709,"url":"http:\/\/salonkosmetyczny-niemcza.pl\/wp-content\/uploads\/2024\/01\/young-woman-receiving-head-massage-spa-center-scaled.jpg","type":"image\/jpeg"}],"twitter_card":"summary_large_image","twitter_misc":{"Szacowany czas czytania":"2 minuty"},"schema":{"@context":"https:\/\/schema.org","@graph":[{"@type":"WebPage","@id":"http:\/\/salonkosmetyczny-niemcza.pl\/?page_id=749","url":"http:\/\/salonkosmetyczny-niemcza.pl\/?page_id=749","name":"Masa\u017c klasyczny - Ewa Kowal","isPartOf":{"@id":"http:\/\/salonkosmetyczny-niemcza.pl\/#website"},"primaryImageOfPage":{"@id":"http:\/\/salonkosmetyczny-niemcza.pl\/?page_id=749#primaryimage"},"image":{"@id":"http:\/\/salonkosmetyczny-niemcza.pl\/?page_id=749#primaryimage"},"thumbnailUrl":"https:\/\/salonkosmetyczny-niemcza.pl\/wp-content\/uploads\/2024\/01\/young-woman-receiving-head-massage-spa-center-scaled.jpg","datePublished":"2023-06-14T10:48:45+00:00","dateModified":"2024-02-29T19:19:49+00:00","breadcrumb":{"@id":"http:\/\/salonkosmetyczny-niemcza.pl\/?page_id=749#breadcrumb"},"inLanguage":"pl-PL","potentialAction":[{"@type":"ReadAction","target":["http:\/\/salonkosmetyczny-niemcza.pl\/?page_id=749"]}]},{"@type":"ImageObject","inLanguage":"pl-PL","@id":"http:\/\/salonkosmetyczny-niemcza.pl\/?page_id=749#primaryimage","url":"https:\/\/salonkosmetyczny-niemcza.pl\/wp-content\/uploads\/2024\/01\/young-woman-receiving-head-massage-spa-center-scaled.jpg","contentUrl":"https:\/\/salonkosmetyczny-niemcza.pl\/wp-content\/uploads\/2024\/01\/young-woman-receiving-head-massage-spa-center-scaled.jpg","width":2560,"height":1709,"caption":"Young blond woman receiving a head massage in a spa center with eyes closed. Female patient is receiving treatment by professional therapist."},{"@type":"BreadcrumbList","@id":"http:\/\/salonkosmetyczny-niemcza.pl\/?page_id=749#breadcrumb","itemListElement":[{"@type":"ListItem","position":1,"name":"Strona g\u0142\u00f3wna","item":"http:\/\/salonkosmetyczny-niemcza.pl\/"},{"@type":"ListItem","position":2,"name":"Masa\u017c klasyczny"}]},{"@type":"WebSite","@id":"http:\/\/salonkosmetyczny-niemcza.pl\/#website","url":"http:\/\/salonkosmetyczny-niemcza.pl\/","name":"Ewa Kowal","description":"Gabinet Kosmetyczny","publisher":{"@id":"http:\/\/salonkosmetyczny-niemcza.pl\/#organization"},"potentialAction":[{"@type":"SearchAction","target":{"@type":"EntryPoint","urlTemplate":"http:\/\/salonkosmetyczny-niemcza.pl\/?s={search_term_string}"},"query-input":{"@type":"PropertyValueSpecification","valueRequired":true,"valueName":"search_term_string"}}],"inLanguage":"pl-PL"},{"@type":"Organization","@id":"http:\/\/salonkosmetyczny-niemcza.pl\/#organization","name":"Ewa Kowal","url":"http:\/\/salonkosmetyczny-niemcza.pl\/","logo":{"@type":"ImageObject","inLanguage":"pl-PL","@id":"http:\/\/salonkosmetyczny-niemcza.pl\/#\/schema\/logo\/image\/","url":"https:\/\/salonkosmetyczny-niemcza.pl\/wp-content\/uploads\/2023\/02\/cropped-ewakowal.png","contentUrl":"https:\/\/salonkosmetyczny-niemcza.pl\/wp-content\/uploads\/2023\/02\/cropped-ewakowal.png","width":189,"height":150,"caption":"Ewa Kowal"},"image":{"@id":"http:\/\/salonkosmetyczny-niemcza.pl\/#\/schema\/logo\/image\/"}}]}},"_links":{"self":[{"href":"https:\/\/salonkosmetyczny-niemcza.pl\/index.php?rest_route=\/wp\/v2\/pages\/749","targetHints":{"allow":["GET"]}}],"collection":[{"href":"https:\/\/salonkosmetyczny-niemcza.pl\/index.php?rest_route=\/wp\/v2\/pages"}],"about":[{"href":"https:\/\/salonkosmetyczny-niemcza.pl\/index.php?rest_route=\/wp\/v2\/types\/page"}],"author":[{"embeddable":true,"href":"https:\/\/salonkosmetyczny-niemcza.pl\/index.php?rest_route=\/wp\/v2\/users\/1"}],"replies":[{"embeddable":true,"href":"https:\/\/salonkosmetyczny-niemcza.pl\/index.php?rest_route=%2Fwp%2Fv2%2Fcomments&post=749"}],"version-history":[{"count":7,"href":"https:\/\/salonkosmetyczny-niemcza.pl\/index.php?rest_route=\/wp\/v2\/pages\/749\/revisions"}],"predecessor-version":[{"id":802,"href":"https:\/\/salonkosmetyczny-niemcza.pl\/index.php?rest_route=\/wp\/v2\/pages\/749\/revisions\/802"}],"wp:featuredmedia":[{"embeddable":true,"href":"https:\/\/salonkosmetyczny-niemcza.pl\/index.php?rest_route=\/wp\/v2\/media\/799"}],"wp:attachment":[{"href":"https:\/\/salonkosmetyczny-niemcza.pl\/index.php?rest_route=%2Fwp%2Fv2%2Fmedia&parent=749"}],"curies":[{"name":"wp","href":"https:\/\/api.w.org\/{rel}","templated":true}]}}