{"id":382,"date":"2020-12-02T10:48:49","date_gmt":"2020-12-02T09:48:49","guid":{"rendered":"https:\/\/serwer1331410.home.pl\/home\/salonkosea\/www\/?page_id=382"},"modified":"2024-05-08T22:12:54","modified_gmt":"2024-05-08T20:12:54","slug":"redermalizacja-xela-rederm","status":"publish","type":"page","link":"https:\/\/salonkosmetyczny-niemcza.pl\/?page_id=382","title":{"rendered":"Redermalizacja &#8211; Bursztynian Sodu"},"content":{"rendered":"\t\t<div data-elementor-type=\"wp-page\" data-elementor-id=\"382\" class=\"elementor elementor-382\">\n\t\t\t\t\t\t<section class=\"elementor-section elementor-top-section elementor-element elementor-element-3893739e elementor-section-boxed elementor-section-height-default elementor-section-height-default wpr-particle-no wpr-jarallax-no wpr-parallax-no wpr-sticky-section-no\" data-id=\"3893739e\" data-element_type=\"section\">\n\t\t\t\t\t\t<div class=\"elementor-container elementor-column-gap-default\">\n\t\t\t\t\t<div class=\"elementor-column elementor-col-100 elementor-top-column elementor-element elementor-element-21efdecb\" data-id=\"21efdecb\" data-element_type=\"column\">\n\t\t\t<div class=\"elementor-widget-wrap elementor-element-populated\">\n\t\t\t\t\t\t<div class=\"elementor-element elementor-element-4a755d10 elementor-widget elementor-widget-text-editor\" data-id=\"4a755d10\" data-element_type=\"widget\" data-widget_type=\"text-editor.default\">\n\t\t\t\t<div class=\"elementor-widget-container\">\n\t\t\t\t\t\t\t\t\t\n<div class=\"wp-block-atomic-blocks-ab-columns ab-layout-service-4 ab-layout-columns-1 ab-1-col-equal ab-columns-center alignfull\" style=\"padding-top:15%;padding-right:5%;padding-bottom:15%;padding-left:5%\"><div class=\"ab-layout-column-wrap ab-block-layout-column-gap-6 ab-is-responsive-column\" style=\"max-width:1200px\">\n<div class=\"wp-block-atomic-blocks-ab-column ab-block-layout-column\"><div class=\"ab-block-layout-column-inner\">\n<h2 class=\"wp-block-heading\"><strong>Redermalizacja to wi\u0119cej ni\u017c mezoterapia!<\/strong><\/h2>\n\n\n\n<p style=\"font-size:22px\">Postaw na Xela Rederm\u00ae &#8211; nowy zabieg przeciwstarzeniowy na twarz, szyj\u0119, dekolt i d\u0142onie &#8211; doskona\u0142e efekty bez skutk\u00f3w ubocznych!<\/p>\n\n\n\n<figure class=\"wp-block-pullquote\" style=\"border-color:#cf2e2e\"><blockquote><p>Przywr\u00f3\u0107 sk\u00f3rze nawodnienie z zabiegami wykorzystuj\u0105cymi preparaty #InstituteHyalual!<\/p><cite>\ud83d\udc8e\ud83d\udc8e\ud83d\udc8e\ud83d\udc8e\ud83d\udc8e<\/cite><\/blockquote><\/figure>\n\n\n\n<p><strong>Efekty:<\/strong><\/p>\n\n\n\n<ul class=\"wp-block-list\"><li><strong>rozja\u015bnienie i odm\u0142odzenie sk\u00f3ry,<\/strong><\/li><li><strong>poprawiona elastyczno\u015b\u0107,<\/strong><\/li><li><strong>nawil\u017cenie i korekcja zmarszczek.<\/strong><\/li><\/ul>\n\n\n\n<div style=\"color:#ddd\" class=\"wp-block-atomic-blocks-ab-spacer ab-block-spacer ab-divider-solid ab-spacer-divider ab-divider-size-1\"><hr style=\"height:30px\"\/><\/div>\n\n\n\n<h3 class=\"wp-block-heading\">Zabiegi dost\u0119pne s\u0105 w trzech wersjach z wykorzystaniem preparat\u00f3w o r\u00f3\u017cnym st\u0119\u017ceniu kwasu hialuronowego.<\/h3>\n\n\n\n<p>Redermalizacja reguluje biochemiczne i fizjologiczne procesy w kom\u00f3rkach skutecznie zapobiegaj\u0105c odwodnieniu sk\u00f3ry i powstawaniu wolnych rodnik\u00f3w oraz wzmacniaj\u0105c \u017cywotno\u015b\u0107 kom\u00f3rek sk\u00f3ry. Ta kompleksowa kuracja wykorzystuj\u0105ca unikalne po\u0142\u0105czenie bursztynianu sodu i kwasu hialuronowego przebudowuje struktury elastyny oraz kolagenu w sk\u00f3rze. Przywraca struktur\u0119 i jako\u015b\u0107 sk\u00f3ry, poprawiaj\u0105c spr\u0119\u017cysto\u015b\u0107, elastyczno\u015b\u0107 i stopie\u0144 nawodnienia.<\/p>\n\n\n\n<h3 class=\"wp-block-heading\">Jak to dzia\u0142a?<\/h3>\n\n\n\n<p>Aktywnym sk\u0142adnikiem Xela Rederm\u00ae jest bursztynian sodu, a w dzia\u0142aniu wspiera go kwas hialuronowy. Razem przywracaj\u0105 r\u00f3wnowag\u0119 wodn\u0105 i zapewniaj\u0105 w\u0142a\u015bciwe \u015brodowisko dla aktywno\u015bci fibroblast\u00f3w, wywo\u0142uj\u0105c wzrost produkcji energii w cyklu Krebsa. Poprawia si\u0119 oddychanie kom\u00f3rkowe i transport jon\u00f3w a mikrokr\u0105\u017cenie wzrasta. Xela Rederm\u00ae wp\u0142ywa tak\u017ce na syntez\u0119 kolagenu, elastyny i bia\u0142ek, istotnie stymuluj\u0105c wzrost \u017cywotno\u015bci kom\u00f3rek i zapewniaj\u0105c ochron\u0119 przed uszkodzeniami.<\/p>\n\n\n\n<h3 class=\"wp-block-heading\">Dla kogo?<\/h3>\n\n\n\n<p>Redermalizacj\u0119 polecamy do korekcji zmian sk\u00f3rnych wywo\u0142anych procesami starzenia, patologicznymi czynnikami \u015brodowiska, czy powsta\u0142ych w wyniku skutk\u00f3w ubocznych innych zabieg\u00f3w medycyny estetycznej. Redermalizacja to wspania\u0142a metoda zapobiegania zmianom sk\u00f3rnym. <\/p>\n\n\n\n<p><strong>EFEKTY WIDOCZNE OD RAZU PO ZABIEGU!<\/strong><\/p>\n\n\n\n<p>Zabieg polecamy osobom w ka\u017cdym wieku. Dost\u0119pne s\u0105 trzy wersje preparatu o r\u00f3\u017cnym st\u0119\u017ceniu substancji czynnych, dobierane indywidualnie do potrzeb pacjenta. <\/p>\n\n\n\n<p>Wskazania do zabiegu redermalizacji to m.in.:<\/p>\n\n\n\n<ul class=\"wp-block-list\"><li><strong>korekcja pierwszych oznak starzenia<\/strong>,<\/li><li><strong>hiperpigmentacja,<\/strong><\/li><li><strong>zmiany potr\u0105dzikowe,<\/strong><\/li><li><strong>przygotowanie oraz rehabilitacja przy pozosta\u0142ych zabiegach kosmetyki estetycznej,<\/strong><\/li><li><strong>zaawansowane i nasilone zmiany zwi\u0105zane z wiekiem,<\/strong><\/li><li><strong>korekcja g\u0142\u0119bokich zmarszczek<\/strong><\/li><li><strong>odbudowa strefy oko\u0142owargowej<\/strong><\/li><\/ul>\n\n\n\n<p><br>&nbsp;<\/p>\n\n\n\n<figure class=\"wp-block-pullquote\" style=\"border-color:#cf2e2e\"><blockquote><p>Idealny zabieg antysmogowy!<\/p><\/blockquote><\/figure>\n\n\n\n<h3 class=\"wp-block-heading\">Jak wygl\u0105da zabieg?<\/h3>\n\n\n\n<p>Redermalizacj\u0119 stosujemy na twarz, szyj\u0119, dekolt, d\u0142onie i pod oczy. Praktycznie bezbolesny zabieg polega na injekcji preparat\u00f3w metod\u0105 mezoterapii.  Czas trwania to ok. 15-20 minut. Najlepsze efekty przynosi seria 3-6 zabieg\u00f3w w odst\u0119pach 10-14 dniowych. Zalecamy tak\u017ce powtarzanie zabiegu co 3 miesi\u0105ce dla potrzymania efekt\u00f3w.<\/p>\n\n\n\n<p>Pozabiegowe zaczerwienienie, \u015bwi\u0105d, zgrubienia i obrz\u0119k ust\u0119puj\u0105 maksymalnie po 2-3 dniach od zabiegu. <strong>ZABIEG NIE WYMAGA REKONWALESCENCJI<\/strong>. Po zabiegu nale\u017cy przez 48 godzin stosowa\u0107 krem z filtrem oraz nie korzysta\u0107 z sauny, basenu i solarium.<br>&nbsp;<\/p>\n\n\n\n<div style=\"text-align:center\" class=\"wp-block-atomic-blocks-ab-cta ab-block-cta\"><div class=\"ab-cta-content\"><h2 class=\"ab-cta-title ab-font-size-32\" style=\"color:#32373c\">Zadzwo\u0144 i um\u00f3w wizyt\u0119<\/h2><div class=\"ab-cta-text ab-font-size-32\" style=\"color:#32373c\"><\/div><\/div><div class=\"ab-cta-button\"><a href=\"http:\/\/salonkosmetyczny-niemcza.pl\/kontakt\/\" target=\"_self\" rel=\"noopener noreferrer\" class=\"ab-button ab-button-shape-rounded ab-button-size-medium\" style=\"color:#ffffff;background-color:#3373dc\">606 976 468<\/a><\/div><\/div>\n\n\n\n<div style=\"color:#ddd\" class=\"wp-block-atomic-blocks-ab-spacer ab-block-spacer ab-divider-solid ab-spacer-divider ab-divider-size-1\"><hr style=\"height:97px\"\/><\/div>\n\n\n\n<div class=\"wp-block-image\"><figure class=\"aligncenter size-large\"><img decoding=\"async\" src=\"https:\/\/serwer1331410.home.pl\/home\/salonkosea\/www\/wp-content\/uploads\/2020\/12\/116901703_3975639692451770_6088099663592746675_o-1024x772-1.jpg\" alt=\"\" class=\"wp-image-483\"\/><\/figure><\/div>\n\n\n\n<p><br><\/p>\n<\/div><\/div>\n<\/div><\/div>\n\t\t\t\t\t\t\t\t<\/div>\n\t\t\t\t<\/div>\n\t\t\t\t\t<\/div>\n\t\t<\/div>\n\t\t\t\t\t<\/div>\n\t\t<\/section>\n\t\t\t\t<\/div>\n\t\t","protected":false},"excerpt":{"rendered":"","protected":false},"author":1,"featured_media":383,"parent":0,"menu_order":0,"comment_status":"closed","ping_status":"closed","template":"","meta":{"footnotes":""},"class_list":["post-382","page","type-page","status-publish","has-post-thumbnail","hentry"],"yoast_head":"<!-- This site is optimized with the Yoast SEO plugin v25.6 - https:\/\/yoast.com\/wordpress\/plugins\/seo\/ -->\n<title>Redermalizacja - Bursztynian Sodu - Ewa Kowal<\/title>\n<meta name=\"robots\" content=\"index, follow, max-snippet:-1, max-image-preview:large, max-video-preview:-1\" \/>\n<link rel=\"canonical\" href=\"https:\/\/salonkosmetyczny-niemcza.pl\/?page_id=382\" \/>\n<meta property=\"og:locale\" content=\"pl_PL\" \/>\n<meta property=\"og:type\" content=\"article\" \/>\n<meta property=\"og:title\" content=\"Redermalizacja - Bursztynian Sodu - Ewa Kowal\" \/>\n<meta property=\"og:url\" content=\"https:\/\/salonkosmetyczny-niemcza.pl\/?page_id=382\" \/>\n<meta property=\"og:site_name\" content=\"Ewa Kowal\" \/>\n<meta property=\"article:modified_time\" content=\"2024-05-08T20:12:54+00:00\" \/>\n<meta property=\"og:image\" content=\"https:\/\/salonkosmetyczny-niemcza.pl\/wp-content\/uploads\/2020\/12\/116901703_3975639692451770_6088099663592746675_o.jpg\" \/>\n\t<meta property=\"og:image:width\" content=\"2048\" \/>\n\t<meta property=\"og:image:height\" content=\"1543\" \/>\n\t<meta property=\"og:image:type\" content=\"image\/jpeg\" \/>\n<meta name=\"twitter:card\" content=\"summary_large_image\" \/>\n<meta name=\"twitter:label1\" content=\"Szacowany czas czytania\" \/>\n\t<meta name=\"twitter:data1\" content=\"2 minuty\" \/>\n<script type=\"application\/ld+json\" class=\"yoast-schema-graph\">{\"@context\":\"https:\/\/schema.org\",\"@graph\":[{\"@type\":\"WebPage\",\"@id\":\"https:\/\/salonkosmetyczny-niemcza.pl\/?page_id=382\",\"url\":\"https:\/\/salonkosmetyczny-niemcza.pl\/?page_id=382\",\"name\":\"Redermalizacja - Bursztynian Sodu - Ewa Kowal\",\"isPartOf\":{\"@id\":\"https:\/\/salonkosmetyczny-niemcza.pl\/#website\"},\"primaryImageOfPage\":{\"@id\":\"https:\/\/salonkosmetyczny-niemcza.pl\/?page_id=382#primaryimage\"},\"image\":{\"@id\":\"https:\/\/salonkosmetyczny-niemcza.pl\/?page_id=382#primaryimage\"},\"thumbnailUrl\":\"https:\/\/salonkosmetyczny-niemcza.pl\/wp-content\/uploads\/2020\/12\/116901703_3975639692451770_6088099663592746675_o.jpg\",\"datePublished\":\"2020-12-02T09:48:49+00:00\",\"dateModified\":\"2024-05-08T20:12:54+00:00\",\"breadcrumb\":{\"@id\":\"https:\/\/salonkosmetyczny-niemcza.pl\/?page_id=382#breadcrumb\"},\"inLanguage\":\"pl-PL\",\"potentialAction\":[{\"@type\":\"ReadAction\",\"target\":[\"https:\/\/salonkosmetyczny-niemcza.pl\/?page_id=382\"]}]},{\"@type\":\"ImageObject\",\"inLanguage\":\"pl-PL\",\"@id\":\"https:\/\/salonkosmetyczny-niemcza.pl\/?page_id=382#primaryimage\",\"url\":\"https:\/\/salonkosmetyczny-niemcza.pl\/wp-content\/uploads\/2020\/12\/116901703_3975639692451770_6088099663592746675_o.jpg\",\"contentUrl\":\"https:\/\/salonkosmetyczny-niemcza.pl\/wp-content\/uploads\/2020\/12\/116901703_3975639692451770_6088099663592746675_o.jpg\",\"width\":2048,\"height\":1543},{\"@type\":\"BreadcrumbList\",\"@id\":\"https:\/\/salonkosmetyczny-niemcza.pl\/?page_id=382#breadcrumb\",\"itemListElement\":[{\"@type\":\"ListItem\",\"position\":1,\"name\":\"Strona g\u0142\u00f3wna\",\"item\":\"https:\/\/salonkosmetyczny-niemcza.pl\/\"},{\"@type\":\"ListItem\",\"position\":2,\"name\":\"Redermalizacja &#8211; Bursztynian Sodu\"}]},{\"@type\":\"WebSite\",\"@id\":\"https:\/\/salonkosmetyczny-niemcza.pl\/#website\",\"url\":\"https:\/\/salonkosmetyczny-niemcza.pl\/\",\"name\":\"Ewa Kowal\",\"description\":\"Gabinet Kosmetyczny\",\"publisher\":{\"@id\":\"https:\/\/salonkosmetyczny-niemcza.pl\/#organization\"},\"potentialAction\":[{\"@type\":\"SearchAction\",\"target\":{\"@type\":\"EntryPoint\",\"urlTemplate\":\"https:\/\/salonkosmetyczny-niemcza.pl\/?s={search_term_string}\"},\"query-input\":{\"@type\":\"PropertyValueSpecification\",\"valueRequired\":true,\"valueName\":\"search_term_string\"}}],\"inLanguage\":\"pl-PL\"},{\"@type\":\"Organization\",\"@id\":\"https:\/\/salonkosmetyczny-niemcza.pl\/#organization\",\"name\":\"Ewa Kowal\",\"url\":\"https:\/\/salonkosmetyczny-niemcza.pl\/\",\"logo\":{\"@type\":\"ImageObject\",\"inLanguage\":\"pl-PL\",\"@id\":\"https:\/\/salonkosmetyczny-niemcza.pl\/#\/schema\/logo\/image\/\",\"url\":\"https:\/\/salonkosmetyczny-niemcza.pl\/wp-content\/uploads\/2023\/02\/cropped-ewakowal.png\",\"contentUrl\":\"https:\/\/salonkosmetyczny-niemcza.pl\/wp-content\/uploads\/2023\/02\/cropped-ewakowal.png\",\"width\":189,\"height\":150,\"caption\":\"Ewa Kowal\"},\"image\":{\"@id\":\"https:\/\/salonkosmetyczny-niemcza.pl\/#\/schema\/logo\/image\/\"}}]}<\/script>\n<!-- \/ Yoast SEO plugin. -->","yoast_head_json":{"title":"Redermalizacja - Bursztynian Sodu - Ewa Kowal","robots":{"index":"index","follow":"follow","max-snippet":"max-snippet:-1","max-image-preview":"max-image-preview:large","max-video-preview":"max-video-preview:-1"},"canonical":"https:\/\/salonkosmetyczny-niemcza.pl\/?page_id=382","og_locale":"pl_PL","og_type":"article","og_title":"Redermalizacja - Bursztynian Sodu - Ewa Kowal","og_url":"https:\/\/salonkosmetyczny-niemcza.pl\/?page_id=382","og_site_name":"Ewa Kowal","article_modified_time":"2024-05-08T20:12:54+00:00","og_image":[{"width":2048,"height":1543,"url":"https:\/\/salonkosmetyczny-niemcza.pl\/wp-content\/uploads\/2020\/12\/116901703_3975639692451770_6088099663592746675_o.jpg","type":"image\/jpeg"}],"twitter_card":"summary_large_image","twitter_misc":{"Szacowany czas czytania":"2 minuty"},"schema":{"@context":"https:\/\/schema.org","@graph":[{"@type":"WebPage","@id":"https:\/\/salonkosmetyczny-niemcza.pl\/?page_id=382","url":"https:\/\/salonkosmetyczny-niemcza.pl\/?page_id=382","name":"Redermalizacja - Bursztynian Sodu - Ewa Kowal","isPartOf":{"@id":"https:\/\/salonkosmetyczny-niemcza.pl\/#website"},"primaryImageOfPage":{"@id":"https:\/\/salonkosmetyczny-niemcza.pl\/?page_id=382#primaryimage"},"image":{"@id":"https:\/\/salonkosmetyczny-niemcza.pl\/?page_id=382#primaryimage"},"thumbnailUrl":"https:\/\/salonkosmetyczny-niemcza.pl\/wp-content\/uploads\/2020\/12\/116901703_3975639692451770_6088099663592746675_o.jpg","datePublished":"2020-12-02T09:48:49+00:00","dateModified":"2024-05-08T20:12:54+00:00","breadcrumb":{"@id":"https:\/\/salonkosmetyczny-niemcza.pl\/?page_id=382#breadcrumb"},"inLanguage":"pl-PL","potentialAction":[{"@type":"ReadAction","target":["https:\/\/salonkosmetyczny-niemcza.pl\/?page_id=382"]}]},{"@type":"ImageObject","inLanguage":"pl-PL","@id":"https:\/\/salonkosmetyczny-niemcza.pl\/?page_id=382#primaryimage","url":"https:\/\/salonkosmetyczny-niemcza.pl\/wp-content\/uploads\/2020\/12\/116901703_3975639692451770_6088099663592746675_o.jpg","contentUrl":"https:\/\/salonkosmetyczny-niemcza.pl\/wp-content\/uploads\/2020\/12\/116901703_3975639692451770_6088099663592746675_o.jpg","width":2048,"height":1543},{"@type":"BreadcrumbList","@id":"https:\/\/salonkosmetyczny-niemcza.pl\/?page_id=382#breadcrumb","itemListElement":[{"@type":"ListItem","position":1,"name":"Strona g\u0142\u00f3wna","item":"https:\/\/salonkosmetyczny-niemcza.pl\/"},{"@type":"ListItem","position":2,"name":"Redermalizacja &#8211; Bursztynian Sodu"}]},{"@type":"WebSite","@id":"https:\/\/salonkosmetyczny-niemcza.pl\/#website","url":"https:\/\/salonkosmetyczny-niemcza.pl\/","name":"Ewa Kowal","description":"Gabinet Kosmetyczny","publisher":{"@id":"https:\/\/salonkosmetyczny-niemcza.pl\/#organization"},"potentialAction":[{"@type":"SearchAction","target":{"@type":"EntryPoint","urlTemplate":"https:\/\/salonkosmetyczny-niemcza.pl\/?s={search_term_string}"},"query-input":{"@type":"PropertyValueSpecification","valueRequired":true,"valueName":"search_term_string"}}],"inLanguage":"pl-PL"},{"@type":"Organization","@id":"https:\/\/salonkosmetyczny-niemcza.pl\/#organization","name":"Ewa Kowal","url":"https:\/\/salonkosmetyczny-niemcza.pl\/","logo":{"@type":"ImageObject","inLanguage":"pl-PL","@id":"https:\/\/salonkosmetyczny-niemcza.pl\/#\/schema\/logo\/image\/","url":"https:\/\/salonkosmetyczny-niemcza.pl\/wp-content\/uploads\/2023\/02\/cropped-ewakowal.png","contentUrl":"https:\/\/salonkosmetyczny-niemcza.pl\/wp-content\/uploads\/2023\/02\/cropped-ewakowal.png","width":189,"height":150,"caption":"Ewa Kowal"},"image":{"@id":"https:\/\/salonkosmetyczny-niemcza.pl\/#\/schema\/logo\/image\/"}}]}},"_links":{"self":[{"href":"https:\/\/salonkosmetyczny-niemcza.pl\/index.php?rest_route=\/wp\/v2\/pages\/382","targetHints":{"allow":["GET"]}}],"collection":[{"href":"https:\/\/salonkosmetyczny-niemcza.pl\/index.php?rest_route=\/wp\/v2\/pages"}],"about":[{"href":"https:\/\/salonkosmetyczny-niemcza.pl\/index.php?rest_route=\/wp\/v2\/types\/page"}],"author":[{"embeddable":true,"href":"https:\/\/salonkosmetyczny-niemcza.pl\/index.php?rest_route=\/wp\/v2\/users\/1"}],"replies":[{"embeddable":true,"href":"https:\/\/salonkosmetyczny-niemcza.pl\/index.php?rest_route=%2Fwp%2Fv2%2Fcomments&post=382"}],"version-history":[{"count":6,"href":"https:\/\/salonkosmetyczny-niemcza.pl\/index.php?rest_route=\/wp\/v2\/pages\/382\/revisions"}],"predecessor-version":[{"id":1288,"href":"https:\/\/salonkosmetyczny-niemcza.pl\/index.php?rest_route=\/wp\/v2\/pages\/382\/revisions\/1288"}],"wp:featuredmedia":[{"embeddable":true,"href":"https:\/\/salonkosmetyczny-niemcza.pl\/index.php?rest_route=\/wp\/v2\/media\/383"}],"wp:attachment":[{"href":"https:\/\/salonkosmetyczny-niemcza.pl\/index.php?rest_route=%2Fwp%2Fv2%2Fmedia&parent=382"}],"curies":[{"name":"wp","href":"https:\/\/api.w.org\/{rel}","templated":true}]}}