{"id":377,"date":"2020-12-02T10:15:51","date_gmt":"2020-12-02T09:15:51","guid":{"rendered":"https:\/\/serwer1331410.home.pl\/home\/salonkosea\/www\/?page_id=377"},"modified":"2024-02-29T21:44:05","modified_gmt":"2024-02-29T20:44:05","slug":"biorepeelcl3","status":"publish","type":"page","link":"https:\/\/salonkosmetyczny-niemcza.pl\/?page_id=377","title":{"rendered":"BioRePeelCl3"},"content":{"rendered":"\t\t<div data-elementor-type=\"wp-page\" data-elementor-id=\"377\" class=\"elementor elementor-377\">\n\t\t\t\t\t\t<section class=\"elementor-section elementor-top-section elementor-element elementor-element-555dc6e8 elementor-section-boxed elementor-section-height-default elementor-section-height-default wpr-particle-no wpr-jarallax-no wpr-parallax-no wpr-sticky-section-no\" data-id=\"555dc6e8\" data-element_type=\"section\">\n\t\t\t\t\t\t<div class=\"elementor-container elementor-column-gap-default\">\n\t\t\t\t\t<div class=\"elementor-column elementor-col-100 elementor-top-column elementor-element elementor-element-a0a4168\" data-id=\"a0a4168\" data-element_type=\"column\">\n\t\t\t<div class=\"elementor-widget-wrap elementor-element-populated\">\n\t\t\t\t\t\t<div class=\"elementor-element elementor-element-d4fae56 elementor-widget elementor-widget-text-editor\" data-id=\"d4fae56\" data-element_type=\"widget\" data-widget_type=\"text-editor.default\">\n\t\t\t\t<div class=\"elementor-widget-container\">\n\t\t\t\t\t\t\t\t\t\n<div class=\"wp-block-atomic-blocks-ab-columns ab-layout-service-4 ab-layout-columns-1 ab-1-col-equal ab-columns-center alignfull\" style=\"padding-top:15%;padding-right:5%;padding-bottom:15%;padding-left:5%\"><div class=\"ab-layout-column-wrap ab-block-layout-column-gap-6 ab-is-responsive-column\" style=\"max-width:1200px\">\n<div class=\"wp-block-atomic-blocks-ab-column ab-block-layout-column\"><div class=\"ab-block-layout-column-inner\">\n<h2 class=\"wp-block-heading\"><strong>Seria zabieg\u00f3w wykorzystuj\u0105cych innowacyjny, dwufazowy wyr\u00f3b medyczny BioRePeelCl3 od Sirona Aesthetics!<\/strong><\/h2>\n\n\n\n<p style=\"font-size:22px\">Ta nieinwazyjna i bezbolesna kuracja daje wspania\u0142e rezultaty, zapewniaj\u0105c dzia\u0142anie biostymuluj\u0105ce, rewitalizuj\u0105ce i peelinguj\u0105ce:<\/p>\n\n\n\n<ul class=\"wp-block-list\"><li>sp\u0142yca zmarszczki,<\/li><li>usuwa przebarwienia,<\/li><li>rewitalizuje,<\/li><li>wyr\u00f3wnuje koloryt,<\/li><li>przywraca napi\u0119cie i elastyczno\u015b\u0107 sk\u00f3ry.<\/li><\/ul>\n\n\n\n<div style=\"color:#ddd\" class=\"wp-block-atomic-blocks-ab-spacer ab-block-spacer ab-divider-solid ab-spacer-divider ab-divider-size-1\"><hr style=\"height:30px\"\/><\/div>\n\n\n\n<h3 class=\"wp-block-heading\">Sk\u0142ad<\/h3>\n\n\n\n<p>W sk\u0142adzie preparatu znajdziemy m.in. witaminy:<\/p>\n\n\n\n<ul class=\"wp-block-list\"><li>WITAMINA C &#8211; chroni przed reaktywnymi formami tlenu, kt\u00f3re s\u0105 czynnikami stresu oksydacyjnego i regeneruje cz\u0105steczki przeciwutleniaczy,<\/li><li>WITAMINA B2 &#8211; \u015brodek liftinguj\u0105cy niezb\u0119dny do normalnego tropizmu sk\u00f3ry, bierze udzia\u0142 w ogromnej liczbie reakcji metabolicznych,<\/li><li>GABA (kwas aminomas\u0142owy) wspomagaj\u0105cy syntez\u0119 kolagenu dzi\u0119ki hamowaniu sk\u00f3rnych metaloproteinaz (MMP),<\/li><li>TCA Kwas tr\u00f3jchlorooctowy,<\/li><li>Polihydroksykwasy: kwas laktobionowy,<\/li><li>Beta-hydroksykwasy: kwas salicylowy,<\/li><li>Alfa-hydroksykwasy: kwas winowy, kwas cytrynowy,<\/li><li>Aminokwasy: <ul><li>glicyna &#8211; ma w\u0142a\u015bciwo\u015bci nawil\u017caj\u0105ce, przeciwutleniaj\u0105ce i regeneruj\u0105ce,<\/li><li>prolina &#8211; pomocny w pracy ze sk\u00f3r\u0105 starzej\u0105c\u0105 si\u0119 ze wzgl\u0119du na swoje uelastyczniaj\u0105ce w\u0142a\u015bciwo\u015bci,<\/li><li>hydroksyprolina &#8211; zwi\u0119ksza i wspomaga syntez\u0119 ceramid\u00f3w, aktywuj\u0105c m.in. produkcj\u0119 kolagenu przez fibroblasty,<\/li><li>arginina &#8211; wspomaga angiogenez\u0119, sk\u00f3rn\u0105 resekcj\u0119 i produkcj\u0119 czynnik\u00f3w zrostu tkanek.<\/li><\/ul><\/li><\/ul>\n\n\n\n<figure class=\"wp-block-pullquote is-style-default\"><blockquote class=\"has-text-color has-vivid-red-color\"><p><strong>Innowacyjna DWUFAZOWA technologia:<\/strong><\/p><p><em>lipofilowa faza niebieska na hydrofilowej fazie \u017c\u00f3\u0142tej<\/em><\/p><\/blockquote><\/figure>\n\n\n\n<h3 class=\"wp-block-heading\">Jak to dzia\u0142a?<\/h3>\n\n\n\n<p><strong>Faza lipofilowa<\/strong> os\u0142ania faz\u0119 hydrofilow\u0105, chroni sk\u0142adniki aktywne i zapobiega utlenianiu kwasu tr\u00f3jchlorooctowego. Zmniejsza transepidermaln\u0105 utrat\u0119 wody i wspomaga transport innych substancji, przywraca i utrzymuje sk\u00f3rn\u0105 warstw\u0119 hydro-lipidow\u0105, zwi\u0119ksza nawodnienie poprzez mechanizm bezpo\u015bredni\u00a0i po\u015bredni. <\/p>\n\n\n\n<ul class=\"wp-block-list\"><li><strong>DZIA\u0141ANIE STABILIZUJ\u0104CE I OCHRONNE<\/strong><ul><li>Zapobiega utlenianiu kwasu tr\u00f3jchlorooctowego i stabilizuje formulacj\u0119, oddzielaj\u0105c faz\u0119 wodn\u0105 od powietrza wewn\u0105trz ampu\u0142ki.<\/li><\/ul><\/li><li><strong>DZIA\u0141ANIE ZMNIEJSZAJ\u0104CE TEWL<\/strong><ul><li>Zmniejsza transepidermaln\u0105 utrat\u0119 wody i wspomaga transport innych substancji.<\/li><\/ul><\/li><li><strong>DZIA\u0141ANIE REGENERACYJNE<\/strong><ul><li>Przywraca i utrzymuje film hydro-lipidowy.<\/li><\/ul><\/li><li><strong>DZIA\u0141ANIE NAWIL\u017bAJ\u0104CE<\/strong><ul><li>Zwi\u0119ksza nawodnienie poprzez mechanizmy bezpo\u015brednie i po\u015brednie.<\/li><\/ul><\/li><\/ul>\n\n\n\n<p><strong>Faza hydrofilowa<\/strong>\u00a0pobudza aktywno\u015b\u0107 fibroblast\u00f3w i aktywuje procesy proliferacji i biosyntezy sk\u00f3ry, zwi\u0119ksza regeneracj\u0119\u00a0 kom\u00f3rek i produkcj\u0119 kolagenu, elastyny oraz kwasu hialuronowego, usuwa zewn\u0119trzne kom\u00f3rki warstwy rogowej, zmniejsza drobne zmarszczki poprzez redukcj\u0119 wolnych rodnik\u00f3w, pomaga walczy\u0107 z tr\u0105dzikiem, eliminuje zask\u00f3rniki i dzia\u0142a \u015bci\u0105gaj\u0105co na powi\u0119kszone pory.<\/p>\n\n\n\n<ul class=\"wp-block-list\"><li><strong>DZIA\u0141ANIE BIOSTYMULUJ\u0104CE<\/strong><ul><li>Pobudza aktywno\u015b\u0107 fibroblast\u00f3w i aktywuje procesy proliferacji i biosyntezy sk\u00f3ry.<\/li><\/ul><\/li><li><strong>DZIA\u0141ANIE REWITALIZUJ\u0104CE<\/strong><ul><li>Zwi\u0119ksza regeneracj\u0119\u00a0 kom\u00f3rek i produkcj\u0119 kolagenu, elastyny oraz kwasu hialuronowego.<\/li><\/ul><\/li><li><strong><strong>DZIA\u0141ANIE KERATOLITYCZNE I PEELINGUJ\u0104CE<\/strong><\/strong><ul><li>Usuwa zewn\u0119trzne kom\u00f3rki warstwy rogowej poprzez niszczenie wi\u0105za\u0144 korneocyt\u00f3w. Dzia\u0142anie to wspomaga penetracj\u0119 innych aktywnych substancji.<\/li><\/ul><\/li><li><strong><strong>DZIA\u0141ANIE PRZECIWSTARZENIOWE I ANTYOKSYDACYJNE<\/strong><\/strong><ul><li>Zmniejsza drobne zmarszczki poprzez redukcj\u0119 wolnych rodnik\u00f3w.<\/li><\/ul><\/li><li><strong><strong>DZIA\u0141ANIE PRZECIWTR\u0104DZIKOWE I ZMNIEJSZAJ\u0104CE PORY<\/strong><\/strong><ul><li>Pomaga walczy\u0107 z tr\u0105dzikiem, eliminuje zask\u00f3rniki i dzia\u0142a \u015bci\u0105gaj\u0105co na powi\u0119kszone pory.<\/li><\/ul><\/li><\/ul>\n\n\n\n<h3 class=\"wp-block-heading\">Zalety zabieg\u00f3w z wykorzystaniem preparatu <strong>BioRePeelCl3<\/strong><\/h3>\n\n\n\n<ul class=\"wp-block-list\"><li><strong>BEZ WSTRZYKIWANIA<\/strong><\/li><li><strong>BEZ EFEKTU ZMRO\u017bENIA<\/strong><\/li><li><strong>SZYBKI\u00a0<\/strong><\/li><li><strong>BEZBOLESNY<\/strong><\/li><li><strong>DZIA\u0141A NA WIELU P\u0141ASZCZYZNACH<\/strong><\/li><li><strong>DAJE NATYCHMIASTOWY EFEKT<\/strong><\/li><li><strong>BEZ BLIZN PO ZABIEGU<\/strong> <\/li><li><strong>BRAK CIEMNIENIA OKSYDACYJNEGO<\/strong><\/li><li><strong>DO CA\u0141EGO CIA\u0141A<\/strong><\/li><li><strong>DLA OS\u00d3B W KA\u017bDYM WIEKU<\/strong><\/li><li><strong>DO STOSOWANIA PRZEZ\u00a0 CA\u0141Y ROK<\/strong><\/li><li><strong>NIE UWRA\u017bLIWIA NA \u015aWIAT\u0141O<\/strong><\/li><li><strong>NIE ZAWIERA AMONIAKU<\/strong><\/li><\/ul>\n\n\n\n<h2 class=\"has-text-align-center wp-block-heading\"><strong><span class=\"has-inline-color has-vivid-red-color\">Zainteresowana jesienn\u0105 regeneracj\u0105 sk\u00f3ry? Wypr\u00f3buj!<\/span><\/strong><\/h2>\n\n\n\n<p>Nieinwazyjna i bezbolesna seria zabieg\u00f3w wykorzystuj\u0105cych innowacyjny, dwufazowy wyr\u00f3b medyczny BioRePeelCl3 od <a href=\"https:\/\/www.facebook.com\/sironaaesthetics\/?__cft__[0]=AZXT-wKTpQg6MEE_cdVA6xwtGG4Q8Lk8cU3Lle1i5he5DS-WiB5RCfowzcye42eMlbMtsAO4GtUBIg7LapzgzlBUNrs62Ta9ExFsFXM5BpZGqoZZdZilep5q-hJQ5BwmfQExuINj9JLk6eWodt_PhOio17ik068-lPBB7b1A52zpIEuS_JPZl_D7whXTfE2oPpc&amp;__tn__=kK-R\">Sirona Aesthetics<\/a> ju\u017c dost\u0119pny w naszym Gabinecie.<\/p>\n\n\n\n<div style=\"text-align:center\" class=\"wp-block-atomic-blocks-ab-cta ab-block-cta\"><div class=\"ab-cta-content\"><h2 class=\"ab-cta-title ab-font-size-32\" style=\"color:#32373c\">Zadzwo\u0144 i um\u00f3w wizyt\u0119<\/h2><div class=\"ab-cta-text ab-font-size-32\" style=\"color:#32373c\"><\/div><\/div><div class=\"ab-cta-button\"><a href=\"http:\/\/salonkosmetyczny-niemcza.pl\/kontakt\/\" target=\"_self\" rel=\"noopener noreferrer\" class=\"ab-button ab-button-shape-rounded ab-button-size-medium\" style=\"color:#ffffff;background-color:#3373dc\">606 976 468<\/a><\/div><\/div>\n\n\n\n<div style=\"color:#ddd\" class=\"wp-block-atomic-blocks-ab-spacer ab-block-spacer ab-divider-solid ab-spacer-divider ab-divider-size-1\"><hr style=\"height:97px\"\/><\/div>\n\n\n\n<div class=\"wp-block-image\"><figure class=\"aligncenter size-large is-resized\"><img fetchpriority=\"high\" decoding=\"async\" src=\"https:\/\/serwer1331410.home.pl\/home\/salonkosea\/www\/wp-content\/uploads\/2020\/12\/121508182_4195261973822873_7894091215976927600_n.jpg\" alt=\"\" class=\"wp-image-470\" width=\"473\" height=\"377\"\/><\/figure><\/div>\n\n\n\n<p><br><\/p>\n<\/div><\/div>\n<\/div><\/div>\n\t\t\t\t\t\t\t\t<\/div>\n\t\t\t\t<\/div>\n\t\t\t\t\t<\/div>\n\t\t<\/div>\n\t\t\t\t\t<\/div>\n\t\t<\/section>\n\t\t\t\t<\/div>\n\t\t","protected":false},"excerpt":{"rendered":"","protected":false},"author":1,"featured_media":1225,"parent":0,"menu_order":0,"comment_status":"closed","ping_status":"closed","template":"","meta":{"footnotes":""},"class_list":["post-377","page","type-page","status-publish","has-post-thumbnail","hentry"],"yoast_head":"<!-- This site is optimized with the Yoast SEO plugin v25.6 - https:\/\/yoast.com\/wordpress\/plugins\/seo\/ -->\n<title>BioRePeelCl3 - Ewa Kowal<\/title>\n<meta name=\"robots\" content=\"index, follow, max-snippet:-1, max-image-preview:large, max-video-preview:-1\" \/>\n<link rel=\"canonical\" href=\"http:\/\/salonkosmetyczny-niemcza.pl\/?page_id=377\" \/>\n<meta property=\"og:locale\" content=\"pl_PL\" \/>\n<meta property=\"og:type\" content=\"article\" \/>\n<meta property=\"og:title\" content=\"BioRePeelCl3 - Ewa Kowal\" \/>\n<meta property=\"og:url\" content=\"http:\/\/salonkosmetyczny-niemcza.pl\/?page_id=377\" \/>\n<meta property=\"og:site_name\" content=\"Ewa Kowal\" \/>\n<meta property=\"article:modified_time\" content=\"2024-02-29T20:44:05+00:00\" \/>\n<meta property=\"og:image\" content=\"http:\/\/salonkosmetyczny-niemcza.pl\/wp-content\/uploads\/2024\/02\/woman-is-lying-cosmetologist-s-office-procedure-moisturizing-her-face-cosmetologist-applies-moisturizing-mask-patient-s-face-scaled.jpg\" \/>\n\t<meta property=\"og:image:width\" content=\"2560\" \/>\n\t<meta property=\"og:image:height\" content=\"1707\" \/>\n\t<meta property=\"og:image:type\" content=\"image\/jpeg\" \/>\n<meta name=\"twitter:card\" content=\"summary_large_image\" \/>\n<meta name=\"twitter:label1\" content=\"Szacowany czas czytania\" \/>\n\t<meta name=\"twitter:data1\" content=\"3 minuty\" \/>\n<script type=\"application\/ld+json\" class=\"yoast-schema-graph\">{\"@context\":\"https:\/\/schema.org\",\"@graph\":[{\"@type\":\"WebPage\",\"@id\":\"http:\/\/salonkosmetyczny-niemcza.pl\/?page_id=377\",\"url\":\"http:\/\/salonkosmetyczny-niemcza.pl\/?page_id=377\",\"name\":\"BioRePeelCl3 - Ewa Kowal\",\"isPartOf\":{\"@id\":\"http:\/\/salonkosmetyczny-niemcza.pl\/#website\"},\"primaryImageOfPage\":{\"@id\":\"http:\/\/salonkosmetyczny-niemcza.pl\/?page_id=377#primaryimage\"},\"image\":{\"@id\":\"http:\/\/salonkosmetyczny-niemcza.pl\/?page_id=377#primaryimage\"},\"thumbnailUrl\":\"https:\/\/salonkosmetyczny-niemcza.pl\/wp-content\/uploads\/2024\/02\/woman-is-lying-cosmetologist-s-office-procedure-moisturizing-her-face-cosmetologist-applies-moisturizing-mask-patient-s-face-scaled.jpg\",\"datePublished\":\"2020-12-02T09:15:51+00:00\",\"dateModified\":\"2024-02-29T20:44:05+00:00\",\"breadcrumb\":{\"@id\":\"http:\/\/salonkosmetyczny-niemcza.pl\/?page_id=377#breadcrumb\"},\"inLanguage\":\"pl-PL\",\"potentialAction\":[{\"@type\":\"ReadAction\",\"target\":[\"http:\/\/salonkosmetyczny-niemcza.pl\/?page_id=377\"]}]},{\"@type\":\"ImageObject\",\"inLanguage\":\"pl-PL\",\"@id\":\"http:\/\/salonkosmetyczny-niemcza.pl\/?page_id=377#primaryimage\",\"url\":\"https:\/\/salonkosmetyczny-niemcza.pl\/wp-content\/uploads\/2024\/02\/woman-is-lying-cosmetologist-s-office-procedure-moisturizing-her-face-cosmetologist-applies-moisturizing-mask-patient-s-face-scaled.jpg\",\"contentUrl\":\"https:\/\/salonkosmetyczny-niemcza.pl\/wp-content\/uploads\/2024\/02\/woman-is-lying-cosmetologist-s-office-procedure-moisturizing-her-face-cosmetologist-applies-moisturizing-mask-patient-s-face-scaled.jpg\",\"width\":2560,\"height\":1707,\"caption\":\"woman is lying in the cosmetologist s office on the procedure of moisturizing her face. The cosmetologist applies a moisturizing mask to the patient's face.\"},{\"@type\":\"BreadcrumbList\",\"@id\":\"http:\/\/salonkosmetyczny-niemcza.pl\/?page_id=377#breadcrumb\",\"itemListElement\":[{\"@type\":\"ListItem\",\"position\":1,\"name\":\"Strona g\u0142\u00f3wna\",\"item\":\"http:\/\/salonkosmetyczny-niemcza.pl\/\"},{\"@type\":\"ListItem\",\"position\":2,\"name\":\"BioRePeelCl3\"}]},{\"@type\":\"WebSite\",\"@id\":\"http:\/\/salonkosmetyczny-niemcza.pl\/#website\",\"url\":\"http:\/\/salonkosmetyczny-niemcza.pl\/\",\"name\":\"Ewa Kowal\",\"description\":\"Gabinet Kosmetyczny\",\"publisher\":{\"@id\":\"http:\/\/salonkosmetyczny-niemcza.pl\/#organization\"},\"potentialAction\":[{\"@type\":\"SearchAction\",\"target\":{\"@type\":\"EntryPoint\",\"urlTemplate\":\"http:\/\/salonkosmetyczny-niemcza.pl\/?s={search_term_string}\"},\"query-input\":{\"@type\":\"PropertyValueSpecification\",\"valueRequired\":true,\"valueName\":\"search_term_string\"}}],\"inLanguage\":\"pl-PL\"},{\"@type\":\"Organization\",\"@id\":\"http:\/\/salonkosmetyczny-niemcza.pl\/#organization\",\"name\":\"Ewa Kowal\",\"url\":\"http:\/\/salonkosmetyczny-niemcza.pl\/\",\"logo\":{\"@type\":\"ImageObject\",\"inLanguage\":\"pl-PL\",\"@id\":\"http:\/\/salonkosmetyczny-niemcza.pl\/#\/schema\/logo\/image\/\",\"url\":\"https:\/\/salonkosmetyczny-niemcza.pl\/wp-content\/uploads\/2023\/02\/cropped-ewakowal.png\",\"contentUrl\":\"https:\/\/salonkosmetyczny-niemcza.pl\/wp-content\/uploads\/2023\/02\/cropped-ewakowal.png\",\"width\":189,\"height\":150,\"caption\":\"Ewa Kowal\"},\"image\":{\"@id\":\"http:\/\/salonkosmetyczny-niemcza.pl\/#\/schema\/logo\/image\/\"}}]}<\/script>\n<!-- \/ Yoast SEO plugin. -->","yoast_head_json":{"title":"BioRePeelCl3 - Ewa Kowal","robots":{"index":"index","follow":"follow","max-snippet":"max-snippet:-1","max-image-preview":"max-image-preview:large","max-video-preview":"max-video-preview:-1"},"canonical":"http:\/\/salonkosmetyczny-niemcza.pl\/?page_id=377","og_locale":"pl_PL","og_type":"article","og_title":"BioRePeelCl3 - Ewa Kowal","og_url":"http:\/\/salonkosmetyczny-niemcza.pl\/?page_id=377","og_site_name":"Ewa Kowal","article_modified_time":"2024-02-29T20:44:05+00:00","og_image":[{"width":2560,"height":1707,"url":"http:\/\/salonkosmetyczny-niemcza.pl\/wp-content\/uploads\/2024\/02\/woman-is-lying-cosmetologist-s-office-procedure-moisturizing-her-face-cosmetologist-applies-moisturizing-mask-patient-s-face-scaled.jpg","type":"image\/jpeg"}],"twitter_card":"summary_large_image","twitter_misc":{"Szacowany czas czytania":"3 minuty"},"schema":{"@context":"https:\/\/schema.org","@graph":[{"@type":"WebPage","@id":"http:\/\/salonkosmetyczny-niemcza.pl\/?page_id=377","url":"http:\/\/salonkosmetyczny-niemcza.pl\/?page_id=377","name":"BioRePeelCl3 - Ewa Kowal","isPartOf":{"@id":"http:\/\/salonkosmetyczny-niemcza.pl\/#website"},"primaryImageOfPage":{"@id":"http:\/\/salonkosmetyczny-niemcza.pl\/?page_id=377#primaryimage"},"image":{"@id":"http:\/\/salonkosmetyczny-niemcza.pl\/?page_id=377#primaryimage"},"thumbnailUrl":"https:\/\/salonkosmetyczny-niemcza.pl\/wp-content\/uploads\/2024\/02\/woman-is-lying-cosmetologist-s-office-procedure-moisturizing-her-face-cosmetologist-applies-moisturizing-mask-patient-s-face-scaled.jpg","datePublished":"2020-12-02T09:15:51+00:00","dateModified":"2024-02-29T20:44:05+00:00","breadcrumb":{"@id":"http:\/\/salonkosmetyczny-niemcza.pl\/?page_id=377#breadcrumb"},"inLanguage":"pl-PL","potentialAction":[{"@type":"ReadAction","target":["http:\/\/salonkosmetyczny-niemcza.pl\/?page_id=377"]}]},{"@type":"ImageObject","inLanguage":"pl-PL","@id":"http:\/\/salonkosmetyczny-niemcza.pl\/?page_id=377#primaryimage","url":"https:\/\/salonkosmetyczny-niemcza.pl\/wp-content\/uploads\/2024\/02\/woman-is-lying-cosmetologist-s-office-procedure-moisturizing-her-face-cosmetologist-applies-moisturizing-mask-patient-s-face-scaled.jpg","contentUrl":"https:\/\/salonkosmetyczny-niemcza.pl\/wp-content\/uploads\/2024\/02\/woman-is-lying-cosmetologist-s-office-procedure-moisturizing-her-face-cosmetologist-applies-moisturizing-mask-patient-s-face-scaled.jpg","width":2560,"height":1707,"caption":"woman is lying in the cosmetologist s office on the procedure of moisturizing her face. The cosmetologist applies a moisturizing mask to the patient's face."},{"@type":"BreadcrumbList","@id":"http:\/\/salonkosmetyczny-niemcza.pl\/?page_id=377#breadcrumb","itemListElement":[{"@type":"ListItem","position":1,"name":"Strona g\u0142\u00f3wna","item":"http:\/\/salonkosmetyczny-niemcza.pl\/"},{"@type":"ListItem","position":2,"name":"BioRePeelCl3"}]},{"@type":"WebSite","@id":"http:\/\/salonkosmetyczny-niemcza.pl\/#website","url":"http:\/\/salonkosmetyczny-niemcza.pl\/","name":"Ewa Kowal","description":"Gabinet Kosmetyczny","publisher":{"@id":"http:\/\/salonkosmetyczny-niemcza.pl\/#organization"},"potentialAction":[{"@type":"SearchAction","target":{"@type":"EntryPoint","urlTemplate":"http:\/\/salonkosmetyczny-niemcza.pl\/?s={search_term_string}"},"query-input":{"@type":"PropertyValueSpecification","valueRequired":true,"valueName":"search_term_string"}}],"inLanguage":"pl-PL"},{"@type":"Organization","@id":"http:\/\/salonkosmetyczny-niemcza.pl\/#organization","name":"Ewa Kowal","url":"http:\/\/salonkosmetyczny-niemcza.pl\/","logo":{"@type":"ImageObject","inLanguage":"pl-PL","@id":"http:\/\/salonkosmetyczny-niemcza.pl\/#\/schema\/logo\/image\/","url":"https:\/\/salonkosmetyczny-niemcza.pl\/wp-content\/uploads\/2023\/02\/cropped-ewakowal.png","contentUrl":"https:\/\/salonkosmetyczny-niemcza.pl\/wp-content\/uploads\/2023\/02\/cropped-ewakowal.png","width":189,"height":150,"caption":"Ewa Kowal"},"image":{"@id":"http:\/\/salonkosmetyczny-niemcza.pl\/#\/schema\/logo\/image\/"}}]}},"_links":{"self":[{"href":"https:\/\/salonkosmetyczny-niemcza.pl\/index.php?rest_route=\/wp\/v2\/pages\/377","targetHints":{"allow":["GET"]}}],"collection":[{"href":"https:\/\/salonkosmetyczny-niemcza.pl\/index.php?rest_route=\/wp\/v2\/pages"}],"about":[{"href":"https:\/\/salonkosmetyczny-niemcza.pl\/index.php?rest_route=\/wp\/v2\/types\/page"}],"author":[{"embeddable":true,"href":"https:\/\/salonkosmetyczny-niemcza.pl\/index.php?rest_route=\/wp\/v2\/users\/1"}],"replies":[{"embeddable":true,"href":"https:\/\/salonkosmetyczny-niemcza.pl\/index.php?rest_route=%2Fwp%2Fv2%2Fcomments&post=377"}],"version-history":[{"count":6,"href":"https:\/\/salonkosmetyczny-niemcza.pl\/index.php?rest_route=\/wp\/v2\/pages\/377\/revisions"}],"predecessor-version":[{"id":1235,"href":"https:\/\/salonkosmetyczny-niemcza.pl\/index.php?rest_route=\/wp\/v2\/pages\/377\/revisions\/1235"}],"wp:featuredmedia":[{"embeddable":true,"href":"https:\/\/salonkosmetyczny-niemcza.pl\/index.php?rest_route=\/wp\/v2\/media\/1225"}],"wp:attachment":[{"href":"https:\/\/salonkosmetyczny-niemcza.pl\/index.php?rest_route=%2Fwp%2Fv2%2Fmedia&parent=377"}],"curies":[{"name":"wp","href":"https:\/\/api.w.org\/{rel}","templated":true}]}}