{"id":375,"date":"2019-11-15T13:56:57","date_gmt":"2019-11-15T12:56:57","guid":{"rendered":"https:\/\/serwer1331410.home.pl\/home\/salonkosea\/www\/?page_id=375"},"modified":"2024-05-08T21:52:26","modified_gmt":"2024-05-08T19:52:26","slug":"symulatory-tkankowe-przebudowa-skory","status":"publish","type":"page","link":"https:\/\/salonkosmetyczny-niemcza.pl\/?page_id=375","title":{"rendered":"Stymulatory tkankowe"},"content":{"rendered":"\t\t<div data-elementor-type=\"wp-page\" data-elementor-id=\"375\" class=\"elementor elementor-375\">\n\t\t\t\t\t\t<section class=\"elementor-section elementor-top-section elementor-element elementor-element-b767c45 elementor-section-boxed elementor-section-height-default elementor-section-height-default wpr-particle-no wpr-jarallax-no wpr-parallax-no wpr-sticky-section-no\" data-id=\"b767c45\" data-element_type=\"section\">\n\t\t\t\t\t\t<div class=\"elementor-container elementor-column-gap-default\">\n\t\t\t\t\t<div class=\"elementor-column elementor-col-100 elementor-top-column elementor-element elementor-element-197bf700\" data-id=\"197bf700\" data-element_type=\"column\">\n\t\t\t<div class=\"elementor-widget-wrap elementor-element-populated\">\n\t\t\t\t\t\t<div class=\"elementor-element elementor-element-07cd5fc elementor-widget elementor-widget-text-editor\" data-id=\"07cd5fc\" data-element_type=\"widget\" data-widget_type=\"text-editor.default\">\n\t\t\t\t<div class=\"elementor-widget-container\">\n\t\t\t\t\t\t\t\t\t<h4>Rewolucja w Zwalczaniu Proces\u00f3w Starzenia Sk\u00f3ry<\/h4><h5>Wprowadzenie<\/h5><p>Starzenie si\u0119 sk\u00f3ry jest wielopoziomowym procesem, kt\u00f3ry towarzyszy cz\u0142owiekowi przez ca\u0142e \u017cycie. W dzisiejszych czasach mo\u017cemy aktywnie wp\u0142ywa\u0107 na procesy starzenia wewn\u0105trzpochodnego jak i zewn\u0105trzpochodnego. Rynek zabieg\u00f3w estetycznych stale ewoluuje, prezentuj\u0105c innowacyjne technologie i preparaty. W\u015br\u00f3d nich, stymulatory tkankowe zdobywaj\u0105 popularno\u015b\u0107 jako skuteczne rozwi\u0105zanie w walce z oznakami starzenia.<\/p><h5>Dzia\u0142anie Stymulator\u00f3w Tkankowych<\/h5><p>Zabiegi z wykorzystaniem stymulator\u00f3w tkankowych s\u0105 obecnie jednymi z najpopularniejszych w dziedzinie kosmetologii. Dzi\u0119ki aktywnym sk\u0142adnikom tych preparat\u00f3w, stymuluje si\u0119 procesy naprawcze, aktywuje si\u0119 syntez\u0119 kolagenu i elastyny poprzez pobudzenie receptor\u00f3w w fibroblastach zar\u00f3wno w sk\u00f3rze jak i powi\u0119ziach i wi\u0119zad\u0142ach.<\/p><h5>Korzy\u015bci Zabieg\u00f3w<\/h5><p>Efekty stymulator\u00f3w tkankowych obejmuj\u0105 popraw\u0119 jako\u015bci sk\u00f3ry, zwi\u0119kszenie g\u0119sto\u015bci, grubo\u015bci i spr\u0119\u017cysto\u015bci oraz zahamowanie proces\u00f3w starzenia sk\u00f3ry i tkanek po\u0142o\u017conych g\u0142\u0119biej. Co istotne, rezultaty s\u0105 naturalne, dyskretne, nie zmieniaj\u0105c rys\u00f3w twarzy.<\/p><h5>Podzia\u0142 Stymulator\u00f3w Tkankowych<\/h5><p>Stymulatory tkankowe mo\u017cna podzieli\u0107 na r\u00f3\u017cne grupy, bior\u0105c pod uwag\u0119 rodzaj substancji aktywnych, mechanizm dzia\u0142ania, obszar podania, wskazania do zabiegu, techniki iniekcji, efekt terapeutyczny oraz trwa\u0142o\u015b\u0107 produktu.<\/p><h5>Popularne Substancje Aktywne<\/h5><p>Preparaty stymuluj\u0105ce oparte s\u0105 na r\u00f3\u017cnych substancjach, takich jak kwas hialuronowy, aminokwasy, polinukleotydy, bursztynian sodu, atelokolagen, tropokolagen, hydroksyapatyt wapnia, matrykiny, peptydy biomimetyczne oraz stymulatory autologiczne.<\/p>\t\t\t\t\t\t\t\t<\/div>\n\t\t\t\t<\/div>\n\t\t\t\t<div class=\"elementor-element elementor-element-7aaafc6 elementor-widget elementor-widget-image\" data-id=\"7aaafc6\" data-element_type=\"widget\" data-widget_type=\"image.default\">\n\t\t\t\t<div class=\"elementor-widget-container\">\n\t\t\t\t\t\t\t\t\t\t\t\t\t\t\t<img fetchpriority=\"high\" decoding=\"async\" width=\"1024\" height=\"678\" src=\"https:\/\/salonkosmetyczny-niemcza.pl\/wp-content\/uploads\/2024\/01\/close-up-hyaluronic-acid-tratment-1024x678.jpg\" class=\"attachment-large size-large wp-image-915\" alt=\"\" srcset=\"https:\/\/salonkosmetyczny-niemcza.pl\/wp-content\/uploads\/2024\/01\/close-up-hyaluronic-acid-tratment-1024x678.jpg 1024w, https:\/\/salonkosmetyczny-niemcza.pl\/wp-content\/uploads\/2024\/01\/close-up-hyaluronic-acid-tratment-300x199.jpg 300w, https:\/\/salonkosmetyczny-niemcza.pl\/wp-content\/uploads\/2024\/01\/close-up-hyaluronic-acid-tratment-768x509.jpg 768w, https:\/\/salonkosmetyczny-niemcza.pl\/wp-content\/uploads\/2024\/01\/close-up-hyaluronic-acid-tratment-1536x1017.jpg 1536w, https:\/\/salonkosmetyczny-niemcza.pl\/wp-content\/uploads\/2024\/01\/close-up-hyaluronic-acid-tratment-2048x1356.jpg 2048w\" sizes=\"(max-width: 1024px) 100vw, 1024px\" \/>\t\t\t\t\t\t\t\t\t\t\t\t\t\t\t<\/div>\n\t\t\t\t<\/div>\n\t\t\t\t<div class=\"elementor-element elementor-element-44f8adbf elementor-widget elementor-widget-text-editor\" data-id=\"44f8adbf\" data-element_type=\"widget\" data-widget_type=\"text-editor.default\">\n\t\t\t\t<div class=\"elementor-widget-container\">\n\t\t\t\t\t\t\t\t\t<div><div data-message-author-role=\"assistant\" data-message-id=\"e27d734d-2ded-4365-bcc9-bdfa3d2fb868\"><div><h5>W\u0142a\u015bciwo\u015bci Wybranych Substancji Aktywnych<\/h5><h6>Kwas Hialuronowy<\/h6><p>Kwas hialuronowy nale\u017cy do grupy glikozaminoglikan\u00f3w i jest naturalnie wyst\u0119puj\u0105cym w ludzkim organizmie polisacharydem b\u0119d\u0105cym podstawowym elementem przestrzeni zewn\u0105trzkom\u00f3rkowej sk\u00f3ry. Mechanizm dzia\u0142ania kwasu zale\u017cy od jego masy cz\u0105steczkowej. Posiada w\u0142a\u015bciwo\u015bci higroskopijne, wp\u0142ywa bezpo\u015brednio na j\u0119drno\u015b\u0107 i elastyczno\u015b\u0107 sk\u00f3ry oraz popraw\u0119 funkcji bia\u0142ek strukturalnych. Tworzy w\u0142a\u015bciwe warunki do proliferacji kom\u00f3rek, ich r\u00f3\u017cnicowania i migracji. Zapewnia odpowiedni\u0105 aktywno\u015b\u0107 kom\u00f3rek, stymuluje wzrost i liczb\u0119 fibroblast\u00f3w, poprawia funkcjonowanie adipocyt\u00f3w tkance podsk\u00f3rnej oraz doprowadza do redukcji wolnych rodnik\u00f3w, co zapobiega procesom starzenia si\u0119. Ponadto, z jego udzia\u0142em stymulowana jest synteza kolagenu i w\u0142\u00f3kien spr\u0119\u017cystych, co zdecydowanie poprawia kondycj\u0119 sk\u00f3ry i eliminuje oznaki starzenia .<\/p><h6>Aminokwasy<\/h6><p>Aminokwasy to naturalne zwi\u0105zki organiczne. Aminokwasy posiadaj\u0105 zdolno\u015b\u0107 zatrzymywania wody oraz pe\u0142ni\u0105 funkcj\u0119 naprawcz\u0105 tkanek. S\u0105 silnymi regulatorami funkcji sk\u00f3ry \u2013 kontroluj\u0105 ci\u015bnienie osmotyczne sk\u00f3ry przez co \u201ezarz\u0105dzaj\u0105\u201d dystrybucj\u0105 wody w sk\u00f3rze. Maj\u0105 silny wp\u0142yw na pobudzenie syntezy kolagenu i elastyny. <strong>Aminokwasy takie jak: Glicyna, L-prolina, L-alanina, L-lizyna i L-leucyna promuj\u0105 syntez\u0119 \u0142a\u0144cuch\u00f3w polipeptydowych kolagenu. Glicyna, L-prolina, L-alanina i L-walina promuj\u0105 syntez\u0119 elastyny.<\/strong> Stymulator tkankowy na bazie aminokwas\u00f3w to przede wszystkim korzystny wp\u0142yw na parametry zwi\u0105zane ze stopniem nawil\u017cenia, sp\u0142yceniem zmarszczek oraz rozja\u015bnieniem sk\u00f3ry.<\/p><h6>Hydroksyapatyt Wapnia<\/h6><p>Syntetyczny minera\u0142 biologiczny, hydroksyapatyt wapnia, stymuluje wzrost tkanki \u0142\u0105cznej, przyczyniaj\u0105c si\u0119 do korekcji powierzchni sk\u00f3ry. Wykazuje w\u0142a\u015bciwo\u015bci regeneracyjne, wype\u0142niaj\u0105ce,\u00a0 zwi\u0119kszaj\u0105ce obj\u0119to\u015b\u0107 tkanek mi\u0119kkich.<\/p><h6>Pozosta\u0142e stymulatory<\/h6><p>Atelokolagen, tropokolagen, matrykiny, polinukleotydy, polipeptydy i bursztynian sodu odgrywaj\u0105 istotn\u0105 rol\u0119 w procesie regeneracji sk\u00f3ry. Silnie pobudzaj\u0105 odnow\u0119 kolagenu i elastyny, zapewniaj\u0105c w ten spos\u00f3b popraw\u0119 struktury, nawil\u017cenie i odm\u0142odzenie.<\/p><h4>Podsumowanie<\/h4><p>Stymulatory tkankowe to innowacyjne rozwi\u0105zanie w dziedzinie kosmetologii, oferuj\u0105ce skuteczne metody walki z oznakami starzenia si\u0119 sk\u00f3ry. Dzi\u0119ki r\u00f3\u017cnorodno\u015bci substancji aktywnych, mo\u017cliwe jest dostosowanie zabieg\u00f3w do indywidualnych potrzeb pacjent\u00f3w, przynosz\u0105c naturalne i trwa\u0142e efekty. Zadbaj o swoj\u0105 sk\u00f3r\u0119 ju\u017c dzi\u015b, korzystaj\u0105c z dobrodziejstw nowoczesnych technologii kosmetologicznych.<\/p><\/div><\/div><\/div>\t\t\t\t\t\t\t\t<\/div>\n\t\t\t\t<\/div>\n\t\t\t\t<div class=\"elementor-element elementor-element-a1aae26 elementor-invisible elementor-widget elementor-widget-image\" data-id=\"a1aae26\" data-element_type=\"widget\" data-settings=\"{&quot;_animation&quot;:&quot;fadeInDown&quot;}\" data-widget_type=\"image.default\">\n\t\t\t\t<div class=\"elementor-widget-container\">\n\t\t\t\t\t\t\t\t\t\t\t\t\t\t\t<img decoding=\"async\" width=\"300\" height=\"202\" src=\"https:\/\/salonkosmetyczny-niemcza.pl\/wp-content\/uploads\/2019\/11\/72624486_3217126514969762_946294953028354048_n-300x202-1.jpg\" class=\"attachment-large size-large wp-image-374\" alt=\"\" \/>\t\t\t\t\t\t\t\t\t\t\t\t\t\t\t<\/div>\n\t\t\t\t<\/div>\n\t\t\t\t<div class=\"elementor-element elementor-element-1e198e0 elementor-hidden-desktop elementor-hidden-tablet elementor-hidden-mobile elementor-widget elementor-widget-text-editor\" data-id=\"1e198e0\" data-element_type=\"widget\" data-widget_type=\"text-editor.default\">\n\t\t\t\t<div class=\"elementor-widget-container\">\n\t\t\t\t\t\t\t\t\t<p>Stymulatory \u2013 preparaty stosowane w gabinecie<\/p>\n<p><strong>JALUPRO\u00ae HMW<\/strong><\/p>\n<p>JALUPRO\u00ae HMW to produkt dedykowany bio-rewitalizacji specyficznych obszar\u00f3w sk\u00f3ry, szczeg\u00f3lnie nara\u017conych na g\u0142\u0119bokie zmarszczki i bruzdy, takie jak sk\u00f3ra szyi i dekoltu. Zalecany jest do dojrza\u0142ej sk\u00f3ry oraz obszar\u00f3w o wyra\u017anych problemach.<\/p>\n<p>G\u0142\u00f3wnymi sk\u0142adnikami JALUPRO HMW s\u0105 wysokocz\u0105steczkowy kwas hialuronowy i kompleks aminokwas\u00f3w. Dzi\u0119ki doskona\u0142ej jako\u015bci kwasu hialuronowego o podwy\u017cszonej lepko\u015bci sk\u00f3ra po zastosowaniu staje si\u0119 d\u0142ugotrwale nawil\u017cona i od\u017cywiona.<\/p>\n<p>Preparat aplikuje si\u0119 g\u0142\u0119boko w warstwy sk\u00f3ry, co daje natychmiastowy efekt wype\u0142nienia, redukcji zmarszczek i d\u0142ugotrwa\u0142ego nawil\u017cenia. Dodatkowo, g\u0142\u0119bokie podanie preparatu bogatego w aminokwasy szybko wzbogaca sk\u00f3r\u0119 w\u0142a\u015bciw\u0105 w substancje niezb\u0119dne do syntezy kolagenu. U\u017cycie JALUPRO HMW pozwala na uzyskanie naturalnego efektu wype\u0142nienia, podkre\u015blaj\u0105c i przywracaj\u0105c naturalne rysy twarzy.<\/p>\n<p>Idealnym rozwi\u0105zaniem jest po\u0142\u0105czenie JALUPRO HMW z seri\u0105 zabieg\u00f3w Dermapen, przeprowadzanych w kilku sesjach terapeutycznych. Zastosowanie Dermapen oko\u0142o dw\u00f3ch tygodni po podaniu JALUPRO wzmacnia efekt stymulacji, umo\u017cliwiaj\u0105c osi\u0105gni\u0119cie spektakularnych rezultat\u00f3w estetycznych w kr\u00f3tszym czasie.<\/p>\n<p><strong>JALUPRO\u00ae HMW seria 3 zabieg\u00f3w co 20 dni<\/strong><\/p>\n<p>Wskazania do zabiegu:<\/p>\n<ul>\n<li>Sk\u00f3ra z oznakami starzenia i fotostarzenia \u2013 g\u0142\u0119bokie zmarszczki<\/li>\n<li>Sk\u00f3ra odwodniona i \u017ale od\u017cywiona \u2013 fa\u0142dy i bruzdy<\/li>\n<li>Sk\u00f3ra poszarza\u0142a, pozbawiona blasku<\/li>\n<li>Sk\u00f3ra cienka<\/li>\n<li>Sk\u00f3ra ma\u0142o elastyczna i ma\u0142o napi\u0119ta<\/li>\n<li>Sk\u00f3ra wysuszona po zabiegach oraz leczeniu farmakologicznym<\/li>\n<li>U os\u00f3b pracuj\u0105cych w klimatyzowanych pomieszczeniach<\/li>\n<li>U os\u00f3b pracuj\u0105cych w sztucznym o\u015bwietleniu, przy ekranach komputerowych<\/li>\n<li>Profilaktyka starzenia<\/li>\n<\/ul>\n<p><strong>JALUPRO\u00ae SuperHydro (1&#215;2,5ml)<\/strong><\/p>\n<p>Preparat szwajcarskiej firmy zawieraj\u0105cy a\u017c 80 mg kwasu hialuronowego o dw\u00f3ch r\u00f3\u017cnych masach cz\u0105steczkowych, 7 aminokwas\u00f3w oraz 3 peptydy biomimetyczne. Unikalny sk\u0142ad zapewnia wyra\u017any efekt liftingu przy intensywnym nawil\u017ceniu sk\u00f3ry, wspomagaj\u0105c syntez\u0119 kolagenu i elastyny.<\/p>\n<p>Dzia\u0142anie:<\/p>\n<ul>\n<li>Przeciwzmarszczkowe<\/li>\n<li>Poprawa g\u0119sto\u015bci<\/li>\n<li>Indukcja syntezy kolagenu i elastyny<\/li>\n<li>Intensywne nawil\u017cenie<\/li>\n<li>Regeneracja poduszek t\u0142uszczowych<\/li>\n<li>Poprawa napi\u0119cia<\/li>\n<li>Rewitalizacja<\/li>\n<li>Korekcja drobnych zmarszczek i zmarszczek mimicznych<\/li>\n<li>Lifting<\/li>\n<li>Redukcja blizn, rozst\u0119p\u00f3w<\/li>\n<\/ul>\n<p><strong>MonoDerma Fillagen<\/strong><\/p>\n<p>MonoDerma Fillagen to w\u0142oski preparat przeznaczony do biostymulacji tkanek, zgodny z ludzkim kolagenem. Aktywuje fibroplazj\u0119 tkankow\u0105, zwi\u0119kszaj\u0105c liczb\u0119 fibroblast\u00f3w odpowiedzialnych za syntez\u0119 kolagenu i elastyny.<\/p>\n<p>Zastosowanie:<\/p>\n<ul>\n<li>Nawil\u017cenie<\/li>\n<li>Poprawa elastyczno\u015bci<\/li>\n<li>Redukcja ubytk\u00f3w sk\u00f3rnych<\/li>\n<li>Odm\u0142odzenie<\/li>\n<li>Biostymulacja<\/li>\n<li>Redukcja zmarszczek<\/li>\n<li>Poprawa jako\u015bci i g\u0119sto\u015bci sk\u00f3ry<\/li>\n<li>Wyp\u0142ycenie blizn<\/li>\n<li>Napi\u0119cie sk\u00f3ry<\/li>\n<li>Wyr\u00f3wnanie niedoboru kwasu hialuronowego<\/li>\n<li>Indukcja syntezy kolagenu i elastyny<\/li>\n<\/ul>\n<p><strong>Xela Rederm<\/strong><\/p>\n<p>Xela Rederm to preparat wywieraj\u0105cy bezpo\u015bredni wp\u0142yw na procesy metaboliczne sk\u00f3ry. Zwi\u0119ksza \u017cywotno\u015b\u0107 kom\u00f3rek, chroni\u0105c je przed uszkodzeniami i stymuluje wzrost produkcji energii w fibroplast sk\u00f3ry.<\/p>\n<p>Wype\u0142niacz XELA REDERM 1,8% rekomendowany jest dla klient\u00f3w od 35 roku \u017cycia, zale\u017cnie od wskaza\u0144. Mo\u017ce by\u0107 stosowany zar\u00f3wno w technice liniowej, do korekty zmarszczek, jak i w technice grudkowej, przy faceliftingu czy wok\u00f3\u0142 oczu.<\/p>\n<p><strong>PROMOITALIA- Nucleofill Medium 1&#215;1,5ml<\/strong><\/p>\n<p>Nucleofill to biostymulator do g\u0142\u0119bokiej odnowy i biorekonstrukcji sk\u00f3ry, dzia\u0142aj\u0105cy tr\u00f3jkierunkowo. Zapewnia silny efekt liftingu, stymuluje syntez\u0119 kolagenu i elastyny oraz dzia\u0142a antyoksydacyjnie, redukuj\u0105c wolne rodniki.<\/p>\n<p><strong>Pluryal Silk<\/strong><\/p>\n<p>Pluryal Silk to bezpieczny, delikatny i w pe\u0142ni wch\u0142anialny biostymulator sk\u00f3ry. Zawiera wysoko oczyszczone polinukleotydy, kt\u00f3re regeneruj\u0105 sk\u00f3r\u0119, poprawiaj\u0105 jej spr\u0119\u017cysto\u015b\u0107 i elastyczno\u015b\u0107. Mo\u017ce by\u0107 stosowany na obszary takie jak okolice powiek, ust czy szyi.<\/p>\n<p><strong>Pluryal Densify<\/strong><\/p>\n<p>Pluryal Densify to wiskoelastyczny preparat do rewitalizacji i regeneracji sk\u00f3ry, zawieraj\u0105cy polinukleotydy i kwas hialuronowy. Poprawia napi\u0119cie, elastyczno\u015b\u0107, wyg\u0142adza sk\u00f3r\u0119, stymuluje syntez\u0119 kolagenu i elastyny oraz nawil\u017ca.<\/p>\n<p><strong>KOLAGEN MD-TISSUE<\/strong><\/p>\n<p>KOLAGEN MD-TISSUE to preparat wspomagaj\u0105cy utrzymanie m\u0142odego wygl\u0105du, nawil\u017caj\u0105cy dojrza\u0142\u0105 sk\u00f3r\u0119 i redukuj\u0105cy zmarszczki. Zawiera kolagen, kwas askorbinowy, magnez, witamin\u0119 B6, B2 i B1. Mo\u017ce by\u0107 stosowany do niwelowania proces\u00f3w starzenia, poprawy elastyczno\u015bci sk\u00f3ry i redukcji zmarszczek.<\/p>\n<p><strong>Neauvia Hydro Deluxe<\/strong><\/p>\n<p>Neauvia Hydro Deluxe to preparat anti-aging z czystym kwasem hialuronowym, hydroksyapatytem wapnia, glicyn\u0105 i L-prolin\u0105. Poprawia nawil\u017cenie, stymuluje kom\u00f3rki do naprawy, zapewnia g\u0142\u0119bokie nawil\u017cenie, poprawia elastyczno\u015b\u0107, delikatnie poprawia rysy twarzy i chroni sk\u00f3r\u0119 przed czynnikami zewn\u0119trznymi.<\/p>\t\t\t\t\t\t\t\t<\/div>\n\t\t\t\t<\/div>\n\t\t\t\t\t<\/div>\n\t\t<\/div>\n\t\t\t\t\t<\/div>\n\t\t<\/section>\n\t\t\t\t<\/div>\n\t\t","protected":false},"excerpt":{"rendered":"<p>Rewolucja w Zwalczaniu Proces\u00f3w Starzenia Sk\u00f3ry Wprowadzenie Starzenie si\u0119 sk\u00f3ry jest wielopoziomowym procesem, kt\u00f3ry towarzyszy cz\u0142owiekowi przez ca\u0142e \u017cycie. W dzisiejszych czasach mo\u017cemy aktywnie wp\u0142ywa\u0107 na procesy starzenia wewn\u0105trzpochodnego jak &hellip; <\/p>\n","protected":false},"author":1,"featured_media":915,"parent":0,"menu_order":0,"comment_status":"closed","ping_status":"closed","template":"","meta":{"footnotes":""},"class_list":["post-375","page","type-page","status-publish","has-post-thumbnail","hentry"],"yoast_head":"<!-- This site is optimized with the Yoast SEO plugin v25.6 - https:\/\/yoast.com\/wordpress\/plugins\/seo\/ -->\n<title>Stymulatory tkankowe - Ewa Kowal<\/title>\n<meta name=\"robots\" content=\"index, follow, max-snippet:-1, max-image-preview:large, max-video-preview:-1\" \/>\n<link rel=\"canonical\" href=\"http:\/\/salonkosmetyczny-niemcza.pl\/?page_id=375\" \/>\n<meta property=\"og:locale\" content=\"pl_PL\" \/>\n<meta property=\"og:type\" content=\"article\" \/>\n<meta property=\"og:title\" content=\"Stymulatory tkankowe - Ewa Kowal\" \/>\n<meta property=\"og:description\" content=\"Rewolucja w Zwalczaniu Proces\u00f3w Starzenia Sk\u00f3ry Wprowadzenie Starzenie si\u0119 sk\u00f3ry jest wielopoziomowym procesem, kt\u00f3ry towarzyszy cz\u0142owiekowi przez ca\u0142e \u017cycie. W dzisiejszych czasach mo\u017cemy aktywnie wp\u0142ywa\u0107 na procesy starzenia wewn\u0105trzpochodnego jak &hellip;\" \/>\n<meta property=\"og:url\" content=\"http:\/\/salonkosmetyczny-niemcza.pl\/?page_id=375\" \/>\n<meta property=\"og:site_name\" content=\"Ewa Kowal\" \/>\n<meta property=\"article:modified_time\" content=\"2024-05-08T19:52:26+00:00\" \/>\n<meta property=\"og:image\" content=\"http:\/\/salonkosmetyczny-niemcza.pl\/wp-content\/uploads\/2024\/01\/close-up-hyaluronic-acid-tratment-scaled.jpg\" \/>\n\t<meta property=\"og:image:width\" content=\"2560\" \/>\n\t<meta property=\"og:image:height\" content=\"1696\" \/>\n\t<meta property=\"og:image:type\" content=\"image\/jpeg\" \/>\n<meta name=\"twitter:card\" content=\"summary_large_image\" \/>\n<meta name=\"twitter:label1\" content=\"Szacowany czas czytania\" \/>\n\t<meta name=\"twitter:data1\" content=\"7 minut\" \/>\n<script type=\"application\/ld+json\" class=\"yoast-schema-graph\">{\"@context\":\"https:\/\/schema.org\",\"@graph\":[{\"@type\":\"WebPage\",\"@id\":\"http:\/\/salonkosmetyczny-niemcza.pl\/?page_id=375\",\"url\":\"http:\/\/salonkosmetyczny-niemcza.pl\/?page_id=375\",\"name\":\"Stymulatory tkankowe - Ewa Kowal\",\"isPartOf\":{\"@id\":\"http:\/\/salonkosmetyczny-niemcza.pl\/#website\"},\"primaryImageOfPage\":{\"@id\":\"http:\/\/salonkosmetyczny-niemcza.pl\/?page_id=375#primaryimage\"},\"image\":{\"@id\":\"http:\/\/salonkosmetyczny-niemcza.pl\/?page_id=375#primaryimage\"},\"thumbnailUrl\":\"https:\/\/salonkosmetyczny-niemcza.pl\/wp-content\/uploads\/2024\/01\/close-up-hyaluronic-acid-tratment-scaled.jpg\",\"datePublished\":\"2019-11-15T12:56:57+00:00\",\"dateModified\":\"2024-05-08T19:52:26+00:00\",\"breadcrumb\":{\"@id\":\"http:\/\/salonkosmetyczny-niemcza.pl\/?page_id=375#breadcrumb\"},\"inLanguage\":\"pl-PL\",\"potentialAction\":[{\"@type\":\"ReadAction\",\"target\":[\"http:\/\/salonkosmetyczny-niemcza.pl\/?page_id=375\"]}]},{\"@type\":\"ImageObject\",\"inLanguage\":\"pl-PL\",\"@id\":\"http:\/\/salonkosmetyczny-niemcza.pl\/?page_id=375#primaryimage\",\"url\":\"https:\/\/salonkosmetyczny-niemcza.pl\/wp-content\/uploads\/2024\/01\/close-up-hyaluronic-acid-tratment-scaled.jpg\",\"contentUrl\":\"https:\/\/salonkosmetyczny-niemcza.pl\/wp-content\/uploads\/2024\/01\/close-up-hyaluronic-acid-tratment-scaled.jpg\",\"width\":2560,\"height\":1696},{\"@type\":\"BreadcrumbList\",\"@id\":\"http:\/\/salonkosmetyczny-niemcza.pl\/?page_id=375#breadcrumb\",\"itemListElement\":[{\"@type\":\"ListItem\",\"position\":1,\"name\":\"Strona g\u0142\u00f3wna\",\"item\":\"http:\/\/salonkosmetyczny-niemcza.pl\/\"},{\"@type\":\"ListItem\",\"position\":2,\"name\":\"Stymulatory tkankowe\"}]},{\"@type\":\"WebSite\",\"@id\":\"http:\/\/salonkosmetyczny-niemcza.pl\/#website\",\"url\":\"http:\/\/salonkosmetyczny-niemcza.pl\/\",\"name\":\"Ewa Kowal\",\"description\":\"Gabinet Kosmetyczny\",\"publisher\":{\"@id\":\"http:\/\/salonkosmetyczny-niemcza.pl\/#organization\"},\"potentialAction\":[{\"@type\":\"SearchAction\",\"target\":{\"@type\":\"EntryPoint\",\"urlTemplate\":\"http:\/\/salonkosmetyczny-niemcza.pl\/?s={search_term_string}\"},\"query-input\":{\"@type\":\"PropertyValueSpecification\",\"valueRequired\":true,\"valueName\":\"search_term_string\"}}],\"inLanguage\":\"pl-PL\"},{\"@type\":\"Organization\",\"@id\":\"http:\/\/salonkosmetyczny-niemcza.pl\/#organization\",\"name\":\"Ewa Kowal\",\"url\":\"http:\/\/salonkosmetyczny-niemcza.pl\/\",\"logo\":{\"@type\":\"ImageObject\",\"inLanguage\":\"pl-PL\",\"@id\":\"http:\/\/salonkosmetyczny-niemcza.pl\/#\/schema\/logo\/image\/\",\"url\":\"https:\/\/salonkosmetyczny-niemcza.pl\/wp-content\/uploads\/2023\/02\/cropped-ewakowal.png\",\"contentUrl\":\"https:\/\/salonkosmetyczny-niemcza.pl\/wp-content\/uploads\/2023\/02\/cropped-ewakowal.png\",\"width\":189,\"height\":150,\"caption\":\"Ewa Kowal\"},\"image\":{\"@id\":\"http:\/\/salonkosmetyczny-niemcza.pl\/#\/schema\/logo\/image\/\"}}]}<\/script>\n<!-- \/ Yoast SEO plugin. -->","yoast_head_json":{"title":"Stymulatory tkankowe - Ewa Kowal","robots":{"index":"index","follow":"follow","max-snippet":"max-snippet:-1","max-image-preview":"max-image-preview:large","max-video-preview":"max-video-preview:-1"},"canonical":"http:\/\/salonkosmetyczny-niemcza.pl\/?page_id=375","og_locale":"pl_PL","og_type":"article","og_title":"Stymulatory tkankowe - Ewa Kowal","og_description":"Rewolucja w Zwalczaniu Proces\u00f3w Starzenia Sk\u00f3ry Wprowadzenie Starzenie si\u0119 sk\u00f3ry jest wielopoziomowym procesem, kt\u00f3ry towarzyszy cz\u0142owiekowi przez ca\u0142e \u017cycie. W dzisiejszych czasach mo\u017cemy aktywnie wp\u0142ywa\u0107 na procesy starzenia wewn\u0105trzpochodnego jak &hellip;","og_url":"http:\/\/salonkosmetyczny-niemcza.pl\/?page_id=375","og_site_name":"Ewa Kowal","article_modified_time":"2024-05-08T19:52:26+00:00","og_image":[{"width":2560,"height":1696,"url":"http:\/\/salonkosmetyczny-niemcza.pl\/wp-content\/uploads\/2024\/01\/close-up-hyaluronic-acid-tratment-scaled.jpg","type":"image\/jpeg"}],"twitter_card":"summary_large_image","twitter_misc":{"Szacowany czas czytania":"7 minut"},"schema":{"@context":"https:\/\/schema.org","@graph":[{"@type":"WebPage","@id":"http:\/\/salonkosmetyczny-niemcza.pl\/?page_id=375","url":"http:\/\/salonkosmetyczny-niemcza.pl\/?page_id=375","name":"Stymulatory tkankowe - Ewa Kowal","isPartOf":{"@id":"http:\/\/salonkosmetyczny-niemcza.pl\/#website"},"primaryImageOfPage":{"@id":"http:\/\/salonkosmetyczny-niemcza.pl\/?page_id=375#primaryimage"},"image":{"@id":"http:\/\/salonkosmetyczny-niemcza.pl\/?page_id=375#primaryimage"},"thumbnailUrl":"https:\/\/salonkosmetyczny-niemcza.pl\/wp-content\/uploads\/2024\/01\/close-up-hyaluronic-acid-tratment-scaled.jpg","datePublished":"2019-11-15T12:56:57+00:00","dateModified":"2024-05-08T19:52:26+00:00","breadcrumb":{"@id":"http:\/\/salonkosmetyczny-niemcza.pl\/?page_id=375#breadcrumb"},"inLanguage":"pl-PL","potentialAction":[{"@type":"ReadAction","target":["http:\/\/salonkosmetyczny-niemcza.pl\/?page_id=375"]}]},{"@type":"ImageObject","inLanguage":"pl-PL","@id":"http:\/\/salonkosmetyczny-niemcza.pl\/?page_id=375#primaryimage","url":"https:\/\/salonkosmetyczny-niemcza.pl\/wp-content\/uploads\/2024\/01\/close-up-hyaluronic-acid-tratment-scaled.jpg","contentUrl":"https:\/\/salonkosmetyczny-niemcza.pl\/wp-content\/uploads\/2024\/01\/close-up-hyaluronic-acid-tratment-scaled.jpg","width":2560,"height":1696},{"@type":"BreadcrumbList","@id":"http:\/\/salonkosmetyczny-niemcza.pl\/?page_id=375#breadcrumb","itemListElement":[{"@type":"ListItem","position":1,"name":"Strona g\u0142\u00f3wna","item":"http:\/\/salonkosmetyczny-niemcza.pl\/"},{"@type":"ListItem","position":2,"name":"Stymulatory tkankowe"}]},{"@type":"WebSite","@id":"http:\/\/salonkosmetyczny-niemcza.pl\/#website","url":"http:\/\/salonkosmetyczny-niemcza.pl\/","name":"Ewa Kowal","description":"Gabinet Kosmetyczny","publisher":{"@id":"http:\/\/salonkosmetyczny-niemcza.pl\/#organization"},"potentialAction":[{"@type":"SearchAction","target":{"@type":"EntryPoint","urlTemplate":"http:\/\/salonkosmetyczny-niemcza.pl\/?s={search_term_string}"},"query-input":{"@type":"PropertyValueSpecification","valueRequired":true,"valueName":"search_term_string"}}],"inLanguage":"pl-PL"},{"@type":"Organization","@id":"http:\/\/salonkosmetyczny-niemcza.pl\/#organization","name":"Ewa Kowal","url":"http:\/\/salonkosmetyczny-niemcza.pl\/","logo":{"@type":"ImageObject","inLanguage":"pl-PL","@id":"http:\/\/salonkosmetyczny-niemcza.pl\/#\/schema\/logo\/image\/","url":"https:\/\/salonkosmetyczny-niemcza.pl\/wp-content\/uploads\/2023\/02\/cropped-ewakowal.png","contentUrl":"https:\/\/salonkosmetyczny-niemcza.pl\/wp-content\/uploads\/2023\/02\/cropped-ewakowal.png","width":189,"height":150,"caption":"Ewa Kowal"},"image":{"@id":"http:\/\/salonkosmetyczny-niemcza.pl\/#\/schema\/logo\/image\/"}}]}},"_links":{"self":[{"href":"https:\/\/salonkosmetyczny-niemcza.pl\/index.php?rest_route=\/wp\/v2\/pages\/375","targetHints":{"allow":["GET"]}}],"collection":[{"href":"https:\/\/salonkosmetyczny-niemcza.pl\/index.php?rest_route=\/wp\/v2\/pages"}],"about":[{"href":"https:\/\/salonkosmetyczny-niemcza.pl\/index.php?rest_route=\/wp\/v2\/types\/page"}],"author":[{"embeddable":true,"href":"https:\/\/salonkosmetyczny-niemcza.pl\/index.php?rest_route=\/wp\/v2\/users\/1"}],"replies":[{"embeddable":true,"href":"https:\/\/salonkosmetyczny-niemcza.pl\/index.php?rest_route=%2Fwp%2Fv2%2Fcomments&post=375"}],"version-history":[{"count":93,"href":"https:\/\/salonkosmetyczny-niemcza.pl\/index.php?rest_route=\/wp\/v2\/pages\/375\/revisions"}],"predecessor-version":[{"id":1264,"href":"https:\/\/salonkosmetyczny-niemcza.pl\/index.php?rest_route=\/wp\/v2\/pages\/375\/revisions\/1264"}],"wp:featuredmedia":[{"embeddable":true,"href":"https:\/\/salonkosmetyczny-niemcza.pl\/index.php?rest_route=\/wp\/v2\/media\/915"}],"wp:attachment":[{"href":"https:\/\/salonkosmetyczny-niemcza.pl\/index.php?rest_route=%2Fwp%2Fv2%2Fmedia&parent=375"}],"curies":[{"name":"wp","href":"https:\/\/api.w.org\/{rel}","templated":true}]}}