{"id":366,"date":"2019-03-06T10:03:02","date_gmt":"2019-03-06T09:03:02","guid":{"rendered":"https:\/\/serwer1331410.home.pl\/home\/salonkosea\/www\/?page_id=366"},"modified":"2024-05-17T15:53:01","modified_gmt":"2024-05-17T13:53:01","slug":"facelift-manual-niechirurgiczny-lifting-twarzy","status":"publish","type":"page","link":"https:\/\/salonkosmetyczny-niemcza.pl\/?page_id=366","title":{"rendered":"Facelift Manual &#8211; Niechirurgiczny lifting twarzy"},"content":{"rendered":"\t\t<div data-elementor-type=\"wp-page\" data-elementor-id=\"366\" class=\"elementor elementor-366\">\n\t\t\t\t\t\t<section class=\"elementor-section elementor-top-section elementor-element elementor-element-1438576 elementor-section-boxed elementor-section-height-default elementor-section-height-default wpr-particle-no wpr-jarallax-no wpr-parallax-no wpr-sticky-section-no\" data-id=\"1438576\" data-element_type=\"section\">\n\t\t\t\t\t\t<div class=\"elementor-container elementor-column-gap-default\">\n\t\t\t\t\t<div class=\"elementor-column elementor-col-100 elementor-top-column elementor-element elementor-element-6c0991be\" data-id=\"6c0991be\" data-element_type=\"column\">\n\t\t\t<div class=\"elementor-widget-wrap elementor-element-populated\">\n\t\t\t\t\t\t<div class=\"elementor-element elementor-element-6ceba177 elementor-widget elementor-widget-text-editor\" data-id=\"6ceba177\" data-element_type=\"widget\" data-widget_type=\"text-editor.default\">\n\t\t\t\t<div class=\"elementor-widget-container\">\n\t\t\t\t\t\t\t\t\t<p>To bardzo popularna w kosmetologii estetycznej technika modelowania twarzy polegaj\u0105ca na pracy na mi\u0119\u015bniach, od kt\u00f3rych zale\u017cy j\u0119drno\u015b\u0107 i napi\u0119cie sk\u00f3ry.To w\u0142a\u015bnie one s\u0105 \u201erusztowaniem\u2019\u2019 dla naszej cery. Mi\u0119\u015bnie mimiczne s\u0105 przyczepione bezpo\u015brednio do sk\u00f3ry, wi\u0119c od ich jako\u015bci i kondycji zale\u017cy elastyczno\u015b\u0107 i witalno\u015b\u0107 naszej twarzy. Do tego , aby sta\u0142y si\u0119 bardziej j\u0119drne wykorzystujemy odpowiedni\u0105 technik\u0119 akupresury i regularne \u0107wiczenia. Dzi\u0119ki temu poprawia si\u0119 przep\u0142yw krwi i tlenu , cera zyskuje pi\u0119kny koloryt i j\u0119drno\u015b\u0107, wyg\u0142adzaj\u0105 si\u0119 r\u00f3wnie\u017c zmarszczki mimiczne. Jest to jeden z niewielu sposob\u00f3w pozwalaj\u0105cych na regeneracj\u0119 i zmniejszenie szybko\u015bci starzenia si\u0119 tkanek po\u0142o\u017conych g\u0142\u0119biej a stanowi\u0105cych podpor\u0119 dla naszej sk\u00f3ry.<\/p>\t\t\t\t\t\t\t\t<\/div>\n\t\t\t\t<\/div>\n\t\t\t\t\t<\/div>\n\t\t<\/div>\n\t\t\t\t\t<\/div>\n\t\t<\/section>\n\t\t\t\t<\/div>\n\t\t","protected":false},"excerpt":{"rendered":"<p>To bardzo popularna w kosmetologii estetycznej technika modelowania twarzy polegaj\u0105ca na pracy na mi\u0119\u015bniach, od kt\u00f3rych zale\u017cy j\u0119drno\u015b\u0107 i napi\u0119cie sk\u00f3ry.To w\u0142a\u015bnie one s\u0105 \u201erusztowaniem\u2019\u2019 dla naszej cery. Mi\u0119\u015bnie mimiczne &hellip; <\/p>\n","protected":false},"author":1,"featured_media":1239,"parent":0,"menu_order":0,"comment_status":"closed","ping_status":"closed","template":"","meta":{"footnotes":""},"class_list":["post-366","page","type-page","status-publish","has-post-thumbnail","hentry"],"yoast_head":"<!-- This site is optimized with the Yoast SEO plugin v25.6 - https:\/\/yoast.com\/wordpress\/plugins\/seo\/ -->\n<title>Facelift Manual - Niechirurgiczny lifting twarzy - Ewa Kowal<\/title>\n<meta name=\"robots\" content=\"index, follow, max-snippet:-1, max-image-preview:large, max-video-preview:-1\" \/>\n<link rel=\"canonical\" href=\"https:\/\/salonkosmetyczny-niemcza.pl\/?page_id=366\" \/>\n<meta property=\"og:locale\" content=\"pl_PL\" \/>\n<meta property=\"og:type\" content=\"article\" \/>\n<meta property=\"og:title\" content=\"Facelift Manual - Niechirurgiczny lifting twarzy - Ewa Kowal\" \/>\n<meta property=\"og:description\" content=\"To bardzo popularna w kosmetologii estetycznej technika modelowania twarzy polegaj\u0105ca na pracy na mi\u0119\u015bniach, od kt\u00f3rych zale\u017cy j\u0119drno\u015b\u0107 i napi\u0119cie sk\u00f3ry.To w\u0142a\u015bnie one s\u0105 \u201erusztowaniem\u2019\u2019 dla naszej cery. Mi\u0119\u015bnie mimiczne &hellip;\" \/>\n<meta property=\"og:url\" content=\"https:\/\/salonkosmetyczny-niemcza.pl\/?page_id=366\" \/>\n<meta property=\"og:site_name\" content=\"Ewa Kowal\" \/>\n<meta property=\"article:modified_time\" content=\"2024-05-17T13:53:01+00:00\" \/>\n<meta property=\"og:image\" content=\"https:\/\/salonkosmetyczny-niemcza.pl\/wp-content\/uploads\/2024\/02\/face-beautiful-girl-with-smoky-eyes-makeup-posing-dark-wall-scaled.jpg\" \/>\n\t<meta property=\"og:image:width\" content=\"2560\" \/>\n\t<meta property=\"og:image:height\" content=\"1920\" \/>\n\t<meta property=\"og:image:type\" content=\"image\/jpeg\" \/>\n<meta name=\"twitter:card\" content=\"summary_large_image\" \/>\n<meta name=\"twitter:label1\" content=\"Szacowany czas czytania\" \/>\n\t<meta name=\"twitter:data1\" content=\"1 minuta\" \/>\n<script type=\"application\/ld+json\" class=\"yoast-schema-graph\">{\"@context\":\"https:\/\/schema.org\",\"@graph\":[{\"@type\":\"WebPage\",\"@id\":\"https:\/\/salonkosmetyczny-niemcza.pl\/?page_id=366\",\"url\":\"https:\/\/salonkosmetyczny-niemcza.pl\/?page_id=366\",\"name\":\"Facelift Manual - Niechirurgiczny lifting twarzy - Ewa Kowal\",\"isPartOf\":{\"@id\":\"https:\/\/salonkosmetyczny-niemcza.pl\/#website\"},\"primaryImageOfPage\":{\"@id\":\"https:\/\/salonkosmetyczny-niemcza.pl\/?page_id=366#primaryimage\"},\"image\":{\"@id\":\"https:\/\/salonkosmetyczny-niemcza.pl\/?page_id=366#primaryimage\"},\"thumbnailUrl\":\"https:\/\/salonkosmetyczny-niemcza.pl\/wp-content\/uploads\/2024\/02\/face-beautiful-girl-with-smoky-eyes-makeup-posing-dark-wall-scaled.jpg\",\"datePublished\":\"2019-03-06T09:03:02+00:00\",\"dateModified\":\"2024-05-17T13:53:01+00:00\",\"breadcrumb\":{\"@id\":\"https:\/\/salonkosmetyczny-niemcza.pl\/?page_id=366#breadcrumb\"},\"inLanguage\":\"pl-PL\",\"potentialAction\":[{\"@type\":\"ReadAction\",\"target\":[\"https:\/\/salonkosmetyczny-niemcza.pl\/?page_id=366\"]}]},{\"@type\":\"ImageObject\",\"inLanguage\":\"pl-PL\",\"@id\":\"https:\/\/salonkosmetyczny-niemcza.pl\/?page_id=366#primaryimage\",\"url\":\"https:\/\/salonkosmetyczny-niemcza.pl\/wp-content\/uploads\/2024\/02\/face-beautiful-girl-with-smoky-eyes-makeup-posing-dark-wall-scaled.jpg\",\"contentUrl\":\"https:\/\/salonkosmetyczny-niemcza.pl\/wp-content\/uploads\/2024\/02\/face-beautiful-girl-with-smoky-eyes-makeup-posing-dark-wall-scaled.jpg\",\"width\":2560,\"height\":1920,\"caption\":\"Face of a beautiful girl with smoky eyes makeup posing at studio over dark background\"},{\"@type\":\"BreadcrumbList\",\"@id\":\"https:\/\/salonkosmetyczny-niemcza.pl\/?page_id=366#breadcrumb\",\"itemListElement\":[{\"@type\":\"ListItem\",\"position\":1,\"name\":\"Strona g\u0142\u00f3wna\",\"item\":\"https:\/\/salonkosmetyczny-niemcza.pl\/\"},{\"@type\":\"ListItem\",\"position\":2,\"name\":\"Facelift Manual &#8211; Niechirurgiczny lifting twarzy\"}]},{\"@type\":\"WebSite\",\"@id\":\"https:\/\/salonkosmetyczny-niemcza.pl\/#website\",\"url\":\"https:\/\/salonkosmetyczny-niemcza.pl\/\",\"name\":\"Ewa Kowal\",\"description\":\"Gabinet Kosmetyczny\",\"publisher\":{\"@id\":\"https:\/\/salonkosmetyczny-niemcza.pl\/#organization\"},\"potentialAction\":[{\"@type\":\"SearchAction\",\"target\":{\"@type\":\"EntryPoint\",\"urlTemplate\":\"https:\/\/salonkosmetyczny-niemcza.pl\/?s={search_term_string}\"},\"query-input\":{\"@type\":\"PropertyValueSpecification\",\"valueRequired\":true,\"valueName\":\"search_term_string\"}}],\"inLanguage\":\"pl-PL\"},{\"@type\":\"Organization\",\"@id\":\"https:\/\/salonkosmetyczny-niemcza.pl\/#organization\",\"name\":\"Ewa Kowal\",\"url\":\"https:\/\/salonkosmetyczny-niemcza.pl\/\",\"logo\":{\"@type\":\"ImageObject\",\"inLanguage\":\"pl-PL\",\"@id\":\"https:\/\/salonkosmetyczny-niemcza.pl\/#\/schema\/logo\/image\/\",\"url\":\"https:\/\/salonkosmetyczny-niemcza.pl\/wp-content\/uploads\/2023\/02\/cropped-ewakowal.png\",\"contentUrl\":\"https:\/\/salonkosmetyczny-niemcza.pl\/wp-content\/uploads\/2023\/02\/cropped-ewakowal.png\",\"width\":189,\"height\":150,\"caption\":\"Ewa Kowal\"},\"image\":{\"@id\":\"https:\/\/salonkosmetyczny-niemcza.pl\/#\/schema\/logo\/image\/\"}}]}<\/script>\n<!-- \/ Yoast SEO plugin. -->","yoast_head_json":{"title":"Facelift Manual - Niechirurgiczny lifting twarzy - Ewa Kowal","robots":{"index":"index","follow":"follow","max-snippet":"max-snippet:-1","max-image-preview":"max-image-preview:large","max-video-preview":"max-video-preview:-1"},"canonical":"https:\/\/salonkosmetyczny-niemcza.pl\/?page_id=366","og_locale":"pl_PL","og_type":"article","og_title":"Facelift Manual - Niechirurgiczny lifting twarzy - Ewa Kowal","og_description":"To bardzo popularna w kosmetologii estetycznej technika modelowania twarzy polegaj\u0105ca na pracy na mi\u0119\u015bniach, od kt\u00f3rych zale\u017cy j\u0119drno\u015b\u0107 i napi\u0119cie sk\u00f3ry.To w\u0142a\u015bnie one s\u0105 \u201erusztowaniem\u2019\u2019 dla naszej cery. Mi\u0119\u015bnie mimiczne &hellip;","og_url":"https:\/\/salonkosmetyczny-niemcza.pl\/?page_id=366","og_site_name":"Ewa Kowal","article_modified_time":"2024-05-17T13:53:01+00:00","og_image":[{"width":2560,"height":1920,"url":"https:\/\/salonkosmetyczny-niemcza.pl\/wp-content\/uploads\/2024\/02\/face-beautiful-girl-with-smoky-eyes-makeup-posing-dark-wall-scaled.jpg","type":"image\/jpeg"}],"twitter_card":"summary_large_image","twitter_misc":{"Szacowany czas czytania":"1 minuta"},"schema":{"@context":"https:\/\/schema.org","@graph":[{"@type":"WebPage","@id":"https:\/\/salonkosmetyczny-niemcza.pl\/?page_id=366","url":"https:\/\/salonkosmetyczny-niemcza.pl\/?page_id=366","name":"Facelift Manual - Niechirurgiczny lifting twarzy - Ewa Kowal","isPartOf":{"@id":"https:\/\/salonkosmetyczny-niemcza.pl\/#website"},"primaryImageOfPage":{"@id":"https:\/\/salonkosmetyczny-niemcza.pl\/?page_id=366#primaryimage"},"image":{"@id":"https:\/\/salonkosmetyczny-niemcza.pl\/?page_id=366#primaryimage"},"thumbnailUrl":"https:\/\/salonkosmetyczny-niemcza.pl\/wp-content\/uploads\/2024\/02\/face-beautiful-girl-with-smoky-eyes-makeup-posing-dark-wall-scaled.jpg","datePublished":"2019-03-06T09:03:02+00:00","dateModified":"2024-05-17T13:53:01+00:00","breadcrumb":{"@id":"https:\/\/salonkosmetyczny-niemcza.pl\/?page_id=366#breadcrumb"},"inLanguage":"pl-PL","potentialAction":[{"@type":"ReadAction","target":["https:\/\/salonkosmetyczny-niemcza.pl\/?page_id=366"]}]},{"@type":"ImageObject","inLanguage":"pl-PL","@id":"https:\/\/salonkosmetyczny-niemcza.pl\/?page_id=366#primaryimage","url":"https:\/\/salonkosmetyczny-niemcza.pl\/wp-content\/uploads\/2024\/02\/face-beautiful-girl-with-smoky-eyes-makeup-posing-dark-wall-scaled.jpg","contentUrl":"https:\/\/salonkosmetyczny-niemcza.pl\/wp-content\/uploads\/2024\/02\/face-beautiful-girl-with-smoky-eyes-makeup-posing-dark-wall-scaled.jpg","width":2560,"height":1920,"caption":"Face of a beautiful girl with smoky eyes makeup posing at studio over dark background"},{"@type":"BreadcrumbList","@id":"https:\/\/salonkosmetyczny-niemcza.pl\/?page_id=366#breadcrumb","itemListElement":[{"@type":"ListItem","position":1,"name":"Strona g\u0142\u00f3wna","item":"https:\/\/salonkosmetyczny-niemcza.pl\/"},{"@type":"ListItem","position":2,"name":"Facelift Manual &#8211; Niechirurgiczny lifting twarzy"}]},{"@type":"WebSite","@id":"https:\/\/salonkosmetyczny-niemcza.pl\/#website","url":"https:\/\/salonkosmetyczny-niemcza.pl\/","name":"Ewa Kowal","description":"Gabinet Kosmetyczny","publisher":{"@id":"https:\/\/salonkosmetyczny-niemcza.pl\/#organization"},"potentialAction":[{"@type":"SearchAction","target":{"@type":"EntryPoint","urlTemplate":"https:\/\/salonkosmetyczny-niemcza.pl\/?s={search_term_string}"},"query-input":{"@type":"PropertyValueSpecification","valueRequired":true,"valueName":"search_term_string"}}],"inLanguage":"pl-PL"},{"@type":"Organization","@id":"https:\/\/salonkosmetyczny-niemcza.pl\/#organization","name":"Ewa Kowal","url":"https:\/\/salonkosmetyczny-niemcza.pl\/","logo":{"@type":"ImageObject","inLanguage":"pl-PL","@id":"https:\/\/salonkosmetyczny-niemcza.pl\/#\/schema\/logo\/image\/","url":"https:\/\/salonkosmetyczny-niemcza.pl\/wp-content\/uploads\/2023\/02\/cropped-ewakowal.png","contentUrl":"https:\/\/salonkosmetyczny-niemcza.pl\/wp-content\/uploads\/2023\/02\/cropped-ewakowal.png","width":189,"height":150,"caption":"Ewa Kowal"},"image":{"@id":"https:\/\/salonkosmetyczny-niemcza.pl\/#\/schema\/logo\/image\/"}}]}},"_links":{"self":[{"href":"https:\/\/salonkosmetyczny-niemcza.pl\/index.php?rest_route=\/wp\/v2\/pages\/366","targetHints":{"allow":["GET"]}}],"collection":[{"href":"https:\/\/salonkosmetyczny-niemcza.pl\/index.php?rest_route=\/wp\/v2\/pages"}],"about":[{"href":"https:\/\/salonkosmetyczny-niemcza.pl\/index.php?rest_route=\/wp\/v2\/types\/page"}],"author":[{"embeddable":true,"href":"https:\/\/salonkosmetyczny-niemcza.pl\/index.php?rest_route=\/wp\/v2\/users\/1"}],"replies":[{"embeddable":true,"href":"https:\/\/salonkosmetyczny-niemcza.pl\/index.php?rest_route=%2Fwp%2Fv2%2Fcomments&post=366"}],"version-history":[{"count":6,"href":"https:\/\/salonkosmetyczny-niemcza.pl\/index.php?rest_route=\/wp\/v2\/pages\/366\/revisions"}],"predecessor-version":[{"id":1276,"href":"https:\/\/salonkosmetyczny-niemcza.pl\/index.php?rest_route=\/wp\/v2\/pages\/366\/revisions\/1276"}],"wp:featuredmedia":[{"embeddable":true,"href":"https:\/\/salonkosmetyczny-niemcza.pl\/index.php?rest_route=\/wp\/v2\/media\/1239"}],"wp:attachment":[{"href":"https:\/\/salonkosmetyczny-niemcza.pl\/index.php?rest_route=%2Fwp%2Fv2%2Fmedia&parent=366"}],"curies":[{"name":"wp","href":"https:\/\/api.w.org\/{rel}","templated":true}]}}