{"id":197,"date":"2018-09-18T08:22:08","date_gmt":"2018-09-18T06:22:08","guid":{"rendered":"https:\/\/serwer1331410.home.pl\/home\/salonkosea\/www\/?page_id=197"},"modified":"2024-02-29T20:19:56","modified_gmt":"2024-02-29T19:19:56","slug":"pedicure","status":"publish","type":"page","link":"https:\/\/salonkosmetyczny-niemcza.pl\/?page_id=197","title":{"rendered":"Pedicure"},"content":{"rendered":"\t\t<div data-elementor-type=\"wp-page\" data-elementor-id=\"197\" class=\"elementor elementor-197\">\n\t\t\t\t\t\t<section class=\"elementor-section elementor-top-section elementor-element elementor-element-f758a67 elementor-section-boxed elementor-section-height-default elementor-section-height-default wpr-particle-no wpr-jarallax-no wpr-parallax-no wpr-sticky-section-no\" data-id=\"f758a67\" data-element_type=\"section\">\n\t\t\t\t\t\t<div class=\"elementor-container elementor-column-gap-default\">\n\t\t\t\t\t<div class=\"elementor-column elementor-col-100 elementor-top-column elementor-element elementor-element-021f006\" data-id=\"021f006\" data-element_type=\"column\">\n\t\t\t<div class=\"elementor-widget-wrap elementor-element-populated\">\n\t\t\t\t\t\t<div class=\"elementor-element elementor-element-1c024eb elementor-widget elementor-widget-text-editor\" data-id=\"1c024eb\" data-element_type=\"widget\" data-widget_type=\"text-editor.default\">\n\t\t\t\t<div class=\"elementor-widget-container\">\n\t\t\t\t\t\t\t\t\t<p>W codziennym zabieganiu cz\u0119sto zapominamy o piel\u0119gnacji st\u00f3p, kt\u00f3re s\u0105 przecie\u017c niezwykle wa\u017cnym elementem naszego zdrowia i samopoczucia. W <strong>Gabinecie Kosmetycznym &#8222;Ewa Kowal Kosmetologia Estetyczna&#8221;<\/strong> doskonale rozumiemy, jak istotne jest zadbanie o kondycj\u0119 st\u00f3p, dlatego oferujemy profesjonalne zabiegi pedicure, kt\u00f3re nie tylko poprawiaj\u0105 wygl\u0105d, ale tak\u017ce zapewniaj\u0105 relaks i odpr\u0119\u017cenie.<\/p>\t\t\t\t\t\t\t\t<\/div>\n\t\t\t\t<\/div>\n\t\t\t\t<div class=\"elementor-element elementor-element-12495aa elementor-widget elementor-widget-heading\" data-id=\"12495aa\" data-element_type=\"widget\" data-widget_type=\"heading.default\">\n\t\t\t\t<div class=\"elementor-widget-container\">\n\t\t\t\t\t<h1 class=\"elementor-heading-title elementor-size-default\">Dlaczego warto zadba\u0107 o pedicure?<\/h1>\t\t\t\t<\/div>\n\t\t\t\t<\/div>\n\t\t\t\t<section class=\"elementor-section elementor-inner-section elementor-element elementor-element-b9964ea elementor-section-content-middle elementor-section-boxed elementor-section-height-default elementor-section-height-default wpr-particle-no wpr-jarallax-no wpr-parallax-no wpr-sticky-section-no\" data-id=\"b9964ea\" data-element_type=\"section\">\n\t\t\t\t\t\t<div class=\"elementor-container elementor-column-gap-default\">\n\t\t\t\t\t<div class=\"elementor-column elementor-col-50 elementor-inner-column elementor-element elementor-element-533f8a3\" data-id=\"533f8a3\" data-element_type=\"column\">\n\t\t\t<div class=\"elementor-widget-wrap elementor-element-populated\">\n\t\t\t\t\t\t<div class=\"elementor-element elementor-element-e8f9703 elementor-widget elementor-widget-text-editor\" data-id=\"e8f9703\" data-element_type=\"widget\" data-widget_type=\"text-editor.default\">\n\t\t\t\t<div class=\"elementor-widget-container\">\n\t\t\t\t\t\t\t\t\t<p>Pedicure to nie tylko kwestia estetyki, ale tak\u017ce zdrowia st\u00f3p. Regularne wizyty u kosmetyczki nie tylko pozwalaj\u0105 zachowa\u0107 stopy w dobrej kondycji, ale tak\u017ce zapobiegaj\u0105 problemom takim jak odciski, p\u0119kaj\u0105ce pi\u0119ty czy wrastaj\u0105ce paznokcie. Ponadto, pedicure to tak\u017ce chwila relaksu, kt\u00f3ra pozwala nam odpocz\u0105\u0107 i zregenerowa\u0107 si\u0119 po ci\u0119\u017ckim dniu.<\/p>\t\t\t\t\t\t\t\t<\/div>\n\t\t\t\t<\/div>\n\t\t\t\t\t<\/div>\n\t\t<\/div>\n\t\t\t\t<div class=\"elementor-column elementor-col-50 elementor-inner-column elementor-element elementor-element-b0335a8\" data-id=\"b0335a8\" data-element_type=\"column\">\n\t\t\t<div class=\"elementor-widget-wrap elementor-element-populated\">\n\t\t\t\t\t\t<div class=\"elementor-element elementor-element-9e9062a elementor-widget elementor-widget-image\" data-id=\"9e9062a\" data-element_type=\"widget\" data-widget_type=\"image.default\">\n\t\t\t\t<div class=\"elementor-widget-container\">\n\t\t\t\t\t\t\t\t\t\t\t\t\t\t\t<img fetchpriority=\"high\" decoding=\"async\" width=\"1024\" height=\"768\" src=\"http:\/\/salonkosmetyczny-niemcza.pl\/wp-content\/uploads\/2024\/02\/pedicurist-master-makes-pedicure-woman-s-legs-spa-treatment-concept-1024x768.jpg\" class=\"attachment-large size-large wp-image-1087\" alt=\"\" srcset=\"http:\/\/salonkosmetyczny-niemcza.pl\/wp-content\/uploads\/2024\/02\/pedicurist-master-makes-pedicure-woman-s-legs-spa-treatment-concept-1024x768.jpg 1024w, http:\/\/salonkosmetyczny-niemcza.pl\/wp-content\/uploads\/2024\/02\/pedicurist-master-makes-pedicure-woman-s-legs-spa-treatment-concept-300x225.jpg 300w, http:\/\/salonkosmetyczny-niemcza.pl\/wp-content\/uploads\/2024\/02\/pedicurist-master-makes-pedicure-woman-s-legs-spa-treatment-concept-768x576.jpg 768w, http:\/\/salonkosmetyczny-niemcza.pl\/wp-content\/uploads\/2024\/02\/pedicurist-master-makes-pedicure-woman-s-legs-spa-treatment-concept-1536x1152.jpg 1536w, http:\/\/salonkosmetyczny-niemcza.pl\/wp-content\/uploads\/2024\/02\/pedicurist-master-makes-pedicure-woman-s-legs-spa-treatment-concept-2048x1536.jpg 2048w, http:\/\/salonkosmetyczny-niemcza.pl\/wp-content\/uploads\/2024\/02\/pedicurist-master-makes-pedicure-woman-s-legs-spa-treatment-concept-80x60.jpg 80w, http:\/\/salonkosmetyczny-niemcza.pl\/wp-content\/uploads\/2024\/02\/pedicurist-master-makes-pedicure-woman-s-legs-spa-treatment-concept-640x480.jpg 640w, http:\/\/salonkosmetyczny-niemcza.pl\/wp-content\/uploads\/2024\/02\/pedicurist-master-makes-pedicure-woman-s-legs-spa-treatment-concept-110x83.jpg 110w\" sizes=\"(max-width: 1024px) 100vw, 1024px\" \/>\t\t\t\t\t\t\t\t\t\t\t\t\t\t\t<\/div>\n\t\t\t\t<\/div>\n\t\t\t\t\t<\/div>\n\t\t<\/div>\n\t\t\t\t\t<\/div>\n\t\t<\/section>\n\t\t\t\t<div class=\"elementor-element elementor-element-90b01cf elementor-widget elementor-widget-eael-feature-list\" data-id=\"90b01cf\" data-element_type=\"widget\" data-widget_type=\"eael-feature-list.default\">\n\t\t\t\t<div class=\"elementor-widget-container\">\n\t\t\t\t\t\t\t<div class=\"-icon-position-left -tablet-icon-position-left -mobile-icon-position-left\">\n\t\t\t<ul id=\"eael-feature-list-90b01cf\" class=\"eael-feature-list-items circle stacked  eael-feature-list-vertical\">\n\t\t\t                <li class=\"eael-feature-list-item elementor-repeater-item-04d4ad5\">\n                    \n\t\t\t\t\t\t<div class=\"eael-feature-list-icon-box\">\n\t\t\t\t\t\t\t<div class=\"eael-feature-list-icon-inner\">\n\n\t\t\t\t\t\t\t\t<span class=\"eael-feature-list-icon fl-icon-0\">\n\n\t\t<i aria-hidden=\"true\" class=\"fas fa-feather-alt\"><\/i>\t\t\t\t\t\t\t\t<\/span>\n\t\t\t\t\t\t\t<\/div>\n\t\t\t\t\t\t<\/div>\n\t\t\t\t\t\t<div class=\"eael-feature-list-content-box\">\n                            <h2 class=\"eael-feature-list-title\">Pedicure klasyczny<\/h2>\t\t\t\t\t\t<p class=\"eael-feature-list-content\">To podstawowy zabieg polegaj\u0105cy na piel\u0119gnacji paznokci i st\u00f3p. Obejmuje on skr\u00f3cenie paznokci, usuni\u0119cie zrogowacia\u0142ej sk\u00f3ry, a tak\u017ce na\u0142o\u017cenie od\u017cywki lub lakieru. Zadbamy o ka\u017cdy detal, tak aby efekt ko\u0144cowy by\u0142 perfekcyjny.<\/p>\n\t\t\t\t\t\t<\/div>\n\n\t\t\t\t\t<\/li>\n\t\t\t\t                <li class=\"eael-feature-list-item elementor-repeater-item-7963074\">\n                    \n\t\t\t\t\t\t<div class=\"eael-feature-list-icon-box\">\n\t\t\t\t\t\t\t<div class=\"eael-feature-list-icon-inner\">\n\n\t\t\t\t\t\t\t\t<span class=\"eael-feature-list-icon fl-icon-1\">\n\n\t\t<i aria-hidden=\"true\" class=\"fas fa-feather-alt\"><\/i>\t\t\t\t\t\t\t\t<\/span>\n\t\t\t\t\t\t\t<\/div>\n\t\t\t\t\t\t<\/div>\n\t\t\t\t\t\t<div class=\"eael-feature-list-content-box\">\n                            <h2 class=\"eael-feature-list-title\">Pedicure hybrydowy<\/h2>\t\t\t\t\t\t<p class=\"eael-feature-list-content\">Dla os\u00f3b ceni\u0105cych trwa\u0142o\u015b\u0107 i intensywno\u015b\u0107 koloru, proponujemy pedicure hybrydowy. Dzi\u0119ki zastosowaniu specjalnych lakier\u00f3w hybrydowych, paznokcie zachowuj\u0105 \u015bwie\u017cy wygl\u0105d nawet przez wiele tygodni.<\/p>\n\t\t\t\t\t\t<\/div>\n\n\t\t\t\t\t<\/li>\n\t\t\t\t                <li class=\"eael-feature-list-item elementor-repeater-item-79cfcc4\">\n                    \n\t\t\t\t\t\t<div class=\"eael-feature-list-icon-box\">\n\t\t\t\t\t\t\t<div class=\"eael-feature-list-icon-inner\">\n\n\t\t\t\t\t\t\t\t<span class=\"eael-feature-list-icon fl-icon-2\">\n\n\t\t<i aria-hidden=\"true\" class=\"fas fa-feather-alt\"><\/i>\t\t\t\t\t\t\t\t<\/span>\n\t\t\t\t\t\t\t<\/div>\n\t\t\t\t\t\t<\/div>\n\t\t\t\t\t\t<div class=\"eael-feature-list-content-box\">\n                            <h2 class=\"eael-feature-list-title\">Pedicure z masa\u017cem<\/h2>\t\t\t\t\t\t<p class=\"eael-feature-list-content\">Ten luksusowy zabieg to doskona\u0142e rozwi\u0105zanie dla os\u00f3b pragn\u0105cych zregenerowa\u0107 zm\u0119czone stopy. Po zako\u0144czonym pedicure czeka na Ciebie relaksuj\u0105cy masa\u017c st\u00f3p, kt\u00f3ry pozwala oderwa\u0107 si\u0119 od codziennych zmartwie\u0144 i zrelaksowa\u0107 si\u0119 w przyjemnej atmosferze naszego gabinetu.<\/p>\n\t\t\t\t\t\t<\/div>\n\n\t\t\t\t\t<\/li>\n\t\t\t\t\t\t\t<\/ul>\n\t\t<\/div>\n\t\t\t\t\t\t<\/div>\n\t\t\t\t<\/div>\n\t\t\t\t<div class=\"elementor-element elementor-element-ef41128 elementor-widget elementor-widget-text-editor\" data-id=\"ef41128\" data-element_type=\"widget\" data-widget_type=\"text-editor.default\">\n\t\t\t\t<div class=\"elementor-widget-container\">\n\t\t\t\t\t\t\t\t\t<p>Mo\u017cesz by\u0107 pewna, \u017ce Twoje stopy s\u0105 w najlepszych r\u0119kach. Ka\u017cdy zabieg dopasowany jest do indywidualnych potrzeb i oczekiwa\u0144 klienta. Zapewniamy fachowe doradztwo i pomoc w doborze najlepszego rozwi\u0105zania.\u00a0<\/p><p>Zabiegi pedicure w Gabinecie Kosmetycznym <strong>&#8222;Ewa Kowal Kosmetologia Estetyczna&#8221;<\/strong> to gwarancja pi\u0119knych i zdrowych st\u00f3p. Zapewnimy perfekcyjny wygl\u0105d Twoim stopom oraz chwil\u0119 relaksu w przyjemnej atmosferze. <\/p>\t\t\t\t\t\t\t\t<\/div>\n\t\t\t\t<\/div>\n\t\t\t\t\t<\/div>\n\t\t<\/div>\n\t\t\t\t\t<\/div>\n\t\t<\/section>\n\t\t\t\t<\/div>\n\t\t","protected":false},"excerpt":{"rendered":"<p>W codziennym zabieganiu cz\u0119sto zapominamy o piel\u0119gnacji st\u00f3p, kt\u00f3re s\u0105 przecie\u017c niezwykle wa\u017cnym elementem naszego zdrowia i samopoczucia. W Gabinecie Kosmetycznym &#8222;Ewa Kowal Kosmetologia Estetyczna&#8221; doskonale rozumiemy, jak istotne jest &hellip; <\/p>\n","protected":false},"author":1,"featured_media":1087,"parent":0,"menu_order":0,"comment_status":"closed","ping_status":"open","template":"","meta":{"footnotes":""},"class_list":["post-197","page","type-page","status-publish","has-post-thumbnail","hentry"],"yoast_head":"<!-- This site is optimized with the Yoast SEO plugin v25.6 - https:\/\/yoast.com\/wordpress\/plugins\/seo\/ -->\n<title>Pedicure - Ewa Kowal<\/title>\n<meta name=\"robots\" content=\"index, follow, max-snippet:-1, max-image-preview:large, max-video-preview:-1\" \/>\n<link rel=\"canonical\" href=\"http:\/\/salonkosmetyczny-niemcza.pl\/?page_id=197\" \/>\n<meta property=\"og:locale\" content=\"pl_PL\" \/>\n<meta property=\"og:type\" content=\"article\" \/>\n<meta property=\"og:title\" content=\"Pedicure - Ewa Kowal\" \/>\n<meta property=\"og:description\" content=\"W codziennym zabieganiu cz\u0119sto zapominamy o piel\u0119gnacji st\u00f3p, kt\u00f3re s\u0105 przecie\u017c niezwykle wa\u017cnym elementem naszego zdrowia i samopoczucia. W Gabinecie Kosmetycznym &#8222;Ewa Kowal Kosmetologia Estetyczna&#8221; doskonale rozumiemy, jak istotne jest &hellip;\" \/>\n<meta property=\"og:url\" content=\"http:\/\/salonkosmetyczny-niemcza.pl\/?page_id=197\" \/>\n<meta property=\"og:site_name\" content=\"Ewa Kowal\" \/>\n<meta property=\"article:modified_time\" content=\"2024-02-29T19:19:56+00:00\" \/>\n<meta property=\"og:image\" content=\"http:\/\/salonkosmetyczny-niemcza.pl\/wp-content\/uploads\/2024\/02\/pedicurist-master-makes-pedicure-woman-s-legs-spa-treatment-concept-scaled.jpg\" \/>\n\t<meta property=\"og:image:width\" content=\"2560\" \/>\n\t<meta property=\"og:image:height\" content=\"1920\" \/>\n\t<meta property=\"og:image:type\" content=\"image\/jpeg\" \/>\n<meta name=\"twitter:card\" content=\"summary_large_image\" \/>\n<meta name=\"twitter:label1\" content=\"Szacowany czas czytania\" \/>\n\t<meta name=\"twitter:data1\" content=\"2 minuty\" \/>\n<script type=\"application\/ld+json\" class=\"yoast-schema-graph\">{\"@context\":\"https:\/\/schema.org\",\"@graph\":[{\"@type\":\"WebPage\",\"@id\":\"http:\/\/salonkosmetyczny-niemcza.pl\/?page_id=197\",\"url\":\"http:\/\/salonkosmetyczny-niemcza.pl\/?page_id=197\",\"name\":\"Pedicure - Ewa Kowal\",\"isPartOf\":{\"@id\":\"http:\/\/salonkosmetyczny-niemcza.pl\/#website\"},\"primaryImageOfPage\":{\"@id\":\"http:\/\/salonkosmetyczny-niemcza.pl\/?page_id=197#primaryimage\"},\"image\":{\"@id\":\"http:\/\/salonkosmetyczny-niemcza.pl\/?page_id=197#primaryimage\"},\"thumbnailUrl\":\"https:\/\/salonkosmetyczny-niemcza.pl\/wp-content\/uploads\/2024\/02\/pedicurist-master-makes-pedicure-woman-s-legs-spa-treatment-concept-scaled.jpg\",\"datePublished\":\"2018-09-18T06:22:08+00:00\",\"dateModified\":\"2024-02-29T19:19:56+00:00\",\"breadcrumb\":{\"@id\":\"http:\/\/salonkosmetyczny-niemcza.pl\/?page_id=197#breadcrumb\"},\"inLanguage\":\"pl-PL\",\"potentialAction\":[{\"@type\":\"ReadAction\",\"target\":[\"http:\/\/salonkosmetyczny-niemcza.pl\/?page_id=197\"]}]},{\"@type\":\"ImageObject\",\"inLanguage\":\"pl-PL\",\"@id\":\"http:\/\/salonkosmetyczny-niemcza.pl\/?page_id=197#primaryimage\",\"url\":\"https:\/\/salonkosmetyczny-niemcza.pl\/wp-content\/uploads\/2024\/02\/pedicurist-master-makes-pedicure-woman-s-legs-spa-treatment-concept-scaled.jpg\",\"contentUrl\":\"https:\/\/salonkosmetyczny-niemcza.pl\/wp-content\/uploads\/2024\/02\/pedicurist-master-makes-pedicure-woman-s-legs-spa-treatment-concept-scaled.jpg\",\"width\":2560,\"height\":1920,\"caption\":\"Pedicurist master makes pedicure on woman's legs - Spa treatment concept\"},{\"@type\":\"BreadcrumbList\",\"@id\":\"http:\/\/salonkosmetyczny-niemcza.pl\/?page_id=197#breadcrumb\",\"itemListElement\":[{\"@type\":\"ListItem\",\"position\":1,\"name\":\"Strona g\u0142\u00f3wna\",\"item\":\"http:\/\/salonkosmetyczny-niemcza.pl\/\"},{\"@type\":\"ListItem\",\"position\":2,\"name\":\"Pedicure\"}]},{\"@type\":\"WebSite\",\"@id\":\"http:\/\/salonkosmetyczny-niemcza.pl\/#website\",\"url\":\"http:\/\/salonkosmetyczny-niemcza.pl\/\",\"name\":\"Ewa Kowal\",\"description\":\"Gabinet Kosmetyczny\",\"publisher\":{\"@id\":\"http:\/\/salonkosmetyczny-niemcza.pl\/#organization\"},\"potentialAction\":[{\"@type\":\"SearchAction\",\"target\":{\"@type\":\"EntryPoint\",\"urlTemplate\":\"http:\/\/salonkosmetyczny-niemcza.pl\/?s={search_term_string}\"},\"query-input\":{\"@type\":\"PropertyValueSpecification\",\"valueRequired\":true,\"valueName\":\"search_term_string\"}}],\"inLanguage\":\"pl-PL\"},{\"@type\":\"Organization\",\"@id\":\"http:\/\/salonkosmetyczny-niemcza.pl\/#organization\",\"name\":\"Ewa Kowal\",\"url\":\"http:\/\/salonkosmetyczny-niemcza.pl\/\",\"logo\":{\"@type\":\"ImageObject\",\"inLanguage\":\"pl-PL\",\"@id\":\"http:\/\/salonkosmetyczny-niemcza.pl\/#\/schema\/logo\/image\/\",\"url\":\"https:\/\/salonkosmetyczny-niemcza.pl\/wp-content\/uploads\/2023\/02\/cropped-ewakowal.png\",\"contentUrl\":\"https:\/\/salonkosmetyczny-niemcza.pl\/wp-content\/uploads\/2023\/02\/cropped-ewakowal.png\",\"width\":189,\"height\":150,\"caption\":\"Ewa Kowal\"},\"image\":{\"@id\":\"http:\/\/salonkosmetyczny-niemcza.pl\/#\/schema\/logo\/image\/\"}}]}<\/script>\n<!-- \/ Yoast SEO plugin. -->","yoast_head_json":{"title":"Pedicure - Ewa Kowal","robots":{"index":"index","follow":"follow","max-snippet":"max-snippet:-1","max-image-preview":"max-image-preview:large","max-video-preview":"max-video-preview:-1"},"canonical":"http:\/\/salonkosmetyczny-niemcza.pl\/?page_id=197","og_locale":"pl_PL","og_type":"article","og_title":"Pedicure - Ewa Kowal","og_description":"W codziennym zabieganiu cz\u0119sto zapominamy o piel\u0119gnacji st\u00f3p, kt\u00f3re s\u0105 przecie\u017c niezwykle wa\u017cnym elementem naszego zdrowia i samopoczucia. W Gabinecie Kosmetycznym &#8222;Ewa Kowal Kosmetologia Estetyczna&#8221; doskonale rozumiemy, jak istotne jest &hellip;","og_url":"http:\/\/salonkosmetyczny-niemcza.pl\/?page_id=197","og_site_name":"Ewa Kowal","article_modified_time":"2024-02-29T19:19:56+00:00","og_image":[{"width":2560,"height":1920,"url":"http:\/\/salonkosmetyczny-niemcza.pl\/wp-content\/uploads\/2024\/02\/pedicurist-master-makes-pedicure-woman-s-legs-spa-treatment-concept-scaled.jpg","type":"image\/jpeg"}],"twitter_card":"summary_large_image","twitter_misc":{"Szacowany czas czytania":"2 minuty"},"schema":{"@context":"https:\/\/schema.org","@graph":[{"@type":"WebPage","@id":"http:\/\/salonkosmetyczny-niemcza.pl\/?page_id=197","url":"http:\/\/salonkosmetyczny-niemcza.pl\/?page_id=197","name":"Pedicure - Ewa Kowal","isPartOf":{"@id":"http:\/\/salonkosmetyczny-niemcza.pl\/#website"},"primaryImageOfPage":{"@id":"http:\/\/salonkosmetyczny-niemcza.pl\/?page_id=197#primaryimage"},"image":{"@id":"http:\/\/salonkosmetyczny-niemcza.pl\/?page_id=197#primaryimage"},"thumbnailUrl":"https:\/\/salonkosmetyczny-niemcza.pl\/wp-content\/uploads\/2024\/02\/pedicurist-master-makes-pedicure-woman-s-legs-spa-treatment-concept-scaled.jpg","datePublished":"2018-09-18T06:22:08+00:00","dateModified":"2024-02-29T19:19:56+00:00","breadcrumb":{"@id":"http:\/\/salonkosmetyczny-niemcza.pl\/?page_id=197#breadcrumb"},"inLanguage":"pl-PL","potentialAction":[{"@type":"ReadAction","target":["http:\/\/salonkosmetyczny-niemcza.pl\/?page_id=197"]}]},{"@type":"ImageObject","inLanguage":"pl-PL","@id":"http:\/\/salonkosmetyczny-niemcza.pl\/?page_id=197#primaryimage","url":"https:\/\/salonkosmetyczny-niemcza.pl\/wp-content\/uploads\/2024\/02\/pedicurist-master-makes-pedicure-woman-s-legs-spa-treatment-concept-scaled.jpg","contentUrl":"https:\/\/salonkosmetyczny-niemcza.pl\/wp-content\/uploads\/2024\/02\/pedicurist-master-makes-pedicure-woman-s-legs-spa-treatment-concept-scaled.jpg","width":2560,"height":1920,"caption":"Pedicurist master makes pedicure on woman's legs - Spa treatment concept"},{"@type":"BreadcrumbList","@id":"http:\/\/salonkosmetyczny-niemcza.pl\/?page_id=197#breadcrumb","itemListElement":[{"@type":"ListItem","position":1,"name":"Strona g\u0142\u00f3wna","item":"http:\/\/salonkosmetyczny-niemcza.pl\/"},{"@type":"ListItem","position":2,"name":"Pedicure"}]},{"@type":"WebSite","@id":"http:\/\/salonkosmetyczny-niemcza.pl\/#website","url":"http:\/\/salonkosmetyczny-niemcza.pl\/","name":"Ewa Kowal","description":"Gabinet Kosmetyczny","publisher":{"@id":"http:\/\/salonkosmetyczny-niemcza.pl\/#organization"},"potentialAction":[{"@type":"SearchAction","target":{"@type":"EntryPoint","urlTemplate":"http:\/\/salonkosmetyczny-niemcza.pl\/?s={search_term_string}"},"query-input":{"@type":"PropertyValueSpecification","valueRequired":true,"valueName":"search_term_string"}}],"inLanguage":"pl-PL"},{"@type":"Organization","@id":"http:\/\/salonkosmetyczny-niemcza.pl\/#organization","name":"Ewa Kowal","url":"http:\/\/salonkosmetyczny-niemcza.pl\/","logo":{"@type":"ImageObject","inLanguage":"pl-PL","@id":"http:\/\/salonkosmetyczny-niemcza.pl\/#\/schema\/logo\/image\/","url":"https:\/\/salonkosmetyczny-niemcza.pl\/wp-content\/uploads\/2023\/02\/cropped-ewakowal.png","contentUrl":"https:\/\/salonkosmetyczny-niemcza.pl\/wp-content\/uploads\/2023\/02\/cropped-ewakowal.png","width":189,"height":150,"caption":"Ewa Kowal"},"image":{"@id":"http:\/\/salonkosmetyczny-niemcza.pl\/#\/schema\/logo\/image\/"}}]}},"_links":{"self":[{"href":"https:\/\/salonkosmetyczny-niemcza.pl\/index.php?rest_route=\/wp\/v2\/pages\/197","targetHints":{"allow":["GET"]}}],"collection":[{"href":"https:\/\/salonkosmetyczny-niemcza.pl\/index.php?rest_route=\/wp\/v2\/pages"}],"about":[{"href":"https:\/\/salonkosmetyczny-niemcza.pl\/index.php?rest_route=\/wp\/v2\/types\/page"}],"author":[{"embeddable":true,"href":"https:\/\/salonkosmetyczny-niemcza.pl\/index.php?rest_route=\/wp\/v2\/users\/1"}],"replies":[{"embeddable":true,"href":"https:\/\/salonkosmetyczny-niemcza.pl\/index.php?rest_route=%2Fwp%2Fv2%2Fcomments&post=197"}],"version-history":[{"count":16,"href":"https:\/\/salonkosmetyczny-niemcza.pl\/index.php?rest_route=\/wp\/v2\/pages\/197\/revisions"}],"predecessor-version":[{"id":1098,"href":"https:\/\/salonkosmetyczny-niemcza.pl\/index.php?rest_route=\/wp\/v2\/pages\/197\/revisions\/1098"}],"wp:featuredmedia":[{"embeddable":true,"href":"https:\/\/salonkosmetyczny-niemcza.pl\/index.php?rest_route=\/wp\/v2\/media\/1087"}],"wp:attachment":[{"href":"https:\/\/salonkosmetyczny-niemcza.pl\/index.php?rest_route=%2Fwp%2Fv2%2Fmedia&parent=197"}],"curies":[{"name":"wp","href":"https:\/\/api.w.org\/{rel}","templated":true}]}}