{"id":186,"date":"2018-09-18T08:18:16","date_gmt":"2018-09-18T06:18:16","guid":{"rendered":"https:\/\/serwer1331410.home.pl\/home\/salonkosea\/www\/?page_id=186"},"modified":"2024-02-29T20:19:56","modified_gmt":"2024-02-29T19:19:56","slug":"nanofrax","status":"publish","type":"page","link":"https:\/\/salonkosmetyczny-niemcza.pl\/?page_id=186","title":{"rendered":"Nanofrax"},"content":{"rendered":"\t\t<div data-elementor-type=\"wp-page\" data-elementor-id=\"186\" class=\"elementor elementor-186\">\n\t\t\t\t\t\t<section class=\"elementor-section elementor-top-section elementor-element elementor-element-5270aca elementor-section-boxed elementor-section-height-default elementor-section-height-default wpr-particle-no wpr-jarallax-no wpr-parallax-no wpr-sticky-section-no\" data-id=\"5270aca\" data-element_type=\"section\">\n\t\t\t\t\t\t<div class=\"elementor-container elementor-column-gap-default\">\n\t\t\t\t\t<div class=\"elementor-column elementor-col-100 elementor-top-column elementor-element elementor-element-82808f5\" data-id=\"82808f5\" data-element_type=\"column\">\n\t\t\t<div class=\"elementor-widget-wrap elementor-element-populated\">\n\t\t\t\t\t\t<div class=\"elementor-element elementor-element-76f21d9e elementor-widget elementor-widget-text-editor\" data-id=\"76f21d9e\" data-element_type=\"widget\" data-widget_type=\"text-editor.default\">\n\t\t\t\t<div class=\"elementor-widget-container\">\n\t\t\t\t\t\t\t\t\t<article><strong>NANOFRAX<\/strong><strong>\u00a0<\/strong>\u00a0to urz\u0105dzenie do wykonywania mezoterapii frakcyjnej na poziomie nask\u00f3rka i sk\u00f3ry w\u0142a\u015bciwej. Urz\u0105dzenie pozwala na stosowanie dw\u00f3ch rodzaj\u00f3w terapii frakcyjnych:\n\n&#8211; Nanoterapii \u2013 bezbolesnej metody nanoiniekcyjnego podania substancji czynnej do nask\u00f3rka.\n\n&#8211; Mezoterepii mikroig\u0142owej \u2013 metoda mikroiniekcyjnego podania substancji aktywnej do nask\u00f3rka i sk\u00f3ry w\u0142a\u015bciwej, kt\u00f3rej towarzyszy stan zapalny, uwalnianie czynnik\u00f3w wzrostu z krwi oraz remodeling sk\u00f3ry.\n\n<strong>NANOFRAX<\/strong>\u00a0\u2013 dzi\u0119ki mo\u017cliwo\u015bci wykorzystywania dw\u00f3ch rodzaj\u00f3w terapii, urz\u0105dzenie jest wykorzystywane przez ca\u0142y rok i oferuje niestandardowe zabiegi r\u00f3wnie\u017c na powieki, czerwie\u0144 wargow\u0105 oraz dla sk\u00f3r bardzo wra\u017cliwych.\n\n<img fetchpriority=\"high\" decoding=\"async\" class=\"aligncenter size-large wp-image-126\" src=\"http:\/\/wordpress.test\/wp-content\/uploads\/2018\/09\/P2360424-1024x683.jpg\" alt=\"\" width=\"1024\" height=\"683\" \/>\n\n<strong>SPECYFIKACJA HIPOALERGICZNYCH KARTRID\u017bY<\/strong>\n\n<strong>NANO<\/strong>\n\n\u2022 \u015arednica ig\u0142y: 90 \u00b5m\n\u2022 Materia\u0142: tytan\n\u2022 Ilo\u015b\u0107 igie\u0142: 70\n\u2022 D\u0142ugo\u015b\u0107 igie\u0142: 0,15 mm, czyli 150 \u00b5m\n(grubo\u015b\u0107 stratum corneum 15-150 \u00b5m)\n\u2022 Ilo\u015b\u0107 nanonak\u0142u\u0107 na minut\u0119: 420 000, 490 000, 560 000\n\n&nbsp;\n\n<strong>MICRO<\/strong>\n\n\u2022 \u015arednica ig\u0142y: 300 \u00b5m\n\u2022 Materia\u0142: tytan\n\u2022 Ilo\u015b\u0107 igie\u0142: 11\n\u2022 D\u0142ugo\u015b\u0107 igie\u0142 regulowana: 0.1 -2.5 mm\n\u2022 Ilo\u015b\u0107 mikronak\u0142u\u0107 na minut\u0119: 66 000, 77 000, 88 000\n\n<\/article>\t\t\t\t\t\t\t\t<\/div>\n\t\t\t\t<\/div>\n\t\t\t\t\t<\/div>\n\t\t<\/div>\n\t\t\t\t\t<\/div>\n\t\t<\/section>\n\t\t\t\t<\/div>\n\t\t","protected":false},"excerpt":{"rendered":"<p>NANOFRAX\u00a0\u00a0to urz\u0105dzenie do wykonywania mezoterapii frakcyjnej na poziomie nask\u00f3rka i sk\u00f3ry w\u0142a\u015bciwej. Urz\u0105dzenie pozwala na stosowanie dw\u00f3ch rodzaj\u00f3w terapii frakcyjnych: &#8211; Nanoterapii \u2013 bezbolesnej metody nanoiniekcyjnego podania substancji czynnej do &hellip; <\/p>\n","protected":false},"author":1,"featured_media":187,"parent":0,"menu_order":0,"comment_status":"closed","ping_status":"closed","template":"","meta":{"footnotes":""},"class_list":["post-186","page","type-page","status-publish","has-post-thumbnail","hentry"],"yoast_head":"<!-- This site is optimized with the Yoast SEO plugin v25.6 - https:\/\/yoast.com\/wordpress\/plugins\/seo\/ -->\n<title>Nanofrax - Ewa Kowal<\/title>\n<meta name=\"robots\" content=\"index, follow, max-snippet:-1, max-image-preview:large, max-video-preview:-1\" \/>\n<link rel=\"canonical\" href=\"https:\/\/salonkosmetyczny-niemcza.pl\/?page_id=186\" \/>\n<meta property=\"og:locale\" content=\"pl_PL\" \/>\n<meta property=\"og:type\" content=\"article\" \/>\n<meta property=\"og:title\" content=\"Nanofrax - Ewa Kowal\" \/>\n<meta property=\"og:description\" content=\"NANOFRAX\u00a0\u00a0to urz\u0105dzenie do wykonywania mezoterapii frakcyjnej na poziomie nask\u00f3rka i sk\u00f3ry w\u0142a\u015bciwej. Urz\u0105dzenie pozwala na stosowanie dw\u00f3ch rodzaj\u00f3w terapii frakcyjnych: &#8211; Nanoterapii \u2013 bezbolesnej metody nanoiniekcyjnego podania substancji czynnej do &hellip;\" \/>\n<meta property=\"og:url\" content=\"https:\/\/salonkosmetyczny-niemcza.pl\/?page_id=186\" \/>\n<meta property=\"og:site_name\" content=\"Ewa Kowal\" \/>\n<meta property=\"article:modified_time\" content=\"2024-02-29T19:19:56+00:00\" \/>\n<meta property=\"og:image\" content=\"https:\/\/salonkosmetyczny-niemcza.pl\/wp-content\/uploads\/2018\/09\/P2360424.jpg\" \/>\n\t<meta property=\"og:image:width\" content=\"1024\" \/>\n\t<meta property=\"og:image:height\" content=\"683\" \/>\n\t<meta property=\"og:image:type\" content=\"image\/jpeg\" \/>\n<meta name=\"twitter:card\" content=\"summary_large_image\" \/>\n<meta name=\"twitter:label1\" content=\"Szacowany czas czytania\" \/>\n\t<meta name=\"twitter:data1\" content=\"1 minuta\" \/>\n<script type=\"application\/ld+json\" class=\"yoast-schema-graph\">{\"@context\":\"https:\/\/schema.org\",\"@graph\":[{\"@type\":\"WebPage\",\"@id\":\"https:\/\/salonkosmetyczny-niemcza.pl\/?page_id=186\",\"url\":\"https:\/\/salonkosmetyczny-niemcza.pl\/?page_id=186\",\"name\":\"Nanofrax - Ewa Kowal\",\"isPartOf\":{\"@id\":\"https:\/\/salonkosmetyczny-niemcza.pl\/#website\"},\"primaryImageOfPage\":{\"@id\":\"https:\/\/salonkosmetyczny-niemcza.pl\/?page_id=186#primaryimage\"},\"image\":{\"@id\":\"https:\/\/salonkosmetyczny-niemcza.pl\/?page_id=186#primaryimage\"},\"thumbnailUrl\":\"https:\/\/salonkosmetyczny-niemcza.pl\/wp-content\/uploads\/2018\/09\/P2360424.jpg\",\"datePublished\":\"2018-09-18T06:18:16+00:00\",\"dateModified\":\"2024-02-29T19:19:56+00:00\",\"breadcrumb\":{\"@id\":\"https:\/\/salonkosmetyczny-niemcza.pl\/?page_id=186#breadcrumb\"},\"inLanguage\":\"pl-PL\",\"potentialAction\":[{\"@type\":\"ReadAction\",\"target\":[\"https:\/\/salonkosmetyczny-niemcza.pl\/?page_id=186\"]}]},{\"@type\":\"ImageObject\",\"inLanguage\":\"pl-PL\",\"@id\":\"https:\/\/salonkosmetyczny-niemcza.pl\/?page_id=186#primaryimage\",\"url\":\"https:\/\/salonkosmetyczny-niemcza.pl\/wp-content\/uploads\/2018\/09\/P2360424.jpg\",\"contentUrl\":\"https:\/\/salonkosmetyczny-niemcza.pl\/wp-content\/uploads\/2018\/09\/P2360424.jpg\",\"width\":1024,\"height\":683},{\"@type\":\"BreadcrumbList\",\"@id\":\"https:\/\/salonkosmetyczny-niemcza.pl\/?page_id=186#breadcrumb\",\"itemListElement\":[{\"@type\":\"ListItem\",\"position\":1,\"name\":\"Strona g\u0142\u00f3wna\",\"item\":\"https:\/\/salonkosmetyczny-niemcza.pl\/\"},{\"@type\":\"ListItem\",\"position\":2,\"name\":\"Nanofrax\"}]},{\"@type\":\"WebSite\",\"@id\":\"https:\/\/salonkosmetyczny-niemcza.pl\/#website\",\"url\":\"https:\/\/salonkosmetyczny-niemcza.pl\/\",\"name\":\"Ewa Kowal\",\"description\":\"Gabinet Kosmetyczny\",\"publisher\":{\"@id\":\"https:\/\/salonkosmetyczny-niemcza.pl\/#organization\"},\"potentialAction\":[{\"@type\":\"SearchAction\",\"target\":{\"@type\":\"EntryPoint\",\"urlTemplate\":\"https:\/\/salonkosmetyczny-niemcza.pl\/?s={search_term_string}\"},\"query-input\":{\"@type\":\"PropertyValueSpecification\",\"valueRequired\":true,\"valueName\":\"search_term_string\"}}],\"inLanguage\":\"pl-PL\"},{\"@type\":\"Organization\",\"@id\":\"https:\/\/salonkosmetyczny-niemcza.pl\/#organization\",\"name\":\"Ewa Kowal\",\"url\":\"https:\/\/salonkosmetyczny-niemcza.pl\/\",\"logo\":{\"@type\":\"ImageObject\",\"inLanguage\":\"pl-PL\",\"@id\":\"https:\/\/salonkosmetyczny-niemcza.pl\/#\/schema\/logo\/image\/\",\"url\":\"https:\/\/salonkosmetyczny-niemcza.pl\/wp-content\/uploads\/2023\/02\/cropped-ewakowal.png\",\"contentUrl\":\"https:\/\/salonkosmetyczny-niemcza.pl\/wp-content\/uploads\/2023\/02\/cropped-ewakowal.png\",\"width\":189,\"height\":150,\"caption\":\"Ewa Kowal\"},\"image\":{\"@id\":\"https:\/\/salonkosmetyczny-niemcza.pl\/#\/schema\/logo\/image\/\"}}]}<\/script>\n<!-- \/ Yoast SEO plugin. -->","yoast_head_json":{"title":"Nanofrax - Ewa Kowal","robots":{"index":"index","follow":"follow","max-snippet":"max-snippet:-1","max-image-preview":"max-image-preview:large","max-video-preview":"max-video-preview:-1"},"canonical":"https:\/\/salonkosmetyczny-niemcza.pl\/?page_id=186","og_locale":"pl_PL","og_type":"article","og_title":"Nanofrax - Ewa Kowal","og_description":"NANOFRAX\u00a0\u00a0to urz\u0105dzenie do wykonywania mezoterapii frakcyjnej na poziomie nask\u00f3rka i sk\u00f3ry w\u0142a\u015bciwej. Urz\u0105dzenie pozwala na stosowanie dw\u00f3ch rodzaj\u00f3w terapii frakcyjnych: &#8211; Nanoterapii \u2013 bezbolesnej metody nanoiniekcyjnego podania substancji czynnej do &hellip;","og_url":"https:\/\/salonkosmetyczny-niemcza.pl\/?page_id=186","og_site_name":"Ewa Kowal","article_modified_time":"2024-02-29T19:19:56+00:00","og_image":[{"width":1024,"height":683,"url":"https:\/\/salonkosmetyczny-niemcza.pl\/wp-content\/uploads\/2018\/09\/P2360424.jpg","type":"image\/jpeg"}],"twitter_card":"summary_large_image","twitter_misc":{"Szacowany czas czytania":"1 minuta"},"schema":{"@context":"https:\/\/schema.org","@graph":[{"@type":"WebPage","@id":"https:\/\/salonkosmetyczny-niemcza.pl\/?page_id=186","url":"https:\/\/salonkosmetyczny-niemcza.pl\/?page_id=186","name":"Nanofrax - Ewa Kowal","isPartOf":{"@id":"https:\/\/salonkosmetyczny-niemcza.pl\/#website"},"primaryImageOfPage":{"@id":"https:\/\/salonkosmetyczny-niemcza.pl\/?page_id=186#primaryimage"},"image":{"@id":"https:\/\/salonkosmetyczny-niemcza.pl\/?page_id=186#primaryimage"},"thumbnailUrl":"https:\/\/salonkosmetyczny-niemcza.pl\/wp-content\/uploads\/2018\/09\/P2360424.jpg","datePublished":"2018-09-18T06:18:16+00:00","dateModified":"2024-02-29T19:19:56+00:00","breadcrumb":{"@id":"https:\/\/salonkosmetyczny-niemcza.pl\/?page_id=186#breadcrumb"},"inLanguage":"pl-PL","potentialAction":[{"@type":"ReadAction","target":["https:\/\/salonkosmetyczny-niemcza.pl\/?page_id=186"]}]},{"@type":"ImageObject","inLanguage":"pl-PL","@id":"https:\/\/salonkosmetyczny-niemcza.pl\/?page_id=186#primaryimage","url":"https:\/\/salonkosmetyczny-niemcza.pl\/wp-content\/uploads\/2018\/09\/P2360424.jpg","contentUrl":"https:\/\/salonkosmetyczny-niemcza.pl\/wp-content\/uploads\/2018\/09\/P2360424.jpg","width":1024,"height":683},{"@type":"BreadcrumbList","@id":"https:\/\/salonkosmetyczny-niemcza.pl\/?page_id=186#breadcrumb","itemListElement":[{"@type":"ListItem","position":1,"name":"Strona g\u0142\u00f3wna","item":"https:\/\/salonkosmetyczny-niemcza.pl\/"},{"@type":"ListItem","position":2,"name":"Nanofrax"}]},{"@type":"WebSite","@id":"https:\/\/salonkosmetyczny-niemcza.pl\/#website","url":"https:\/\/salonkosmetyczny-niemcza.pl\/","name":"Ewa Kowal","description":"Gabinet Kosmetyczny","publisher":{"@id":"https:\/\/salonkosmetyczny-niemcza.pl\/#organization"},"potentialAction":[{"@type":"SearchAction","target":{"@type":"EntryPoint","urlTemplate":"https:\/\/salonkosmetyczny-niemcza.pl\/?s={search_term_string}"},"query-input":{"@type":"PropertyValueSpecification","valueRequired":true,"valueName":"search_term_string"}}],"inLanguage":"pl-PL"},{"@type":"Organization","@id":"https:\/\/salonkosmetyczny-niemcza.pl\/#organization","name":"Ewa Kowal","url":"https:\/\/salonkosmetyczny-niemcza.pl\/","logo":{"@type":"ImageObject","inLanguage":"pl-PL","@id":"https:\/\/salonkosmetyczny-niemcza.pl\/#\/schema\/logo\/image\/","url":"https:\/\/salonkosmetyczny-niemcza.pl\/wp-content\/uploads\/2023\/02\/cropped-ewakowal.png","contentUrl":"https:\/\/salonkosmetyczny-niemcza.pl\/wp-content\/uploads\/2023\/02\/cropped-ewakowal.png","width":189,"height":150,"caption":"Ewa Kowal"},"image":{"@id":"https:\/\/salonkosmetyczny-niemcza.pl\/#\/schema\/logo\/image\/"}}]}},"_links":{"self":[{"href":"https:\/\/salonkosmetyczny-niemcza.pl\/index.php?rest_route=\/wp\/v2\/pages\/186","targetHints":{"allow":["GET"]}}],"collection":[{"href":"https:\/\/salonkosmetyczny-niemcza.pl\/index.php?rest_route=\/wp\/v2\/pages"}],"about":[{"href":"https:\/\/salonkosmetyczny-niemcza.pl\/index.php?rest_route=\/wp\/v2\/types\/page"}],"author":[{"embeddable":true,"href":"https:\/\/salonkosmetyczny-niemcza.pl\/index.php?rest_route=\/wp\/v2\/users\/1"}],"replies":[{"embeddable":true,"href":"https:\/\/salonkosmetyczny-niemcza.pl\/index.php?rest_route=%2Fwp%2Fv2%2Fcomments&post=186"}],"version-history":[{"count":3,"href":"https:\/\/salonkosmetyczny-niemcza.pl\/index.php?rest_route=\/wp\/v2\/pages\/186\/revisions"}],"predecessor-version":[{"id":232,"href":"https:\/\/salonkosmetyczny-niemcza.pl\/index.php?rest_route=\/wp\/v2\/pages\/186\/revisions\/232"}],"wp:featuredmedia":[{"embeddable":true,"href":"https:\/\/salonkosmetyczny-niemcza.pl\/index.php?rest_route=\/wp\/v2\/media\/187"}],"wp:attachment":[{"href":"https:\/\/salonkosmetyczny-niemcza.pl\/index.php?rest_route=%2Fwp%2Fv2%2Fmedia&parent=186"}],"curies":[{"name":"wp","href":"https:\/\/api.w.org\/{rel}","templated":true}]}}