{"id":184,"date":"2018-09-18T08:15:49","date_gmt":"2018-09-18T06:15:49","guid":{"rendered":"https:\/\/serwer1331410.home.pl\/home\/salonkosea\/www\/?page_id=184"},"modified":"2024-02-29T21:43:56","modified_gmt":"2024-02-29T20:43:56","slug":"mesoestetic","status":"publish","type":"page","link":"https:\/\/salonkosmetyczny-niemcza.pl\/?page_id=184","title":{"rendered":"Mesoestetic"},"content":{"rendered":"\t\t<div data-elementor-type=\"wp-page\" data-elementor-id=\"184\" class=\"elementor elementor-184\">\n\t\t\t\t\t\t<section class=\"elementor-section elementor-top-section elementor-element elementor-element-4427d2d3 elementor-section-boxed elementor-section-height-default elementor-section-height-default wpr-particle-no wpr-jarallax-no wpr-parallax-no wpr-sticky-section-no\" data-id=\"4427d2d3\" data-element_type=\"section\">\n\t\t\t\t\t\t<div class=\"elementor-container elementor-column-gap-default\">\n\t\t\t\t\t<div class=\"elementor-column elementor-col-100 elementor-top-column elementor-element elementor-element-19a7a867\" data-id=\"19a7a867\" data-element_type=\"column\">\n\t\t\t<div class=\"elementor-widget-wrap elementor-element-populated\">\n\t\t\t\t\t\t<div class=\"elementor-element elementor-element-3e9b23b elementor-widget elementor-widget-text-editor\" data-id=\"3e9b23b\" data-element_type=\"widget\" data-widget_type=\"text-editor.default\">\n\t\t\t\t<div class=\"elementor-widget-container\">\n\t\t\t\t\t\t\t\t\t<p>Mesoestetic, innowacyjne peelingi marki Mesopeel, zosta\u0142y opracowane w<br \/>odpowiedzi na potrzeby najbardziej wymagaj\u0105cych specjalist\u00f3w z dziedziny dermatologii, kosmetologii i medycyny estetycznej. Charakteryzuj\u0105 si\u0119 one wysok\u0105 efektywno\u015bci\u0105 terapeutyczn\u0105, bezpiecze\u0144stwem i \u0142atwo\u015bci\u0105 stosowania. Peelingi te s\u0105 dedykowane do terapii r\u00f3\u017cnorodnych problem\u00f3w sk\u00f3rnych, takich jak hiperpigmentacja, oznaki starzenia si\u0119 sk\u00f3ry, zmiany tr\u0105dzikowe i potr\u0105dzikowe (w tym blizny potr\u0105dzikowe i przebarwienia pozapalne), blizny, rozst\u0119py oraz inne niedoskona\u0142o\u015bci sk\u00f3ry.<\/p>\t\t\t\t\t\t\t\t<\/div>\n\t\t\t\t<\/div>\n\t\t\t\t<div class=\"elementor-element elementor-element-2448cd1 elementor-widget elementor-widget-text-editor\" data-id=\"2448cd1\" data-element_type=\"widget\" data-widget_type=\"text-editor.default\">\n\t\t\t\t<div class=\"elementor-widget-container\">\n\t\t\t\t\t\t\t\t\t<p><strong>Mesoestetic &#8211; Innowacja dla Perfekcyjnej Sk\u00f3ry<\/strong><\/p><div><div data-message-author-role=\"assistant\" data-message-id=\"6bcee3ab-e3f2-4699-83c6-be706cf47a5b\"><div><p>Peelingi Mesopeel oferuj\u0105 wyj\u0105tkowo skuteczne, stopniowe i kumuluj\u0105ce si\u0119 efekty terapeutyczne podczas zabieg\u00f3w przeprowadzanych zar\u00f3wno na twarzy, jak i ciele. Wszystkie peelingi oparte s\u0105 na unikalnej medycznej formule &#8211; roztworze hydroglicerynowym. Ta innowacyjna formu\u0142a \u0142\u0105czy korzy\u015bci p\u0142yn\u0105ce z zastosowania peeling\u00f3w alkoholowych, takie jak szybka i intensywna penetracja kwasu w g\u0142\u0105b sk\u00f3ry, oraz peeling\u00f3w \u017celowych, kt\u00f3re zapewniaj\u0105 \u0142atwo\u015b\u0107 aplikacji, pe\u0142n\u0105 kontrol\u0119 nad intensywno\u015bci\u0105 zabiegu i minimalizacj\u0119 podra\u017cnie\u0144. Dzi\u0119ki temu peelingi Mesopeel gwarantuj\u0105 nie tylko wysok\u0105 skuteczno\u015b\u0107, ale r\u00f3wnie\u017c bezpiecze\u0144stwo oraz pe\u0142n\u0105 zgodno\u015b\u0107 z normami medycznymi.<\/p><\/div><\/div><\/div><p><strong>Peelingi Mesopeel &#8211; Bezpieczne i Skuteczne Terapie Sk\u00f3rne<\/strong><\/p><p>Skuteczno\u015b\u0107 i bezpiecze\u0144stwo preparat\u00f3w zosta\u0142y potwierdzone badaniami oraz certyfikatami medycznymi, co przek\u0142ada si\u0119 na ich rejestracj\u0119 jako wyrob\u00f3w medycznych klasy I.<\/p><p><strong>Unikalna Formu\u0142a &#8211; Klucz do Skuteczno\u015bci<\/strong><\/p>\t\t\t\t\t\t\t\t<\/div>\n\t\t\t\t<\/div>\n\t\t\t\t<div class=\"elementor-element elementor-element-4e9b5643 elementor-widget elementor-widget-text-editor\" data-id=\"4e9b5643\" data-element_type=\"widget\" data-widget_type=\"text-editor.default\">\n\t\t\t\t<div class=\"elementor-widget-container\">\n\t\t\t\t\t\t\t\t\t<div><div data-message-author-role=\"assistant\" data-message-id=\"b41dcccb-0906-4018-b834-9a578e1180ee\"><div><p>\u00a0<\/p><h3>Mesopeel<span class=\"ILfuVd\" lang=\"pl\"><span class=\"hgKElc\">\u00ae<\/span><\/span> melanostop tran3x<\/h3><p>Peeling o dzia\u0142aniu depigmentuj\u0105cym, oparty na kompleksowej formule, przyspiesza proces odnowy nask\u00f3rka, eliminuj\u0105c powierzchniowo nagromadzon\u0105 melanin\u0119. Zapewnia wyra\u017an\u0105 popraw\u0119 kolorytu i kondycji sk\u00f3ry, rozja\u015bnia istniej\u0105ce przebarwienia, jednocze\u015bnie skutecznie zapobiegaj\u0105c powstawaniu nowych. Nadaje sk\u00f3rze promiennego blasku.<\/p><p>Sk\u0142ad:<\/p><ul><li>Kwas azelainowy 20%<\/li><li>Rezorcyna 10%<\/li><li>Kwas fitowy 6%<\/li><li>Kwas traneksamowy 3%<\/li><\/ul><p>Peeling ten, dzia\u0142aj\u0105c depigmentuj\u0105co, charakteryzuje si\u0119 z\u0142o\u017con\u0105 formu\u0142\u0105, kt\u00f3ra przyspiesza regeneracj\u0119 nask\u00f3rka, eliminuj\u0105c nagromadzon\u0105 melanin\u0119 na powierzchni sk\u00f3ry. Efektywnie poprawia koloryt i kondycj\u0119 sk\u00f3ry, rozja\u015bniaj\u0105c obecne przebarwienia, a tak\u017ce skutecznie zapobiega powstawaniu nowych. Dodatkowo, nadaje sk\u00f3rze promiennego blasku. Unikalna formu\u0142a preparatu pozwala osi\u0105gn\u0105\u0107 doskona\u0142\u0105 r\u00f3wnowag\u0119 pomi\u0119dzy skuteczno\u015bci\u0105 terapeutyczn\u0105 a wysokim poziomem tolerancji dla sk\u00f3ry.<\/p><h3>mesopeel<span class=\"ILfuVd\" lang=\"pl\"><span class=\"hgKElc\">\u00ae<\/span><\/span> azelan<\/h3><p>Peeling powierzchniowy o w\u0142a\u015bciwo\u015bciach antybakteryjnych, przeciwzapalnych, reguluj\u0105cych wydzielanie sebum, keratolitycznych i komedolitycznych. Zalecany zw\u0142aszcza do terapii tr\u0105dziku we wszystkich jego fazach.<\/p><p>Sk\u0142ad:<\/p><ul><li>Kwas azelainowy 20%<\/li><li>Kwas salicylowy 20%<\/li><\/ul><p>Peeling ten, charakteryzuj\u0105cy si\u0119 w\u0142a\u015bciwo\u015bciami antybakteryjnymi, przeciwzapalnymi oraz zdolno\u015bci\u0105 do regulowania wydzielania sebum, keratolizy i komedolizy, jest szczeg\u00f3lnie polecany do terapii tr\u0105dziku na r\u00f3\u017cnych etapach jego przebiegu. Dodatkowo, wspomaga popraw\u0119 kondycji sk\u00f3ry mieszanej i t\u0142ustej, oczyszczaj\u0105c j\u0105 z zanieczyszcze\u0144.<\/p><h3>mesopeel<span class=\"ILfuVd\" lang=\"pl\"><span class=\"hgKElc\">\u00ae<\/span><\/span> melanoplus<\/h3><div class=\"flex flex-grow flex-col max-w-full\"><div class=\"min-h-[20px] text-message flex flex-col items-start gap-3 whitespace-pre-wrap break-words [.text-message+&amp;]:mt-5 overflow-x-auto\" data-message-author-role=\"assistant\" data-message-id=\"0fabeb0a-e893-4a8a-8359-ff2566243c3b\"><div class=\"markdown prose w-full break-words dark:prose-invert light\"><p>Z\u0142o\u017cony peeling o dzia\u0142aniu depigmentuj\u0105cym, samonaprawczym, przeznaczony do stosowania miejscowego. Skutecznie rozja\u015bnia punktowe przebarwienia, takie jak plamy hiperpigmentacyjne, starcze, spowodowane dzia\u0142aniem promieni s\u0142onecznych czy pozapalne.<\/p><p>Sk\u0142ad:<\/p><ul><li>20% kwas tr\u00f3jchlorooctowy<\/li><li>4% kwas kojowy<\/li><li>1% kwas ferulowy<\/li><li>0,1% tazaroten<\/li><\/ul><p>Peeling ten, o z\u0142o\u017conej formule depigmentuj\u0105cej i samonaprawczej, doskonale sprawdza si\u0119 w miejscowym zastosowaniu. Jego dzia\u0142anie skupia si\u0119 na efektywnym rozja\u015bnianiu punktowych przebarwie\u0144, obejmuj\u0105cych plamy hiperpigmentacyjne, starcze, spowodowane ekspozycj\u0105 na s\u0142o\u0144ce oraz te powsta\u0142e w wyniku stan\u00f3w zapalnych.<\/p><\/div><\/div><\/div><div class=\"mt-1 flex justify-start gap-3 empty:hidden\"><div class=\"text-gray-400 flex self-end lg:self-center justify-center lg:justify-start mt-0 -ml-1 visible\">\u00a0<\/div><\/div><\/div><\/div><\/div>\t\t\t\t\t\t\t\t<\/div>\n\t\t\t\t<\/div>\n\t\t\t\t\t<\/div>\n\t\t<\/div>\n\t\t\t\t\t<\/div>\n\t\t<\/section>\n\t\t\t\t<section class=\"elementor-section elementor-top-section elementor-element elementor-element-8f474e6 elementor-section-boxed elementor-section-height-default elementor-section-height-default wpr-particle-no wpr-jarallax-no wpr-parallax-no wpr-sticky-section-no\" data-id=\"8f474e6\" data-element_type=\"section\">\n\t\t\t\t\t\t<div class=\"elementor-container elementor-column-gap-default\">\n\t\t\t\t\t<div class=\"elementor-column elementor-col-100 elementor-top-column elementor-element elementor-element-693028d\" data-id=\"693028d\" data-element_type=\"column\">\n\t\t\t<div class=\"elementor-widget-wrap\">\n\t\t\t\t\t\t\t<\/div>\n\t\t<\/div>\n\t\t\t\t\t<\/div>\n\t\t<\/section>\n\t\t\t\t<\/div>\n\t\t","protected":false},"excerpt":{"rendered":"<p>Mesoestetic, innowacyjne peelingi marki Mesopeel, zosta\u0142y opracowane wodpowiedzi na potrzeby najbardziej wymagaj\u0105cych specjalist\u00f3w z dziedziny dermatologii, kosmetologii i medycyny estetycznej. Charakteryzuj\u0105 si\u0119 one wysok\u0105 efektywno\u015bci\u0105 terapeutyczn\u0105, bezpiecze\u0144stwem i \u0142atwo\u015bci\u0105 stosowania. &hellip; <\/p>\n","protected":false},"author":1,"featured_media":1224,"parent":0,"menu_order":0,"comment_status":"closed","ping_status":"closed","template":"","meta":{"footnotes":""},"class_list":["post-184","page","type-page","status-publish","has-post-thumbnail","hentry"],"yoast_head":"<!-- This site is optimized with the Yoast SEO plugin v25.6 - https:\/\/yoast.com\/wordpress\/plugins\/seo\/ -->\n<title>Mesoestetic - Ewa Kowal<\/title>\n<meta name=\"robots\" content=\"index, follow, max-snippet:-1, max-image-preview:large, max-video-preview:-1\" \/>\n<link rel=\"canonical\" href=\"https:\/\/salonkosmetyczny-niemcza.pl\/?page_id=184\" \/>\n<meta property=\"og:locale\" content=\"pl_PL\" \/>\n<meta property=\"og:type\" content=\"article\" \/>\n<meta property=\"og:title\" content=\"Mesoestetic - Ewa Kowal\" \/>\n<meta property=\"og:description\" content=\"Mesoestetic, innowacyjne peelingi marki Mesopeel, zosta\u0142y opracowane wodpowiedzi na potrzeby najbardziej wymagaj\u0105cych specjalist\u00f3w z dziedziny dermatologii, kosmetologii i medycyny estetycznej. Charakteryzuj\u0105 si\u0119 one wysok\u0105 efektywno\u015bci\u0105 terapeutyczn\u0105, bezpiecze\u0144stwem i \u0142atwo\u015bci\u0105 stosowania. &hellip;\" \/>\n<meta property=\"og:url\" content=\"https:\/\/salonkosmetyczny-niemcza.pl\/?page_id=184\" \/>\n<meta property=\"og:site_name\" content=\"Ewa Kowal\" \/>\n<meta property=\"article:modified_time\" content=\"2024-02-29T20:43:56+00:00\" \/>\n<meta property=\"og:image\" content=\"https:\/\/salonkosmetyczny-niemcza.pl\/wp-content\/uploads\/2024\/02\/cosmetologist-applying-mask-face-client-beauty-salon-scaled.jpg\" \/>\n\t<meta property=\"og:image:width\" content=\"2560\" \/>\n\t<meta property=\"og:image:height\" content=\"1706\" \/>\n\t<meta property=\"og:image:type\" content=\"image\/jpeg\" \/>\n<meta name=\"twitter:card\" content=\"summary_large_image\" \/>\n<meta name=\"twitter:label1\" content=\"Szacowany czas czytania\" \/>\n\t<meta name=\"twitter:data1\" content=\"3 minuty\" \/>\n<script type=\"application\/ld+json\" class=\"yoast-schema-graph\">{\"@context\":\"https:\/\/schema.org\",\"@graph\":[{\"@type\":\"WebPage\",\"@id\":\"https:\/\/salonkosmetyczny-niemcza.pl\/?page_id=184\",\"url\":\"https:\/\/salonkosmetyczny-niemcza.pl\/?page_id=184\",\"name\":\"Mesoestetic - Ewa Kowal\",\"isPartOf\":{\"@id\":\"https:\/\/salonkosmetyczny-niemcza.pl\/#website\"},\"primaryImageOfPage\":{\"@id\":\"https:\/\/salonkosmetyczny-niemcza.pl\/?page_id=184#primaryimage\"},\"image\":{\"@id\":\"https:\/\/salonkosmetyczny-niemcza.pl\/?page_id=184#primaryimage\"},\"thumbnailUrl\":\"https:\/\/salonkosmetyczny-niemcza.pl\/wp-content\/uploads\/2024\/02\/cosmetologist-applying-mask-face-client-beauty-salon-scaled.jpg\",\"datePublished\":\"2018-09-18T06:15:49+00:00\",\"dateModified\":\"2024-02-29T20:43:56+00:00\",\"breadcrumb\":{\"@id\":\"https:\/\/salonkosmetyczny-niemcza.pl\/?page_id=184#breadcrumb\"},\"inLanguage\":\"pl-PL\",\"potentialAction\":[{\"@type\":\"ReadAction\",\"target\":[\"https:\/\/salonkosmetyczny-niemcza.pl\/?page_id=184\"]}]},{\"@type\":\"ImageObject\",\"inLanguage\":\"pl-PL\",\"@id\":\"https:\/\/salonkosmetyczny-niemcza.pl\/?page_id=184#primaryimage\",\"url\":\"https:\/\/salonkosmetyczny-niemcza.pl\/wp-content\/uploads\/2024\/02\/cosmetologist-applying-mask-face-client-beauty-salon-scaled.jpg\",\"contentUrl\":\"https:\/\/salonkosmetyczny-niemcza.pl\/wp-content\/uploads\/2024\/02\/cosmetologist-applying-mask-face-client-beauty-salon-scaled.jpg\",\"width\":2560,\"height\":1706,\"caption\":\"Cosmetologist applying mask on a face of client in a beauty salon\"},{\"@type\":\"BreadcrumbList\",\"@id\":\"https:\/\/salonkosmetyczny-niemcza.pl\/?page_id=184#breadcrumb\",\"itemListElement\":[{\"@type\":\"ListItem\",\"position\":1,\"name\":\"Strona g\u0142\u00f3wna\",\"item\":\"https:\/\/salonkosmetyczny-niemcza.pl\/\"},{\"@type\":\"ListItem\",\"position\":2,\"name\":\"Mesoestetic\"}]},{\"@type\":\"WebSite\",\"@id\":\"https:\/\/salonkosmetyczny-niemcza.pl\/#website\",\"url\":\"https:\/\/salonkosmetyczny-niemcza.pl\/\",\"name\":\"Ewa Kowal\",\"description\":\"Gabinet Kosmetyczny\",\"publisher\":{\"@id\":\"https:\/\/salonkosmetyczny-niemcza.pl\/#organization\"},\"potentialAction\":[{\"@type\":\"SearchAction\",\"target\":{\"@type\":\"EntryPoint\",\"urlTemplate\":\"https:\/\/salonkosmetyczny-niemcza.pl\/?s={search_term_string}\"},\"query-input\":{\"@type\":\"PropertyValueSpecification\",\"valueRequired\":true,\"valueName\":\"search_term_string\"}}],\"inLanguage\":\"pl-PL\"},{\"@type\":\"Organization\",\"@id\":\"https:\/\/salonkosmetyczny-niemcza.pl\/#organization\",\"name\":\"Ewa Kowal\",\"url\":\"https:\/\/salonkosmetyczny-niemcza.pl\/\",\"logo\":{\"@type\":\"ImageObject\",\"inLanguage\":\"pl-PL\",\"@id\":\"https:\/\/salonkosmetyczny-niemcza.pl\/#\/schema\/logo\/image\/\",\"url\":\"https:\/\/salonkosmetyczny-niemcza.pl\/wp-content\/uploads\/2023\/02\/cropped-ewakowal.png\",\"contentUrl\":\"https:\/\/salonkosmetyczny-niemcza.pl\/wp-content\/uploads\/2023\/02\/cropped-ewakowal.png\",\"width\":189,\"height\":150,\"caption\":\"Ewa Kowal\"},\"image\":{\"@id\":\"https:\/\/salonkosmetyczny-niemcza.pl\/#\/schema\/logo\/image\/\"}}]}<\/script>\n<!-- \/ Yoast SEO plugin. -->","yoast_head_json":{"title":"Mesoestetic - Ewa Kowal","robots":{"index":"index","follow":"follow","max-snippet":"max-snippet:-1","max-image-preview":"max-image-preview:large","max-video-preview":"max-video-preview:-1"},"canonical":"https:\/\/salonkosmetyczny-niemcza.pl\/?page_id=184","og_locale":"pl_PL","og_type":"article","og_title":"Mesoestetic - Ewa Kowal","og_description":"Mesoestetic, innowacyjne peelingi marki Mesopeel, zosta\u0142y opracowane wodpowiedzi na potrzeby najbardziej wymagaj\u0105cych specjalist\u00f3w z dziedziny dermatologii, kosmetologii i medycyny estetycznej. Charakteryzuj\u0105 si\u0119 one wysok\u0105 efektywno\u015bci\u0105 terapeutyczn\u0105, bezpiecze\u0144stwem i \u0142atwo\u015bci\u0105 stosowania. &hellip;","og_url":"https:\/\/salonkosmetyczny-niemcza.pl\/?page_id=184","og_site_name":"Ewa Kowal","article_modified_time":"2024-02-29T20:43:56+00:00","og_image":[{"width":2560,"height":1706,"url":"https:\/\/salonkosmetyczny-niemcza.pl\/wp-content\/uploads\/2024\/02\/cosmetologist-applying-mask-face-client-beauty-salon-scaled.jpg","type":"image\/jpeg"}],"twitter_card":"summary_large_image","twitter_misc":{"Szacowany czas czytania":"3 minuty"},"schema":{"@context":"https:\/\/schema.org","@graph":[{"@type":"WebPage","@id":"https:\/\/salonkosmetyczny-niemcza.pl\/?page_id=184","url":"https:\/\/salonkosmetyczny-niemcza.pl\/?page_id=184","name":"Mesoestetic - Ewa Kowal","isPartOf":{"@id":"https:\/\/salonkosmetyczny-niemcza.pl\/#website"},"primaryImageOfPage":{"@id":"https:\/\/salonkosmetyczny-niemcza.pl\/?page_id=184#primaryimage"},"image":{"@id":"https:\/\/salonkosmetyczny-niemcza.pl\/?page_id=184#primaryimage"},"thumbnailUrl":"https:\/\/salonkosmetyczny-niemcza.pl\/wp-content\/uploads\/2024\/02\/cosmetologist-applying-mask-face-client-beauty-salon-scaled.jpg","datePublished":"2018-09-18T06:15:49+00:00","dateModified":"2024-02-29T20:43:56+00:00","breadcrumb":{"@id":"https:\/\/salonkosmetyczny-niemcza.pl\/?page_id=184#breadcrumb"},"inLanguage":"pl-PL","potentialAction":[{"@type":"ReadAction","target":["https:\/\/salonkosmetyczny-niemcza.pl\/?page_id=184"]}]},{"@type":"ImageObject","inLanguage":"pl-PL","@id":"https:\/\/salonkosmetyczny-niemcza.pl\/?page_id=184#primaryimage","url":"https:\/\/salonkosmetyczny-niemcza.pl\/wp-content\/uploads\/2024\/02\/cosmetologist-applying-mask-face-client-beauty-salon-scaled.jpg","contentUrl":"https:\/\/salonkosmetyczny-niemcza.pl\/wp-content\/uploads\/2024\/02\/cosmetologist-applying-mask-face-client-beauty-salon-scaled.jpg","width":2560,"height":1706,"caption":"Cosmetologist applying mask on a face of client in a beauty salon"},{"@type":"BreadcrumbList","@id":"https:\/\/salonkosmetyczny-niemcza.pl\/?page_id=184#breadcrumb","itemListElement":[{"@type":"ListItem","position":1,"name":"Strona g\u0142\u00f3wna","item":"https:\/\/salonkosmetyczny-niemcza.pl\/"},{"@type":"ListItem","position":2,"name":"Mesoestetic"}]},{"@type":"WebSite","@id":"https:\/\/salonkosmetyczny-niemcza.pl\/#website","url":"https:\/\/salonkosmetyczny-niemcza.pl\/","name":"Ewa Kowal","description":"Gabinet Kosmetyczny","publisher":{"@id":"https:\/\/salonkosmetyczny-niemcza.pl\/#organization"},"potentialAction":[{"@type":"SearchAction","target":{"@type":"EntryPoint","urlTemplate":"https:\/\/salonkosmetyczny-niemcza.pl\/?s={search_term_string}"},"query-input":{"@type":"PropertyValueSpecification","valueRequired":true,"valueName":"search_term_string"}}],"inLanguage":"pl-PL"},{"@type":"Organization","@id":"https:\/\/salonkosmetyczny-niemcza.pl\/#organization","name":"Ewa Kowal","url":"https:\/\/salonkosmetyczny-niemcza.pl\/","logo":{"@type":"ImageObject","inLanguage":"pl-PL","@id":"https:\/\/salonkosmetyczny-niemcza.pl\/#\/schema\/logo\/image\/","url":"https:\/\/salonkosmetyczny-niemcza.pl\/wp-content\/uploads\/2023\/02\/cropped-ewakowal.png","contentUrl":"https:\/\/salonkosmetyczny-niemcza.pl\/wp-content\/uploads\/2023\/02\/cropped-ewakowal.png","width":189,"height":150,"caption":"Ewa Kowal"},"image":{"@id":"https:\/\/salonkosmetyczny-niemcza.pl\/#\/schema\/logo\/image\/"}}]}},"_links":{"self":[{"href":"https:\/\/salonkosmetyczny-niemcza.pl\/index.php?rest_route=\/wp\/v2\/pages\/184","targetHints":{"allow":["GET"]}}],"collection":[{"href":"https:\/\/salonkosmetyczny-niemcza.pl\/index.php?rest_route=\/wp\/v2\/pages"}],"about":[{"href":"https:\/\/salonkosmetyczny-niemcza.pl\/index.php?rest_route=\/wp\/v2\/types\/page"}],"author":[{"embeddable":true,"href":"https:\/\/salonkosmetyczny-niemcza.pl\/index.php?rest_route=\/wp\/v2\/users\/1"}],"replies":[{"embeddable":true,"href":"https:\/\/salonkosmetyczny-niemcza.pl\/index.php?rest_route=%2Fwp%2Fv2%2Fcomments&post=184"}],"version-history":[{"count":21,"href":"https:\/\/salonkosmetyczny-niemcza.pl\/index.php?rest_route=\/wp\/v2\/pages\/184\/revisions"}],"predecessor-version":[{"id":1229,"href":"https:\/\/salonkosmetyczny-niemcza.pl\/index.php?rest_route=\/wp\/v2\/pages\/184\/revisions\/1229"}],"wp:featuredmedia":[{"embeddable":true,"href":"https:\/\/salonkosmetyczny-niemcza.pl\/index.php?rest_route=\/wp\/v2\/media\/1224"}],"wp:attachment":[{"href":"https:\/\/salonkosmetyczny-niemcza.pl\/index.php?rest_route=%2Fwp%2Fv2%2Fmedia&parent=184"}],"curies":[{"name":"wp","href":"https:\/\/api.w.org\/{rel}","templated":true}]}}