{"id":179,"date":"2018-09-18T08:12:42","date_gmt":"2018-09-18T06:12:42","guid":{"rendered":"https:\/\/serwer1331410.home.pl\/home\/salonkosea\/www\/?page_id=179"},"modified":"2024-05-08T21:54:32","modified_gmt":"2024-05-08T19:54:32","slug":"mezoterapia","status":"publish","type":"page","link":"https:\/\/salonkosmetyczny-niemcza.pl\/?page_id=179","title":{"rendered":"Mezoterapia ig\u0142owa"},"content":{"rendered":"\t\t<div data-elementor-type=\"wp-page\" data-elementor-id=\"179\" class=\"elementor elementor-179\">\n\t\t\t\t\t\t<section class=\"elementor-section elementor-top-section elementor-element elementor-element-b238d5e elementor-section-boxed elementor-section-height-default elementor-section-height-default wpr-particle-no wpr-jarallax-no wpr-parallax-no wpr-sticky-section-no\" data-id=\"b238d5e\" data-element_type=\"section\">\n\t\t\t\t\t\t<div class=\"elementor-container elementor-column-gap-default\">\n\t\t\t\t\t<div class=\"elementor-column elementor-col-100 elementor-top-column elementor-element elementor-element-b16806d\" data-id=\"b16806d\" data-element_type=\"column\">\n\t\t\t<div class=\"elementor-widget-wrap elementor-element-populated\">\n\t\t\t\t\t\t<div class=\"elementor-element elementor-element-ca6af6d elementor-widget elementor-widget-heading\" data-id=\"ca6af6d\" data-element_type=\"widget\" data-widget_type=\"heading.default\">\n\t\t\t\t<div class=\"elementor-widget-container\">\n\t\t\t\t\t<h5 class=\"elementor-heading-title elementor-size-default\">Skuteczny zabieg poprawiaj\u0105cy wygl\u0105d sk\u00f3ry<\/h5>\t\t\t\t<\/div>\n\t\t\t\t<\/div>\n\t\t\t\t<div class=\"elementor-element elementor-element-9912671 elementor-widget elementor-widget-text-editor\" data-id=\"9912671\" data-element_type=\"widget\" data-widget_type=\"text-editor.default\">\n\t\t\t\t<div class=\"elementor-widget-container\">\n\t\t\t\t\t\t\t\t\t<p>Mezoterapia ig\u0142owa to innowacyjny zabieg, kt\u00f3ry doskonale sprawdza si\u0119 w przypadku sk\u00f3ry suchej, zm\u0119czonej, z przebarwieniami, zmianami potr\u0105dzikowymi, wiotko\u015bci\u0105 i zmarszczkami. Zabieg ten mo\u017ce by\u0107 stosowany na r\u00f3\u017cnych obszarach cia\u0142a, w tym twarzy, szyi, dekolcie, ramionach, udach, brzuchu oraz d\u0142oniach. Kluczowym aspektem mezoterapii ig\u0142owej jest dostarczenie substancji bezpo\u015brednio do tkanki, poprawiaj\u0105c jej w\u0142a\u015bciwo\u015bci biochemiczne i strukturalne.<\/p>\t\t\t\t\t\t\t\t<\/div>\n\t\t\t\t<\/div>\n\t\t\t\t<div class=\"elementor-element elementor-element-dff069e elementor-widget elementor-widget-heading\" data-id=\"dff069e\" data-element_type=\"widget\" data-widget_type=\"heading.default\">\n\t\t\t\t<div class=\"elementor-widget-container\">\n\t\t\t\t\t<h5 class=\"elementor-heading-title elementor-size-default\">Jak Wygl\u0105da Zabieg Mezoterapii Ig\u0142owej?<\/h5>\t\t\t\t<\/div>\n\t\t\t\t<\/div>\n\t\t\t\t<div class=\"elementor-element elementor-element-9a643da elementor-widget elementor-widget-text-editor\" data-id=\"9a643da\" data-element_type=\"widget\" data-widget_type=\"text-editor.default\">\n\t\t\t\t<div class=\"elementor-widget-container\">\n\t\t\t\t\t\t\t\t\t<p>Podczas zabiegu wykorzystuje si\u0119 preparaty zawieraj\u0105ce kwas hialuronowy, pe\u0142ne witamin, aminokwas\u00f3w, soli nieorganicznych, krzemionki, kofeiny, gliceryny czy \u015bladowych pierwiastk\u00f3w. Mezoterapia ig\u0142owa polega na dokonywaniu nak\u0142u\u0107 cienk\u0105 ig\u0142\u0105 i podaniu niewielkich ilo\u015bci preparatu regeneruj\u0105cego \u015br\u00f3dsk\u00f3rnie. Zabieg jest zazwyczaj ma\u0142o bolesny, a specjalny krem znieczulaj\u0105cy dodatkowo minimalizuje uczucie dyskomfortu. Po nak\u0142uciach sk\u00f3ra jest zabezpieczana kremem ochronnym z filtrem UV. Mo\u017cliwe skutki uboczne to delikatne zaczerwienienia lub siniaki, zanikaj\u0105ce po kilku dniach.<\/p><p>Przed zabiegiem zaleca si\u0119 unikanie solarium i sauny. Najlepsze rezultaty przynosz\u0105 serie zabieg\u00f3w, dostosowane do kondycji sk\u00f3ry i oczekiwanych rezultat\u00f3w. Efekty mezoterapii ig\u0142owej s\u0105 widoczne ju\u017c po kilku sesjach, przynosz\u0105c sk\u00f3rze wyg\u0142adzenie, dotlenienie i przywr\u00f3cenie j\u0119drno\u015bci.<\/p><p>Po mezoterapii ig\u0142owej zaleca si\u0119 unikanie opalania obszaru poddanego zabiegowi oraz stosowanie preparat\u00f3w ochronnych z filtrem UV. Regularna piel\u0119gnacja, ze szczeg\u00f3lnym naciskiem na nawil\u017canie, wspomaga utrzymanie efekt\u00f3w zabiegu.<\/p><p>Istnieje kilka przeciwwskaza\u0144 do mezoterapii ig\u0142owej, takich jak alergie na sk\u0142adniki preparat\u00f3w, ci\u0105\u017ca, karmienie piersi\u0105, opryszczka, stany zapalne sk\u00f3ry, infekcje og\u00f3lnoustrojowe, choroby nowotworowe, autoimmunologiczne oraz stosowanie lek\u00f3w przeciwkrzepliwych.<\/p>\t\t\t\t\t\t\t\t<\/div>\n\t\t\t\t<\/div>\n\t\t\t\t<div class=\"elementor-element elementor-element-aecb058 elementor-hidden-desktop elementor-hidden-tablet elementor-hidden-mobile elementor-widget elementor-widget-heading\" data-id=\"aecb058\" data-element_type=\"widget\" data-widget_type=\"heading.default\">\n\t\t\t\t<div class=\"elementor-widget-container\">\n\t\t\t\t\t<h5 class=\"elementor-heading-title elementor-size-default\">Preparaty Stosowane w Gabinecie<\/h5>\t\t\t\t<\/div>\n\t\t\t\t<\/div>\n\t\t\t\t<div class=\"elementor-element elementor-element-e77cb6c elementor-hidden-desktop elementor-hidden-tablet elementor-hidden-mobile elementor-widget elementor-widget-text-editor\" data-id=\"e77cb6c\" data-element_type=\"widget\" data-widget_type=\"text-editor.default\">\n\t\t\t\t<div class=\"elementor-widget-container\">\n\t\t\t\t\t\t\t\t\t<h5>Filorga\u00ae NCTF 135HA<\/h5>\n<p>Kuracja do wyg\u0142adzania zmarszczek, rewitalizacji i nawil\u017cenia sk\u00f3ry. Sk\u0142ad oparty na 55 sk\u0142adnikach aktywnych, takich jak witaminy, aminokwasy i przeciwutleniacze.<\/p>\n<h5>MHA 18 Filorga\u00ae (Fillmed) M-HA 18<\/h5>\n<p>Preparat niweluj\u0105cy drobne zmarszczki, nawil\u017caj\u0105cy sk\u00f3r\u0119 i poprawiaj\u0105cy jej elastyczno\u015b\u0107.<\/p>\n<h5>Mesohyal ARGIBENONE<\/h5>\n<p>Koktajl z wysokim st\u0119\u017ceniem kwasu hialuronowego i peptyd\u00f3w biomimetycznych, redukuj\u0105cy zmarszczki mimiczne i objawy fotostarzenia.<\/p>\n<h5>Mesohyal REDENX<\/h5>\n<p>Globalna kuracja odm\u0142adzaj\u0105ca dla kobiet z widocznymi oznakami starzenia si\u0119 sk\u00f3ry, szczeg\u00f3lnie polecana dla kobiet w okresie oko\u0142o- i pomenopauzalnym.<\/p>\n<h5>Mesohyal NCTC 109<\/h5>\n<p>Preparat do biorewitalizacji sk\u00f3ry, zapobiegania starzeniu si\u0119 i korekcji zmarszczek.<\/p>\n<h5>Mesohyal X-DNA<\/h5>\n<p>S<span>tymuluje napraw\u0119 sk\u00f3ry, nawil\u017ca, dzia\u0142a przeciwutleniaj\u0105co i uj\u0119drniaj\u0105co, zag\u0119szcza sk\u00f3r\u0119.<\/span><\/p>\n<h5>Mesohyal ORGANIC SILICON<\/h5>\n<p>Preparat regeneruj\u0105cy i przeciwstarzeniowy, oparty na biodost\u0119pnej odmianie krzemionki organicznej.<\/p>\t\t\t\t\t\t\t\t<\/div>\n\t\t\t\t<\/div>\n\t\t\t\t<div class=\"elementor-element elementor-element-72acaa7 elementor-widget elementor-widget-heading\" data-id=\"72acaa7\" data-element_type=\"widget\" data-widget_type=\"heading.default\">\n\t\t\t\t<div class=\"elementor-widget-container\">\n\t\t\t\t\t<h5 class=\"elementor-heading-title elementor-size-default\">Podsumowanie<\/h5>\t\t\t\t<\/div>\n\t\t\t\t<\/div>\n\t\t\t\t<div class=\"elementor-element elementor-element-f957654 elementor-widget elementor-widget-text-editor\" data-id=\"f957654\" data-element_type=\"widget\" data-widget_type=\"text-editor.default\">\n\t\t\t\t<div class=\"elementor-widget-container\">\n\t\t\t\t\t\t\t\t\t<p>Mezoterapia ig\u0142owa to skuteczna metoda poprawy kondycji sk\u00f3ry, oferuj\u0105ca szereg preparat\u00f3w dopasowanych do r\u00f3\u017cnych potrzeb. Przed przyst\u0105pieniem do zabiegu zawsze warto skonsultowa\u0107 si\u0119 z do\u015bwiadczonym specjalist\u0105. Zadbaj o swoj\u0105 sk\u00f3r\u0119 i ciesz si\u0119 zdrowym, m\u0142odzie\u0144czym wygl\u0105dem!<\/p>\t\t\t\t\t\t\t\t<\/div>\n\t\t\t\t<\/div>\n\t\t\t\t\t<\/div>\n\t\t<\/div>\n\t\t\t\t\t<\/div>\n\t\t<\/section>\n\t\t\t\t<\/div>\n\t\t","protected":false},"excerpt":{"rendered":"<p>Skuteczny zabieg poprawiaj\u0105cy wygl\u0105d sk\u00f3ry Mezoterapia ig\u0142owa to innowacyjny zabieg, kt\u00f3ry doskonale sprawdza si\u0119 w przypadku sk\u00f3ry suchej, zm\u0119czonej, z przebarwieniami, zmianami potr\u0105dzikowymi, wiotko\u015bci\u0105 i zmarszczkami. Zabieg ten mo\u017ce by\u0107 &hellip; <\/p>\n","protected":false},"author":1,"featured_media":1219,"parent":0,"menu_order":0,"comment_status":"closed","ping_status":"closed","template":"","meta":{"footnotes":""},"class_list":["post-179","page","type-page","status-publish","has-post-thumbnail","hentry"],"yoast_head":"<!-- This site is optimized with the Yoast SEO plugin v25.6 - https:\/\/yoast.com\/wordpress\/plugins\/seo\/ -->\n<title>Mezoterapia ig\u0142owa - Ewa Kowal<\/title>\n<meta name=\"robots\" content=\"index, follow, max-snippet:-1, max-image-preview:large, max-video-preview:-1\" \/>\n<link rel=\"canonical\" href=\"http:\/\/salonkosmetyczny-niemcza.pl\/?page_id=179\" \/>\n<meta property=\"og:locale\" content=\"pl_PL\" \/>\n<meta property=\"og:type\" content=\"article\" \/>\n<meta property=\"og:title\" content=\"Mezoterapia ig\u0142owa - Ewa Kowal\" \/>\n<meta property=\"og:description\" content=\"Skuteczny zabieg poprawiaj\u0105cy wygl\u0105d sk\u00f3ry Mezoterapia ig\u0142owa to innowacyjny zabieg, kt\u00f3ry doskonale sprawdza si\u0119 w przypadku sk\u00f3ry suchej, zm\u0119czonej, z przebarwieniami, zmianami potr\u0105dzikowymi, wiotko\u015bci\u0105 i zmarszczkami. Zabieg ten mo\u017ce by\u0107 &hellip;\" \/>\n<meta property=\"og:url\" content=\"http:\/\/salonkosmetyczny-niemcza.pl\/?page_id=179\" \/>\n<meta property=\"og:site_name\" content=\"Ewa Kowal\" \/>\n<meta property=\"article:modified_time\" content=\"2024-05-08T19:54:32+00:00\" \/>\n<meta property=\"og:image\" content=\"http:\/\/salonkosmetyczny-niemcza.pl\/wp-content\/uploads\/2024\/02\/healthy-skin-young-woman-beautiful-face-close-up-gray-background-scaled.jpg\" \/>\n\t<meta property=\"og:image:width\" content=\"2560\" \/>\n\t<meta property=\"og:image:height\" content=\"1708\" \/>\n\t<meta property=\"og:image:type\" content=\"image\/jpeg\" \/>\n<meta name=\"twitter:card\" content=\"summary_large_image\" \/>\n<meta name=\"twitter:label1\" content=\"Szacowany czas czytania\" \/>\n\t<meta name=\"twitter:data1\" content=\"2 minuty\" \/>\n<script type=\"application\/ld+json\" class=\"yoast-schema-graph\">{\"@context\":\"https:\/\/schema.org\",\"@graph\":[{\"@type\":\"WebPage\",\"@id\":\"http:\/\/salonkosmetyczny-niemcza.pl\/?page_id=179\",\"url\":\"http:\/\/salonkosmetyczny-niemcza.pl\/?page_id=179\",\"name\":\"Mezoterapia ig\u0142owa - Ewa Kowal\",\"isPartOf\":{\"@id\":\"http:\/\/salonkosmetyczny-niemcza.pl\/#website\"},\"primaryImageOfPage\":{\"@id\":\"http:\/\/salonkosmetyczny-niemcza.pl\/?page_id=179#primaryimage\"},\"image\":{\"@id\":\"http:\/\/salonkosmetyczny-niemcza.pl\/?page_id=179#primaryimage\"},\"thumbnailUrl\":\"https:\/\/salonkosmetyczny-niemcza.pl\/wp-content\/uploads\/2024\/02\/healthy-skin-young-woman-beautiful-face-close-up-gray-background-scaled.jpg\",\"datePublished\":\"2018-09-18T06:12:42+00:00\",\"dateModified\":\"2024-05-08T19:54:32+00:00\",\"breadcrumb\":{\"@id\":\"http:\/\/salonkosmetyczny-niemcza.pl\/?page_id=179#breadcrumb\"},\"inLanguage\":\"pl-PL\",\"potentialAction\":[{\"@type\":\"ReadAction\",\"target\":[\"http:\/\/salonkosmetyczny-niemcza.pl\/?page_id=179\"]}]},{\"@type\":\"ImageObject\",\"inLanguage\":\"pl-PL\",\"@id\":\"http:\/\/salonkosmetyczny-niemcza.pl\/?page_id=179#primaryimage\",\"url\":\"https:\/\/salonkosmetyczny-niemcza.pl\/wp-content\/uploads\/2024\/02\/healthy-skin-young-woman-beautiful-face-close-up-gray-background-scaled.jpg\",\"contentUrl\":\"https:\/\/salonkosmetyczny-niemcza.pl\/wp-content\/uploads\/2024\/02\/healthy-skin-young-woman-beautiful-face-close-up-gray-background-scaled.jpg\",\"width\":2560,\"height\":1708,\"caption\":\"Healthy skin woman beautiful face close up over gray background\"},{\"@type\":\"BreadcrumbList\",\"@id\":\"http:\/\/salonkosmetyczny-niemcza.pl\/?page_id=179#breadcrumb\",\"itemListElement\":[{\"@type\":\"ListItem\",\"position\":1,\"name\":\"Strona g\u0142\u00f3wna\",\"item\":\"http:\/\/salonkosmetyczny-niemcza.pl\/\"},{\"@type\":\"ListItem\",\"position\":2,\"name\":\"Mezoterapia ig\u0142owa\"}]},{\"@type\":\"WebSite\",\"@id\":\"http:\/\/salonkosmetyczny-niemcza.pl\/#website\",\"url\":\"http:\/\/salonkosmetyczny-niemcza.pl\/\",\"name\":\"Ewa Kowal\",\"description\":\"Gabinet Kosmetyczny\",\"publisher\":{\"@id\":\"http:\/\/salonkosmetyczny-niemcza.pl\/#organization\"},\"potentialAction\":[{\"@type\":\"SearchAction\",\"target\":{\"@type\":\"EntryPoint\",\"urlTemplate\":\"http:\/\/salonkosmetyczny-niemcza.pl\/?s={search_term_string}\"},\"query-input\":{\"@type\":\"PropertyValueSpecification\",\"valueRequired\":true,\"valueName\":\"search_term_string\"}}],\"inLanguage\":\"pl-PL\"},{\"@type\":\"Organization\",\"@id\":\"http:\/\/salonkosmetyczny-niemcza.pl\/#organization\",\"name\":\"Ewa Kowal\",\"url\":\"http:\/\/salonkosmetyczny-niemcza.pl\/\",\"logo\":{\"@type\":\"ImageObject\",\"inLanguage\":\"pl-PL\",\"@id\":\"http:\/\/salonkosmetyczny-niemcza.pl\/#\/schema\/logo\/image\/\",\"url\":\"https:\/\/salonkosmetyczny-niemcza.pl\/wp-content\/uploads\/2023\/02\/cropped-ewakowal.png\",\"contentUrl\":\"https:\/\/salonkosmetyczny-niemcza.pl\/wp-content\/uploads\/2023\/02\/cropped-ewakowal.png\",\"width\":189,\"height\":150,\"caption\":\"Ewa Kowal\"},\"image\":{\"@id\":\"http:\/\/salonkosmetyczny-niemcza.pl\/#\/schema\/logo\/image\/\"}}]}<\/script>\n<!-- \/ Yoast SEO plugin. -->","yoast_head_json":{"title":"Mezoterapia ig\u0142owa - Ewa Kowal","robots":{"index":"index","follow":"follow","max-snippet":"max-snippet:-1","max-image-preview":"max-image-preview:large","max-video-preview":"max-video-preview:-1"},"canonical":"http:\/\/salonkosmetyczny-niemcza.pl\/?page_id=179","og_locale":"pl_PL","og_type":"article","og_title":"Mezoterapia ig\u0142owa - Ewa Kowal","og_description":"Skuteczny zabieg poprawiaj\u0105cy wygl\u0105d sk\u00f3ry Mezoterapia ig\u0142owa to innowacyjny zabieg, kt\u00f3ry doskonale sprawdza si\u0119 w przypadku sk\u00f3ry suchej, zm\u0119czonej, z przebarwieniami, zmianami potr\u0105dzikowymi, wiotko\u015bci\u0105 i zmarszczkami. Zabieg ten mo\u017ce by\u0107 &hellip;","og_url":"http:\/\/salonkosmetyczny-niemcza.pl\/?page_id=179","og_site_name":"Ewa Kowal","article_modified_time":"2024-05-08T19:54:32+00:00","og_image":[{"width":2560,"height":1708,"url":"http:\/\/salonkosmetyczny-niemcza.pl\/wp-content\/uploads\/2024\/02\/healthy-skin-young-woman-beautiful-face-close-up-gray-background-scaled.jpg","type":"image\/jpeg"}],"twitter_card":"summary_large_image","twitter_misc":{"Szacowany czas czytania":"2 minuty"},"schema":{"@context":"https:\/\/schema.org","@graph":[{"@type":"WebPage","@id":"http:\/\/salonkosmetyczny-niemcza.pl\/?page_id=179","url":"http:\/\/salonkosmetyczny-niemcza.pl\/?page_id=179","name":"Mezoterapia ig\u0142owa - Ewa Kowal","isPartOf":{"@id":"http:\/\/salonkosmetyczny-niemcza.pl\/#website"},"primaryImageOfPage":{"@id":"http:\/\/salonkosmetyczny-niemcza.pl\/?page_id=179#primaryimage"},"image":{"@id":"http:\/\/salonkosmetyczny-niemcza.pl\/?page_id=179#primaryimage"},"thumbnailUrl":"https:\/\/salonkosmetyczny-niemcza.pl\/wp-content\/uploads\/2024\/02\/healthy-skin-young-woman-beautiful-face-close-up-gray-background-scaled.jpg","datePublished":"2018-09-18T06:12:42+00:00","dateModified":"2024-05-08T19:54:32+00:00","breadcrumb":{"@id":"http:\/\/salonkosmetyczny-niemcza.pl\/?page_id=179#breadcrumb"},"inLanguage":"pl-PL","potentialAction":[{"@type":"ReadAction","target":["http:\/\/salonkosmetyczny-niemcza.pl\/?page_id=179"]}]},{"@type":"ImageObject","inLanguage":"pl-PL","@id":"http:\/\/salonkosmetyczny-niemcza.pl\/?page_id=179#primaryimage","url":"https:\/\/salonkosmetyczny-niemcza.pl\/wp-content\/uploads\/2024\/02\/healthy-skin-young-woman-beautiful-face-close-up-gray-background-scaled.jpg","contentUrl":"https:\/\/salonkosmetyczny-niemcza.pl\/wp-content\/uploads\/2024\/02\/healthy-skin-young-woman-beautiful-face-close-up-gray-background-scaled.jpg","width":2560,"height":1708,"caption":"Healthy skin woman beautiful face close up over gray background"},{"@type":"BreadcrumbList","@id":"http:\/\/salonkosmetyczny-niemcza.pl\/?page_id=179#breadcrumb","itemListElement":[{"@type":"ListItem","position":1,"name":"Strona g\u0142\u00f3wna","item":"http:\/\/salonkosmetyczny-niemcza.pl\/"},{"@type":"ListItem","position":2,"name":"Mezoterapia ig\u0142owa"}]},{"@type":"WebSite","@id":"http:\/\/salonkosmetyczny-niemcza.pl\/#website","url":"http:\/\/salonkosmetyczny-niemcza.pl\/","name":"Ewa Kowal","description":"Gabinet Kosmetyczny","publisher":{"@id":"http:\/\/salonkosmetyczny-niemcza.pl\/#organization"},"potentialAction":[{"@type":"SearchAction","target":{"@type":"EntryPoint","urlTemplate":"http:\/\/salonkosmetyczny-niemcza.pl\/?s={search_term_string}"},"query-input":{"@type":"PropertyValueSpecification","valueRequired":true,"valueName":"search_term_string"}}],"inLanguage":"pl-PL"},{"@type":"Organization","@id":"http:\/\/salonkosmetyczny-niemcza.pl\/#organization","name":"Ewa Kowal","url":"http:\/\/salonkosmetyczny-niemcza.pl\/","logo":{"@type":"ImageObject","inLanguage":"pl-PL","@id":"http:\/\/salonkosmetyczny-niemcza.pl\/#\/schema\/logo\/image\/","url":"https:\/\/salonkosmetyczny-niemcza.pl\/wp-content\/uploads\/2023\/02\/cropped-ewakowal.png","contentUrl":"https:\/\/salonkosmetyczny-niemcza.pl\/wp-content\/uploads\/2023\/02\/cropped-ewakowal.png","width":189,"height":150,"caption":"Ewa Kowal"},"image":{"@id":"http:\/\/salonkosmetyczny-niemcza.pl\/#\/schema\/logo\/image\/"}}]}},"_links":{"self":[{"href":"https:\/\/salonkosmetyczny-niemcza.pl\/index.php?rest_route=\/wp\/v2\/pages\/179","targetHints":{"allow":["GET"]}}],"collection":[{"href":"https:\/\/salonkosmetyczny-niemcza.pl\/index.php?rest_route=\/wp\/v2\/pages"}],"about":[{"href":"https:\/\/salonkosmetyczny-niemcza.pl\/index.php?rest_route=\/wp\/v2\/types\/page"}],"author":[{"embeddable":true,"href":"https:\/\/salonkosmetyczny-niemcza.pl\/index.php?rest_route=\/wp\/v2\/users\/1"}],"replies":[{"embeddable":true,"href":"https:\/\/salonkosmetyczny-niemcza.pl\/index.php?rest_route=%2Fwp%2Fv2%2Fcomments&post=179"}],"version-history":[{"count":18,"href":"https:\/\/salonkosmetyczny-niemcza.pl\/index.php?rest_route=\/wp\/v2\/pages\/179\/revisions"}],"predecessor-version":[{"id":1267,"href":"https:\/\/salonkosmetyczny-niemcza.pl\/index.php?rest_route=\/wp\/v2\/pages\/179\/revisions\/1267"}],"wp:featuredmedia":[{"embeddable":true,"href":"https:\/\/salonkosmetyczny-niemcza.pl\/index.php?rest_route=\/wp\/v2\/media\/1219"}],"wp:attachment":[{"href":"https:\/\/salonkosmetyczny-niemcza.pl\/index.php?rest_route=%2Fwp%2Fv2%2Fmedia&parent=179"}],"curies":[{"name":"wp","href":"https:\/\/api.w.org\/{rel}","templated":true}]}}