{"id":176,"date":"2018-09-18T08:08:20","date_gmt":"2018-09-18T06:08:20","guid":{"rendered":"https:\/\/serwer1331410.home.pl\/home\/salonkosea\/www\/?page_id=176"},"modified":"2024-02-29T20:19:36","modified_gmt":"2024-02-29T19:19:36","slug":"clarify-terapeutic-salicylic-acid-mask","status":"publish","type":"page","link":"https:\/\/salonkosmetyczny-niemcza.pl\/?page_id=176","title":{"rendered":"Clarify: Terapeutic Salicylic Acid Mask"},"content":{"rendered":"\t\t<div data-elementor-type=\"wp-page\" data-elementor-id=\"176\" class=\"elementor elementor-176\">\n\t\t\t\t\t\t<section class=\"elementor-section elementor-top-section elementor-element elementor-element-55cc0dc3 elementor-section-boxed elementor-section-height-default elementor-section-height-default wpr-particle-no wpr-jarallax-no wpr-parallax-no wpr-sticky-section-no\" data-id=\"55cc0dc3\" data-element_type=\"section\">\n\t\t\t\t\t\t<div class=\"elementor-container elementor-column-gap-default\">\n\t\t\t\t\t<div class=\"elementor-column elementor-col-100 elementor-top-column elementor-element elementor-element-fdde1f6\" data-id=\"fdde1f6\" data-element_type=\"column\">\n\t\t\t<div class=\"elementor-widget-wrap elementor-element-populated\">\n\t\t\t\t\t\t<div class=\"elementor-element elementor-element-68555382 elementor-widget elementor-widget-text-editor\" data-id=\"68555382\" data-element_type=\"widget\" data-widget_type=\"text-editor.default\">\n\t\t\t\t<div class=\"elementor-widget-container\">\n\t\t\t\t\t\t\t\t\t<img fetchpriority=\"high\" decoding=\"async\" class=\"alignleft size-full wp-image-98\" src=\"http:\/\/wordpress.test\/wp-content\/uploads\/2018\/09\/Salicylic.png\" alt=\"\" width=\"167\" height=\"347\" \/>Formu\u0142a maski stworzona z my\u015bl\u0105 o pacjentach ze sk\u00f3r\u0105 tr\u0105dzikow\u0105. Clarify:Therapeutic Salicylic Acid Mask wykazuje jednoczenie dzia\u0142anie antybakteryjne jak i przeciwzapalne, szybko i efektywnie oczyszcza sk\u00f3r\u0119, zapobiega powstawaniu rozszerzonych uj\u015b\u0107 gruczo\u0142\u00f3w \u0142ojowych. Maska zabiegowa zawiera bogate sk\u0142adowo wyci\u0105gi ro\u015blinne o dzia\u0142aniu \u0142agodz\u0105cym oraz kwas salicylowy o dzia\u0142aniu keratolitycznym, co odpowiada na wszystkie potrzeby sk\u00f3ry tr\u0105dzikowej<strong>.<\/strong>\n\n<strong>Wskazania:<\/strong>\n<ul>\n <li>Fitzpatrick I- VI<\/li>\n <li>Tr\u0105dzik, rozszerzone pory<\/li>\n <li>Rosacea w okresie remisji<\/li>\n <li>Sk\u00f3ra t\u0142usta<\/li>\n <li>Nadmierna keratynizacja<\/li>\n<\/ul>\n&nbsp;\n\n&nbsp;\n\n&nbsp;\n\n<strong>G\u0142\u00f3wne sk\u0142adniki:<\/strong>\n<ul>\n <li><strong>Kwas salicylowy (20%)<\/strong> &#8211; beta-hydroksykwas. Efektywny sk\u0142adnik przeciwtr\u0105dzikowy, dzi\u0119ki powinowactwu do lipid\u00f3w sk\u00f3ry, charakteryzuje si\u0119 zdolno\u015bci\u0105 przenikania przez barier\u0119 warstwy rogowej, wnikania do mieszk\u00f3w w\u0142osowych. Wykazuje dzia\u0142anie silnie bakteriostatyczne, grzybob\u00f3jcze i przeciwzapalne.<\/li>\n <li><strong>Ekstrakt z hydrolizowanych grzyb\u00f3w Candida Saitoana<\/strong> &#8211; rodzaj grzyb\u00f3w, inicjuj\u0105 proces autofagocytozy (proces kataboliczny- trawienie przez kom\u00f3rk\u0119 obumar\u0142ych lub uszkodzonych element\u00f3w jej struktury), przyczyniaj\u0105 si\u0119 do naturalnego procesu detoksykacji sk\u00f3ry, niszczenia wolnych rodnik\u00f3w tlenowych.<\/li>\n <li><strong>Tokoferol (witamina E)<\/strong> &#8211; doskona\u0142y antyoksydant i emolient, witamina rozpuszczalna w t\u0142uszczach, wp\u0142ywa na funkcje ochronne sk\u00f3ry w procesach nieoksydacyjnych.<\/li>\n <li><strong>Wyci\u0105g z drzewa Cascarilla Bark i ekstrakt ze s\u0142odkich wi\u015bni<\/strong> &#8211; posiadaj\u0105 w\u0142a\u015bciwo\u015bci silnie antyoksydacyjne i przeciwzapalne.<\/li>\n<\/ul>\t\t\t\t\t\t\t\t<\/div>\n\t\t\t\t<\/div>\n\t\t\t\t\t<\/div>\n\t\t<\/div>\n\t\t\t\t\t<\/div>\n\t\t<\/section>\n\t\t\t\t<\/div>\n\t\t","protected":false},"excerpt":{"rendered":"<p>Formu\u0142a maski stworzona z my\u015bl\u0105 o pacjentach ze sk\u00f3r\u0105 tr\u0105dzikow\u0105. Clarify:Therapeutic Salicylic Acid Mask wykazuje jednoczenie dzia\u0142anie antybakteryjne jak i przeciwzapalne, szybko i efektywnie oczyszcza sk\u00f3r\u0119, zapobiega powstawaniu rozszerzonych uj\u015b\u0107 &hellip; <\/p>\n","protected":false},"author":1,"featured_media":177,"parent":0,"menu_order":0,"comment_status":"closed","ping_status":"closed","template":"","meta":{"footnotes":""},"class_list":["post-176","page","type-page","status-publish","has-post-thumbnail","hentry"],"yoast_head":"<!-- This site is optimized with the Yoast SEO plugin v25.6 - https:\/\/yoast.com\/wordpress\/plugins\/seo\/ -->\n<title>Clarify: Terapeutic Salicylic Acid Mask - Ewa Kowal<\/title>\n<meta name=\"robots\" content=\"index, follow, max-snippet:-1, max-image-preview:large, max-video-preview:-1\" \/>\n<link rel=\"canonical\" href=\"https:\/\/salonkosmetyczny-niemcza.pl\/?page_id=176\" \/>\n<meta property=\"og:locale\" content=\"pl_PL\" \/>\n<meta property=\"og:type\" content=\"article\" \/>\n<meta property=\"og:title\" content=\"Clarify: Terapeutic Salicylic Acid Mask - Ewa Kowal\" \/>\n<meta property=\"og:description\" content=\"Formu\u0142a maski stworzona z my\u015bl\u0105 o pacjentach ze sk\u00f3r\u0105 tr\u0105dzikow\u0105. Clarify:Therapeutic Salicylic Acid Mask wykazuje jednoczenie dzia\u0142anie antybakteryjne jak i przeciwzapalne, szybko i efektywnie oczyszcza sk\u00f3r\u0119, zapobiega powstawaniu rozszerzonych uj\u015b\u0107 &hellip;\" \/>\n<meta property=\"og:url\" content=\"https:\/\/salonkosmetyczny-niemcza.pl\/?page_id=176\" \/>\n<meta property=\"og:site_name\" content=\"Ewa Kowal\" \/>\n<meta property=\"article:modified_time\" content=\"2024-02-29T19:19:36+00:00\" \/>\n<meta property=\"og:image\" content=\"https:\/\/salonkosmetyczny-niemcza.pl\/wp-content\/uploads\/2018\/09\/Salicylic.png\" \/>\n\t<meta property=\"og:image:width\" content=\"167\" \/>\n\t<meta property=\"og:image:height\" content=\"347\" \/>\n\t<meta property=\"og:image:type\" content=\"image\/png\" \/>\n<meta name=\"twitter:card\" content=\"summary_large_image\" \/>\n<meta name=\"twitter:label1\" content=\"Szacowany czas czytania\" \/>\n\t<meta name=\"twitter:data1\" content=\"1 minuta\" \/>\n<script type=\"application\/ld+json\" class=\"yoast-schema-graph\">{\"@context\":\"https:\/\/schema.org\",\"@graph\":[{\"@type\":\"WebPage\",\"@id\":\"https:\/\/salonkosmetyczny-niemcza.pl\/?page_id=176\",\"url\":\"https:\/\/salonkosmetyczny-niemcza.pl\/?page_id=176\",\"name\":\"Clarify: Terapeutic Salicylic Acid Mask - Ewa Kowal\",\"isPartOf\":{\"@id\":\"https:\/\/salonkosmetyczny-niemcza.pl\/#website\"},\"primaryImageOfPage\":{\"@id\":\"https:\/\/salonkosmetyczny-niemcza.pl\/?page_id=176#primaryimage\"},\"image\":{\"@id\":\"https:\/\/salonkosmetyczny-niemcza.pl\/?page_id=176#primaryimage\"},\"thumbnailUrl\":\"https:\/\/salonkosmetyczny-niemcza.pl\/wp-content\/uploads\/2018\/09\/Salicylic.png\",\"datePublished\":\"2018-09-18T06:08:20+00:00\",\"dateModified\":\"2024-02-29T19:19:36+00:00\",\"breadcrumb\":{\"@id\":\"https:\/\/salonkosmetyczny-niemcza.pl\/?page_id=176#breadcrumb\"},\"inLanguage\":\"pl-PL\",\"potentialAction\":[{\"@type\":\"ReadAction\",\"target\":[\"https:\/\/salonkosmetyczny-niemcza.pl\/?page_id=176\"]}]},{\"@type\":\"ImageObject\",\"inLanguage\":\"pl-PL\",\"@id\":\"https:\/\/salonkosmetyczny-niemcza.pl\/?page_id=176#primaryimage\",\"url\":\"https:\/\/salonkosmetyczny-niemcza.pl\/wp-content\/uploads\/2018\/09\/Salicylic.png\",\"contentUrl\":\"https:\/\/salonkosmetyczny-niemcza.pl\/wp-content\/uploads\/2018\/09\/Salicylic.png\",\"width\":167,\"height\":347},{\"@type\":\"BreadcrumbList\",\"@id\":\"https:\/\/salonkosmetyczny-niemcza.pl\/?page_id=176#breadcrumb\",\"itemListElement\":[{\"@type\":\"ListItem\",\"position\":1,\"name\":\"Strona g\u0142\u00f3wna\",\"item\":\"https:\/\/salonkosmetyczny-niemcza.pl\/\"},{\"@type\":\"ListItem\",\"position\":2,\"name\":\"Clarify: Terapeutic Salicylic Acid Mask\"}]},{\"@type\":\"WebSite\",\"@id\":\"https:\/\/salonkosmetyczny-niemcza.pl\/#website\",\"url\":\"https:\/\/salonkosmetyczny-niemcza.pl\/\",\"name\":\"Ewa Kowal\",\"description\":\"Gabinet Kosmetyczny\",\"publisher\":{\"@id\":\"https:\/\/salonkosmetyczny-niemcza.pl\/#organization\"},\"potentialAction\":[{\"@type\":\"SearchAction\",\"target\":{\"@type\":\"EntryPoint\",\"urlTemplate\":\"https:\/\/salonkosmetyczny-niemcza.pl\/?s={search_term_string}\"},\"query-input\":{\"@type\":\"PropertyValueSpecification\",\"valueRequired\":true,\"valueName\":\"search_term_string\"}}],\"inLanguage\":\"pl-PL\"},{\"@type\":\"Organization\",\"@id\":\"https:\/\/salonkosmetyczny-niemcza.pl\/#organization\",\"name\":\"Ewa Kowal\",\"url\":\"https:\/\/salonkosmetyczny-niemcza.pl\/\",\"logo\":{\"@type\":\"ImageObject\",\"inLanguage\":\"pl-PL\",\"@id\":\"https:\/\/salonkosmetyczny-niemcza.pl\/#\/schema\/logo\/image\/\",\"url\":\"https:\/\/salonkosmetyczny-niemcza.pl\/wp-content\/uploads\/2023\/02\/cropped-ewakowal.png\",\"contentUrl\":\"https:\/\/salonkosmetyczny-niemcza.pl\/wp-content\/uploads\/2023\/02\/cropped-ewakowal.png\",\"width\":189,\"height\":150,\"caption\":\"Ewa Kowal\"},\"image\":{\"@id\":\"https:\/\/salonkosmetyczny-niemcza.pl\/#\/schema\/logo\/image\/\"}}]}<\/script>\n<!-- \/ Yoast SEO plugin. -->","yoast_head_json":{"title":"Clarify: Terapeutic Salicylic Acid Mask - Ewa Kowal","robots":{"index":"index","follow":"follow","max-snippet":"max-snippet:-1","max-image-preview":"max-image-preview:large","max-video-preview":"max-video-preview:-1"},"canonical":"https:\/\/salonkosmetyczny-niemcza.pl\/?page_id=176","og_locale":"pl_PL","og_type":"article","og_title":"Clarify: Terapeutic Salicylic Acid Mask - Ewa Kowal","og_description":"Formu\u0142a maski stworzona z my\u015bl\u0105 o pacjentach ze sk\u00f3r\u0105 tr\u0105dzikow\u0105. Clarify:Therapeutic Salicylic Acid Mask wykazuje jednoczenie dzia\u0142anie antybakteryjne jak i przeciwzapalne, szybko i efektywnie oczyszcza sk\u00f3r\u0119, zapobiega powstawaniu rozszerzonych uj\u015b\u0107 &hellip;","og_url":"https:\/\/salonkosmetyczny-niemcza.pl\/?page_id=176","og_site_name":"Ewa Kowal","article_modified_time":"2024-02-29T19:19:36+00:00","og_image":[{"width":167,"height":347,"url":"https:\/\/salonkosmetyczny-niemcza.pl\/wp-content\/uploads\/2018\/09\/Salicylic.png","type":"image\/png"}],"twitter_card":"summary_large_image","twitter_misc":{"Szacowany czas czytania":"1 minuta"},"schema":{"@context":"https:\/\/schema.org","@graph":[{"@type":"WebPage","@id":"https:\/\/salonkosmetyczny-niemcza.pl\/?page_id=176","url":"https:\/\/salonkosmetyczny-niemcza.pl\/?page_id=176","name":"Clarify: Terapeutic Salicylic Acid Mask - Ewa Kowal","isPartOf":{"@id":"https:\/\/salonkosmetyczny-niemcza.pl\/#website"},"primaryImageOfPage":{"@id":"https:\/\/salonkosmetyczny-niemcza.pl\/?page_id=176#primaryimage"},"image":{"@id":"https:\/\/salonkosmetyczny-niemcza.pl\/?page_id=176#primaryimage"},"thumbnailUrl":"https:\/\/salonkosmetyczny-niemcza.pl\/wp-content\/uploads\/2018\/09\/Salicylic.png","datePublished":"2018-09-18T06:08:20+00:00","dateModified":"2024-02-29T19:19:36+00:00","breadcrumb":{"@id":"https:\/\/salonkosmetyczny-niemcza.pl\/?page_id=176#breadcrumb"},"inLanguage":"pl-PL","potentialAction":[{"@type":"ReadAction","target":["https:\/\/salonkosmetyczny-niemcza.pl\/?page_id=176"]}]},{"@type":"ImageObject","inLanguage":"pl-PL","@id":"https:\/\/salonkosmetyczny-niemcza.pl\/?page_id=176#primaryimage","url":"https:\/\/salonkosmetyczny-niemcza.pl\/wp-content\/uploads\/2018\/09\/Salicylic.png","contentUrl":"https:\/\/salonkosmetyczny-niemcza.pl\/wp-content\/uploads\/2018\/09\/Salicylic.png","width":167,"height":347},{"@type":"BreadcrumbList","@id":"https:\/\/salonkosmetyczny-niemcza.pl\/?page_id=176#breadcrumb","itemListElement":[{"@type":"ListItem","position":1,"name":"Strona g\u0142\u00f3wna","item":"https:\/\/salonkosmetyczny-niemcza.pl\/"},{"@type":"ListItem","position":2,"name":"Clarify: Terapeutic Salicylic Acid Mask"}]},{"@type":"WebSite","@id":"https:\/\/salonkosmetyczny-niemcza.pl\/#website","url":"https:\/\/salonkosmetyczny-niemcza.pl\/","name":"Ewa Kowal","description":"Gabinet Kosmetyczny","publisher":{"@id":"https:\/\/salonkosmetyczny-niemcza.pl\/#organization"},"potentialAction":[{"@type":"SearchAction","target":{"@type":"EntryPoint","urlTemplate":"https:\/\/salonkosmetyczny-niemcza.pl\/?s={search_term_string}"},"query-input":{"@type":"PropertyValueSpecification","valueRequired":true,"valueName":"search_term_string"}}],"inLanguage":"pl-PL"},{"@type":"Organization","@id":"https:\/\/salonkosmetyczny-niemcza.pl\/#organization","name":"Ewa Kowal","url":"https:\/\/salonkosmetyczny-niemcza.pl\/","logo":{"@type":"ImageObject","inLanguage":"pl-PL","@id":"https:\/\/salonkosmetyczny-niemcza.pl\/#\/schema\/logo\/image\/","url":"https:\/\/salonkosmetyczny-niemcza.pl\/wp-content\/uploads\/2023\/02\/cropped-ewakowal.png","contentUrl":"https:\/\/salonkosmetyczny-niemcza.pl\/wp-content\/uploads\/2023\/02\/cropped-ewakowal.png","width":189,"height":150,"caption":"Ewa Kowal"},"image":{"@id":"https:\/\/salonkosmetyczny-niemcza.pl\/#\/schema\/logo\/image\/"}}]}},"_links":{"self":[{"href":"https:\/\/salonkosmetyczny-niemcza.pl\/index.php?rest_route=\/wp\/v2\/pages\/176","targetHints":{"allow":["GET"]}}],"collection":[{"href":"https:\/\/salonkosmetyczny-niemcza.pl\/index.php?rest_route=\/wp\/v2\/pages"}],"about":[{"href":"https:\/\/salonkosmetyczny-niemcza.pl\/index.php?rest_route=\/wp\/v2\/types\/page"}],"author":[{"embeddable":true,"href":"https:\/\/salonkosmetyczny-niemcza.pl\/index.php?rest_route=\/wp\/v2\/users\/1"}],"replies":[{"embeddable":true,"href":"https:\/\/salonkosmetyczny-niemcza.pl\/index.php?rest_route=%2Fwp%2Fv2%2Fcomments&post=176"}],"version-history":[{"count":3,"href":"https:\/\/salonkosmetyczny-niemcza.pl\/index.php?rest_route=\/wp\/v2\/pages\/176\/revisions"}],"predecessor-version":[{"id":295,"href":"https:\/\/salonkosmetyczny-niemcza.pl\/index.php?rest_route=\/wp\/v2\/pages\/176\/revisions\/295"}],"wp:featuredmedia":[{"embeddable":true,"href":"https:\/\/salonkosmetyczny-niemcza.pl\/index.php?rest_route=\/wp\/v2\/media\/177"}],"wp:attachment":[{"href":"https:\/\/salonkosmetyczny-niemcza.pl\/index.php?rest_route=%2Fwp%2Fv2%2Fmedia&parent=176"}],"curies":[{"name":"wp","href":"https:\/\/api.w.org\/{rel}","templated":true}]}}