{"id":164,"date":"2018-09-18T07:44:31","date_gmt":"2018-09-18T05:44:31","guid":{"rendered":"https:\/\/serwer1331410.home.pl\/home\/salonkosea\/www\/?page_id=164"},"modified":"2024-02-29T21:48:17","modified_gmt":"2024-02-29T20:48:17","slug":"cosmelan-2","status":"publish","type":"page","link":"https:\/\/salonkosmetyczny-niemcza.pl\/?page_id=164","title":{"rendered":"Cosmelan"},"content":{"rendered":"\t\t<div data-elementor-type=\"wp-page\" data-elementor-id=\"164\" class=\"elementor elementor-164\">\n\t\t\t\t\t\t<section class=\"elementor-section elementor-top-section elementor-element elementor-element-34f6389 elementor-section-boxed elementor-section-height-default elementor-section-height-default wpr-particle-no wpr-jarallax-no wpr-parallax-no wpr-sticky-section-no\" data-id=\"34f6389\" data-element_type=\"section\">\n\t\t\t\t\t\t<div class=\"elementor-container elementor-column-gap-default\">\n\t\t\t\t\t<div class=\"elementor-column elementor-col-100 elementor-top-column elementor-element elementor-element-7ce9cdf3\" data-id=\"7ce9cdf3\" data-element_type=\"column\">\n\t\t\t<div class=\"elementor-widget-wrap elementor-element-populated\">\n\t\t\t\t\t\t<div class=\"elementor-element elementor-element-582473df elementor-widget elementor-widget-text-editor\" data-id=\"582473df\" data-element_type=\"widget\" data-widget_type=\"text-editor.default\">\n\t\t\t\t<div class=\"elementor-widget-container\">\n\t\t\t\t\t\t\t\t\tZabieg Cosmelan jest jedn\u0105 z najskuteczniejszych kuracji na przebarwienia o pod\u0142o\u017cu hormonalnym. Wystarczy tylko jeden by przebarwienia uleg\u0142y redukcji o 95% w do\u015b\u0107 szybkim czasie &#8211; pomi\u0119dzy 8 a 21 dniem &#8211; w zale\u017cno\u015bci od osobniczych sk\u0142onno\u015bci pacjenta.\n\nPreparat mo\u017cna stosowa\u0107 do ka\u017cdego rodzaju sk\u00f3ry i przebarwie\u0144 o r\u00f3\u017cnej etiologii. Najlepsze efekty uzyskuje si\u0119 w przypadku przebarwie\u0144 o pod\u0142o\u017cu hormonalnym (melasma), przy sk\u00f3rze t\u0142ustej lub mieszanej. Opr\u00f3cz redukcji plam barwnikowych zabieg reguluje wydzielanie \u0142oju, zw\u0119\u017ca pory i dodaje sk\u00f3rze blasku.\n\nZabieg Cosmelan sk\u0142ada si\u0119 z 2 etap\u00f3w:\n<ul>\n <li>Etap 1 &#8211; w gabinecie:\n<ul>\n <li>oczyszczenie i odt\u0142uszczenie sk\u00f3ry,<\/li>\n <li>na\u0142o\u017cenie preparatu Cosmelan lub Dermamelan (stanowi\u0105ca podstaw\u0119 kuracji maska koloru musztardowego).<\/li>\n<\/ul>\n<\/li>\n <li>Etap 2 &#8211; w domu:\n<ul>\n <li>zmycie maski w domu pod bie\u017c\u0105c\u0105 wod\u0105, po ok. 5 godzinach (czas zale\u017cy od fototypu sk\u00f3ry),<\/li>\n <li>stosowanie kremu Cosmelan 2 przez 3 miesi\u0105ce od zabiegu wed\u0142ug schematu dobranego przez osob\u0119 wykonuj\u0105c\u0105 zabieg oraz kremu nawil\u017caj\u0105cego<\/li>\n<\/ul>\n<\/li>\n<\/ul>\n&nbsp;\n\nWA\u017bNE!\n\nKuracja nie eliminuje sk\u0142onno\u015bci do powstawania przebarwie\u0144 &#8211; dlatego te\u017c istotne jest aby korzysta\u0107 z wiedzy, kt\u00f3r\u0105 przekazuje pacjentowi osoba przeprowadzaj\u0105ca zabieg.\n\n<img fetchpriority=\"high\" decoding=\"async\" class=\"size-full wp-image-350 aligncenter\" src=\"https:\/\/serwer1331410.home.pl\/home\/salonkosea\/www\/wp-content\/uploads\/2019\/02\/Cosmelan.jpg\" alt=\"Zabieg Cosmelan\" width=\"569\" height=\"521\" \/>\t\t\t\t\t\t\t\t<\/div>\n\t\t\t\t<\/div>\n\t\t\t\t\t<\/div>\n\t\t<\/div>\n\t\t\t\t\t<\/div>\n\t\t<\/section>\n\t\t\t\t<\/div>\n\t\t","protected":false},"excerpt":{"rendered":"<p>Zabieg Cosmelan jest jedn\u0105 z najskuteczniejszych kuracji na przebarwienia o pod\u0142o\u017cu hormonalnym. Wystarczy tylko jeden by przebarwienia uleg\u0142y redukcji o 95% w do\u015b\u0107 szybkim czasie &#8211; pomi\u0119dzy 8 a 21 &hellip; <\/p>\n","protected":false},"author":1,"featured_media":1242,"parent":0,"menu_order":0,"comment_status":"closed","ping_status":"closed","template":"","meta":{"footnotes":""},"class_list":["post-164","page","type-page","status-publish","has-post-thumbnail","hentry"],"yoast_head":"<!-- This site is optimized with the Yoast SEO plugin v25.6 - https:\/\/yoast.com\/wordpress\/plugins\/seo\/ -->\n<title>Cosmelan - Ewa Kowal<\/title>\n<meta name=\"robots\" content=\"index, follow, max-snippet:-1, max-image-preview:large, max-video-preview:-1\" \/>\n<link rel=\"canonical\" href=\"https:\/\/salonkosmetyczny-niemcza.pl\/?page_id=164\" \/>\n<meta property=\"og:locale\" content=\"pl_PL\" \/>\n<meta property=\"og:type\" content=\"article\" \/>\n<meta property=\"og:title\" content=\"Cosmelan - Ewa Kowal\" \/>\n<meta property=\"og:description\" content=\"Zabieg Cosmelan jest jedn\u0105 z najskuteczniejszych kuracji na przebarwienia o pod\u0142o\u017cu hormonalnym. Wystarczy tylko jeden by przebarwienia uleg\u0142y redukcji o 95% w do\u015b\u0107 szybkim czasie &#8211; pomi\u0119dzy 8 a 21 &hellip;\" \/>\n<meta property=\"og:url\" content=\"https:\/\/salonkosmetyczny-niemcza.pl\/?page_id=164\" \/>\n<meta property=\"og:site_name\" content=\"Ewa Kowal\" \/>\n<meta property=\"article:modified_time\" content=\"2024-02-29T20:48:17+00:00\" \/>\n<meta property=\"og:image\" content=\"https:\/\/salonkosmetyczny-niemcza.pl\/wp-content\/uploads\/2024\/02\/portrait-beautiful-fashion-woman-wearing-bracelet-with-thorns-scaled.jpg\" \/>\n\t<meta property=\"og:image:width\" content=\"2560\" \/>\n\t<meta property=\"og:image:height\" content=\"1920\" \/>\n\t<meta property=\"og:image:type\" content=\"image\/jpeg\" \/>\n<meta name=\"twitter:card\" content=\"summary_large_image\" \/>\n<meta name=\"twitter:label1\" content=\"Szacowany czas czytania\" \/>\n\t<meta name=\"twitter:data1\" content=\"1 minuta\" \/>\n<script type=\"application\/ld+json\" class=\"yoast-schema-graph\">{\"@context\":\"https:\/\/schema.org\",\"@graph\":[{\"@type\":\"WebPage\",\"@id\":\"https:\/\/salonkosmetyczny-niemcza.pl\/?page_id=164\",\"url\":\"https:\/\/salonkosmetyczny-niemcza.pl\/?page_id=164\",\"name\":\"Cosmelan - Ewa Kowal\",\"isPartOf\":{\"@id\":\"https:\/\/salonkosmetyczny-niemcza.pl\/#website\"},\"primaryImageOfPage\":{\"@id\":\"https:\/\/salonkosmetyczny-niemcza.pl\/?page_id=164#primaryimage\"},\"image\":{\"@id\":\"https:\/\/salonkosmetyczny-niemcza.pl\/?page_id=164#primaryimage\"},\"thumbnailUrl\":\"https:\/\/salonkosmetyczny-niemcza.pl\/wp-content\/uploads\/2024\/02\/portrait-beautiful-fashion-woman-wearing-bracelet-with-thorns-scaled.jpg\",\"datePublished\":\"2018-09-18T05:44:31+00:00\",\"dateModified\":\"2024-02-29T20:48:17+00:00\",\"breadcrumb\":{\"@id\":\"https:\/\/salonkosmetyczny-niemcza.pl\/?page_id=164#breadcrumb\"},\"inLanguage\":\"pl-PL\",\"potentialAction\":[{\"@type\":\"ReadAction\",\"target\":[\"https:\/\/salonkosmetyczny-niemcza.pl\/?page_id=164\"]}]},{\"@type\":\"ImageObject\",\"inLanguage\":\"pl-PL\",\"@id\":\"https:\/\/salonkosmetyczny-niemcza.pl\/?page_id=164#primaryimage\",\"url\":\"https:\/\/salonkosmetyczny-niemcza.pl\/wp-content\/uploads\/2024\/02\/portrait-beautiful-fashion-woman-wearing-bracelet-with-thorns-scaled.jpg\",\"contentUrl\":\"https:\/\/salonkosmetyczny-niemcza.pl\/wp-content\/uploads\/2024\/02\/portrait-beautiful-fashion-woman-wearing-bracelet-with-thorns-scaled.jpg\",\"width\":2560,\"height\":1920,\"caption\":\"Portrait of Beautiful fashion woman wearing bracelet with thorns\"},{\"@type\":\"BreadcrumbList\",\"@id\":\"https:\/\/salonkosmetyczny-niemcza.pl\/?page_id=164#breadcrumb\",\"itemListElement\":[{\"@type\":\"ListItem\",\"position\":1,\"name\":\"Strona g\u0142\u00f3wna\",\"item\":\"https:\/\/salonkosmetyczny-niemcza.pl\/\"},{\"@type\":\"ListItem\",\"position\":2,\"name\":\"Cosmelan\"}]},{\"@type\":\"WebSite\",\"@id\":\"https:\/\/salonkosmetyczny-niemcza.pl\/#website\",\"url\":\"https:\/\/salonkosmetyczny-niemcza.pl\/\",\"name\":\"Ewa Kowal\",\"description\":\"Gabinet Kosmetyczny\",\"publisher\":{\"@id\":\"https:\/\/salonkosmetyczny-niemcza.pl\/#organization\"},\"potentialAction\":[{\"@type\":\"SearchAction\",\"target\":{\"@type\":\"EntryPoint\",\"urlTemplate\":\"https:\/\/salonkosmetyczny-niemcza.pl\/?s={search_term_string}\"},\"query-input\":{\"@type\":\"PropertyValueSpecification\",\"valueRequired\":true,\"valueName\":\"search_term_string\"}}],\"inLanguage\":\"pl-PL\"},{\"@type\":\"Organization\",\"@id\":\"https:\/\/salonkosmetyczny-niemcza.pl\/#organization\",\"name\":\"Ewa Kowal\",\"url\":\"https:\/\/salonkosmetyczny-niemcza.pl\/\",\"logo\":{\"@type\":\"ImageObject\",\"inLanguage\":\"pl-PL\",\"@id\":\"https:\/\/salonkosmetyczny-niemcza.pl\/#\/schema\/logo\/image\/\",\"url\":\"https:\/\/salonkosmetyczny-niemcza.pl\/wp-content\/uploads\/2023\/02\/cropped-ewakowal.png\",\"contentUrl\":\"https:\/\/salonkosmetyczny-niemcza.pl\/wp-content\/uploads\/2023\/02\/cropped-ewakowal.png\",\"width\":189,\"height\":150,\"caption\":\"Ewa Kowal\"},\"image\":{\"@id\":\"https:\/\/salonkosmetyczny-niemcza.pl\/#\/schema\/logo\/image\/\"}}]}<\/script>\n<!-- \/ Yoast SEO plugin. -->","yoast_head_json":{"title":"Cosmelan - Ewa Kowal","robots":{"index":"index","follow":"follow","max-snippet":"max-snippet:-1","max-image-preview":"max-image-preview:large","max-video-preview":"max-video-preview:-1"},"canonical":"https:\/\/salonkosmetyczny-niemcza.pl\/?page_id=164","og_locale":"pl_PL","og_type":"article","og_title":"Cosmelan - Ewa Kowal","og_description":"Zabieg Cosmelan jest jedn\u0105 z najskuteczniejszych kuracji na przebarwienia o pod\u0142o\u017cu hormonalnym. Wystarczy tylko jeden by przebarwienia uleg\u0142y redukcji o 95% w do\u015b\u0107 szybkim czasie &#8211; pomi\u0119dzy 8 a 21 &hellip;","og_url":"https:\/\/salonkosmetyczny-niemcza.pl\/?page_id=164","og_site_name":"Ewa Kowal","article_modified_time":"2024-02-29T20:48:17+00:00","og_image":[{"width":2560,"height":1920,"url":"https:\/\/salonkosmetyczny-niemcza.pl\/wp-content\/uploads\/2024\/02\/portrait-beautiful-fashion-woman-wearing-bracelet-with-thorns-scaled.jpg","type":"image\/jpeg"}],"twitter_card":"summary_large_image","twitter_misc":{"Szacowany czas czytania":"1 minuta"},"schema":{"@context":"https:\/\/schema.org","@graph":[{"@type":"WebPage","@id":"https:\/\/salonkosmetyczny-niemcza.pl\/?page_id=164","url":"https:\/\/salonkosmetyczny-niemcza.pl\/?page_id=164","name":"Cosmelan - Ewa Kowal","isPartOf":{"@id":"https:\/\/salonkosmetyczny-niemcza.pl\/#website"},"primaryImageOfPage":{"@id":"https:\/\/salonkosmetyczny-niemcza.pl\/?page_id=164#primaryimage"},"image":{"@id":"https:\/\/salonkosmetyczny-niemcza.pl\/?page_id=164#primaryimage"},"thumbnailUrl":"https:\/\/salonkosmetyczny-niemcza.pl\/wp-content\/uploads\/2024\/02\/portrait-beautiful-fashion-woman-wearing-bracelet-with-thorns-scaled.jpg","datePublished":"2018-09-18T05:44:31+00:00","dateModified":"2024-02-29T20:48:17+00:00","breadcrumb":{"@id":"https:\/\/salonkosmetyczny-niemcza.pl\/?page_id=164#breadcrumb"},"inLanguage":"pl-PL","potentialAction":[{"@type":"ReadAction","target":["https:\/\/salonkosmetyczny-niemcza.pl\/?page_id=164"]}]},{"@type":"ImageObject","inLanguage":"pl-PL","@id":"https:\/\/salonkosmetyczny-niemcza.pl\/?page_id=164#primaryimage","url":"https:\/\/salonkosmetyczny-niemcza.pl\/wp-content\/uploads\/2024\/02\/portrait-beautiful-fashion-woman-wearing-bracelet-with-thorns-scaled.jpg","contentUrl":"https:\/\/salonkosmetyczny-niemcza.pl\/wp-content\/uploads\/2024\/02\/portrait-beautiful-fashion-woman-wearing-bracelet-with-thorns-scaled.jpg","width":2560,"height":1920,"caption":"Portrait of Beautiful fashion woman wearing bracelet with thorns"},{"@type":"BreadcrumbList","@id":"https:\/\/salonkosmetyczny-niemcza.pl\/?page_id=164#breadcrumb","itemListElement":[{"@type":"ListItem","position":1,"name":"Strona g\u0142\u00f3wna","item":"https:\/\/salonkosmetyczny-niemcza.pl\/"},{"@type":"ListItem","position":2,"name":"Cosmelan"}]},{"@type":"WebSite","@id":"https:\/\/salonkosmetyczny-niemcza.pl\/#website","url":"https:\/\/salonkosmetyczny-niemcza.pl\/","name":"Ewa Kowal","description":"Gabinet Kosmetyczny","publisher":{"@id":"https:\/\/salonkosmetyczny-niemcza.pl\/#organization"},"potentialAction":[{"@type":"SearchAction","target":{"@type":"EntryPoint","urlTemplate":"https:\/\/salonkosmetyczny-niemcza.pl\/?s={search_term_string}"},"query-input":{"@type":"PropertyValueSpecification","valueRequired":true,"valueName":"search_term_string"}}],"inLanguage":"pl-PL"},{"@type":"Organization","@id":"https:\/\/salonkosmetyczny-niemcza.pl\/#organization","name":"Ewa Kowal","url":"https:\/\/salonkosmetyczny-niemcza.pl\/","logo":{"@type":"ImageObject","inLanguage":"pl-PL","@id":"https:\/\/salonkosmetyczny-niemcza.pl\/#\/schema\/logo\/image\/","url":"https:\/\/salonkosmetyczny-niemcza.pl\/wp-content\/uploads\/2023\/02\/cropped-ewakowal.png","contentUrl":"https:\/\/salonkosmetyczny-niemcza.pl\/wp-content\/uploads\/2023\/02\/cropped-ewakowal.png","width":189,"height":150,"caption":"Ewa Kowal"},"image":{"@id":"https:\/\/salonkosmetyczny-niemcza.pl\/#\/schema\/logo\/image\/"}}]}},"_links":{"self":[{"href":"https:\/\/salonkosmetyczny-niemcza.pl\/index.php?rest_route=\/wp\/v2\/pages\/164","targetHints":{"allow":["GET"]}}],"collection":[{"href":"https:\/\/salonkosmetyczny-niemcza.pl\/index.php?rest_route=\/wp\/v2\/pages"}],"about":[{"href":"https:\/\/salonkosmetyczny-niemcza.pl\/index.php?rest_route=\/wp\/v2\/types\/page"}],"author":[{"embeddable":true,"href":"https:\/\/salonkosmetyczny-niemcza.pl\/index.php?rest_route=\/wp\/v2\/users\/1"}],"replies":[{"embeddable":true,"href":"https:\/\/salonkosmetyczny-niemcza.pl\/index.php?rest_route=%2Fwp%2Fv2%2Fcomments&post=164"}],"version-history":[{"count":6,"href":"https:\/\/salonkosmetyczny-niemcza.pl\/index.php?rest_route=\/wp\/v2\/pages\/164\/revisions"}],"predecessor-version":[{"id":1254,"href":"https:\/\/salonkosmetyczny-niemcza.pl\/index.php?rest_route=\/wp\/v2\/pages\/164\/revisions\/1254"}],"wp:featuredmedia":[{"embeddable":true,"href":"https:\/\/salonkosmetyczny-niemcza.pl\/index.php?rest_route=\/wp\/v2\/media\/1242"}],"wp:attachment":[{"href":"https:\/\/salonkosmetyczny-niemcza.pl\/index.php?rest_route=%2Fwp%2Fv2%2Fmedia&parent=164"}],"curies":[{"name":"wp","href":"https:\/\/api.w.org\/{rel}","templated":true}]}}