{"id":149,"date":"2018-09-18T07:28:19","date_gmt":"2018-09-18T05:28:19","guid":{"rendered":"https:\/\/serwer1331410.home.pl\/home\/salonkosea\/www\/?page_id=149"},"modified":"2024-05-08T22:00:48","modified_gmt":"2024-05-08T20:00:48","slug":"laser-frakcyjny","status":"publish","type":"page","link":"https:\/\/salonkosmetyczny-niemcza.pl\/?page_id=149","title":{"rendered":"Laser frakcyjny"},"content":{"rendered":"\t\t<div data-elementor-type=\"wp-page\" data-elementor-id=\"149\" class=\"elementor elementor-149\">\n\t\t\t\t\t\t<section class=\"elementor-section elementor-top-section elementor-element elementor-element-69035eb5 elementor-section-boxed elementor-section-height-default elementor-section-height-default wpr-particle-no wpr-jarallax-no wpr-parallax-no wpr-sticky-section-no\" data-id=\"69035eb5\" data-element_type=\"section\">\n\t\t\t\t\t\t<div class=\"elementor-container elementor-column-gap-default\">\n\t\t\t\t\t<div class=\"elementor-column elementor-col-100 elementor-top-column elementor-element elementor-element-5712314\" data-id=\"5712314\" data-element_type=\"column\">\n\t\t\t<div class=\"elementor-widget-wrap elementor-element-populated\">\n\t\t\t\t\t\t<div class=\"elementor-element elementor-element-507dc0ee elementor-widget elementor-widget-text-editor\" data-id=\"507dc0ee\" data-element_type=\"widget\" data-widget_type=\"text-editor.default\">\n\t\t\t\t<div class=\"elementor-widget-container\">\n\t\t\t\t\t\t\t\t\t<div>\n<p>Nazwa \u201emetoda frakcyjna\u201d pochodzi od angielskiego s\u0142owa \u201efractional\u201d [t\u0142um. u\u0142amkowy; nieca\u0142kowity] i oznacza, i\u017c oddzia\u0142ywanie wi\u0105zki laserowej nie obejmuje ca\u0142ej powierzchni tkanki poddawanej terapii a jedynie pewn\u0105 jej cz\u0119\u015b\u0107 w postaci punkt\u00f3w (mtz).<br>Pomi\u0119dzy tymi punktami znajduje si\u0119 znaczna ilo\u015b\u0107 zdrowej, niena\u015bwietlonej tkanki i to w\u0142a\u015bnie jest kluczem do sukcesu tej metody. Tkanka niepoddana na\u015bwietleniu umo\u017cliwia uruchomienie naturalnych proces\u00f3w odtw\u00f3rczych i regeneracyjnych, kt\u00f3re to swoim zasi\u0119giem obejmuj\u0105 wi\u0119kszy obszar ni\u017c \u015brednica pojedynczej kolumny mtz, w kt\u00f3rej dosz\u0142o do koagulacji\/ablacji. Tak wygl\u0105da to na poziomie kom\u00f3rkowym, natomiast na poziomie efektu makro uzyskujemy mi\u0119dzy innymi uj\u0119drnienie i napi\u0119cie sk\u00f3ry poprzez odbudow\u0119 oraz obkurczanie w\u0142\u00f3kien kolagenowych.<\/p>\n<p><strong>Laser frakcyjny<\/strong>&nbsp; to wyj\u0105tkowe urz\u0105dzenie \u0142\u0105cz\u0105ce funkcje klasycznego lasera CO2&nbsp; z funkcj\u0105 frakcjonowania (mo\u017cliwo\u015b\u0107 pracy z zastosowaniem ultrapulsu oraz trybie frakcyjnym).<\/p>\n<p>Niew\u0105tpliwym atutem lasera jest wykorzystanie 3 system\u00f3w pracy:<\/p>\n<ul>\n<li>CUT SYSTEM,<\/li>\n<li>FRACTIONAL SYSTEM,<\/li>\n<li>SOFT SYSTEM,<\/li>\n<\/ul>\n<p>Dzi\u0119ki tymu mamy mo\u017cliwo\u015b\u0107 wykonania zar\u00f3wno zabieg\u00f3w usuwania zmian sk\u00f3rnych, g\u0142\u0119bokiego resurfecingu sk\u00f3ry, powierzchownych peeling\u00f3w oraz zabieg\u00f3w wewn\u0119trznego bezinwazyjnego dzia\u0142ania bez uszkodzenia \u015bluz\u00f3wki.<\/p>\n<\/div>\n<div>Urz\u0105dzenie sprawdza si\u0119 przede wszystkim podczas zabieg\u00f3w resurfacingu, soft peelingu, opracowywania blizn potr\u0105dzikowych, rozst\u0119p\u00f3w, blizn przeros\u0142ych (m.in. pooperacyjnych) oraz s\u0142u\u017cy do odparowywania brodawek oraz w\u0142\u00f3kniak\u00f3w.<\/div>\n<div>Laser frakcyjny dzia\u0142a na zewn\u0119trzn\u0105 oraz wewn\u0119trzn\u0105 wod\u0119 kom\u00f3rkow\u0105, dzi\u0119ki czemu nie istniej\u0105 ograniczenia w wykonywaniu zabiegu u os\u00f3b z r\u00f3\u017cnym fototypem sk\u00f3ry.<\/div>\n<div>Efekty terapii widoczne s\u0105 w dw\u00f3ch etapach: bezpo\u015brednio po zabiegu &#8211; odnowa, wyg\u0142adzenie i napi\u0119cie sk\u00f3ry, za\u015b w drugim etapie &#8211; po up\u0142ywie ok. 2 -5 miesi\u0119cy, nast\u0119puje poprawa jako\u015bci i g\u0119sto\u015bci. W efekcie zabiegu dochodzi do intensywnej produkcji nowego kolagenu i elastyny. Decyduj\u0105 one o j\u0119drno\u015bci i g\u0119sto\u015bci sk\u00f3ry, w tym tak\u017ce tych jej fragment\u00f3w, kt\u00f3re nie zosta\u0142y bezpo\u015brednio na\u015bwietlone wi\u0105zk\u0105 lasera.<br>Frakcyjne metody odm\u0142adzania i regeneracji sk\u00f3ry nale\u017c\u0105 obecnie do najefektywniejszych metod terapii w medycynie estetycznej.<\/div>\n<div>\n<p>Laser frakcyjny CO2 umo\u017cliwia wykonanie r\u00f3\u017cnorodnych zabieg\u00f3w z zakresu kosmetologii oraz medycyny estetycznej:<\/p>\n<ul>\n<li>resurfacing,<\/li>\n<li>opracowanie blizn zanikowych,<\/li>\n<li>opracowanie blizn przerostowych,<\/li>\n<li>opracowanie blizn potr\u0105dzikowych<\/li>\n<li>redukcja przebarwie\u0144,<\/li>\n<li>zwi\u0119kszenie g\u0119sto\u015bci oraz napi\u0119cia sk\u00f3ry,<\/li>\n<li>poprawa owalu twarzy<\/li>\n<li>lifting biustu,<\/li>\n<li>opracowanie rozst\u0119p\u00f3w,<\/li>\n<li>usuwanie zmian sk\u00f3rnych: brodawek, w\u0142\u00f3kniak\u00f3w<\/li>\n<li>g\u0142\u0119boki lifting sk\u00f3ry<\/li>\n<\/ul>\n<p><strong>Przeciwskazania<\/strong><\/p>\n<ul>\n<li>terapia doustna izotretinoin\u0105 (izotek, curacne, aknenormin) lub steroidami (6 m-cy)<\/li>\n<li>&nbsp;nowotwory sk\u00f3ry i inne 5 lat ,<\/li>\n<li>&nbsp;ci\u0105\u017ca i okres karmienia piersi\u0105,<\/li>\n<li>&nbsp;aktywne infekcje bakteryjne i wirusowe sk\u00f3ry,<\/li>\n<li>&nbsp;przewlek\u0142e zapalne dermatozy (np. \u0142uszczyca, atopowe zapalenie sk\u00f3ry),<\/li>\n<li>&nbsp;\u015bwie\u017ca opalenizna (na cztery tygodnie przed zabiegiem),<\/li>\n<li>&nbsp;okres 4 tygodni od wype\u0142niania zmarszczek kwasem hialuronowym,<\/li>\n<li>&nbsp;keloidy s\u0105 przeciwwskazaniem<\/li>\n<li>&nbsp;peelingi chemiczne od 1-3 mcy a mechaniczne oko\u0142o 2-3 tygodnie przed<\/li>\n<\/ul>\n<p>OKOLICE NAJCZ\u0118\u015aCIEJ PODAWANE TERAPII:<\/p>\n<ul>\n<li>&nbsp;twarz (fotoodm\u0142adzanie, blizny potr\u0105dzikowe, przebarwienia) \u2013 mo\u017cna wykonywa\u0107 zabiegi na fragmenty sk\u00f3ry twarzy, np. tylko policzki, tylko czo\u0142o, tylko okolica ust,<\/li>\n<li>&nbsp;szyja (zmarszczki, fotoodm\u0142adzanie),<\/li>\n<li>&nbsp;dekolt (fotoodm\u0142adzanie, utrata j\u0119drno\u015bci),<\/li>\n<li>&nbsp;grzbiety r\u0105k (fotoodm\u0142adzanie i przebarwienia ),<\/li>\n<li>&nbsp;okolica oczu (zmarszczki),<\/li>\n<li>&nbsp;plecy (blizny po tr\u0105dzikowe, przebarwienia),<\/li>\n<li>&nbsp;brzuch (rozst\u0119py, wiotko\u015b\u0107 sk\u00f3ry);<\/li>\n<\/ul>\n<\/div>\t\t\t\t\t\t\t\t<\/div>\n\t\t\t\t<\/div>\n\t\t\t\t\t<\/div>\n\t\t<\/div>\n\t\t\t\t\t<\/div>\n\t\t<\/section>\n\t\t\t\t<\/div>\n\t\t","protected":false},"excerpt":{"rendered":"<p>Nazwa \u201emetoda frakcyjna\u201d pochodzi od angielskiego s\u0142owa \u201efractional\u201d [t\u0142um. u\u0142amkowy; nieca\u0142kowity] i oznacza, i\u017c oddzia\u0142ywanie wi\u0105zki laserowej nie obejmuje ca\u0142ej powierzchni tkanki poddawanej terapii a jedynie pewn\u0105 jej cz\u0119\u015b\u0107 w &hellip; <\/p>\n","protected":false},"author":1,"featured_media":1241,"parent":0,"menu_order":0,"comment_status":"closed","ping_status":"closed","template":"","meta":{"footnotes":""},"class_list":["post-149","page","type-page","status-publish","has-post-thumbnail","hentry"],"yoast_head":"<!-- This site is optimized with the Yoast SEO plugin v25.6 - https:\/\/yoast.com\/wordpress\/plugins\/seo\/ -->\n<title>Laser frakcyjny - Ewa Kowal<\/title>\n<meta name=\"robots\" content=\"index, follow, max-snippet:-1, max-image-preview:large, max-video-preview:-1\" \/>\n<link rel=\"canonical\" href=\"http:\/\/salonkosmetyczny-niemcza.pl\/?page_id=149\" \/>\n<meta property=\"og:locale\" content=\"pl_PL\" \/>\n<meta property=\"og:type\" content=\"article\" \/>\n<meta property=\"og:title\" content=\"Laser frakcyjny - Ewa Kowal\" \/>\n<meta property=\"og:description\" content=\"Nazwa \u201emetoda frakcyjna\u201d pochodzi od angielskiego s\u0142owa \u201efractional\u201d [t\u0142um. u\u0142amkowy; nieca\u0142kowity] i oznacza, i\u017c oddzia\u0142ywanie wi\u0105zki laserowej nie obejmuje ca\u0142ej powierzchni tkanki poddawanej terapii a jedynie pewn\u0105 jej cz\u0119\u015b\u0107 w &hellip;\" \/>\n<meta property=\"og:url\" content=\"http:\/\/salonkosmetyczny-niemcza.pl\/?page_id=149\" \/>\n<meta property=\"og:site_name\" content=\"Ewa Kowal\" \/>\n<meta property=\"article:modified_time\" content=\"2024-05-08T20:00:48+00:00\" \/>\n<meta property=\"og:image\" content=\"http:\/\/salonkosmetyczny-niemcza.pl\/wp-content\/uploads\/2024\/02\/sensual-glamour-beautiful-woman-model-with-fresh-daily-makeup-with-nude-lips-color-clean-healthy-skin-face-scaled.jpg\" \/>\n\t<meta property=\"og:image:width\" content=\"2560\" \/>\n\t<meta property=\"og:image:height\" content=\"1707\" \/>\n\t<meta property=\"og:image:type\" content=\"image\/jpeg\" \/>\n<meta name=\"twitter:card\" content=\"summary_large_image\" \/>\n<meta name=\"twitter:label1\" content=\"Szacowany czas czytania\" \/>\n\t<meta name=\"twitter:data1\" content=\"3 minuty\" \/>\n<script type=\"application\/ld+json\" class=\"yoast-schema-graph\">{\"@context\":\"https:\/\/schema.org\",\"@graph\":[{\"@type\":\"WebPage\",\"@id\":\"http:\/\/salonkosmetyczny-niemcza.pl\/?page_id=149\",\"url\":\"http:\/\/salonkosmetyczny-niemcza.pl\/?page_id=149\",\"name\":\"Laser frakcyjny - Ewa Kowal\",\"isPartOf\":{\"@id\":\"http:\/\/salonkosmetyczny-niemcza.pl\/#website\"},\"primaryImageOfPage\":{\"@id\":\"http:\/\/salonkosmetyczny-niemcza.pl\/?page_id=149#primaryimage\"},\"image\":{\"@id\":\"http:\/\/salonkosmetyczny-niemcza.pl\/?page_id=149#primaryimage\"},\"thumbnailUrl\":\"https:\/\/salonkosmetyczny-niemcza.pl\/wp-content\/uploads\/2024\/02\/sensual-glamour-beautiful-woman-model-with-fresh-daily-makeup-with-nude-lips-color-clean-healthy-skin-face-scaled.jpg\",\"datePublished\":\"2018-09-18T05:28:19+00:00\",\"dateModified\":\"2024-05-08T20:00:48+00:00\",\"breadcrumb\":{\"@id\":\"http:\/\/salonkosmetyczny-niemcza.pl\/?page_id=149#breadcrumb\"},\"inLanguage\":\"pl-PL\",\"potentialAction\":[{\"@type\":\"ReadAction\",\"target\":[\"http:\/\/salonkosmetyczny-niemcza.pl\/?page_id=149\"]}]},{\"@type\":\"ImageObject\",\"inLanguage\":\"pl-PL\",\"@id\":\"http:\/\/salonkosmetyczny-niemcza.pl\/?page_id=149#primaryimage\",\"url\":\"https:\/\/salonkosmetyczny-niemcza.pl\/wp-content\/uploads\/2024\/02\/sensual-glamour-beautiful-woman-model-with-fresh-daily-makeup-with-nude-lips-color-clean-healthy-skin-face-scaled.jpg\",\"contentUrl\":\"https:\/\/salonkosmetyczny-niemcza.pl\/wp-content\/uploads\/2024\/02\/sensual-glamour-beautiful-woman-model-with-fresh-daily-makeup-with-nude-lips-color-clean-healthy-skin-face-scaled.jpg\",\"width\":2560,\"height\":1707,\"caption\":\"sensual glamour portrait of beautiful woman model lady with fresh daily makeup with nude lips color and clean healthy skin face on studio lights background\"},{\"@type\":\"BreadcrumbList\",\"@id\":\"http:\/\/salonkosmetyczny-niemcza.pl\/?page_id=149#breadcrumb\",\"itemListElement\":[{\"@type\":\"ListItem\",\"position\":1,\"name\":\"Strona g\u0142\u00f3wna\",\"item\":\"http:\/\/salonkosmetyczny-niemcza.pl\/\"},{\"@type\":\"ListItem\",\"position\":2,\"name\":\"Laser frakcyjny\"}]},{\"@type\":\"WebSite\",\"@id\":\"http:\/\/salonkosmetyczny-niemcza.pl\/#website\",\"url\":\"http:\/\/salonkosmetyczny-niemcza.pl\/\",\"name\":\"Ewa Kowal\",\"description\":\"Gabinet Kosmetyczny\",\"publisher\":{\"@id\":\"http:\/\/salonkosmetyczny-niemcza.pl\/#organization\"},\"potentialAction\":[{\"@type\":\"SearchAction\",\"target\":{\"@type\":\"EntryPoint\",\"urlTemplate\":\"http:\/\/salonkosmetyczny-niemcza.pl\/?s={search_term_string}\"},\"query-input\":{\"@type\":\"PropertyValueSpecification\",\"valueRequired\":true,\"valueName\":\"search_term_string\"}}],\"inLanguage\":\"pl-PL\"},{\"@type\":\"Organization\",\"@id\":\"http:\/\/salonkosmetyczny-niemcza.pl\/#organization\",\"name\":\"Ewa Kowal\",\"url\":\"http:\/\/salonkosmetyczny-niemcza.pl\/\",\"logo\":{\"@type\":\"ImageObject\",\"inLanguage\":\"pl-PL\",\"@id\":\"http:\/\/salonkosmetyczny-niemcza.pl\/#\/schema\/logo\/image\/\",\"url\":\"https:\/\/salonkosmetyczny-niemcza.pl\/wp-content\/uploads\/2023\/02\/cropped-ewakowal.png\",\"contentUrl\":\"https:\/\/salonkosmetyczny-niemcza.pl\/wp-content\/uploads\/2023\/02\/cropped-ewakowal.png\",\"width\":189,\"height\":150,\"caption\":\"Ewa Kowal\"},\"image\":{\"@id\":\"http:\/\/salonkosmetyczny-niemcza.pl\/#\/schema\/logo\/image\/\"}}]}<\/script>\n<!-- \/ Yoast SEO plugin. -->","yoast_head_json":{"title":"Laser frakcyjny - Ewa Kowal","robots":{"index":"index","follow":"follow","max-snippet":"max-snippet:-1","max-image-preview":"max-image-preview:large","max-video-preview":"max-video-preview:-1"},"canonical":"http:\/\/salonkosmetyczny-niemcza.pl\/?page_id=149","og_locale":"pl_PL","og_type":"article","og_title":"Laser frakcyjny - Ewa Kowal","og_description":"Nazwa \u201emetoda frakcyjna\u201d pochodzi od angielskiego s\u0142owa \u201efractional\u201d [t\u0142um. u\u0142amkowy; nieca\u0142kowity] i oznacza, i\u017c oddzia\u0142ywanie wi\u0105zki laserowej nie obejmuje ca\u0142ej powierzchni tkanki poddawanej terapii a jedynie pewn\u0105 jej cz\u0119\u015b\u0107 w &hellip;","og_url":"http:\/\/salonkosmetyczny-niemcza.pl\/?page_id=149","og_site_name":"Ewa Kowal","article_modified_time":"2024-05-08T20:00:48+00:00","og_image":[{"width":2560,"height":1707,"url":"http:\/\/salonkosmetyczny-niemcza.pl\/wp-content\/uploads\/2024\/02\/sensual-glamour-beautiful-woman-model-with-fresh-daily-makeup-with-nude-lips-color-clean-healthy-skin-face-scaled.jpg","type":"image\/jpeg"}],"twitter_card":"summary_large_image","twitter_misc":{"Szacowany czas czytania":"3 minuty"},"schema":{"@context":"https:\/\/schema.org","@graph":[{"@type":"WebPage","@id":"http:\/\/salonkosmetyczny-niemcza.pl\/?page_id=149","url":"http:\/\/salonkosmetyczny-niemcza.pl\/?page_id=149","name":"Laser frakcyjny - Ewa Kowal","isPartOf":{"@id":"http:\/\/salonkosmetyczny-niemcza.pl\/#website"},"primaryImageOfPage":{"@id":"http:\/\/salonkosmetyczny-niemcza.pl\/?page_id=149#primaryimage"},"image":{"@id":"http:\/\/salonkosmetyczny-niemcza.pl\/?page_id=149#primaryimage"},"thumbnailUrl":"https:\/\/salonkosmetyczny-niemcza.pl\/wp-content\/uploads\/2024\/02\/sensual-glamour-beautiful-woman-model-with-fresh-daily-makeup-with-nude-lips-color-clean-healthy-skin-face-scaled.jpg","datePublished":"2018-09-18T05:28:19+00:00","dateModified":"2024-05-08T20:00:48+00:00","breadcrumb":{"@id":"http:\/\/salonkosmetyczny-niemcza.pl\/?page_id=149#breadcrumb"},"inLanguage":"pl-PL","potentialAction":[{"@type":"ReadAction","target":["http:\/\/salonkosmetyczny-niemcza.pl\/?page_id=149"]}]},{"@type":"ImageObject","inLanguage":"pl-PL","@id":"http:\/\/salonkosmetyczny-niemcza.pl\/?page_id=149#primaryimage","url":"https:\/\/salonkosmetyczny-niemcza.pl\/wp-content\/uploads\/2024\/02\/sensual-glamour-beautiful-woman-model-with-fresh-daily-makeup-with-nude-lips-color-clean-healthy-skin-face-scaled.jpg","contentUrl":"https:\/\/salonkosmetyczny-niemcza.pl\/wp-content\/uploads\/2024\/02\/sensual-glamour-beautiful-woman-model-with-fresh-daily-makeup-with-nude-lips-color-clean-healthy-skin-face-scaled.jpg","width":2560,"height":1707,"caption":"sensual glamour portrait of beautiful woman model lady with fresh daily makeup with nude lips color and clean healthy skin face on studio lights background"},{"@type":"BreadcrumbList","@id":"http:\/\/salonkosmetyczny-niemcza.pl\/?page_id=149#breadcrumb","itemListElement":[{"@type":"ListItem","position":1,"name":"Strona g\u0142\u00f3wna","item":"http:\/\/salonkosmetyczny-niemcza.pl\/"},{"@type":"ListItem","position":2,"name":"Laser frakcyjny"}]},{"@type":"WebSite","@id":"http:\/\/salonkosmetyczny-niemcza.pl\/#website","url":"http:\/\/salonkosmetyczny-niemcza.pl\/","name":"Ewa Kowal","description":"Gabinet Kosmetyczny","publisher":{"@id":"http:\/\/salonkosmetyczny-niemcza.pl\/#organization"},"potentialAction":[{"@type":"SearchAction","target":{"@type":"EntryPoint","urlTemplate":"http:\/\/salonkosmetyczny-niemcza.pl\/?s={search_term_string}"},"query-input":{"@type":"PropertyValueSpecification","valueRequired":true,"valueName":"search_term_string"}}],"inLanguage":"pl-PL"},{"@type":"Organization","@id":"http:\/\/salonkosmetyczny-niemcza.pl\/#organization","name":"Ewa Kowal","url":"http:\/\/salonkosmetyczny-niemcza.pl\/","logo":{"@type":"ImageObject","inLanguage":"pl-PL","@id":"http:\/\/salonkosmetyczny-niemcza.pl\/#\/schema\/logo\/image\/","url":"https:\/\/salonkosmetyczny-niemcza.pl\/wp-content\/uploads\/2023\/02\/cropped-ewakowal.png","contentUrl":"https:\/\/salonkosmetyczny-niemcza.pl\/wp-content\/uploads\/2023\/02\/cropped-ewakowal.png","width":189,"height":150,"caption":"Ewa Kowal"},"image":{"@id":"http:\/\/salonkosmetyczny-niemcza.pl\/#\/schema\/logo\/image\/"}}]}},"_links":{"self":[{"href":"https:\/\/salonkosmetyczny-niemcza.pl\/index.php?rest_route=\/wp\/v2\/pages\/149","targetHints":{"allow":["GET"]}}],"collection":[{"href":"https:\/\/salonkosmetyczny-niemcza.pl\/index.php?rest_route=\/wp\/v2\/pages"}],"about":[{"href":"https:\/\/salonkosmetyczny-niemcza.pl\/index.php?rest_route=\/wp\/v2\/types\/page"}],"author":[{"embeddable":true,"href":"https:\/\/salonkosmetyczny-niemcza.pl\/index.php?rest_route=\/wp\/v2\/users\/1"}],"replies":[{"embeddable":true,"href":"https:\/\/salonkosmetyczny-niemcza.pl\/index.php?rest_route=%2Fwp%2Fv2%2Fcomments&post=149"}],"version-history":[{"count":9,"href":"https:\/\/salonkosmetyczny-niemcza.pl\/index.php?rest_route=\/wp\/v2\/pages\/149\/revisions"}],"predecessor-version":[{"id":1273,"href":"https:\/\/salonkosmetyczny-niemcza.pl\/index.php?rest_route=\/wp\/v2\/pages\/149\/revisions\/1273"}],"wp:featuredmedia":[{"embeddable":true,"href":"https:\/\/salonkosmetyczny-niemcza.pl\/index.php?rest_route=\/wp\/v2\/media\/1241"}],"wp:attachment":[{"href":"https:\/\/salonkosmetyczny-niemcza.pl\/index.php?rest_route=%2Fwp%2Fv2%2Fmedia&parent=149"}],"curies":[{"name":"wp","href":"https:\/\/api.w.org\/{rel}","templated":true}]}}