{"id":1461,"date":"2025-10-14T12:24:16","date_gmt":"2025-10-14T10:24:16","guid":{"rendered":"http:\/\/salonkosmetyczny-niemcza.pl\/?page_id=1461"},"modified":"2025-10-14T12:41:36","modified_gmt":"2025-10-14T10:41:36","slug":"crystal-retinal-zabieg-gabinetowy","status":"publish","type":"page","link":"https:\/\/salonkosmetyczny-niemcza.pl\/?page_id=1461","title":{"rendered":"Crystal Retinal &#8211; zabieg gabinetowy"},"content":{"rendered":"\t\t<div data-elementor-type=\"wp-page\" data-elementor-id=\"1461\" class=\"elementor elementor-1461\">\n\t\t\t\t\t\t<section class=\"elementor-section elementor-top-section elementor-element elementor-element-493e56a elementor-section-boxed elementor-section-height-default elementor-section-height-default wpr-particle-no wpr-jarallax-no wpr-parallax-no wpr-sticky-section-no\" data-id=\"493e56a\" data-element_type=\"section\">\n\t\t\t\t\t\t<div class=\"elementor-container elementor-column-gap-default\">\n\t\t\t\t\t<div class=\"elementor-column elementor-col-100 elementor-top-column elementor-element elementor-element-580a783\" data-id=\"580a783\" data-element_type=\"column\">\n\t\t\t<div class=\"elementor-widget-wrap elementor-element-populated\">\n\t\t\t\t\t\t<div class=\"elementor-element elementor-element-3e9d487 elementor-widget elementor-widget-heading\" data-id=\"3e9d487\" data-element_type=\"widget\" data-widget_type=\"heading.default\">\n\t\t\t\t<div class=\"elementor-widget-container\">\n\t\t\t\t\t<h2 class=\"elementor-heading-title elementor-size-default\">Crystal Retinal \u2013 skuteczny i bezpieczny zabieg z witamin\u0105 A<\/h2>\t\t\t\t<\/div>\n\t\t\t\t<\/div>\n\t\t\t\t<div class=\"elementor-element elementor-element-5cf86fb elementor-widget elementor-widget-text-editor\" data-id=\"5cf86fb\" data-element_type=\"widget\" data-widget_type=\"text-editor.default\">\n\t\t\t\t<div class=\"elementor-widget-container\">\n\t\t\t\t\t\t\t\t\t<div class=\"html-div xdj266r x14z9mp xat24cr x1lziwak xexx8yu xyri2b x18d9i69 x1c1uobl\" dir=\"auto\"><div class=\"html-div xdj266r x14z9mp xat24cr x1lziwak xexx8yu xyri2b x18d9i69 x1c1uobl\" data-ad-rendering-role=\"story_message\"><div id=\"_r_2q_\" class=\"x1l90r2v x1iorvi4 x1g0dm76 xpdmqnj\" data-ad-comet-preview=\"message\" data-ad-preview=\"message\"><div class=\"x78zum5 xdt5ytf xz62fqu x16ldp7u\"><div class=\"xu06os2 x1ok221b\"><div class=\"html-div xdj266r x14z9mp xat24cr x1lziwak xexx8yu xyri2b x18d9i69 x1c1uobl\"><p data-start=\"488\" data-end=\"918\">Crystal Retinal Age-Defying Facial to nowoczesny, gabinetowy zabieg piel\u0119gnacyjny oparty na retinaldehydzie \u2013 zaawansowanej formie witaminy A, kt\u00f3ra dzia\u0142a szybciej ni\u017c tradycyjny retinol, a jednocze\u015bnie jest lepiej tolerowana przez sk\u00f3r\u0119.<br data-start=\"708\" data-end=\"711\" \/>To doskona\u0142e rozwi\u0105zanie dla os\u00f3b, kt\u00f3re chc\u0105 zredukowa\u0107 pierwsze oznaki starzenia, poprawi\u0107 koloryt cery, rozja\u015bni\u0107 przebarwienia lub z\u0142agodzi\u0107 zmiany tr\u0105dzikowe \u2013 bez intensywnego z\u0142uszczania i podra\u017cnie\u0144.<\/p><\/div><\/div><\/div><\/div><\/div><\/div>\t\t\t\t\t\t\t\t<\/div>\n\t\t\t\t<\/div>\n\t\t\t\t<div class=\"elementor-element elementor-element-d937bc9 elementor-invisible elementor-widget elementor-widget-heading\" data-id=\"d937bc9\" data-element_type=\"widget\" data-settings=\"{&quot;_animation&quot;:&quot;zoomInDown&quot;}\" data-widget_type=\"heading.default\">\n\t\t\t\t<div class=\"elementor-widget-container\">\n\t\t\t\t\t<h2 class=\"elementor-heading-title elementor-size-default\">Jak dzia\u0142a Crystal Retinal?<\/h2>\t\t\t\t<\/div>\n\t\t\t\t<\/div>\n\t\t\t\t<div class=\"elementor-element elementor-element-4f88ff8 elementor-widget elementor-widget-text-editor\" data-id=\"4f88ff8\" data-element_type=\"widget\" data-widget_type=\"text-editor.default\">\n\t\t\t\t<div class=\"elementor-widget-container\">\n\t\t\t\t\t\t\t\t\t<p data-start=\"882\" data-end=\"1154\">Podczas zabiegu aplikowany jest retinal \u2013 aktywna pochodna witaminy A, kt\u00f3ra w sk\u00f3rze przekszta\u0142ca si\u0119 bezpo\u015brednio w kwas retinowy.<br data-start=\"1273\" data-end=\"1276\" \/>Dzi\u0119ki temu dzia\u0142a szybciej i efektywniej ni\u017c klasyczny retinol, ale bez nieprzyjemnych skutk\u00f3w ubocznych.<\/p>\t\t\t\t\t\t\t\t<\/div>\n\t\t\t\t<\/div>\n\t\t\t\t<div class=\"elementor-element elementor-element-30bd3e4 elementor-widget elementor-widget-text-editor\" data-id=\"30bd3e4\" data-element_type=\"widget\" data-widget_type=\"text-editor.default\">\n\t\t\t\t<div class=\"elementor-widget-container\">\n\t\t\t\t\t\t\t\t\t<p>\u2714\ufe0f wyg\u0142adzenie drobnych zmarszczek i linii mimicznych,<\/p><p>\u2714\ufe0f\u00a0poprawa napi\u0119cia i g\u0119sto\u015bci sk\u00f3ry,<\/p><p>\u2714\ufe0f\u00a0rozja\u015bnienie przebarwie\u0144 i ujednolicenie kolorytu,<\/p><p>\u2714\ufe0f\u00a0redukcja zmian tr\u0105dzikowych i stan\u00f3w zapalnych,<\/p><p>\u2714\ufe0f\u00a0poprawa struktury sk\u00f3ry bez jej nadmiernego z\u0142uszczania<\/p>\t\t\t\t\t\t\t\t<\/div>\n\t\t\t\t<\/div>\n\t\t\t\t<div class=\"elementor-element elementor-element-f9830e3 elementor-widget elementor-widget-text-editor\" data-id=\"f9830e3\" data-element_type=\"widget\" data-widget_type=\"text-editor.default\">\n\t\t\t\t<div class=\"elementor-widget-container\">\n\t\t\t\t\t\t\t\t\t<p data-start=\"882\" data-end=\"1154\">Zabieg nie wy\u0142\u0105cza z codziennych aktywno\u015bci \u2013 nie powoduje silnego zaczerwienienia ani \u0142uszczenia. Sk\u00f3ra jest od\u015bwie\u017cona, promienna i widocznie g\u0142adsza ju\u017c po pierwszej sesji.<\/p>\t\t\t\t\t\t\t\t<\/div>\n\t\t\t\t<\/div>\n\t\t\t\t<div class=\"elementor-element elementor-element-68b4574 elementor-widget elementor-widget-heading\" data-id=\"68b4574\" data-element_type=\"widget\" data-widget_type=\"heading.default\">\n\t\t\t\t<div class=\"elementor-widget-container\">\n\t\t\t\t\t<h2 class=\"elementor-heading-title elementor-size-default\">Dla kogo przeznaczony jest retinal?<\/h2>\t\t\t\t<\/div>\n\t\t\t\t<\/div>\n\t\t\t\t<section class=\"elementor-section elementor-inner-section elementor-element elementor-element-4caa8e3 elementor-section-boxed elementor-section-height-default elementor-section-height-default wpr-particle-no wpr-jarallax-no wpr-parallax-no wpr-sticky-section-no\" data-id=\"4caa8e3\" data-element_type=\"section\">\n\t\t\t\t\t\t<div class=\"elementor-container elementor-column-gap-default\">\n\t\t\t\t\t<div class=\"elementor-column elementor-col-50 elementor-inner-column elementor-element elementor-element-27e2e11\" data-id=\"27e2e11\" data-element_type=\"column\">\n\t\t\t<div class=\"elementor-widget-wrap elementor-element-populated\">\n\t\t\t\t\t\t<div class=\"elementor-element elementor-element-e424f62 elementor-widget elementor-widget-text-editor\" data-id=\"e424f62\" data-element_type=\"widget\" data-widget_type=\"text-editor.default\">\n\t\t\t\t<div class=\"elementor-widget-container\">\n\t\t\t\t\t\t\t\t\t<p data-start=\"1895\" data-end=\"1941\">Zabieg Crystal Retinal polecany jest osobom z:<\/p><ul data-start=\"1942\" data-end=\"2245\"><li data-start=\"1942\" data-end=\"2006\"><p data-start=\"1944\" data-end=\"2006\">oznakami starzenia si\u0119 sk\u00f3ry (zmarszczki, utrata j\u0119drno\u015bci),<\/p><\/li><li data-start=\"2007\" data-end=\"2049\"><p data-start=\"2009\" data-end=\"2049\">nier\u00f3wnym kolorytem i przebarwieniami,<\/p><\/li><li data-start=\"2050\" data-end=\"2094\"><p data-start=\"2052\" data-end=\"2094\">cer\u0105 zm\u0119czon\u0105, szar\u0105, pozbawion\u0105 blasku,<\/p><\/li><li data-start=\"2095\" data-end=\"2133\"><p data-start=\"2097\" data-end=\"2133\">zmianami tr\u0105dzikowymi u doros\u0142ych,<\/p><\/li><li data-start=\"2134\" data-end=\"2175\"><p data-start=\"2136\" data-end=\"2175\">nadwra\u017cliwo\u015bci\u0105 na klasyczny retinol,<\/p><\/li><li data-start=\"2176\" data-end=\"2245\"><p data-start=\"2178\" data-end=\"2245\">potrzeb\u0105 regeneracji i poprawy kondycji sk\u00f3ry bez rekonwalescencji.<\/p><\/li><\/ul><p data-start=\"2247\" data-end=\"2416\">Zabieg mo\u017cna \u0142\u0105czy\u0107 z innymi terapiami regeneracyjnymi (mikropunktura, egzosomy, RF mikroig\u0142owa, suche ig\u0142owanie) w ramach indywidualnie dobranego planu piel\u0119gnacyjnego.<\/p>\t\t\t\t\t\t\t\t<\/div>\n\t\t\t\t<\/div>\n\t\t\t\t\t<\/div>\n\t\t<\/div>\n\t\t\t\t<div class=\"elementor-column elementor-col-50 elementor-inner-column elementor-element elementor-element-0ccebc2\" data-id=\"0ccebc2\" data-element_type=\"column\">\n\t\t\t<div class=\"elementor-widget-wrap elementor-element-populated\">\n\t\t\t\t\t\t<div class=\"elementor-element elementor-element-7a81bbd elementor-widget elementor-widget-image\" data-id=\"7a81bbd\" data-element_type=\"widget\" data-widget_type=\"image.default\">\n\t\t\t\t<div class=\"elementor-widget-container\">\n\t\t\t\t\t\t\t\t\t\t\t\t\t\t\t<img fetchpriority=\"high\" decoding=\"async\" width=\"768\" height=\"768\" src=\"https:\/\/salonkosmetyczny-niemcza.pl\/wp-content\/uploads\/2025\/10\/Retinal-Zabieg-768x768.jpg\" class=\"attachment-medium_large size-medium_large wp-image-1463\" alt=\"\" srcset=\"https:\/\/salonkosmetyczny-niemcza.pl\/wp-content\/uploads\/2025\/10\/Retinal-Zabieg-768x768.jpg 768w, https:\/\/salonkosmetyczny-niemcza.pl\/wp-content\/uploads\/2025\/10\/Retinal-Zabieg-300x300.jpg 300w, https:\/\/salonkosmetyczny-niemcza.pl\/wp-content\/uploads\/2025\/10\/Retinal-Zabieg-1024x1024.jpg 1024w, https:\/\/salonkosmetyczny-niemcza.pl\/wp-content\/uploads\/2025\/10\/Retinal-Zabieg-150x150.jpg 150w, https:\/\/salonkosmetyczny-niemcza.pl\/wp-content\/uploads\/2025\/10\/Retinal-Zabieg.jpg 1080w\" sizes=\"(max-width: 768px) 100vw, 768px\" \/>\t\t\t\t\t\t\t\t\t\t\t\t\t\t\t<\/div>\n\t\t\t\t<\/div>\n\t\t\t\t\t<\/div>\n\t\t<\/div>\n\t\t\t\t\t<\/div>\n\t\t<\/section>\n\t\t\t\t<div class=\"elementor-element elementor-element-19dbc62 elementor-widget elementor-widget-spacer\" data-id=\"19dbc62\" data-element_type=\"widget\" data-widget_type=\"spacer.default\">\n\t\t\t\t<div class=\"elementor-widget-container\">\n\t\t\t\t\t\t\t<div class=\"elementor-spacer\">\n\t\t\t<div class=\"elementor-spacer-inner\"><\/div>\n\t\t<\/div>\n\t\t\t\t\t\t<\/div>\n\t\t\t\t<\/div>\n\t\t\t\t\t<\/div>\n\t\t<\/div>\n\t\t\t\t\t<\/div>\n\t\t<\/section>\n\t\t\t\t<section class=\"elementor-section elementor-top-section elementor-element elementor-element-0a40a80 elementor-section-boxed elementor-section-height-default elementor-section-height-default wpr-particle-no wpr-jarallax-no wpr-parallax-no wpr-sticky-section-no\" data-id=\"0a40a80\" data-element_type=\"section\">\n\t\t\t\t\t\t<div class=\"elementor-container elementor-column-gap-default\">\n\t\t\t\t\t<div class=\"elementor-column elementor-col-50 elementor-top-column elementor-element elementor-element-d38389b\" data-id=\"d38389b\" data-element_type=\"column\">\n\t\t\t<div class=\"elementor-widget-wrap elementor-element-populated\">\n\t\t\t\t\t\t<div class=\"elementor-element elementor-element-49e60cf elementor-widget elementor-widget-heading\" data-id=\"49e60cf\" data-element_type=\"widget\" data-widget_type=\"heading.default\">\n\t\t\t\t<div class=\"elementor-widget-container\">\n\t\t\t\t\t<h2 class=\"elementor-heading-title elementor-size-default\">Jak cz\u0119sto wykonywa\u0107 zabieg?<\/h2>\t\t\t\t<\/div>\n\t\t\t\t<\/div>\n\t\t\t\t<div class=\"elementor-element elementor-element-916f3d2 elementor-widget elementor-widget-text-editor\" data-id=\"916f3d2\" data-element_type=\"widget\" data-widget_type=\"text-editor.default\">\n\t\t\t\t<div class=\"elementor-widget-container\">\n\t\t\t\t\t\t\t\t\t<p>Rekomendujemy wykonanie serii 4\u20136 zabieg\u00f3w w odst\u0119pach co 2\u20134 tygodnie, w zale\u017cno\u015bci od kondycji sk\u00f3ry i oczekiwanych efekt\u00f3w.<br data-start=\"2583\" data-end=\"2586\" \/>Zabieg mo\u017cna r\u00f3wnie\u017c wykona\u0107 jednorazowo jako \u201eefekt bankietowy\u201d \u2013 dla od\u015bwie\u017cenia i poprawy wygl\u0105du sk\u00f3ry przed wa\u017cnym wydarzeniem.<\/p>\t\t\t\t\t\t\t\t<\/div>\n\t\t\t\t<\/div>\n\t\t\t\t\t<\/div>\n\t\t<\/div>\n\t\t\t\t<div class=\"elementor-column elementor-col-50 elementor-top-column elementor-element elementor-element-36f9ae4\" data-id=\"36f9ae4\" data-element_type=\"column\">\n\t\t\t<div class=\"elementor-widget-wrap elementor-element-populated\">\n\t\t\t\t\t\t<div class=\"elementor-element elementor-element-9cae3c5 elementor-widget elementor-widget-heading\" data-id=\"9cae3c5\" data-element_type=\"widget\" data-widget_type=\"heading.default\">\n\t\t\t\t<div class=\"elementor-widget-container\">\n\t\t\t\t\t<h2 class=\"elementor-heading-title elementor-size-default\">Retinal vs retinol \u2013 czym si\u0119 r\u00f3\u017cni\u0105?<\/h2>\t\t\t\t<\/div>\n\t\t\t\t<\/div>\n\t\t\t\t<div class=\"elementor-element elementor-element-3dcbca8 elementor-widget elementor-widget-text-editor\" data-id=\"3dcbca8\" data-element_type=\"widget\" data-widget_type=\"text-editor.default\">\n\t\t\t\t<div class=\"elementor-widget-container\">\n\t\t\t\t\t\t\t\t\t<p>Retinal (retinaldehyd) to bezpo\u015bredni prekursor kwasu retinowego, kt\u00f3ry dzia\u0142a szybciej i skuteczniej ni\u017c retinol, a jednocze\u015bnie nie powoduje typowych skutk\u00f3w ubocznych, takich jak podra\u017cnienie, zaczerwienienie czy silne z\u0142uszczanie.<br data-start=\"3002\" data-end=\"3005\" \/>Dzi\u0119ki temu mo\u017cna go bezpiecznie stosowa\u0107 r\u00f3wnie\u017c u os\u00f3b z cer\u0105 wra\u017cliw\u0105 lub reaktywn\u0105.<\/p>\t\t\t\t\t\t\t\t<\/div>\n\t\t\t\t<\/div>\n\t\t\t\t\t<\/div>\n\t\t<\/div>\n\t\t\t\t\t<\/div>\n\t\t<\/section>\n\t\t\t\t<section class=\"elementor-section elementor-top-section elementor-element elementor-element-9d8224d elementor-section-boxed elementor-section-height-default elementor-section-height-default wpr-particle-no wpr-jarallax-no wpr-parallax-no wpr-sticky-section-no\" data-id=\"9d8224d\" data-element_type=\"section\">\n\t\t\t\t\t\t<div class=\"elementor-container elementor-column-gap-default\">\n\t\t\t\t\t<div class=\"elementor-column elementor-col-100 elementor-top-column elementor-element elementor-element-10e0d3f\" data-id=\"10e0d3f\" data-element_type=\"column\">\n\t\t\t<div class=\"elementor-widget-wrap elementor-element-populated\">\n\t\t\t\t\t\t<div class=\"elementor-element elementor-element-c152c91 elementor-widget elementor-widget-text-editor\" data-id=\"c152c91\" data-element_type=\"widget\" data-widget_type=\"text-editor.default\">\n\t\t\t\t<div class=\"elementor-widget-container\">\n\t\t\t\t\t\t\t\t\t<h3 data-start=\"3226\" data-end=\"3255\">Dlaczego warto wykona\u0107 zabieg Crystal Retinal w naszym gabinecie?<\/h3>\t\t\t\t\t\t\t\t<\/div>\n\t\t\t\t<\/div>\n\t\t\t\t<div class=\"elementor-element elementor-element-c53c384 elementor-icon-list--layout-traditional elementor-list-item-link-full_width elementor-widget elementor-widget-icon-list\" data-id=\"c53c384\" data-element_type=\"widget\" data-widget_type=\"icon-list.default\">\n\t\t\t\t<div class=\"elementor-widget-container\">\n\t\t\t\t\t\t\t<ul class=\"elementor-icon-list-items\">\n\t\t\t\t\t\t\t<li class=\"elementor-icon-list-item\">\n\t\t\t\t\t\t\t\t\t\t\t<span class=\"elementor-icon-list-icon\">\n\t\t\t\t\t\t\t<i aria-hidden=\"true\" class=\"fas fa-check\"><\/i>\t\t\t\t\t\t<\/span>\n\t\t\t\t\t\t\t\t\t\t<span class=\"elementor-icon-list-text\">stosujemy wy\u0142\u0105cznie oryginalne preparaty marki Medik8 \u2013 \u015bwiatowego lidera w piel\u0119gnacji z witamin\u0105 A<\/span>\n\t\t\t\t\t\t\t\t\t<\/li>\n\t\t\t\t\t\t\t\t<li class=\"elementor-icon-list-item\">\n\t\t\t\t\t\t\t\t\t\t\t<span class=\"elementor-icon-list-icon\">\n\t\t\t\t\t\t\t<i aria-hidden=\"true\" class=\"fas fa-check\"><\/i>\t\t\t\t\t\t<\/span>\n\t\t\t\t\t\t\t\t\t\t<span class=\"elementor-icon-list-text\">dobieramy st\u0119\u017cenie retinalu do indywidualnych potrzeb sk\u00f3ry<\/span>\n\t\t\t\t\t\t\t\t\t<\/li>\n\t\t\t\t\t\t\t\t<li class=\"elementor-icon-list-item\">\n\t\t\t\t\t\t\t\t\t\t\t<span class=\"elementor-icon-list-icon\">\n\t\t\t\t\t\t\t<i aria-hidden=\"true\" class=\"fas fa-check\"><\/i>\t\t\t\t\t\t<\/span>\n\t\t\t\t\t\t\t\t\t\t<span class=\"elementor-icon-list-text\">zapewniamy profesjonaln\u0105 piel\u0119gnacj\u0119 pozabiegow\u0105 i doradztwo<\/span>\n\t\t\t\t\t\t\t\t\t<\/li>\n\t\t\t\t\t\t\t\t<li class=\"elementor-icon-list-item\">\n\t\t\t\t\t\t\t\t\t\t\t<span class=\"elementor-icon-list-icon\">\n\t\t\t\t\t\t\t<i aria-hidden=\"true\" class=\"fas fa-check\"><\/i>\t\t\t\t\t\t<\/span>\n\t\t\t\t\t\t\t\t\t\t<span class=\"elementor-icon-list-text\">mo\u017cesz po\u0142\u0105czy\u0107 zabieg z innymi procedurami regeneracyjnymi<\/span>\n\t\t\t\t\t\t\t\t\t<\/li>\n\t\t\t\t\t\t<\/ul>\n\t\t\t\t\t\t<\/div>\n\t\t\t\t<\/div>\n\t\t\t\t\t<\/div>\n\t\t<\/div>\n\t\t\t\t\t<\/div>\n\t\t<\/section>\n\t\t\t\t<\/div>\n\t\t","protected":false},"excerpt":{"rendered":"<p>Zabieg Crystal Retinal to profesjonalna terapia z retinaldehydem \u2013 nowoczesn\u0105 form\u0105 witaminy A.<br \/>\nPobudza regeneracj\u0119, poprawia struktur\u0119 sk\u00f3ry i redukuje przebarwienia, nie powoduj\u0105c podra\u017cnie\u0144 ani \u0142uszczenia. Doskona\u0142y wyb\u00f3r przy sk\u00f3rze dojrza\u0142ej, tr\u0105dzikowej lub zm\u0119czonej.<\/p>\n","protected":false},"author":1,"featured_media":1462,"parent":0,"menu_order":0,"comment_status":"closed","ping_status":"closed","template":"","meta":{"footnotes":""},"class_list":["post-1461","page","type-page","status-publish","has-post-thumbnail","hentry"],"yoast_head":"<!-- This site is optimized with the Yoast SEO plugin v25.6 - https:\/\/yoast.com\/wordpress\/plugins\/seo\/ -->\n<title>Crystal Retinal - zabieg gabinetowy - Ewa Kowal<\/title>\n<meta name=\"robots\" content=\"index, follow, max-snippet:-1, max-image-preview:large, max-video-preview:-1\" \/>\n<link rel=\"canonical\" href=\"http:\/\/salonkosmetyczny-niemcza.pl\/?page_id=1461\" \/>\n<meta property=\"og:locale\" content=\"pl_PL\" \/>\n<meta property=\"og:type\" content=\"article\" \/>\n<meta property=\"og:title\" content=\"Crystal Retinal - zabieg gabinetowy - Ewa Kowal\" \/>\n<meta property=\"og:description\" content=\"Zabieg Crystal Retinal to profesjonalna terapia z retinaldehydem \u2013 nowoczesn\u0105 form\u0105 witaminy A. Pobudza regeneracj\u0119, poprawia struktur\u0119 sk\u00f3ry i redukuje przebarwienia, nie powoduj\u0105c podra\u017cnie\u0144 ani \u0142uszczenia. Doskona\u0142y wyb\u00f3r przy sk\u00f3rze dojrza\u0142ej, tr\u0105dzikowej lub zm\u0119czonej.\" \/>\n<meta property=\"og:url\" content=\"http:\/\/salonkosmetyczny-niemcza.pl\/?page_id=1461\" \/>\n<meta property=\"og:site_name\" content=\"Ewa Kowal\" \/>\n<meta property=\"article:modified_time\" content=\"2025-10-14T10:41:36+00:00\" \/>\n<meta property=\"og:image\" content=\"http:\/\/salonkosmetyczny-niemcza.pl\/wp-content\/uploads\/2025\/10\/gold-facial-mask-scaled.jpg\" \/>\n\t<meta property=\"og:image:width\" content=\"2560\" \/>\n\t<meta property=\"og:image:height\" content=\"1709\" \/>\n\t<meta property=\"og:image:type\" content=\"image\/jpeg\" \/>\n<meta name=\"twitter:card\" content=\"summary_large_image\" \/>\n<meta name=\"twitter:label1\" content=\"Szacowany czas czytania\" \/>\n\t<meta name=\"twitter:data1\" content=\"4 minuty\" \/>\n<script type=\"application\/ld+json\" class=\"yoast-schema-graph\">{\"@context\":\"https:\/\/schema.org\",\"@graph\":[{\"@type\":\"WebPage\",\"@id\":\"http:\/\/salonkosmetyczny-niemcza.pl\/?page_id=1461\",\"url\":\"http:\/\/salonkosmetyczny-niemcza.pl\/?page_id=1461\",\"name\":\"Crystal Retinal - zabieg gabinetowy - Ewa Kowal\",\"isPartOf\":{\"@id\":\"http:\/\/salonkosmetyczny-niemcza.pl\/#website\"},\"primaryImageOfPage\":{\"@id\":\"http:\/\/salonkosmetyczny-niemcza.pl\/?page_id=1461#primaryimage\"},\"image\":{\"@id\":\"http:\/\/salonkosmetyczny-niemcza.pl\/?page_id=1461#primaryimage\"},\"thumbnailUrl\":\"https:\/\/salonkosmetyczny-niemcza.pl\/wp-content\/uploads\/2025\/10\/gold-facial-mask-scaled.jpg\",\"datePublished\":\"2025-10-14T10:24:16+00:00\",\"dateModified\":\"2025-10-14T10:41:36+00:00\",\"breadcrumb\":{\"@id\":\"http:\/\/salonkosmetyczny-niemcza.pl\/?page_id=1461#breadcrumb\"},\"inLanguage\":\"pl-PL\",\"potentialAction\":[{\"@type\":\"ReadAction\",\"target\":[\"http:\/\/salonkosmetyczny-niemcza.pl\/?page_id=1461\"]}]},{\"@type\":\"ImageObject\",\"inLanguage\":\"pl-PL\",\"@id\":\"http:\/\/salonkosmetyczny-niemcza.pl\/?page_id=1461#primaryimage\",\"url\":\"https:\/\/salonkosmetyczny-niemcza.pl\/wp-content\/uploads\/2025\/10\/gold-facial-mask-scaled.jpg\",\"contentUrl\":\"https:\/\/salonkosmetyczny-niemcza.pl\/wp-content\/uploads\/2025\/10\/gold-facial-mask-scaled.jpg\",\"width\":2560,\"height\":1709,\"caption\":\"Gold facial mask at the spa salon\"},{\"@type\":\"BreadcrumbList\",\"@id\":\"http:\/\/salonkosmetyczny-niemcza.pl\/?page_id=1461#breadcrumb\",\"itemListElement\":[{\"@type\":\"ListItem\",\"position\":1,\"name\":\"Strona g\u0142\u00f3wna\",\"item\":\"http:\/\/salonkosmetyczny-niemcza.pl\/\"},{\"@type\":\"ListItem\",\"position\":2,\"name\":\"Crystal Retinal &#8211; zabieg gabinetowy\"}]},{\"@type\":\"WebSite\",\"@id\":\"http:\/\/salonkosmetyczny-niemcza.pl\/#website\",\"url\":\"http:\/\/salonkosmetyczny-niemcza.pl\/\",\"name\":\"Ewa Kowal\",\"description\":\"Gabinet Kosmetyczny\",\"publisher\":{\"@id\":\"http:\/\/salonkosmetyczny-niemcza.pl\/#organization\"},\"potentialAction\":[{\"@type\":\"SearchAction\",\"target\":{\"@type\":\"EntryPoint\",\"urlTemplate\":\"http:\/\/salonkosmetyczny-niemcza.pl\/?s={search_term_string}\"},\"query-input\":{\"@type\":\"PropertyValueSpecification\",\"valueRequired\":true,\"valueName\":\"search_term_string\"}}],\"inLanguage\":\"pl-PL\"},{\"@type\":\"Organization\",\"@id\":\"http:\/\/salonkosmetyczny-niemcza.pl\/#organization\",\"name\":\"Ewa Kowal\",\"url\":\"http:\/\/salonkosmetyczny-niemcza.pl\/\",\"logo\":{\"@type\":\"ImageObject\",\"inLanguage\":\"pl-PL\",\"@id\":\"http:\/\/salonkosmetyczny-niemcza.pl\/#\/schema\/logo\/image\/\",\"url\":\"https:\/\/salonkosmetyczny-niemcza.pl\/wp-content\/uploads\/2023\/02\/cropped-ewakowal.png\",\"contentUrl\":\"https:\/\/salonkosmetyczny-niemcza.pl\/wp-content\/uploads\/2023\/02\/cropped-ewakowal.png\",\"width\":189,\"height\":150,\"caption\":\"Ewa Kowal\"},\"image\":{\"@id\":\"http:\/\/salonkosmetyczny-niemcza.pl\/#\/schema\/logo\/image\/\"}}]}<\/script>\n<!-- \/ Yoast SEO plugin. -->","yoast_head_json":{"title":"Crystal Retinal - zabieg gabinetowy - Ewa Kowal","robots":{"index":"index","follow":"follow","max-snippet":"max-snippet:-1","max-image-preview":"max-image-preview:large","max-video-preview":"max-video-preview:-1"},"canonical":"http:\/\/salonkosmetyczny-niemcza.pl\/?page_id=1461","og_locale":"pl_PL","og_type":"article","og_title":"Crystal Retinal - zabieg gabinetowy - Ewa Kowal","og_description":"Zabieg Crystal Retinal to profesjonalna terapia z retinaldehydem \u2013 nowoczesn\u0105 form\u0105 witaminy A. Pobudza regeneracj\u0119, poprawia struktur\u0119 sk\u00f3ry i redukuje przebarwienia, nie powoduj\u0105c podra\u017cnie\u0144 ani \u0142uszczenia. Doskona\u0142y wyb\u00f3r przy sk\u00f3rze dojrza\u0142ej, tr\u0105dzikowej lub zm\u0119czonej.","og_url":"http:\/\/salonkosmetyczny-niemcza.pl\/?page_id=1461","og_site_name":"Ewa Kowal","article_modified_time":"2025-10-14T10:41:36+00:00","og_image":[{"width":2560,"height":1709,"url":"http:\/\/salonkosmetyczny-niemcza.pl\/wp-content\/uploads\/2025\/10\/gold-facial-mask-scaled.jpg","type":"image\/jpeg"}],"twitter_card":"summary_large_image","twitter_misc":{"Szacowany czas czytania":"4 minuty"},"schema":{"@context":"https:\/\/schema.org","@graph":[{"@type":"WebPage","@id":"http:\/\/salonkosmetyczny-niemcza.pl\/?page_id=1461","url":"http:\/\/salonkosmetyczny-niemcza.pl\/?page_id=1461","name":"Crystal Retinal - zabieg gabinetowy - Ewa Kowal","isPartOf":{"@id":"http:\/\/salonkosmetyczny-niemcza.pl\/#website"},"primaryImageOfPage":{"@id":"http:\/\/salonkosmetyczny-niemcza.pl\/?page_id=1461#primaryimage"},"image":{"@id":"http:\/\/salonkosmetyczny-niemcza.pl\/?page_id=1461#primaryimage"},"thumbnailUrl":"https:\/\/salonkosmetyczny-niemcza.pl\/wp-content\/uploads\/2025\/10\/gold-facial-mask-scaled.jpg","datePublished":"2025-10-14T10:24:16+00:00","dateModified":"2025-10-14T10:41:36+00:00","breadcrumb":{"@id":"http:\/\/salonkosmetyczny-niemcza.pl\/?page_id=1461#breadcrumb"},"inLanguage":"pl-PL","potentialAction":[{"@type":"ReadAction","target":["http:\/\/salonkosmetyczny-niemcza.pl\/?page_id=1461"]}]},{"@type":"ImageObject","inLanguage":"pl-PL","@id":"http:\/\/salonkosmetyczny-niemcza.pl\/?page_id=1461#primaryimage","url":"https:\/\/salonkosmetyczny-niemcza.pl\/wp-content\/uploads\/2025\/10\/gold-facial-mask-scaled.jpg","contentUrl":"https:\/\/salonkosmetyczny-niemcza.pl\/wp-content\/uploads\/2025\/10\/gold-facial-mask-scaled.jpg","width":2560,"height":1709,"caption":"Gold facial mask at the spa salon"},{"@type":"BreadcrumbList","@id":"http:\/\/salonkosmetyczny-niemcza.pl\/?page_id=1461#breadcrumb","itemListElement":[{"@type":"ListItem","position":1,"name":"Strona g\u0142\u00f3wna","item":"http:\/\/salonkosmetyczny-niemcza.pl\/"},{"@type":"ListItem","position":2,"name":"Crystal Retinal &#8211; zabieg gabinetowy"}]},{"@type":"WebSite","@id":"http:\/\/salonkosmetyczny-niemcza.pl\/#website","url":"http:\/\/salonkosmetyczny-niemcza.pl\/","name":"Ewa Kowal","description":"Gabinet Kosmetyczny","publisher":{"@id":"http:\/\/salonkosmetyczny-niemcza.pl\/#organization"},"potentialAction":[{"@type":"SearchAction","target":{"@type":"EntryPoint","urlTemplate":"http:\/\/salonkosmetyczny-niemcza.pl\/?s={search_term_string}"},"query-input":{"@type":"PropertyValueSpecification","valueRequired":true,"valueName":"search_term_string"}}],"inLanguage":"pl-PL"},{"@type":"Organization","@id":"http:\/\/salonkosmetyczny-niemcza.pl\/#organization","name":"Ewa Kowal","url":"http:\/\/salonkosmetyczny-niemcza.pl\/","logo":{"@type":"ImageObject","inLanguage":"pl-PL","@id":"http:\/\/salonkosmetyczny-niemcza.pl\/#\/schema\/logo\/image\/","url":"https:\/\/salonkosmetyczny-niemcza.pl\/wp-content\/uploads\/2023\/02\/cropped-ewakowal.png","contentUrl":"https:\/\/salonkosmetyczny-niemcza.pl\/wp-content\/uploads\/2023\/02\/cropped-ewakowal.png","width":189,"height":150,"caption":"Ewa Kowal"},"image":{"@id":"http:\/\/salonkosmetyczny-niemcza.pl\/#\/schema\/logo\/image\/"}}]}},"_links":{"self":[{"href":"https:\/\/salonkosmetyczny-niemcza.pl\/index.php?rest_route=\/wp\/v2\/pages\/1461","targetHints":{"allow":["GET"]}}],"collection":[{"href":"https:\/\/salonkosmetyczny-niemcza.pl\/index.php?rest_route=\/wp\/v2\/pages"}],"about":[{"href":"https:\/\/salonkosmetyczny-niemcza.pl\/index.php?rest_route=\/wp\/v2\/types\/page"}],"author":[{"embeddable":true,"href":"https:\/\/salonkosmetyczny-niemcza.pl\/index.php?rest_route=\/wp\/v2\/users\/1"}],"replies":[{"embeddable":true,"href":"https:\/\/salonkosmetyczny-niemcza.pl\/index.php?rest_route=%2Fwp%2Fv2%2Fcomments&post=1461"}],"version-history":[{"count":3,"href":"https:\/\/salonkosmetyczny-niemcza.pl\/index.php?rest_route=\/wp\/v2\/pages\/1461\/revisions"}],"predecessor-version":[{"id":1466,"href":"https:\/\/salonkosmetyczny-niemcza.pl\/index.php?rest_route=\/wp\/v2\/pages\/1461\/revisions\/1466"}],"wp:featuredmedia":[{"embeddable":true,"href":"https:\/\/salonkosmetyczny-niemcza.pl\/index.php?rest_route=\/wp\/v2\/media\/1462"}],"wp:attachment":[{"href":"https:\/\/salonkosmetyczny-niemcza.pl\/index.php?rest_route=%2Fwp%2Fv2%2Fmedia&parent=1461"}],"curies":[{"name":"wp","href":"https:\/\/api.w.org\/{rel}","templated":true}]}}