{"id":1438,"date":"2025-10-06T16:17:31","date_gmt":"2025-10-06T14:17:31","guid":{"rendered":"http:\/\/salonkosmetyczny-niemcza.pl\/?page_id=1438"},"modified":"2025-10-06T16:47:26","modified_gmt":"2025-10-06T14:47:26","slug":"terapia-blizn","status":"publish","type":"page","link":"https:\/\/salonkosmetyczny-niemcza.pl\/?page_id=1438","title":{"rendered":"Terapia blizn"},"content":{"rendered":"\t\t<div data-elementor-type=\"wp-page\" data-elementor-id=\"1438\" class=\"elementor elementor-1438\">\n\t\t\t\t\t\t<section class=\"elementor-section elementor-top-section elementor-element elementor-element-493e56a elementor-section-boxed elementor-section-height-default elementor-section-height-default wpr-particle-no wpr-jarallax-no wpr-parallax-no wpr-sticky-section-no\" data-id=\"493e56a\" data-element_type=\"section\">\n\t\t\t\t\t\t<div class=\"elementor-container elementor-column-gap-default\">\n\t\t\t\t\t<div class=\"elementor-column elementor-col-100 elementor-top-column elementor-element elementor-element-580a783\" data-id=\"580a783\" data-element_type=\"column\">\n\t\t\t<div class=\"elementor-widget-wrap elementor-element-populated\">\n\t\t\t\t\t\t<div class=\"elementor-element elementor-element-3e9d487 elementor-widget elementor-widget-heading\" data-id=\"3e9d487\" data-element_type=\"widget\" data-widget_type=\"heading.default\">\n\t\t\t\t<div class=\"elementor-widget-container\">\n\t\t\t\t\t<h2 class=\"elementor-heading-title elementor-size-default\">Terapia blizn \u2013 indywidualna regeneracja sk\u00f3ry<\/h2>\t\t\t\t<\/div>\n\t\t\t\t<\/div>\n\t\t\t\t<div class=\"elementor-element elementor-element-5cf86fb elementor-widget elementor-widget-text-editor\" data-id=\"5cf86fb\" data-element_type=\"widget\" data-widget_type=\"text-editor.default\">\n\t\t\t\t<div class=\"elementor-widget-container\">\n\t\t\t\t\t\t\t\t\t<div class=\"html-div xdj266r x14z9mp xat24cr x1lziwak xexx8yu xyri2b x18d9i69 x1c1uobl\" dir=\"auto\"><div class=\"html-div xdj266r x14z9mp xat24cr x1lziwak xexx8yu xyri2b x18d9i69 x1c1uobl\" data-ad-rendering-role=\"story_message\"><div id=\"_r_q_\" class=\"x1l90r2v x1iorvi4 x1g0dm76 xpdmqnj\" data-ad-comet-preview=\"message\" data-ad-preview=\"message\"><div class=\"x78zum5 xdt5ytf xz62fqu x16ldp7u\"><div class=\"xu06os2 x1ok221b\"><div class=\"html-div xdj266r x14z9mp xat24cr x1lziwak xexx8yu xyri2b x18d9i69 x1c1uobl\"><p data-start=\"534\" data-end=\"842\">Masz blizn\u0119, kt\u00f3ra wci\u0105\u017c przyci\u0105ga Tw\u00f3j wzrok w lustrze? Niezale\u017cnie od tego, czy to \u015blad po tr\u0105dziku, operacji, urazie czy cesarskim ci\u0119ciu \u2013 blizny mog\u0105 wp\u0142ywa\u0107 na pewno\u015b\u0107 siebie i codzienny komfort. Dobra wiadomo\u015b\u0107 jest taka, \u017ce dzi\u0119ki nowoczesnym metodom kosmetologii estetycznej, wiele z nich mo\u017cna znacz\u0105co sp\u0142yci\u0107, rozja\u015bni\u0107 i poprawi\u0107 ich struktur\u0119.<\/p><p data-start=\"844\" data-end=\"1121\">W Gabinecie Kosmetycznym Ewa Kowal w Niemczy specjalizujemy si\u0119 w indywidualnie dobranych terapiach blizn, kt\u00f3re wspieraj\u0105 naturalne procesy regeneracyjne sk\u00f3ry i przynosz\u0105 trwa\u0142e efekty \u2014 bez efektu przerysowania i bezpiecznie, z pe\u0142nym poszanowaniem kondycji Twojej cery.<\/p><\/div><\/div><\/div><\/div><\/div><\/div>\t\t\t\t\t\t\t\t<\/div>\n\t\t\t\t<\/div>\n\t\t\t\t<div class=\"elementor-element elementor-element-91ee50b elementor-widget elementor-widget-heading\" data-id=\"91ee50b\" data-element_type=\"widget\" data-widget_type=\"heading.default\">\n\t\t\t\t<div class=\"elementor-widget-container\">\n\t\t\t\t\t<h2 class=\"elementor-heading-title elementor-size-default\">Dlaczego warto?<\/h2>\t\t\t\t<\/div>\n\t\t\t\t<\/div>\n\t\t\t\t<div class=\"elementor-element elementor-element-30bd3e4 elementor-widget elementor-widget-text-editor\" data-id=\"30bd3e4\" data-element_type=\"widget\" data-widget_type=\"text-editor.default\">\n\t\t\t\t<div class=\"elementor-widget-container\">\n\t\t\t\t\t\t\t\t\t<p data-start=\"1170\" data-end=\"1447\">Blizna to nie tylko problem estetyczny. To r\u00f3wnie\u017c zmieniona struktura sk\u00f3ry, kt\u00f3ra mo\u017ce powodowa\u0107 napi\u0119cie, nier\u00f3wno\u015bci, przebarwienia, a nawet b\u00f3l. Dobrze przeprowadzona terapia pomaga nie tylko poprawi\u0107 wygl\u0105d sk\u00f3ry, ale te\u017c przywr\u00f3ci\u0107 jej funkcjonalno\u015b\u0107 i elastyczno\u015b\u0107.<\/p><p data-start=\"1449\" data-end=\"1669\">Zabiegi regeneracyjne pobudzaj\u0105 produkcj\u0119 kolagenu i elastyny, rozlu\u017aniaj\u0105 w\u0142\u00f3kna tkanki bliznowatej i wspomagaj\u0105 przebudow\u0119 sk\u00f3ry. Dzi\u0119ki temu z czasem staje si\u0119 ona bardziej g\u0142adka, spr\u0119\u017cysta i jednolita w kolorze.<\/p>\t\t\t\t\t\t\t\t<\/div>\n\t\t\t\t<\/div>\n\t\t\t\t<div class=\"elementor-element elementor-element-68b4574 elementor-widget elementor-widget-heading\" data-id=\"68b4574\" data-element_type=\"widget\" data-widget_type=\"heading.default\">\n\t\t\t\t<div class=\"elementor-widget-container\">\n\t\t\t\t\t<h2 class=\"elementor-heading-title elementor-size-default\">Indywidualna terapia blizn \u2013 plan dopasowany do Twojej sk\u00f3ry<\/h2>\t\t\t\t<\/div>\n\t\t\t\t<\/div>\n\t\t\t\t<div class=\"elementor-element elementor-element-e424f62 elementor-widget elementor-widget-text-editor\" data-id=\"e424f62\" data-element_type=\"widget\" data-widget_type=\"text-editor.default\">\n\t\t\t\t<div class=\"elementor-widget-container\">\n\t\t\t\t\t\t\t\t\t<p data-start=\"1632\" data-end=\"1856\">W Gabinecie Kosmetycznym Ewa Kowal w Niemczy ka\u017cd\u0105 terapi\u0119 poprzedza szczeg\u00f3\u0142owa diagnoza. Dopiero na jej podstawie dobieramy odpowiedni\u0105 metod\u0119 \u2013 dopasowan\u0105 do rodzaju, wieku i wygl\u0105du blizny, a tak\u017ce kondycji Twojej sk\u00f3ry.<\/p><p data-start=\"1858\" data-end=\"1898\">W terapii blizn stosujemy mi\u0119dzy innymi:<\/p><ul data-start=\"1900\" data-end=\"2282\"><li data-start=\"1900\" data-end=\"1970\"><p data-start=\"1902\" data-end=\"1970\"><strong data-start=\"1902\" data-end=\"1919\">Mikropunktur\u0119<\/strong> \u2013 pobudza g\u0142\u0119bok\u0105 regeneracj\u0119 i wyg\u0142adza tkanki,<\/p><\/li><li data-start=\"1971\" data-end=\"2042\"><p data-start=\"1973\" data-end=\"2042\"><strong data-start=\"1973\" data-end=\"1992\">Suche ig\u0142owanie<\/strong> \u2013 dzia\u0142a precyzyjnie i g\u0142\u0119boko bez z\u0142uszczania,<\/p><\/li><li data-start=\"2043\" data-end=\"2129\"><p data-start=\"2045\" data-end=\"2129\"><strong data-start=\"2045\" data-end=\"2067\">Mezoterapi\u0119 ig\u0142ow\u0105<\/strong> \u2013 dostarcza sk\u0142adnik\u00f3w aktywnych bezpo\u015brednio w g\u0142\u0105b sk\u00f3ry,<\/p><\/li><li data-start=\"2130\" data-end=\"2206\"><p data-start=\"2132\" data-end=\"2206\"><strong data-start=\"2132\" data-end=\"2151\">Laser frakcyjny<\/strong> \u2013 pomaga w przebudowie sk\u00f3ry na poziomie kom\u00f3rkowym,<\/p><\/li><li data-start=\"2207\" data-end=\"2282\"><p data-start=\"2209\" data-end=\"2282\"><strong data-start=\"2209\" data-end=\"2221\">Egzosomy<\/strong> \u2013 nowoczesna terapia wspomagaj\u0105ca odbudow\u0119 i gojenie tkanek.<\/p><\/li><\/ul><p data-start=\"2284\" data-end=\"2403\">Nie ka\u017cda metoda sprawdzi si\u0119 u ka\u017cdej osoby \u2013 dlatego tak wa\u017cne jest indywidualne podej\u015bcie i \u015bwiadomy plan zabiegowy.<\/p>\t\t\t\t\t\t\t\t<\/div>\n\t\t\t\t<\/div>\n\t\t\t\t<div class=\"elementor-element elementor-element-7e02009 elementor-widget elementor-widget-heading\" data-id=\"7e02009\" data-element_type=\"widget\" data-widget_type=\"heading.default\">\n\t\t\t\t<div class=\"elementor-widget-container\">\n\t\t\t\t\t<h2 class=\"elementor-heading-title elementor-size-default\">Efekty, kt\u00f3rych mo\u017cesz si\u0119 spodziewa\u0107:<\/h2>\t\t\t\t<\/div>\n\t\t\t\t<\/div>\n\t\t\t\t<div class=\"elementor-element elementor-element-5f643ad elementor-widget elementor-widget-text-editor\" data-id=\"5f643ad\" data-element_type=\"widget\" data-widget_type=\"text-editor.default\">\n\t\t\t\t<div class=\"elementor-widget-container\">\n\t\t\t\t\t\t\t\t\t<p>\u2714\ufe0f sp\u0142ycenie blizn i wyr\u00f3wnanie struktury sk\u00f3ry<br data-start=\"2501\" data-end=\"2504\" \/>\u2714\ufe0f redukcja przebarwie\u0144 pozapalnych i potr\u0105dzikowych<br data-start=\"2556\" data-end=\"2559\" \/>\u2714\ufe0f poprawa elastyczno\u015bci i kolorytu cery<br data-start=\"2599\" data-end=\"2602\" \/>\u2714\ufe0f lepsze nawil\u017cenie i dotlenienie tkanek<br data-start=\"2643\" data-end=\"2646\" \/>\u2714\ufe0f widoczna, ale naturalna poprawa wygl\u0105du<\/p>\t\t\t\t\t\t\t\t<\/div>\n\t\t\t\t<\/div>\n\t\t\t\t<div class=\"elementor-element elementor-element-7a81bbd elementor-widget elementor-widget-image\" data-id=\"7a81bbd\" data-element_type=\"widget\" data-widget_type=\"image.default\">\n\t\t\t\t<div class=\"elementor-widget-container\">\n\t\t\t\t\t\t\t\t\t\t\t\t\t\t\t<img fetchpriority=\"high\" decoding=\"async\" width=\"768\" height=\"768\" src=\"https:\/\/salonkosmetyczny-niemcza.pl\/wp-content\/uploads\/2025\/10\/Terpia-768x768.jpg\" class=\"attachment-medium_large size-medium_large wp-image-1439\" alt=\"\" srcset=\"https:\/\/salonkosmetyczny-niemcza.pl\/wp-content\/uploads\/2025\/10\/Terpia-768x768.jpg 768w, https:\/\/salonkosmetyczny-niemcza.pl\/wp-content\/uploads\/2025\/10\/Terpia-300x300.jpg 300w, https:\/\/salonkosmetyczny-niemcza.pl\/wp-content\/uploads\/2025\/10\/Terpia-1024x1024.jpg 1024w, https:\/\/salonkosmetyczny-niemcza.pl\/wp-content\/uploads\/2025\/10\/Terpia-150x150.jpg 150w, https:\/\/salonkosmetyczny-niemcza.pl\/wp-content\/uploads\/2025\/10\/Terpia.jpg 1080w\" sizes=\"(max-width: 768px) 100vw, 768px\" \/>\t\t\t\t\t\t\t\t\t\t\t\t\t\t\t<\/div>\n\t\t\t\t<\/div>\n\t\t\t\t<div class=\"elementor-element elementor-element-19dbc62 elementor-widget elementor-widget-spacer\" data-id=\"19dbc62\" data-element_type=\"widget\" data-widget_type=\"spacer.default\">\n\t\t\t\t<div class=\"elementor-widget-container\">\n\t\t\t\t\t\t\t<div class=\"elementor-spacer\">\n\t\t\t<div class=\"elementor-spacer-inner\"><\/div>\n\t\t<\/div>\n\t\t\t\t\t\t<\/div>\n\t\t\t\t<\/div>\n\t\t\t\t\t<\/div>\n\t\t<\/div>\n\t\t\t\t\t<\/div>\n\t\t<\/section>\n\t\t\t\t<section class=\"elementor-section elementor-top-section elementor-element elementor-element-9d8224d elementor-section-boxed elementor-section-height-default elementor-section-height-default wpr-particle-no wpr-jarallax-no wpr-parallax-no wpr-sticky-section-no\" data-id=\"9d8224d\" data-element_type=\"section\">\n\t\t\t\t\t\t<div class=\"elementor-container elementor-column-gap-default\">\n\t\t\t\t\t<div class=\"elementor-column elementor-col-100 elementor-top-column elementor-element elementor-element-10e0d3f\" data-id=\"10e0d3f\" data-element_type=\"column\">\n\t\t\t<div class=\"elementor-widget-wrap elementor-element-populated\">\n\t\t\t\t\t\t<div class=\"elementor-element elementor-element-c152c91 elementor-widget elementor-widget-text-editor\" data-id=\"c152c91\" data-element_type=\"widget\" data-widget_type=\"text-editor.default\">\n\t\t\t\t<div class=\"elementor-widget-container\">\n\t\t\t\t\t\t\t\t\t<p>Nie odk\u0142adaj troski o swoj\u0105 sk\u00f3r\u0119 na p\u00f3\u017aniej.<\/p><p>Blizny nie musz\u0105 by\u0107 Twoj\u0105 codzienno\u015bci\u0105 \u2013 nawet te sprzed lat mog\u0105 ulec znacznemu wyg\u0142adzeniu i rozja\u015bnieniu.<\/p>\t\t\t\t\t\t\t\t<\/div>\n\t\t\t\t<\/div>\n\t\t\t\t\t<\/div>\n\t\t<\/div>\n\t\t\t\t\t<\/div>\n\t\t<\/section>\n\t\t\t\t<\/div>\n\t\t","protected":false},"excerpt":{"rendered":"<p>Terapia blizn \u2013 indywidualna regeneracja sk\u00f3ry Masz blizn\u0119, kt\u00f3ra wci\u0105\u017c przyci\u0105ga Tw\u00f3j wzrok w lustrze? Niezale\u017cnie od tego, czy to \u015blad po tr\u0105dziku, operacji, urazie czy cesarskim ci\u0119ciu \u2013 blizny &hellip; <\/p>\n","protected":false},"author":1,"featured_media":1440,"parent":0,"menu_order":0,"comment_status":"closed","ping_status":"closed","template":"","meta":{"footnotes":""},"class_list":["post-1438","page","type-page","status-publish","has-post-thumbnail","hentry"],"yoast_head":"<!-- This site is optimized with the Yoast SEO plugin v25.6 - https:\/\/yoast.com\/wordpress\/plugins\/seo\/ -->\n<title>Terapia blizn - Ewa Kowal<\/title>\n<meta name=\"robots\" content=\"index, follow, max-snippet:-1, max-image-preview:large, max-video-preview:-1\" \/>\n<link rel=\"canonical\" href=\"http:\/\/salonkosmetyczny-niemcza.pl\/?page_id=1438\" \/>\n<meta property=\"og:locale\" content=\"pl_PL\" \/>\n<meta property=\"og:type\" content=\"article\" \/>\n<meta property=\"og:title\" content=\"Terapia blizn - Ewa Kowal\" \/>\n<meta property=\"og:description\" content=\"Terapia blizn \u2013 indywidualna regeneracja sk\u00f3ry Masz blizn\u0119, kt\u00f3ra wci\u0105\u017c przyci\u0105ga Tw\u00f3j wzrok w lustrze? Niezale\u017cnie od tego, czy to \u015blad po tr\u0105dziku, operacji, urazie czy cesarskim ci\u0119ciu \u2013 blizny &hellip;\" \/>\n<meta property=\"og:url\" content=\"http:\/\/salonkosmetyczny-niemcza.pl\/?page_id=1438\" \/>\n<meta property=\"og:site_name\" content=\"Ewa Kowal\" \/>\n<meta property=\"article:modified_time\" content=\"2025-10-06T14:47:26+00:00\" \/>\n<meta property=\"og:image\" content=\"http:\/\/salonkosmetyczny-niemcza.pl\/wp-content\/uploads\/2025\/10\/Terpaia-2-scaled.jpg\" \/>\n\t<meta property=\"og:image:width\" content=\"2560\" \/>\n\t<meta property=\"og:image:height\" content=\"2560\" \/>\n\t<meta property=\"og:image:type\" content=\"image\/jpeg\" \/>\n<meta name=\"twitter:card\" content=\"summary_large_image\" \/>\n<meta name=\"twitter:label1\" content=\"Szacowany czas czytania\" \/>\n\t<meta name=\"twitter:data1\" content=\"4 minuty\" \/>\n<script type=\"application\/ld+json\" class=\"yoast-schema-graph\">{\"@context\":\"https:\/\/schema.org\",\"@graph\":[{\"@type\":\"WebPage\",\"@id\":\"http:\/\/salonkosmetyczny-niemcza.pl\/?page_id=1438\",\"url\":\"http:\/\/salonkosmetyczny-niemcza.pl\/?page_id=1438\",\"name\":\"Terapia blizn - Ewa Kowal\",\"isPartOf\":{\"@id\":\"http:\/\/salonkosmetyczny-niemcza.pl\/#website\"},\"primaryImageOfPage\":{\"@id\":\"http:\/\/salonkosmetyczny-niemcza.pl\/?page_id=1438#primaryimage\"},\"image\":{\"@id\":\"http:\/\/salonkosmetyczny-niemcza.pl\/?page_id=1438#primaryimage\"},\"thumbnailUrl\":\"https:\/\/salonkosmetyczny-niemcza.pl\/wp-content\/uploads\/2025\/10\/Terpaia-2-scaled.jpg\",\"datePublished\":\"2025-10-06T14:17:31+00:00\",\"dateModified\":\"2025-10-06T14:47:26+00:00\",\"breadcrumb\":{\"@id\":\"http:\/\/salonkosmetyczny-niemcza.pl\/?page_id=1438#breadcrumb\"},\"inLanguage\":\"pl-PL\",\"potentialAction\":[{\"@type\":\"ReadAction\",\"target\":[\"http:\/\/salonkosmetyczny-niemcza.pl\/?page_id=1438\"]}]},{\"@type\":\"ImageObject\",\"inLanguage\":\"pl-PL\",\"@id\":\"http:\/\/salonkosmetyczny-niemcza.pl\/?page_id=1438#primaryimage\",\"url\":\"https:\/\/salonkosmetyczny-niemcza.pl\/wp-content\/uploads\/2025\/10\/Terpaia-2-scaled.jpg\",\"contentUrl\":\"https:\/\/salonkosmetyczny-niemcza.pl\/wp-content\/uploads\/2025\/10\/Terpaia-2-scaled.jpg\",\"width\":2560,\"height\":2560},{\"@type\":\"BreadcrumbList\",\"@id\":\"http:\/\/salonkosmetyczny-niemcza.pl\/?page_id=1438#breadcrumb\",\"itemListElement\":[{\"@type\":\"ListItem\",\"position\":1,\"name\":\"Strona g\u0142\u00f3wna\",\"item\":\"http:\/\/salonkosmetyczny-niemcza.pl\/\"},{\"@type\":\"ListItem\",\"position\":2,\"name\":\"Terapia blizn\"}]},{\"@type\":\"WebSite\",\"@id\":\"http:\/\/salonkosmetyczny-niemcza.pl\/#website\",\"url\":\"http:\/\/salonkosmetyczny-niemcza.pl\/\",\"name\":\"Ewa Kowal\",\"description\":\"Gabinet Kosmetyczny\",\"publisher\":{\"@id\":\"http:\/\/salonkosmetyczny-niemcza.pl\/#organization\"},\"potentialAction\":[{\"@type\":\"SearchAction\",\"target\":{\"@type\":\"EntryPoint\",\"urlTemplate\":\"http:\/\/salonkosmetyczny-niemcza.pl\/?s={search_term_string}\"},\"query-input\":{\"@type\":\"PropertyValueSpecification\",\"valueRequired\":true,\"valueName\":\"search_term_string\"}}],\"inLanguage\":\"pl-PL\"},{\"@type\":\"Organization\",\"@id\":\"http:\/\/salonkosmetyczny-niemcza.pl\/#organization\",\"name\":\"Ewa Kowal\",\"url\":\"http:\/\/salonkosmetyczny-niemcza.pl\/\",\"logo\":{\"@type\":\"ImageObject\",\"inLanguage\":\"pl-PL\",\"@id\":\"http:\/\/salonkosmetyczny-niemcza.pl\/#\/schema\/logo\/image\/\",\"url\":\"https:\/\/salonkosmetyczny-niemcza.pl\/wp-content\/uploads\/2023\/02\/cropped-ewakowal.png\",\"contentUrl\":\"https:\/\/salonkosmetyczny-niemcza.pl\/wp-content\/uploads\/2023\/02\/cropped-ewakowal.png\",\"width\":189,\"height\":150,\"caption\":\"Ewa Kowal\"},\"image\":{\"@id\":\"http:\/\/salonkosmetyczny-niemcza.pl\/#\/schema\/logo\/image\/\"}}]}<\/script>\n<!-- \/ Yoast SEO plugin. -->","yoast_head_json":{"title":"Terapia blizn - Ewa Kowal","robots":{"index":"index","follow":"follow","max-snippet":"max-snippet:-1","max-image-preview":"max-image-preview:large","max-video-preview":"max-video-preview:-1"},"canonical":"http:\/\/salonkosmetyczny-niemcza.pl\/?page_id=1438","og_locale":"pl_PL","og_type":"article","og_title":"Terapia blizn - Ewa Kowal","og_description":"Terapia blizn \u2013 indywidualna regeneracja sk\u00f3ry Masz blizn\u0119, kt\u00f3ra wci\u0105\u017c przyci\u0105ga Tw\u00f3j wzrok w lustrze? Niezale\u017cnie od tego, czy to \u015blad po tr\u0105dziku, operacji, urazie czy cesarskim ci\u0119ciu \u2013 blizny &hellip;","og_url":"http:\/\/salonkosmetyczny-niemcza.pl\/?page_id=1438","og_site_name":"Ewa Kowal","article_modified_time":"2025-10-06T14:47:26+00:00","og_image":[{"width":2560,"height":2560,"url":"http:\/\/salonkosmetyczny-niemcza.pl\/wp-content\/uploads\/2025\/10\/Terpaia-2-scaled.jpg","type":"image\/jpeg"}],"twitter_card":"summary_large_image","twitter_misc":{"Szacowany czas czytania":"4 minuty"},"schema":{"@context":"https:\/\/schema.org","@graph":[{"@type":"WebPage","@id":"http:\/\/salonkosmetyczny-niemcza.pl\/?page_id=1438","url":"http:\/\/salonkosmetyczny-niemcza.pl\/?page_id=1438","name":"Terapia blizn - Ewa Kowal","isPartOf":{"@id":"http:\/\/salonkosmetyczny-niemcza.pl\/#website"},"primaryImageOfPage":{"@id":"http:\/\/salonkosmetyczny-niemcza.pl\/?page_id=1438#primaryimage"},"image":{"@id":"http:\/\/salonkosmetyczny-niemcza.pl\/?page_id=1438#primaryimage"},"thumbnailUrl":"https:\/\/salonkosmetyczny-niemcza.pl\/wp-content\/uploads\/2025\/10\/Terpaia-2-scaled.jpg","datePublished":"2025-10-06T14:17:31+00:00","dateModified":"2025-10-06T14:47:26+00:00","breadcrumb":{"@id":"http:\/\/salonkosmetyczny-niemcza.pl\/?page_id=1438#breadcrumb"},"inLanguage":"pl-PL","potentialAction":[{"@type":"ReadAction","target":["http:\/\/salonkosmetyczny-niemcza.pl\/?page_id=1438"]}]},{"@type":"ImageObject","inLanguage":"pl-PL","@id":"http:\/\/salonkosmetyczny-niemcza.pl\/?page_id=1438#primaryimage","url":"https:\/\/salonkosmetyczny-niemcza.pl\/wp-content\/uploads\/2025\/10\/Terpaia-2-scaled.jpg","contentUrl":"https:\/\/salonkosmetyczny-niemcza.pl\/wp-content\/uploads\/2025\/10\/Terpaia-2-scaled.jpg","width":2560,"height":2560},{"@type":"BreadcrumbList","@id":"http:\/\/salonkosmetyczny-niemcza.pl\/?page_id=1438#breadcrumb","itemListElement":[{"@type":"ListItem","position":1,"name":"Strona g\u0142\u00f3wna","item":"http:\/\/salonkosmetyczny-niemcza.pl\/"},{"@type":"ListItem","position":2,"name":"Terapia blizn"}]},{"@type":"WebSite","@id":"http:\/\/salonkosmetyczny-niemcza.pl\/#website","url":"http:\/\/salonkosmetyczny-niemcza.pl\/","name":"Ewa Kowal","description":"Gabinet Kosmetyczny","publisher":{"@id":"http:\/\/salonkosmetyczny-niemcza.pl\/#organization"},"potentialAction":[{"@type":"SearchAction","target":{"@type":"EntryPoint","urlTemplate":"http:\/\/salonkosmetyczny-niemcza.pl\/?s={search_term_string}"},"query-input":{"@type":"PropertyValueSpecification","valueRequired":true,"valueName":"search_term_string"}}],"inLanguage":"pl-PL"},{"@type":"Organization","@id":"http:\/\/salonkosmetyczny-niemcza.pl\/#organization","name":"Ewa Kowal","url":"http:\/\/salonkosmetyczny-niemcza.pl\/","logo":{"@type":"ImageObject","inLanguage":"pl-PL","@id":"http:\/\/salonkosmetyczny-niemcza.pl\/#\/schema\/logo\/image\/","url":"https:\/\/salonkosmetyczny-niemcza.pl\/wp-content\/uploads\/2023\/02\/cropped-ewakowal.png","contentUrl":"https:\/\/salonkosmetyczny-niemcza.pl\/wp-content\/uploads\/2023\/02\/cropped-ewakowal.png","width":189,"height":150,"caption":"Ewa Kowal"},"image":{"@id":"http:\/\/salonkosmetyczny-niemcza.pl\/#\/schema\/logo\/image\/"}}]}},"_links":{"self":[{"href":"https:\/\/salonkosmetyczny-niemcza.pl\/index.php?rest_route=\/wp\/v2\/pages\/1438","targetHints":{"allow":["GET"]}}],"collection":[{"href":"https:\/\/salonkosmetyczny-niemcza.pl\/index.php?rest_route=\/wp\/v2\/pages"}],"about":[{"href":"https:\/\/salonkosmetyczny-niemcza.pl\/index.php?rest_route=\/wp\/v2\/types\/page"}],"author":[{"embeddable":true,"href":"https:\/\/salonkosmetyczny-niemcza.pl\/index.php?rest_route=\/wp\/v2\/users\/1"}],"replies":[{"embeddable":true,"href":"https:\/\/salonkosmetyczny-niemcza.pl\/index.php?rest_route=%2Fwp%2Fv2%2Fcomments&post=1438"}],"version-history":[{"count":6,"href":"https:\/\/salonkosmetyczny-niemcza.pl\/index.php?rest_route=\/wp\/v2\/pages\/1438\/revisions"}],"predecessor-version":[{"id":1459,"href":"https:\/\/salonkosmetyczny-niemcza.pl\/index.php?rest_route=\/wp\/v2\/pages\/1438\/revisions\/1459"}],"wp:featuredmedia":[{"embeddable":true,"href":"https:\/\/salonkosmetyczny-niemcza.pl\/index.php?rest_route=\/wp\/v2\/media\/1440"}],"wp:attachment":[{"href":"https:\/\/salonkosmetyczny-niemcza.pl\/index.php?rest_route=%2Fwp%2Fv2%2Fmedia&parent=1438"}],"curies":[{"name":"wp","href":"https:\/\/api.w.org\/{rel}","templated":true}]}}