{"id":1436,"date":"2025-10-06T16:42:52","date_gmt":"2025-10-06T14:42:52","guid":{"rendered":"http:\/\/salonkosmetyczny-niemcza.pl\/?page_id=1436"},"modified":"2025-10-06T16:44:21","modified_gmt":"2025-10-06T14:44:21","slug":"crystal-retinal","status":"publish","type":"page","link":"https:\/\/salonkosmetyczny-niemcza.pl\/?page_id=1436","title":{"rendered":"Crystal Retinal"},"content":{"rendered":"\t\t<div data-elementor-type=\"wp-page\" data-elementor-id=\"1436\" class=\"elementor elementor-1436\">\n\t\t\t\t\t\t<section class=\"elementor-section elementor-top-section elementor-element elementor-element-493e56a elementor-section-boxed elementor-section-height-default elementor-section-height-default wpr-particle-no wpr-jarallax-no wpr-parallax-no wpr-sticky-section-no\" data-id=\"493e56a\" data-element_type=\"section\">\n\t\t\t\t\t\t<div class=\"elementor-container elementor-column-gap-default\">\n\t\t\t\t\t<div class=\"elementor-column elementor-col-100 elementor-top-column elementor-element elementor-element-580a783\" data-id=\"580a783\" data-element_type=\"column\">\n\t\t\t<div class=\"elementor-widget-wrap elementor-element-populated\">\n\t\t\t\t\t\t<div class=\"elementor-element elementor-element-3e9d487 elementor-widget elementor-widget-heading\" data-id=\"3e9d487\" data-element_type=\"widget\" data-widget_type=\"heading.default\">\n\t\t\t\t<div class=\"elementor-widget-container\">\n\t\t\t\t\t<h2 class=\"elementor-heading-title elementor-size-default\">Crystal Retinal \u2013 nowa jako\u015b\u0107 piel\u0119gnacji z witamin\u0105 A<\/h2>\t\t\t\t<\/div>\n\t\t\t\t<\/div>\n\t\t\t\t<div class=\"elementor-element elementor-element-5cf86fb elementor-widget elementor-widget-text-editor\" data-id=\"5cf86fb\" data-element_type=\"widget\" data-widget_type=\"text-editor.default\">\n\t\t\t\t<div class=\"elementor-widget-container\">\n\t\t\t\t\t\t\t\t\t<div class=\"html-div xdj266r x14z9mp xat24cr x1lziwak xexx8yu xyri2b x18d9i69 x1c1uobl\" dir=\"auto\"><div class=\"html-div xdj266r x14z9mp xat24cr x1lziwak xexx8yu xyri2b x18d9i69 x1c1uobl\" data-ad-rendering-role=\"story_message\"><div id=\"_r_2q_\" class=\"x1l90r2v x1iorvi4 x1g0dm76 xpdmqnj\" data-ad-comet-preview=\"message\" data-ad-preview=\"message\"><div class=\"x78zum5 xdt5ytf xz62fqu x16ldp7u\"><div class=\"xu06os2 x1ok221b\"><div class=\"html-div xdj266r x14z9mp xat24cr x1lziwak xexx8yu xyri2b x18d9i69 x1c1uobl\"><p data-start=\"500\" data-end=\"794\">Crystal Retinal to zaawansowana forma witaminy A (retinaldehyd), kt\u00f3ra dzia\u0142a szybciej i skuteczniej ni\u017c klasyczny retinol, a przy tym jest znacznie lepiej tolerowana przez sk\u00f3r\u0119. To idealne rozwi\u0105zanie dla os\u00f3b, kt\u00f3re chc\u0105 widocznie poprawi\u0107 kondycj\u0119 sk\u00f3ry bez ryzyka podra\u017cnie\u0144 i z\u0142uszczania.<\/p><p data-start=\"796\" data-end=\"1085\">Dzi\u0119ki nowoczesnej, stabilnej formule retinal dzia\u0142a w g\u0142\u0119bszych warstwach sk\u00f3ry, pobudzaj\u0105c jej naturalne procesy odnowy, bez konieczno\u015bci przechodzenia przez faz\u0119 silnej adaptacji. To kosmetologiczny standard dla ka\u017cdego, kto oczekuje efektywnej i bezpiecznej piel\u0119gnacji anti-aging.<\/p><hr data-start=\"1087\" data-end=\"1090\" \/><\/div><\/div><\/div><\/div><\/div><\/div>\t\t\t\t\t\t\t\t<\/div>\n\t\t\t\t<\/div>\n\t\t\t\t<div class=\"elementor-element elementor-element-d937bc9 elementor-invisible elementor-widget elementor-widget-heading\" data-id=\"d937bc9\" data-element_type=\"widget\" data-settings=\"{&quot;_animation&quot;:&quot;zoomInDown&quot;}\" data-widget_type=\"heading.default\">\n\t\t\t\t<div class=\"elementor-widget-container\">\n\t\t\t\t\t<h2 class=\"elementor-heading-title elementor-size-default\">Jak dzia\u0142a Crystal Retinal?<\/h2>\t\t\t\t<\/div>\n\t\t\t\t<\/div>\n\t\t\t\t<div class=\"elementor-element elementor-element-4f88ff8 elementor-widget elementor-widget-text-editor\" data-id=\"4f88ff8\" data-element_type=\"widget\" data-widget_type=\"text-editor.default\">\n\t\t\t\t<div class=\"elementor-widget-container\">\n\t\t\t\t\t\t\t\t\t<p data-start=\"882\" data-end=\"1154\">Sk\u0142adnik aktywny \u2013 retinaldehyd \u2013 to bezpo\u015bredni prekursor kwasu retinowego, czyli najbardziej aktywnej biologicznie formy witaminy A. Dzi\u0119ki temu dzia\u0142a nawet 11 razy szybciej ni\u017c tradycyjny retinol, przy jednoczesnym ograniczeniu ryzyka podra\u017cnie\u0144.<\/p>\t\t\t\t\t\t\t\t<\/div>\n\t\t\t\t<\/div>\n\t\t\t\t<div class=\"elementor-element elementor-element-30bd3e4 elementor-widget elementor-widget-text-editor\" data-id=\"30bd3e4\" data-element_type=\"widget\" data-widget_type=\"text-editor.default\">\n\t\t\t\t<div class=\"elementor-widget-container\">\n\t\t\t\t\t\t\t\t\t<p>\u2714\ufe0f wyg\u0142adza drobne zmarszczki i poprawia napi\u0119cie sk\u00f3ry<br data-start=\"1450\" data-end=\"1453\" \/>\u2714\ufe0f wspiera produkcj\u0119 kolagenu i elastyny<br data-start=\"1493\" data-end=\"1496\" \/>\u2714\ufe0f redukuje przebarwienia i wyr\u00f3wnuje koloryt<br data-start=\"1541\" data-end=\"1544\" \/>\u2714\ufe0f dzia\u0142a antybakteryjnie i przeciwzapalnie (idealne przy tr\u0105dziku)<br data-start=\"1611\" data-end=\"1614\" \/>\u2714\ufe0f oczyszcza pory i wyg\u0142adza struktur\u0119 sk\u00f3ry<br data-start=\"1658\" data-end=\"1661\" \/>\u2714\ufe0f poprawia g\u0119sto\u015b\u0107 i jako\u015b\u0107 cery bez nadmiernego z\u0142uszczania<\/p>\t\t\t\t\t\t\t\t<\/div>\n\t\t\t\t<\/div>\n\t\t\t\t<div class=\"elementor-element elementor-element-68b4574 elementor-widget elementor-widget-heading\" data-id=\"68b4574\" data-element_type=\"widget\" data-widget_type=\"heading.default\">\n\t\t\t\t<div class=\"elementor-widget-container\">\n\t\t\t\t\t<h2 class=\"elementor-heading-title elementor-size-default\">Dla kogo przeznaczony jest retinal?<\/h2>\t\t\t\t<\/div>\n\t\t\t\t<\/div>\n\t\t\t\t<div class=\"elementor-element elementor-element-e424f62 elementor-widget elementor-widget-text-editor\" data-id=\"e424f62\" data-element_type=\"widget\" data-widget_type=\"text-editor.default\">\n\t\t\t\t<div class=\"elementor-widget-container\">\n\t\t\t\t\t\t\t\t\t<p data-start=\"1770\" data-end=\"1809\">Crystal Retinal polecamy osobom, kt\u00f3re:<\/p><p data-start=\"1811\" data-end=\"2158\">\u2013 chc\u0105 skutecznie op\u00f3\u017ania\u0107 oznaki starzenia si\u0119 sk\u00f3ry,<br data-start=\"1865\" data-end=\"1868\" \/>\u2013 zmagaj\u0105 si\u0119 z tr\u0105dzikiem doros\u0142ych lub bliznami potr\u0105dzikowymi,<br data-start=\"1933\" data-end=\"1936\" \/>\u2013 maj\u0105 nier\u00f3wny koloryt, rozszerzone pory, pierwsze zmarszczki,<br data-start=\"1999\" data-end=\"2002\" \/>\u2013 nie toleruj\u0105 klasycznego retinolu lub szukaj\u0105 jego \u0142agodniejszej wersji,<br data-start=\"2076\" data-end=\"2079\" \/>\u2013 chc\u0105 wprowadzi\u0107 \u015bwiadom\u0105 piel\u0119gnacj\u0119 domow\u0105 o silnym dzia\u0142aniu regeneruj\u0105cym.<\/p>\t\t\t\t\t\t\t\t<\/div>\n\t\t\t\t<\/div>\n\t\t\t\t<div class=\"elementor-element elementor-element-8b77fb1 elementor-widget elementor-widget-spacer\" data-id=\"8b77fb1\" data-element_type=\"widget\" data-widget_type=\"spacer.default\">\n\t\t\t\t<div class=\"elementor-widget-container\">\n\t\t\t\t\t\t\t<div class=\"elementor-spacer\">\n\t\t\t<div class=\"elementor-spacer-inner\"><\/div>\n\t\t<\/div>\n\t\t\t\t\t\t<\/div>\n\t\t\t\t<\/div>\n\t\t\t\t<div class=\"elementor-element elementor-element-7a81bbd elementor-widget elementor-widget-image\" data-id=\"7a81bbd\" data-element_type=\"widget\" data-widget_type=\"image.default\">\n\t\t\t\t<div class=\"elementor-widget-container\">\n\t\t\t\t\t\t\t\t\t\t\t\t\t\t\t<img fetchpriority=\"high\" decoding=\"async\" width=\"768\" height=\"768\" src=\"https:\/\/salonkosmetyczny-niemcza.pl\/wp-content\/uploads\/2025\/10\/Crystal-768x768.jpg\" class=\"attachment-medium_large size-medium_large wp-image-1449\" alt=\"\" srcset=\"https:\/\/salonkosmetyczny-niemcza.pl\/wp-content\/uploads\/2025\/10\/Crystal-768x768.jpg 768w, https:\/\/salonkosmetyczny-niemcza.pl\/wp-content\/uploads\/2025\/10\/Crystal-300x300.jpg 300w, https:\/\/salonkosmetyczny-niemcza.pl\/wp-content\/uploads\/2025\/10\/Crystal-1024x1024.jpg 1024w, https:\/\/salonkosmetyczny-niemcza.pl\/wp-content\/uploads\/2025\/10\/Crystal-150x150.jpg 150w, https:\/\/salonkosmetyczny-niemcza.pl\/wp-content\/uploads\/2025\/10\/Crystal.jpg 1080w\" sizes=\"(max-width: 768px) 100vw, 768px\" \/>\t\t\t\t\t\t\t\t\t\t\t\t\t\t\t<\/div>\n\t\t\t\t<\/div>\n\t\t\t\t<div class=\"elementor-element elementor-element-19dbc62 elementor-widget elementor-widget-spacer\" data-id=\"19dbc62\" data-element_type=\"widget\" data-widget_type=\"spacer.default\">\n\t\t\t\t<div class=\"elementor-widget-container\">\n\t\t\t\t\t\t\t<div class=\"elementor-spacer\">\n\t\t\t<div class=\"elementor-spacer-inner\"><\/div>\n\t\t<\/div>\n\t\t\t\t\t\t<\/div>\n\t\t\t\t<\/div>\n\t\t\t\t\t<\/div>\n\t\t<\/div>\n\t\t\t\t\t<\/div>\n\t\t<\/section>\n\t\t\t\t<section class=\"elementor-section elementor-top-section elementor-element elementor-element-0a40a80 elementor-section-boxed elementor-section-height-default elementor-section-height-default wpr-particle-no wpr-jarallax-no wpr-parallax-no wpr-sticky-section-no\" data-id=\"0a40a80\" data-element_type=\"section\">\n\t\t\t\t\t\t<div class=\"elementor-container elementor-column-gap-default\">\n\t\t\t\t\t<div class=\"elementor-column elementor-col-50 elementor-top-column elementor-element elementor-element-d38389b\" data-id=\"d38389b\" data-element_type=\"column\">\n\t\t\t<div class=\"elementor-widget-wrap elementor-element-populated\">\n\t\t\t\t\t\t<div class=\"elementor-element elementor-element-49e60cf elementor-widget elementor-widget-heading\" data-id=\"49e60cf\" data-element_type=\"widget\" data-widget_type=\"heading.default\">\n\t\t\t\t<div class=\"elementor-widget-container\">\n\t\t\t\t\t<h2 class=\"elementor-heading-title elementor-size-default\">Jak dobra\u0107 odpowiednie st\u0119\u017cenie?<\/h2>\t\t\t\t<\/div>\n\t\t\t\t<\/div>\n\t\t\t\t<div class=\"elementor-element elementor-element-916f3d2 elementor-widget elementor-widget-text-editor\" data-id=\"916f3d2\" data-element_type=\"widget\" data-widget_type=\"text-editor.default\">\n\t\t\t\t<div class=\"elementor-widget-container\">\n\t\t\t\t\t\t\t\t\t<p data-start=\"2203\" data-end=\"2341\">W naszym gabinecie pomo\u017cemy Ci dobra\u0107 idealne st\u0119\u017cenie retinalu do Twoich potrzeb i kondycji sk\u00f3ry. Produkty dost\u0119pne s\u0105 w kilku wersjach:<\/p><ul data-start=\"2343\" data-end=\"2686\"><li data-start=\"2343\" data-end=\"2423\"><p data-start=\"2345\" data-end=\"2423\"><strong data-start=\"2345\" data-end=\"2370\">Crystal Retinal 1 i 3<\/strong> \u2013 dla sk\u00f3ry wra\u017cliwej lub rozpoczynaj\u0105cej kuracj\u0119,<\/p><\/li><li data-start=\"2424\" data-end=\"2492\"><p data-start=\"2426\" data-end=\"2492\"><strong data-start=\"2426\" data-end=\"2447\">Crystal Retinal 6<\/strong> \u2013 dla sk\u00f3ry przyzwyczajonej do witaminy A,<\/p><\/li><li data-start=\"2493\" data-end=\"2586\"><p data-start=\"2495\" data-end=\"2586\"><strong data-start=\"2495\" data-end=\"2517\">Crystal Retinal 10<\/strong> \u2013 dla zaawansowanych u\u017cytkownik\u00f3w i widocznych problem\u00f3w sk\u00f3rnych,<\/p><\/li><li data-start=\"2587\" data-end=\"2686\"><p data-start=\"2589\" data-end=\"2686\"><strong data-start=\"2589\" data-end=\"2611\">Crystal Retinal 20<\/strong> \u2013 opcja profesjonalna, dost\u0119pna tylko w ramach specjalistycznego wsparcia.<\/p><\/li><\/ul><p data-start=\"2688\" data-end=\"2896\">Wprowadzamy retinal stopniowo, z pe\u0142n\u0105 kontrol\u0105 reakcji sk\u00f3ry, a w razie potrzeby \u2013 \u0142\u0105czymy go z zabiegami gabinetowymi dla maksymalnych efekt\u00f3w (np. mikropunktura, egzosomy, ig\u0142owanie, terapia aminokwasowa).<\/p>\t\t\t\t\t\t\t\t<\/div>\n\t\t\t\t<\/div>\n\t\t\t\t\t<\/div>\n\t\t<\/div>\n\t\t\t\t<div class=\"elementor-column elementor-col-50 elementor-top-column elementor-element elementor-element-36f9ae4\" data-id=\"36f9ae4\" data-element_type=\"column\">\n\t\t\t<div class=\"elementor-widget-wrap elementor-element-populated\">\n\t\t\t\t\t\t<div class=\"elementor-element elementor-element-9cae3c5 elementor-widget elementor-widget-heading\" data-id=\"9cae3c5\" data-element_type=\"widget\" data-widget_type=\"heading.default\">\n\t\t\t\t<div class=\"elementor-widget-container\">\n\t\t\t\t\t<h2 class=\"elementor-heading-title elementor-size-default\">Piel\u0119gnacja z retinalem \u2013 efekty, kt\u00f3re zauwa\u017cysz<\/h2>\t\t\t\t<\/div>\n\t\t\t\t<\/div>\n\t\t\t\t<div class=\"elementor-element elementor-element-3dcbca8 elementor-widget elementor-widget-text-editor\" data-id=\"3dcbca8\" data-element_type=\"widget\" data-widget_type=\"text-editor.default\">\n\t\t\t\t<div class=\"elementor-widget-container\">\n\t\t\t\t\t\t\t\t\t<p>\u2714\ufe0f g\u0142adsza, j\u0119drniejsza i bardziej napi\u0119ta sk\u00f3ra<br data-start=\"3006\" data-end=\"3009\" \/>\u2714\ufe0f zredukowane zmarszczki i linie mimiczne<br data-start=\"3051\" data-end=\"3054\" \/>\u2714\ufe0f wyr\u00f3wnany koloryt i mniej przebarwie\u0144<br data-start=\"3094\" data-end=\"3097\" \/>\u2714\ufe0f mniej widoczne pory i czystsza cera<br data-start=\"3135\" data-end=\"3138\" \/>\u2714\ufe0f poprawa tekstury i elastyczno\u015bci<br data-start=\"3173\" data-end=\"3176\" \/>\u2714\ufe0f d\u0142ugofalowe dzia\u0142anie przeciwstarzeniowe<\/p>\t\t\t\t\t\t\t\t<\/div>\n\t\t\t\t<\/div>\n\t\t\t\t\t<\/div>\n\t\t<\/div>\n\t\t\t\t\t<\/div>\n\t\t<\/section>\n\t\t\t\t<section class=\"elementor-section elementor-top-section elementor-element elementor-element-9d8224d elementor-section-boxed elementor-section-height-default elementor-section-height-default wpr-particle-no wpr-jarallax-no wpr-parallax-no wpr-sticky-section-no\" data-id=\"9d8224d\" data-element_type=\"section\">\n\t\t\t\t\t\t<div class=\"elementor-container elementor-column-gap-default\">\n\t\t\t\t\t<div class=\"elementor-column elementor-col-100 elementor-top-column elementor-element elementor-element-10e0d3f\" data-id=\"10e0d3f\" data-element_type=\"column\">\n\t\t\t<div class=\"elementor-widget-wrap elementor-element-populated\">\n\t\t\t\t\t\t<div class=\"elementor-element elementor-element-c152c91 elementor-widget elementor-widget-text-editor\" data-id=\"c152c91\" data-element_type=\"widget\" data-widget_type=\"text-editor.default\">\n\t\t\t\t<div class=\"elementor-widget-container\">\n\t\t\t\t\t\t\t\t\t<h3 data-start=\"3226\" data-end=\"3255\">Dlaczego Crystal Retinal?<\/h3>\t\t\t\t\t\t\t\t<\/div>\n\t\t\t\t<\/div>\n\t\t\t\t<div class=\"elementor-element elementor-element-c53c384 elementor-icon-list--layout-traditional elementor-list-item-link-full_width elementor-widget elementor-widget-icon-list\" data-id=\"c53c384\" data-element_type=\"widget\" data-widget_type=\"icon-list.default\">\n\t\t\t\t<div class=\"elementor-widget-container\">\n\t\t\t\t\t\t\t<ul class=\"elementor-icon-list-items\">\n\t\t\t\t\t\t\t<li class=\"elementor-icon-list-item\">\n\t\t\t\t\t\t\t\t\t\t\t<span class=\"elementor-icon-list-icon\">\n\t\t\t\t\t\t\t<i aria-hidden=\"true\" class=\"fas fa-check\"><\/i>\t\t\t\t\t\t<\/span>\n\t\t\t\t\t\t\t\t\t\t<span class=\"elementor-icon-list-text\">dzia\u0142a szybciej ni\u017c retinol, ale bez typowych skutk\u00f3w ubocznych<\/span>\n\t\t\t\t\t\t\t\t\t<\/li>\n\t\t\t\t\t\t\t\t<li class=\"elementor-icon-list-item\">\n\t\t\t\t\t\t\t\t\t\t\t<span class=\"elementor-icon-list-icon\">\n\t\t\t\t\t\t\t<i aria-hidden=\"true\" class=\"fas fa-check\"><\/i>\t\t\t\t\t\t<\/span>\n\t\t\t\t\t\t\t\t\t\t<span class=\"elementor-icon-list-text\">formu\u0142a zamkni\u0119ta w technologii krystalicznej stabilizacji<\/span>\n\t\t\t\t\t\t\t\t\t<\/li>\n\t\t\t\t\t\t\t\t<li class=\"elementor-icon-list-item\">\n\t\t\t\t\t\t\t\t\t\t\t<span class=\"elementor-icon-list-icon\">\n\t\t\t\t\t\t\t<i aria-hidden=\"true\" class=\"fas fa-check\"><\/i>\t\t\t\t\t\t<\/span>\n\t\t\t\t\t\t\t\t\t\t<span class=\"elementor-icon-list-text\">polecany przez dermatolog\u00f3w i kosmetolog\u00f3w na ca\u0142ym \u015bwiecie  doskonale spra<\/span>\n\t\t\t\t\t\t\t\t\t<\/li>\n\t\t\t\t\t\t\t\t<li class=\"elementor-icon-list-item\">\n\t\t\t\t\t\t\t\t\t\t\t<span class=\"elementor-icon-list-icon\">\n\t\t\t\t\t\t\t<i aria-hidden=\"true\" class=\"fas fa-check\"><\/i>\t\t\t\t\t\t<\/span>\n\t\t\t\t\t\t\t\t\t\t<span class=\"elementor-icon-list-text\">sprawdza si\u0119 jako uzupe\u0142nienie zabieg\u00f3w gabinetowych<\/span>\n\t\t\t\t\t\t\t\t\t<\/li>\n\t\t\t\t\t\t\t\t<li class=\"elementor-icon-list-item\">\n\t\t\t\t\t\t\t\t\t\t\t<span class=\"elementor-icon-list-icon\">\n\t\t\t\t\t\t\t<i aria-hidden=\"true\" class=\"fas fa-check\"><\/i>\t\t\t\t\t\t<\/span>\n\t\t\t\t\t\t\t\t\t\t<span class=\"elementor-icon-list-text\">marka Medik8 \u2013 gwarancja jako\u015bci i bezpiecze\u0144stwa<\/span>\n\t\t\t\t\t\t\t\t\t<\/li>\n\t\t\t\t\t\t<\/ul>\n\t\t\t\t\t\t<\/div>\n\t\t\t\t<\/div>\n\t\t\t\t\t<\/div>\n\t\t<\/div>\n\t\t\t\t\t<\/div>\n\t\t<\/section>\n\t\t\t\t<\/div>\n\t\t","protected":false},"excerpt":{"rendered":"<p>Crystal Retinal \u2013 nowa jako\u015b\u0107 piel\u0119gnacji z witamin\u0105 A Crystal Retinal to zaawansowana forma witaminy A (retinaldehyd), kt\u00f3ra dzia\u0142a szybciej i skuteczniej ni\u017c klasyczny retinol, a przy tym jest znacznie &hellip; <\/p>\n","protected":false},"author":1,"featured_media":1452,"parent":0,"menu_order":0,"comment_status":"closed","ping_status":"closed","template":"","meta":{"footnotes":""},"class_list":["post-1436","page","type-page","status-publish","has-post-thumbnail","hentry"],"yoast_head":"<!-- This site is optimized with the Yoast SEO plugin v25.6 - https:\/\/yoast.com\/wordpress\/plugins\/seo\/ -->\n<title>Crystal Retinal - Ewa Kowal<\/title>\n<meta name=\"robots\" content=\"index, follow, max-snippet:-1, max-image-preview:large, max-video-preview:-1\" \/>\n<link rel=\"canonical\" href=\"https:\/\/salonkosmetyczny-niemcza.pl\/?page_id=1436\" \/>\n<meta property=\"og:locale\" content=\"pl_PL\" \/>\n<meta property=\"og:type\" content=\"article\" \/>\n<meta property=\"og:title\" content=\"Crystal Retinal - Ewa Kowal\" \/>\n<meta property=\"og:description\" content=\"Crystal Retinal \u2013 nowa jako\u015b\u0107 piel\u0119gnacji z witamin\u0105 A Crystal Retinal to zaawansowana forma witaminy A (retinaldehyd), kt\u00f3ra dzia\u0142a szybciej i skuteczniej ni\u017c klasyczny retinol, a przy tym jest znacznie &hellip;\" \/>\n<meta property=\"og:url\" content=\"https:\/\/salonkosmetyczny-niemcza.pl\/?page_id=1436\" \/>\n<meta property=\"og:site_name\" content=\"Ewa Kowal\" \/>\n<meta property=\"article:modified_time\" content=\"2025-10-06T14:44:21+00:00\" \/>\n<meta property=\"og:image\" content=\"https:\/\/salonkosmetyczny-niemcza.pl\/wp-content\/uploads\/2025\/10\/Crystal2-2-scaled.jpg\" \/>\n\t<meta property=\"og:image:width\" content=\"2560\" \/>\n\t<meta property=\"og:image:height\" content=\"1707\" \/>\n\t<meta property=\"og:image:type\" content=\"image\/jpeg\" \/>\n<meta name=\"twitter:card\" content=\"summary_large_image\" \/>\n<meta name=\"twitter:label1\" content=\"Szacowany czas czytania\" \/>\n\t<meta name=\"twitter:data1\" content=\"5 minut\" \/>\n<script type=\"application\/ld+json\" class=\"yoast-schema-graph\">{\"@context\":\"https:\/\/schema.org\",\"@graph\":[{\"@type\":\"WebPage\",\"@id\":\"https:\/\/salonkosmetyczny-niemcza.pl\/?page_id=1436\",\"url\":\"https:\/\/salonkosmetyczny-niemcza.pl\/?page_id=1436\",\"name\":\"Crystal Retinal - Ewa Kowal\",\"isPartOf\":{\"@id\":\"https:\/\/salonkosmetyczny-niemcza.pl\/#website\"},\"primaryImageOfPage\":{\"@id\":\"https:\/\/salonkosmetyczny-niemcza.pl\/?page_id=1436#primaryimage\"},\"image\":{\"@id\":\"https:\/\/salonkosmetyczny-niemcza.pl\/?page_id=1436#primaryimage\"},\"thumbnailUrl\":\"https:\/\/salonkosmetyczny-niemcza.pl\/wp-content\/uploads\/2025\/10\/Crystal2-2-scaled.jpg\",\"datePublished\":\"2025-10-06T14:42:52+00:00\",\"dateModified\":\"2025-10-06T14:44:21+00:00\",\"breadcrumb\":{\"@id\":\"https:\/\/salonkosmetyczny-niemcza.pl\/?page_id=1436#breadcrumb\"},\"inLanguage\":\"pl-PL\",\"potentialAction\":[{\"@type\":\"ReadAction\",\"target\":[\"https:\/\/salonkosmetyczny-niemcza.pl\/?page_id=1436\"]}]},{\"@type\":\"ImageObject\",\"inLanguage\":\"pl-PL\",\"@id\":\"https:\/\/salonkosmetyczny-niemcza.pl\/?page_id=1436#primaryimage\",\"url\":\"https:\/\/salonkosmetyczny-niemcza.pl\/wp-content\/uploads\/2025\/10\/Crystal2-2-scaled.jpg\",\"contentUrl\":\"https:\/\/salonkosmetyczny-niemcza.pl\/wp-content\/uploads\/2025\/10\/Crystal2-2-scaled.jpg\",\"width\":2560,\"height\":1707},{\"@type\":\"BreadcrumbList\",\"@id\":\"https:\/\/salonkosmetyczny-niemcza.pl\/?page_id=1436#breadcrumb\",\"itemListElement\":[{\"@type\":\"ListItem\",\"position\":1,\"name\":\"Strona g\u0142\u00f3wna\",\"item\":\"https:\/\/salonkosmetyczny-niemcza.pl\/\"},{\"@type\":\"ListItem\",\"position\":2,\"name\":\"Crystal Retinal\"}]},{\"@type\":\"WebSite\",\"@id\":\"https:\/\/salonkosmetyczny-niemcza.pl\/#website\",\"url\":\"https:\/\/salonkosmetyczny-niemcza.pl\/\",\"name\":\"Ewa Kowal\",\"description\":\"Gabinet Kosmetyczny\",\"publisher\":{\"@id\":\"https:\/\/salonkosmetyczny-niemcza.pl\/#organization\"},\"potentialAction\":[{\"@type\":\"SearchAction\",\"target\":{\"@type\":\"EntryPoint\",\"urlTemplate\":\"https:\/\/salonkosmetyczny-niemcza.pl\/?s={search_term_string}\"},\"query-input\":{\"@type\":\"PropertyValueSpecification\",\"valueRequired\":true,\"valueName\":\"search_term_string\"}}],\"inLanguage\":\"pl-PL\"},{\"@type\":\"Organization\",\"@id\":\"https:\/\/salonkosmetyczny-niemcza.pl\/#organization\",\"name\":\"Ewa Kowal\",\"url\":\"https:\/\/salonkosmetyczny-niemcza.pl\/\",\"logo\":{\"@type\":\"ImageObject\",\"inLanguage\":\"pl-PL\",\"@id\":\"https:\/\/salonkosmetyczny-niemcza.pl\/#\/schema\/logo\/image\/\",\"url\":\"https:\/\/salonkosmetyczny-niemcza.pl\/wp-content\/uploads\/2023\/02\/cropped-ewakowal.png\",\"contentUrl\":\"https:\/\/salonkosmetyczny-niemcza.pl\/wp-content\/uploads\/2023\/02\/cropped-ewakowal.png\",\"width\":189,\"height\":150,\"caption\":\"Ewa Kowal\"},\"image\":{\"@id\":\"https:\/\/salonkosmetyczny-niemcza.pl\/#\/schema\/logo\/image\/\"}}]}<\/script>\n<!-- \/ Yoast SEO plugin. -->","yoast_head_json":{"title":"Crystal Retinal - Ewa Kowal","robots":{"index":"index","follow":"follow","max-snippet":"max-snippet:-1","max-image-preview":"max-image-preview:large","max-video-preview":"max-video-preview:-1"},"canonical":"https:\/\/salonkosmetyczny-niemcza.pl\/?page_id=1436","og_locale":"pl_PL","og_type":"article","og_title":"Crystal Retinal - Ewa Kowal","og_description":"Crystal Retinal \u2013 nowa jako\u015b\u0107 piel\u0119gnacji z witamin\u0105 A Crystal Retinal to zaawansowana forma witaminy A (retinaldehyd), kt\u00f3ra dzia\u0142a szybciej i skuteczniej ni\u017c klasyczny retinol, a przy tym jest znacznie &hellip;","og_url":"https:\/\/salonkosmetyczny-niemcza.pl\/?page_id=1436","og_site_name":"Ewa Kowal","article_modified_time":"2025-10-06T14:44:21+00:00","og_image":[{"width":2560,"height":1707,"url":"https:\/\/salonkosmetyczny-niemcza.pl\/wp-content\/uploads\/2025\/10\/Crystal2-2-scaled.jpg","type":"image\/jpeg"}],"twitter_card":"summary_large_image","twitter_misc":{"Szacowany czas czytania":"5 minut"},"schema":{"@context":"https:\/\/schema.org","@graph":[{"@type":"WebPage","@id":"https:\/\/salonkosmetyczny-niemcza.pl\/?page_id=1436","url":"https:\/\/salonkosmetyczny-niemcza.pl\/?page_id=1436","name":"Crystal Retinal - Ewa Kowal","isPartOf":{"@id":"https:\/\/salonkosmetyczny-niemcza.pl\/#website"},"primaryImageOfPage":{"@id":"https:\/\/salonkosmetyczny-niemcza.pl\/?page_id=1436#primaryimage"},"image":{"@id":"https:\/\/salonkosmetyczny-niemcza.pl\/?page_id=1436#primaryimage"},"thumbnailUrl":"https:\/\/salonkosmetyczny-niemcza.pl\/wp-content\/uploads\/2025\/10\/Crystal2-2-scaled.jpg","datePublished":"2025-10-06T14:42:52+00:00","dateModified":"2025-10-06T14:44:21+00:00","breadcrumb":{"@id":"https:\/\/salonkosmetyczny-niemcza.pl\/?page_id=1436#breadcrumb"},"inLanguage":"pl-PL","potentialAction":[{"@type":"ReadAction","target":["https:\/\/salonkosmetyczny-niemcza.pl\/?page_id=1436"]}]},{"@type":"ImageObject","inLanguage":"pl-PL","@id":"https:\/\/salonkosmetyczny-niemcza.pl\/?page_id=1436#primaryimage","url":"https:\/\/salonkosmetyczny-niemcza.pl\/wp-content\/uploads\/2025\/10\/Crystal2-2-scaled.jpg","contentUrl":"https:\/\/salonkosmetyczny-niemcza.pl\/wp-content\/uploads\/2025\/10\/Crystal2-2-scaled.jpg","width":2560,"height":1707},{"@type":"BreadcrumbList","@id":"https:\/\/salonkosmetyczny-niemcza.pl\/?page_id=1436#breadcrumb","itemListElement":[{"@type":"ListItem","position":1,"name":"Strona g\u0142\u00f3wna","item":"https:\/\/salonkosmetyczny-niemcza.pl\/"},{"@type":"ListItem","position":2,"name":"Crystal Retinal"}]},{"@type":"WebSite","@id":"https:\/\/salonkosmetyczny-niemcza.pl\/#website","url":"https:\/\/salonkosmetyczny-niemcza.pl\/","name":"Ewa Kowal","description":"Gabinet Kosmetyczny","publisher":{"@id":"https:\/\/salonkosmetyczny-niemcza.pl\/#organization"},"potentialAction":[{"@type":"SearchAction","target":{"@type":"EntryPoint","urlTemplate":"https:\/\/salonkosmetyczny-niemcza.pl\/?s={search_term_string}"},"query-input":{"@type":"PropertyValueSpecification","valueRequired":true,"valueName":"search_term_string"}}],"inLanguage":"pl-PL"},{"@type":"Organization","@id":"https:\/\/salonkosmetyczny-niemcza.pl\/#organization","name":"Ewa Kowal","url":"https:\/\/salonkosmetyczny-niemcza.pl\/","logo":{"@type":"ImageObject","inLanguage":"pl-PL","@id":"https:\/\/salonkosmetyczny-niemcza.pl\/#\/schema\/logo\/image\/","url":"https:\/\/salonkosmetyczny-niemcza.pl\/wp-content\/uploads\/2023\/02\/cropped-ewakowal.png","contentUrl":"https:\/\/salonkosmetyczny-niemcza.pl\/wp-content\/uploads\/2023\/02\/cropped-ewakowal.png","width":189,"height":150,"caption":"Ewa Kowal"},"image":{"@id":"https:\/\/salonkosmetyczny-niemcza.pl\/#\/schema\/logo\/image\/"}}]}},"_links":{"self":[{"href":"https:\/\/salonkosmetyczny-niemcza.pl\/index.php?rest_route=\/wp\/v2\/pages\/1436","targetHints":{"allow":["GET"]}}],"collection":[{"href":"https:\/\/salonkosmetyczny-niemcza.pl\/index.php?rest_route=\/wp\/v2\/pages"}],"about":[{"href":"https:\/\/salonkosmetyczny-niemcza.pl\/index.php?rest_route=\/wp\/v2\/types\/page"}],"author":[{"embeddable":true,"href":"https:\/\/salonkosmetyczny-niemcza.pl\/index.php?rest_route=\/wp\/v2\/users\/1"}],"replies":[{"embeddable":true,"href":"https:\/\/salonkosmetyczny-niemcza.pl\/index.php?rest_route=%2Fwp%2Fv2%2Fcomments&post=1436"}],"version-history":[{"count":3,"href":"https:\/\/salonkosmetyczny-niemcza.pl\/index.php?rest_route=\/wp\/v2\/pages\/1436\/revisions"}],"predecessor-version":[{"id":1455,"href":"https:\/\/salonkosmetyczny-niemcza.pl\/index.php?rest_route=\/wp\/v2\/pages\/1436\/revisions\/1455"}],"wp:featuredmedia":[{"embeddable":true,"href":"https:\/\/salonkosmetyczny-niemcza.pl\/index.php?rest_route=\/wp\/v2\/media\/1452"}],"wp:attachment":[{"href":"https:\/\/salonkosmetyczny-niemcza.pl\/index.php?rest_route=%2Fwp%2Fv2%2Fmedia&parent=1436"}],"curies":[{"name":"wp","href":"https:\/\/api.w.org\/{rel}","templated":true}]}}