{"id":1380,"date":"2025-08-06T16:41:57","date_gmt":"2025-08-06T14:41:57","guid":{"rendered":"http:\/\/salonkosmetyczny-niemcza.pl\/?page_id=1380"},"modified":"2025-08-06T17:35:09","modified_gmt":"2025-08-06T15:35:09","slug":"radiofrekwencja-mikroiglowa","status":"publish","type":"page","link":"https:\/\/salonkosmetyczny-niemcza.pl\/?page_id=1380","title":{"rendered":"Radiofrekwencja Mikroiglowa"},"content":{"rendered":"\t\t<div data-elementor-type=\"wp-page\" data-elementor-id=\"1380\" class=\"elementor elementor-1380\">\n\t\t\t\t\t\t<section class=\"elementor-section elementor-top-section elementor-element elementor-element-493e56a elementor-section-boxed elementor-section-height-default elementor-section-height-default wpr-particle-no wpr-jarallax-no wpr-parallax-no wpr-sticky-section-no\" data-id=\"493e56a\" data-element_type=\"section\">\n\t\t\t\t\t\t<div class=\"elementor-container elementor-column-gap-default\">\n\t\t\t\t\t<div class=\"elementor-column elementor-col-100 elementor-top-column elementor-element elementor-element-580a783\" data-id=\"580a783\" data-element_type=\"column\">\n\t\t\t<div class=\"elementor-widget-wrap elementor-element-populated\">\n\t\t\t\t\t\t<div class=\"elementor-element elementor-element-3e9d487 elementor-widget elementor-widget-heading\" data-id=\"3e9d487\" data-element_type=\"widget\" data-widget_type=\"heading.default\">\n\t\t\t\t<div class=\"elementor-widget-container\">\n\t\t\t\t\t<h2 class=\"elementor-heading-title elementor-size-default\">Lifting bez skalpela<\/h2>\t\t\t\t<\/div>\n\t\t\t\t<\/div>\n\t\t\t\t<div class=\"elementor-element elementor-element-5cf86fb elementor-widget elementor-widget-text-editor\" data-id=\"5cf86fb\" data-element_type=\"widget\" data-widget_type=\"text-editor.default\">\n\t\t\t\t<div class=\"elementor-widget-container\">\n\t\t\t\t\t\t\t\t\t<p data-start=\"1498\" data-end=\"1813\">RF mikroig\u0142owa to nowoczesne po\u0142\u0105czenie dw\u00f3ch technologii: radiofrekwencji (RF) i mikronak\u0142u\u0107. Dzi\u0119ki dzia\u0142aniu fal radiowych, kt\u00f3re podgrzewaj\u0105 g\u0142\u0119bokie warstwy sk\u00f3ry, oraz mikropunkturze \u2013 zabieg pobudza fibroblasty do produkcji nowego kolagenu i elastyny. Sk\u00f3ra staje si\u0119 wyra\u017anie j\u0119drniejsza i bardziej napi\u0119ta.<\/p><p data-start=\"1815\" data-end=\"1976\">Zabieg jest bezpieczny, nieinwazyjny i skuteczny. Polecamy go szczeg\u00f3lnie osobom, kt\u00f3re chc\u0105 odm\u0142odzi\u0107 sk\u00f3r\u0119 twarzy, szyi i dekoltu bez ingerencji chirurgicznej.<\/p>\t\t\t\t\t\t\t\t<\/div>\n\t\t\t\t<\/div>\n\t\t\t\t<div class=\"elementor-element elementor-element-7a099be elementor-widget elementor-widget-image\" data-id=\"7a099be\" data-element_type=\"widget\" data-widget_type=\"image.default\">\n\t\t\t\t<div class=\"elementor-widget-container\">\n\t\t\t\t\t\t\t\t\t\t\t\t\t\t\t<img fetchpriority=\"high\" decoding=\"async\" width=\"768\" height=\"512\" src=\"https:\/\/salonkosmetyczny-niemcza.pl\/wp-content\/uploads\/2025\/08\/stunning-background-design-perfect-pc-wallpaper-calendar-768x512.jpg\" class=\"attachment-medium_large size-medium_large wp-image-1411\" alt=\"\" srcset=\"https:\/\/salonkosmetyczny-niemcza.pl\/wp-content\/uploads\/2025\/08\/stunning-background-design-perfect-pc-wallpaper-calendar-768x512.jpg 768w, https:\/\/salonkosmetyczny-niemcza.pl\/wp-content\/uploads\/2025\/08\/stunning-background-design-perfect-pc-wallpaper-calendar-300x200.jpg 300w, https:\/\/salonkosmetyczny-niemcza.pl\/wp-content\/uploads\/2025\/08\/stunning-background-design-perfect-pc-wallpaper-calendar-1024x683.jpg 1024w, https:\/\/salonkosmetyczny-niemcza.pl\/wp-content\/uploads\/2025\/08\/stunning-background-design-perfect-pc-wallpaper-calendar-1536x1024.jpg 1536w, https:\/\/salonkosmetyczny-niemcza.pl\/wp-content\/uploads\/2025\/08\/stunning-background-design-perfect-pc-wallpaper-calendar-2048x1365.jpg 2048w, https:\/\/salonkosmetyczny-niemcza.pl\/wp-content\/uploads\/2025\/08\/stunning-background-design-perfect-pc-wallpaper-calendar-370x247.jpg 370w, https:\/\/salonkosmetyczny-niemcza.pl\/wp-content\/uploads\/2025\/08\/stunning-background-design-perfect-pc-wallpaper-calendar-776x517.jpg 776w\" sizes=\"(max-width: 768px) 100vw, 768px\" \/>\t\t\t\t\t\t\t\t\t\t\t\t\t\t\t<\/div>\n\t\t\t\t<\/div>\n\t\t\t\t<div class=\"elementor-element elementor-element-e0c3ff1 elementor-widget elementor-widget-heading\" data-id=\"e0c3ff1\" data-element_type=\"widget\" data-widget_type=\"heading.default\">\n\t\t\t\t<div class=\"elementor-widget-container\">\n\t\t\t\t\t<h2 class=\"elementor-heading-title elementor-size-default\">Wskazania do zabiegu<\/h2>\t\t\t\t<\/div>\n\t\t\t\t<\/div>\n\t\t\t\t<div class=\"elementor-element elementor-element-f0c9c71 elementor-widget elementor-widget-text-editor\" data-id=\"f0c9c71\" data-element_type=\"widget\" data-widget_type=\"text-editor.default\">\n\t\t\t\t<div class=\"elementor-widget-container\">\n\t\t\t\t\t\t\t\t\t<ul><li>utrata j\u0119drno\u015bci i napi\u0119cia sk\u00f3ry<\/li><li>widoczne zmarszczki<\/li><li>opadaj\u0105cy owal twarzy<\/li><li>rozszerzone pory<\/li><li>potrzeba liftingu bez skalpela<\/li><\/ul>\t\t\t\t\t\t\t\t<\/div>\n\t\t\t\t<\/div>\n\t\t\t\t<div class=\"elementor-element elementor-element-678656a elementor-widget elementor-widget-heading\" data-id=\"678656a\" data-element_type=\"widget\" data-widget_type=\"heading.default\">\n\t\t\t\t<div class=\"elementor-widget-container\">\n\t\t\t\t\t<h2 class=\"elementor-heading-title elementor-size-default\">Efekty<\/h2>\t\t\t\t<\/div>\n\t\t\t\t<\/div>\n\t\t\t\t<div class=\"elementor-element elementor-element-2138e66 elementor-invisible elementor-widget elementor-widget-text-editor\" data-id=\"2138e66\" data-element_type=\"widget\" data-settings=\"{&quot;_animation&quot;:&quot;fadeInLeft&quot;}\" data-widget_type=\"text-editor.default\">\n\t\t\t\t<div class=\"elementor-widget-container\">\n\t\t\t\t\t\t\t\t\t<p>\u2714 efekt liftingu i uj\u0119drnienia<\/p>\t\t\t\t\t\t\t\t<\/div>\n\t\t\t\t<\/div>\n\t\t\t\t<div class=\"elementor-element elementor-element-ee311a6 elementor-invisible elementor-widget elementor-widget-text-editor\" data-id=\"ee311a6\" data-element_type=\"widget\" data-settings=\"{&quot;_animation&quot;:&quot;fadeInRight&quot;}\" data-widget_type=\"text-editor.default\">\n\t\t\t\t<div class=\"elementor-widget-container\">\n\t\t\t\t\t\t\t\t\t<p>\u2714 poprawa kontur\u00f3w twarzy<\/p>\t\t\t\t\t\t\t\t<\/div>\n\t\t\t\t<\/div>\n\t\t\t\t<div class=\"elementor-element elementor-element-b9c22c1 elementor-invisible elementor-widget elementor-widget-text-editor\" data-id=\"b9c22c1\" data-element_type=\"widget\" data-settings=\"{&quot;_animation&quot;:&quot;fadeInLeft&quot;}\" data-widget_type=\"text-editor.default\">\n\t\t\t\t<div class=\"elementor-widget-container\">\n\t\t\t\t\t\t\t\t\t<p>\u2714 wyg\u0142adzenie zmarszczek<\/p>\t\t\t\t\t\t\t\t<\/div>\n\t\t\t\t<\/div>\n\t\t\t\t<div class=\"elementor-element elementor-element-e971a7f elementor-invisible elementor-widget elementor-widget-text-editor\" data-id=\"e971a7f\" data-element_type=\"widget\" data-settings=\"{&quot;_animation&quot;:&quot;fadeInRight&quot;}\" data-widget_type=\"text-editor.default\">\n\t\t\t\t<div class=\"elementor-widget-container\">\n\t\t\t\t\t\t\t\t\t<p>\u2714 regeneracja g\u0142\u0119bokich warstw sk\u00f3ry<\/p>\t\t\t\t\t\t\t\t<\/div>\n\t\t\t\t<\/div>\n\t\t\t\t<div class=\"elementor-element elementor-element-8513f58 elementor-widget elementor-widget-heading\" data-id=\"8513f58\" data-element_type=\"widget\" data-widget_type=\"heading.default\">\n\t\t\t\t<div class=\"elementor-widget-container\">\n\t\t\t\t\t<h2 class=\"elementor-heading-title elementor-size-default\">RF mikroig\u0142owa to \u015bwietna alternatywa dla os\u00f3b, kt\u00f3re szukaj\u0105 skutecznych rozwi\u0105za\u0144 anti-aging bez rekonwalescencji.<\/h2>\t\t\t\t<\/div>\n\t\t\t\t<\/div>\n\t\t\t\t\t<\/div>\n\t\t<\/div>\n\t\t\t\t\t<\/div>\n\t\t<\/section>\n\t\t\t\t<\/div>\n\t\t","protected":false},"excerpt":{"rendered":"<p>Lifting bez skalpela RF mikroig\u0142owa to nowoczesne po\u0142\u0105czenie dw\u00f3ch technologii: radiofrekwencji (RF) i mikronak\u0142u\u0107. Dzi\u0119ki dzia\u0142aniu fal radiowych, kt\u00f3re podgrzewaj\u0105 g\u0142\u0119bokie warstwy sk\u00f3ry, oraz mikropunkturze \u2013 zabieg pobudza fibroblasty do &hellip; <\/p>\n","protected":false},"author":1,"featured_media":1391,"parent":0,"menu_order":0,"comment_status":"closed","ping_status":"closed","template":"","meta":{"footnotes":""},"class_list":["post-1380","page","type-page","status-publish","has-post-thumbnail","hentry"],"yoast_head":"<!-- This site is optimized with the Yoast SEO plugin v25.6 - https:\/\/yoast.com\/wordpress\/plugins\/seo\/ -->\n<title>Radiofrekwencja Mikroiglowa - Ewa Kowal<\/title>\n<meta name=\"robots\" content=\"index, follow, max-snippet:-1, max-image-preview:large, max-video-preview:-1\" \/>\n<link rel=\"canonical\" href=\"https:\/\/salonkosmetyczny-niemcza.pl\/?page_id=1380\" \/>\n<meta property=\"og:locale\" content=\"pl_PL\" \/>\n<meta property=\"og:type\" content=\"article\" \/>\n<meta property=\"og:title\" content=\"Radiofrekwencja Mikroiglowa - Ewa Kowal\" \/>\n<meta property=\"og:description\" content=\"Lifting bez skalpela RF mikroig\u0142owa to nowoczesne po\u0142\u0105czenie dw\u00f3ch technologii: radiofrekwencji (RF) i mikronak\u0142u\u0107. Dzi\u0119ki dzia\u0142aniu fal radiowych, kt\u00f3re podgrzewaj\u0105 g\u0142\u0119bokie warstwy sk\u00f3ry, oraz mikropunkturze \u2013 zabieg pobudza fibroblasty do &hellip;\" \/>\n<meta property=\"og:url\" content=\"https:\/\/salonkosmetyczny-niemcza.pl\/?page_id=1380\" \/>\n<meta property=\"og:site_name\" content=\"Ewa Kowal\" \/>\n<meta property=\"article:modified_time\" content=\"2025-08-06T15:35:09+00:00\" \/>\n<meta property=\"og:image\" content=\"https:\/\/salonkosmetyczny-niemcza.pl\/wp-content\/uploads\/2025\/08\/1-scaled.jpg\" \/>\n\t<meta property=\"og:image:width\" content=\"2560\" \/>\n\t<meta property=\"og:image:height\" content=\"1280\" \/>\n\t<meta property=\"og:image:type\" content=\"image\/jpeg\" \/>\n<meta name=\"twitter:card\" content=\"summary_large_image\" \/>\n<meta name=\"twitter:label1\" content=\"Szacowany czas czytania\" \/>\n\t<meta name=\"twitter:data1\" content=\"2 minuty\" \/>\n<script type=\"application\/ld+json\" class=\"yoast-schema-graph\">{\"@context\":\"https:\/\/schema.org\",\"@graph\":[{\"@type\":\"WebPage\",\"@id\":\"https:\/\/salonkosmetyczny-niemcza.pl\/?page_id=1380\",\"url\":\"https:\/\/salonkosmetyczny-niemcza.pl\/?page_id=1380\",\"name\":\"Radiofrekwencja Mikroiglowa - Ewa Kowal\",\"isPartOf\":{\"@id\":\"https:\/\/salonkosmetyczny-niemcza.pl\/#website\"},\"primaryImageOfPage\":{\"@id\":\"https:\/\/salonkosmetyczny-niemcza.pl\/?page_id=1380#primaryimage\"},\"image\":{\"@id\":\"https:\/\/salonkosmetyczny-niemcza.pl\/?page_id=1380#primaryimage\"},\"thumbnailUrl\":\"https:\/\/salonkosmetyczny-niemcza.pl\/wp-content\/uploads\/2025\/08\/1-scaled.jpg\",\"datePublished\":\"2025-08-06T14:41:57+00:00\",\"dateModified\":\"2025-08-06T15:35:09+00:00\",\"breadcrumb\":{\"@id\":\"https:\/\/salonkosmetyczny-niemcza.pl\/?page_id=1380#breadcrumb\"},\"inLanguage\":\"pl-PL\",\"potentialAction\":[{\"@type\":\"ReadAction\",\"target\":[\"https:\/\/salonkosmetyczny-niemcza.pl\/?page_id=1380\"]}]},{\"@type\":\"ImageObject\",\"inLanguage\":\"pl-PL\",\"@id\":\"https:\/\/salonkosmetyczny-niemcza.pl\/?page_id=1380#primaryimage\",\"url\":\"https:\/\/salonkosmetyczny-niemcza.pl\/wp-content\/uploads\/2025\/08\/1-scaled.jpg\",\"contentUrl\":\"https:\/\/salonkosmetyczny-niemcza.pl\/wp-content\/uploads\/2025\/08\/1-scaled.jpg\",\"width\":2560,\"height\":1280,\"caption\":\"A woman is seen receiving a relaxing facial massage at a spa. This image can be used to depict the pampering and rejuvenating experience of a spa treatment.\"},{\"@type\":\"BreadcrumbList\",\"@id\":\"https:\/\/salonkosmetyczny-niemcza.pl\/?page_id=1380#breadcrumb\",\"itemListElement\":[{\"@type\":\"ListItem\",\"position\":1,\"name\":\"Strona g\u0142\u00f3wna\",\"item\":\"https:\/\/salonkosmetyczny-niemcza.pl\/\"},{\"@type\":\"ListItem\",\"position\":2,\"name\":\"Radiofrekwencja Mikroiglowa\"}]},{\"@type\":\"WebSite\",\"@id\":\"https:\/\/salonkosmetyczny-niemcza.pl\/#website\",\"url\":\"https:\/\/salonkosmetyczny-niemcza.pl\/\",\"name\":\"Ewa Kowal\",\"description\":\"Gabinet Kosmetyczny\",\"publisher\":{\"@id\":\"https:\/\/salonkosmetyczny-niemcza.pl\/#organization\"},\"potentialAction\":[{\"@type\":\"SearchAction\",\"target\":{\"@type\":\"EntryPoint\",\"urlTemplate\":\"https:\/\/salonkosmetyczny-niemcza.pl\/?s={search_term_string}\"},\"query-input\":{\"@type\":\"PropertyValueSpecification\",\"valueRequired\":true,\"valueName\":\"search_term_string\"}}],\"inLanguage\":\"pl-PL\"},{\"@type\":\"Organization\",\"@id\":\"https:\/\/salonkosmetyczny-niemcza.pl\/#organization\",\"name\":\"Ewa Kowal\",\"url\":\"https:\/\/salonkosmetyczny-niemcza.pl\/\",\"logo\":{\"@type\":\"ImageObject\",\"inLanguage\":\"pl-PL\",\"@id\":\"https:\/\/salonkosmetyczny-niemcza.pl\/#\/schema\/logo\/image\/\",\"url\":\"https:\/\/salonkosmetyczny-niemcza.pl\/wp-content\/uploads\/2023\/02\/cropped-ewakowal.png\",\"contentUrl\":\"https:\/\/salonkosmetyczny-niemcza.pl\/wp-content\/uploads\/2023\/02\/cropped-ewakowal.png\",\"width\":189,\"height\":150,\"caption\":\"Ewa Kowal\"},\"image\":{\"@id\":\"https:\/\/salonkosmetyczny-niemcza.pl\/#\/schema\/logo\/image\/\"}}]}<\/script>\n<!-- \/ Yoast SEO plugin. -->","yoast_head_json":{"title":"Radiofrekwencja Mikroiglowa - Ewa Kowal","robots":{"index":"index","follow":"follow","max-snippet":"max-snippet:-1","max-image-preview":"max-image-preview:large","max-video-preview":"max-video-preview:-1"},"canonical":"https:\/\/salonkosmetyczny-niemcza.pl\/?page_id=1380","og_locale":"pl_PL","og_type":"article","og_title":"Radiofrekwencja Mikroiglowa - Ewa Kowal","og_description":"Lifting bez skalpela RF mikroig\u0142owa to nowoczesne po\u0142\u0105czenie dw\u00f3ch technologii: radiofrekwencji (RF) i mikronak\u0142u\u0107. Dzi\u0119ki dzia\u0142aniu fal radiowych, kt\u00f3re podgrzewaj\u0105 g\u0142\u0119bokie warstwy sk\u00f3ry, oraz mikropunkturze \u2013 zabieg pobudza fibroblasty do &hellip;","og_url":"https:\/\/salonkosmetyczny-niemcza.pl\/?page_id=1380","og_site_name":"Ewa Kowal","article_modified_time":"2025-08-06T15:35:09+00:00","og_image":[{"width":2560,"height":1280,"url":"https:\/\/salonkosmetyczny-niemcza.pl\/wp-content\/uploads\/2025\/08\/1-scaled.jpg","type":"image\/jpeg"}],"twitter_card":"summary_large_image","twitter_misc":{"Szacowany czas czytania":"2 minuty"},"schema":{"@context":"https:\/\/schema.org","@graph":[{"@type":"WebPage","@id":"https:\/\/salonkosmetyczny-niemcza.pl\/?page_id=1380","url":"https:\/\/salonkosmetyczny-niemcza.pl\/?page_id=1380","name":"Radiofrekwencja Mikroiglowa - Ewa Kowal","isPartOf":{"@id":"https:\/\/salonkosmetyczny-niemcza.pl\/#website"},"primaryImageOfPage":{"@id":"https:\/\/salonkosmetyczny-niemcza.pl\/?page_id=1380#primaryimage"},"image":{"@id":"https:\/\/salonkosmetyczny-niemcza.pl\/?page_id=1380#primaryimage"},"thumbnailUrl":"https:\/\/salonkosmetyczny-niemcza.pl\/wp-content\/uploads\/2025\/08\/1-scaled.jpg","datePublished":"2025-08-06T14:41:57+00:00","dateModified":"2025-08-06T15:35:09+00:00","breadcrumb":{"@id":"https:\/\/salonkosmetyczny-niemcza.pl\/?page_id=1380#breadcrumb"},"inLanguage":"pl-PL","potentialAction":[{"@type":"ReadAction","target":["https:\/\/salonkosmetyczny-niemcza.pl\/?page_id=1380"]}]},{"@type":"ImageObject","inLanguage":"pl-PL","@id":"https:\/\/salonkosmetyczny-niemcza.pl\/?page_id=1380#primaryimage","url":"https:\/\/salonkosmetyczny-niemcza.pl\/wp-content\/uploads\/2025\/08\/1-scaled.jpg","contentUrl":"https:\/\/salonkosmetyczny-niemcza.pl\/wp-content\/uploads\/2025\/08\/1-scaled.jpg","width":2560,"height":1280,"caption":"A woman is seen receiving a relaxing facial massage at a spa. This image can be used to depict the pampering and rejuvenating experience of a spa treatment."},{"@type":"BreadcrumbList","@id":"https:\/\/salonkosmetyczny-niemcza.pl\/?page_id=1380#breadcrumb","itemListElement":[{"@type":"ListItem","position":1,"name":"Strona g\u0142\u00f3wna","item":"https:\/\/salonkosmetyczny-niemcza.pl\/"},{"@type":"ListItem","position":2,"name":"Radiofrekwencja Mikroiglowa"}]},{"@type":"WebSite","@id":"https:\/\/salonkosmetyczny-niemcza.pl\/#website","url":"https:\/\/salonkosmetyczny-niemcza.pl\/","name":"Ewa Kowal","description":"Gabinet Kosmetyczny","publisher":{"@id":"https:\/\/salonkosmetyczny-niemcza.pl\/#organization"},"potentialAction":[{"@type":"SearchAction","target":{"@type":"EntryPoint","urlTemplate":"https:\/\/salonkosmetyczny-niemcza.pl\/?s={search_term_string}"},"query-input":{"@type":"PropertyValueSpecification","valueRequired":true,"valueName":"search_term_string"}}],"inLanguage":"pl-PL"},{"@type":"Organization","@id":"https:\/\/salonkosmetyczny-niemcza.pl\/#organization","name":"Ewa Kowal","url":"https:\/\/salonkosmetyczny-niemcza.pl\/","logo":{"@type":"ImageObject","inLanguage":"pl-PL","@id":"https:\/\/salonkosmetyczny-niemcza.pl\/#\/schema\/logo\/image\/","url":"https:\/\/salonkosmetyczny-niemcza.pl\/wp-content\/uploads\/2023\/02\/cropped-ewakowal.png","contentUrl":"https:\/\/salonkosmetyczny-niemcza.pl\/wp-content\/uploads\/2023\/02\/cropped-ewakowal.png","width":189,"height":150,"caption":"Ewa Kowal"},"image":{"@id":"https:\/\/salonkosmetyczny-niemcza.pl\/#\/schema\/logo\/image\/"}}]}},"_links":{"self":[{"href":"https:\/\/salonkosmetyczny-niemcza.pl\/index.php?rest_route=\/wp\/v2\/pages\/1380","targetHints":{"allow":["GET"]}}],"collection":[{"href":"https:\/\/salonkosmetyczny-niemcza.pl\/index.php?rest_route=\/wp\/v2\/pages"}],"about":[{"href":"https:\/\/salonkosmetyczny-niemcza.pl\/index.php?rest_route=\/wp\/v2\/types\/page"}],"author":[{"embeddable":true,"href":"https:\/\/salonkosmetyczny-niemcza.pl\/index.php?rest_route=\/wp\/v2\/users\/1"}],"replies":[{"embeddable":true,"href":"https:\/\/salonkosmetyczny-niemcza.pl\/index.php?rest_route=%2Fwp%2Fv2%2Fcomments&post=1380"}],"version-history":[{"count":9,"href":"https:\/\/salonkosmetyczny-niemcza.pl\/index.php?rest_route=\/wp\/v2\/pages\/1380\/revisions"}],"predecessor-version":[{"id":1414,"href":"https:\/\/salonkosmetyczny-niemcza.pl\/index.php?rest_route=\/wp\/v2\/pages\/1380\/revisions\/1414"}],"wp:featuredmedia":[{"embeddable":true,"href":"https:\/\/salonkosmetyczny-niemcza.pl\/index.php?rest_route=\/wp\/v2\/media\/1391"}],"wp:attachment":[{"href":"https:\/\/salonkosmetyczny-niemcza.pl\/index.php?rest_route=%2Fwp%2Fv2%2Fmedia&parent=1380"}],"curies":[{"name":"wp","href":"https:\/\/api.w.org\/{rel}","templated":true}]}}