{"id":1377,"date":"2025-08-06T16:49:53","date_gmt":"2025-08-06T14:49:53","guid":{"rendered":"http:\/\/salonkosmetyczny-niemcza.pl\/?page_id=1377"},"modified":"2025-08-06T17:35:10","modified_gmt":"2025-08-06T15:35:10","slug":"aminokwasowa-terapia-zastepcza","status":"publish","type":"page","link":"https:\/\/salonkosmetyczny-niemcza.pl\/?page_id=1377","title":{"rendered":"Aminokwasowa Terapia Zast\u0119pcza"},"content":{"rendered":"\t\t<div data-elementor-type=\"wp-page\" data-elementor-id=\"1377\" class=\"elementor elementor-1377\">\n\t\t\t\t\t\t<section class=\"elementor-section elementor-top-section elementor-element elementor-element-493e56a elementor-section-boxed elementor-section-height-default elementor-section-height-default wpr-particle-no wpr-jarallax-no wpr-parallax-no wpr-sticky-section-no\" data-id=\"493e56a\" data-element_type=\"section\">\n\t\t\t\t\t\t<div class=\"elementor-container elementor-column-gap-default\">\n\t\t\t\t\t<div class=\"elementor-column elementor-col-100 elementor-top-column elementor-element elementor-element-580a783\" data-id=\"580a783\" data-element_type=\"column\">\n\t\t\t<div class=\"elementor-widget-wrap elementor-element-populated\">\n\t\t\t\t\t\t<div class=\"elementor-element elementor-element-3e9d487 elementor-widget elementor-widget-heading\" data-id=\"3e9d487\" data-element_type=\"widget\" data-widget_type=\"heading.default\">\n\t\t\t\t<div class=\"elementor-widget-container\">\n\t\t\t\t\t<h2 class=\"elementor-heading-title elementor-size-default\">Co to jest aminokwasowa terapia zast\u0119pcza?<\/h2>\t\t\t\t<\/div>\n\t\t\t\t<\/div>\n\t\t\t\t<div class=\"elementor-element elementor-element-5cf86fb elementor-widget elementor-widget-text-editor\" data-id=\"5cf86fb\" data-element_type=\"widget\" data-widget_type=\"text-editor.default\">\n\t\t\t\t<div class=\"elementor-widget-container\">\n\t\t\t\t\t\t\t\t\t<p data-start=\"593\" data-end=\"880\">Aminokwasowa terapia zast\u0119pcza to nowoczesny zabieg regeneruj\u0105cy, kt\u00f3ry nie maskuje oznak starzenia, lecz wspiera naturalne procesy naprawcze sk\u00f3ry. Dostarcza jej dok\u0142adnie tych sk\u0142adnik\u00f3w, kt\u00f3re z wiekiem zaczynaj\u0105 zanika\u0107 \u2013 m.in. aminokwas\u00f3w niezb\u0119dnych do syntezy kolagenu i elastyny.<\/p>\t\t\t\t\t\t\t\t<\/div>\n\t\t\t\t<\/div>\n\t\t\t\t<div class=\"elementor-element elementor-element-d937bc9 elementor-invisible elementor-widget elementor-widget-heading\" data-id=\"d937bc9\" data-element_type=\"widget\" data-settings=\"{&quot;_animation&quot;:&quot;zoomInDown&quot;}\" data-widget_type=\"heading.default\">\n\t\t\t\t<div class=\"elementor-widget-container\">\n\t\t\t\t\t<h2 class=\"elementor-heading-title elementor-size-default\">naturalna regeneracja bez wype\u0142niaczy<\/h2>\t\t\t\t<\/div>\n\t\t\t\t<\/div>\n\t\t\t\t<div class=\"elementor-element elementor-element-4f88ff8 elementor-widget elementor-widget-text-editor\" data-id=\"4f88ff8\" data-element_type=\"widget\" data-widget_type=\"text-editor.default\">\n\t\t\t\t<div class=\"elementor-widget-container\">\n\t\t\t\t\t\t\t\t\t<p data-start=\"882\" data-end=\"1154\">To terapia dla sk\u00f3ry wymagaj\u0105cej, zm\u0119czonej, pozbawionej j\u0119drno\u015bci i obj\u0119to\u015bci. Zabieg dzia\u0142a g\u0142\u0119boko, ale subtelnie \u2013 bez zmiany rys\u00f3w twarzy, bez wype\u0142niaczy i sztucznego efektu. Dzi\u0119ki temu jest doskona\u0142ym wyborem dla os\u00f3b, kt\u00f3re chc\u0105 wygl\u0105da\u0107 m\u0142odziej, ale naturalnie.<\/p>\t\t\t\t\t\t\t\t<\/div>\n\t\t\t\t<\/div>\n\t\t\t\t<div class=\"elementor-element elementor-element-91ee50b elementor-widget elementor-widget-heading\" data-id=\"91ee50b\" data-element_type=\"widget\" data-widget_type=\"heading.default\">\n\t\t\t\t<div class=\"elementor-widget-container\">\n\t\t\t\t\t<h2 class=\"elementor-heading-title elementor-size-default\">Jak dzia\u0142a aminokwasowa terapia zast\u0119pcza?<\/h2>\t\t\t\t<\/div>\n\t\t\t\t<\/div>\n\t\t\t\t<div class=\"elementor-element elementor-element-30bd3e4 elementor-widget elementor-widget-text-editor\" data-id=\"30bd3e4\" data-element_type=\"widget\" data-widget_type=\"text-editor.default\">\n\t\t\t\t<div class=\"elementor-widget-container\">\n\t\t\t\t\t\t\t\t\t<p data-start=\"1209\" data-end=\"1534\">W trakcie zabiegu do sk\u00f3ry wprowadzana jest precyzyjna mieszanka aminokwas\u00f3w, peptyd\u00f3w i sk\u0142adnik\u00f3w wspomagaj\u0105cych odbudow\u0119 macierzy zewn\u0105trzkom\u00f3rkowej. Ich zadaniem jest:<br \/>\u2013 stymulowanie produkcji nowego kolagenu,<br data-start=\"1422\" data-end=\"1425\" \/>\u2013 poprawa g\u0119sto\u015bci sk\u00f3ry,<br data-start=\"1450\" data-end=\"1453\" \/>\u2013 wzmocnienie naczy\u0144 krwiono\u015bnych,<br data-start=\"1487\" data-end=\"1490\" \/>\u2013 przywr\u00f3cenie spr\u0119\u017cysto\u015bci i elastyczno\u015bci.<\/p><p data-start=\"1536\" data-end=\"1658\">Dodatkow\u0105 zalet\u0105 jest efekt silnego nawil\u017cenia i dotlenienia tkanek. Sk\u00f3ra odzyskuje zdrowy kolor, napi\u0119cie i promienno\u015b\u0107.<\/p>\t\t\t\t\t\t\t\t<\/div>\n\t\t\t\t<\/div>\n\t\t\t\t<div class=\"elementor-element elementor-element-68b4574 elementor-widget elementor-widget-heading\" data-id=\"68b4574\" data-element_type=\"widget\" data-widget_type=\"heading.default\">\n\t\t\t\t<div class=\"elementor-widget-container\">\n\t\t\t\t\t<h2 class=\"elementor-heading-title elementor-size-default\">Dla kogo przeznaczony jest ten zabieg?<\/h2>\t\t\t\t<\/div>\n\t\t\t\t<\/div>\n\t\t\t\t<div class=\"elementor-element elementor-element-e424f62 elementor-widget elementor-widget-text-editor\" data-id=\"e424f62\" data-element_type=\"widget\" data-widget_type=\"text-editor.default\">\n\t\t\t\t<div class=\"elementor-widget-container\">\n\t\t\t\t\t\t\t\t\t<p data-start=\"1709\" data-end=\"1773\">Aminokwasowa terapia zast\u0119pcza rekomendowana jest osobom, kt\u00f3re:<\/p><p data-start=\"1775\" data-end=\"2163\">\u2013 zauwa\u017cy\u0142y u siebie spadek j\u0119drno\u015bci sk\u00f3ry,<br data-start=\"1819\" data-end=\"1822\" \/>\u2013 borykaj\u0105 si\u0119 z utrat\u0105 obj\u0119to\u015bci np. w okolicach oczu, policzk\u00f3w czy ust,<br data-start=\"1896\" data-end=\"1899\" \/>\u2013 chc\u0105 poprawi\u0107 owal twarzy, ale unikaj\u0105 inwazyjnych zabieg\u00f3w,<br data-start=\"1961\" data-end=\"1964\" \/>\u2013 ceni\u0105 naturalny wygl\u0105d i subtelne efekty,<br data-start=\"2007\" data-end=\"2010\" \/>\u2013 potrzebuj\u0105 regeneracji sk\u00f3ry po lecie, chorobie lub stresie,<br data-start=\"2072\" data-end=\"2075\" \/>\u2013 przygotowuj\u0105 si\u0119 do innych terapii anti-aging (np. mikropunktury czy RF mikroig\u0142owej).<\/p><p data-start=\"2165\" data-end=\"2279\">Zabieg mo\u017cna wykonywa\u0107 profilaktycznie, jako dzia\u0142anie przeciwstarzeniowe, lub jako element terapii odbudowuj\u0105cej.<\/p>\t\t\t\t\t\t\t\t<\/div>\n\t\t\t\t<\/div>\n\t\t\t\t<div class=\"elementor-element elementor-element-8b77fb1 elementor-widget elementor-widget-spacer\" data-id=\"8b77fb1\" data-element_type=\"widget\" data-widget_type=\"spacer.default\">\n\t\t\t\t<div class=\"elementor-widget-container\">\n\t\t\t\t\t\t\t<div class=\"elementor-spacer\">\n\t\t\t<div class=\"elementor-spacer-inner\"><\/div>\n\t\t<\/div>\n\t\t\t\t\t\t<\/div>\n\t\t\t\t<\/div>\n\t\t\t\t<div class=\"elementor-element elementor-element-7a81bbd elementor-widget elementor-widget-image\" data-id=\"7a81bbd\" data-element_type=\"widget\" data-widget_type=\"image.default\">\n\t\t\t\t<div class=\"elementor-widget-container\">\n\t\t\t\t\t\t\t\t\t\t\t\t\t\t\t<img fetchpriority=\"high\" decoding=\"async\" width=\"768\" height=\"1086\" src=\"https:\/\/salonkosmetyczny-niemcza.pl\/wp-content\/uploads\/2025\/08\/Strona-A-768x1086.jpg\" class=\"attachment-medium_large size-medium_large wp-image-1422\" alt=\"\" srcset=\"https:\/\/salonkosmetyczny-niemcza.pl\/wp-content\/uploads\/2025\/08\/Strona-A-768x1086.jpg 768w, https:\/\/salonkosmetyczny-niemcza.pl\/wp-content\/uploads\/2025\/08\/Strona-A-212x300.jpg 212w, https:\/\/salonkosmetyczny-niemcza.pl\/wp-content\/uploads\/2025\/08\/Strona-A-724x1024.jpg 724w, https:\/\/salonkosmetyczny-niemcza.pl\/wp-content\/uploads\/2025\/08\/Strona-A-1086x1536.jpg 1086w, https:\/\/salonkosmetyczny-niemcza.pl\/wp-content\/uploads\/2025\/08\/Strona-A-1448x2048.jpg 1448w, https:\/\/salonkosmetyczny-niemcza.pl\/wp-content\/uploads\/2025\/08\/Strona-A-scaled.jpg 1810w\" sizes=\"(max-width: 768px) 100vw, 768px\" \/>\t\t\t\t\t\t\t\t\t\t\t\t\t\t\t<\/div>\n\t\t\t\t<\/div>\n\t\t\t\t<div class=\"elementor-element elementor-element-19dbc62 elementor-widget elementor-widget-spacer\" data-id=\"19dbc62\" data-element_type=\"widget\" data-widget_type=\"spacer.default\">\n\t\t\t\t<div class=\"elementor-widget-container\">\n\t\t\t\t\t\t\t<div class=\"elementor-spacer\">\n\t\t\t<div class=\"elementor-spacer-inner\"><\/div>\n\t\t<\/div>\n\t\t\t\t\t\t<\/div>\n\t\t\t\t<\/div>\n\t\t\t\t\t<\/div>\n\t\t<\/div>\n\t\t\t\t\t<\/div>\n\t\t<\/section>\n\t\t\t\t<section class=\"elementor-section elementor-top-section elementor-element elementor-element-0a40a80 elementor-section-boxed elementor-section-height-default elementor-section-height-default wpr-particle-no wpr-jarallax-no wpr-parallax-no wpr-sticky-section-no\" data-id=\"0a40a80\" data-element_type=\"section\">\n\t\t\t\t\t\t<div class=\"elementor-container elementor-column-gap-default\">\n\t\t\t\t\t<div class=\"elementor-column elementor-col-50 elementor-top-column elementor-element elementor-element-d38389b\" data-id=\"d38389b\" data-element_type=\"column\">\n\t\t\t<div class=\"elementor-widget-wrap elementor-element-populated\">\n\t\t\t\t\t\t<div class=\"elementor-element elementor-element-49e60cf elementor-widget elementor-widget-heading\" data-id=\"49e60cf\" data-element_type=\"widget\" data-widget_type=\"heading.default\">\n\t\t\t\t<div class=\"elementor-widget-container\">\n\t\t\t\t\t<h2 class=\"elementor-heading-title elementor-size-default\">Jakich efekt\u00f3w mo\u017cesz si\u0119 spodziewa\u0107?<\/h2>\t\t\t\t<\/div>\n\t\t\t\t<\/div>\n\t\t\t\t<div class=\"elementor-element elementor-element-916f3d2 elementor-widget elementor-widget-text-editor\" data-id=\"916f3d2\" data-element_type=\"widget\" data-widget_type=\"text-editor.default\">\n\t\t\t\t<div class=\"elementor-widget-container\">\n\t\t\t\t\t\t\t\t\t<p>\u2714 wyra\u017ana poprawa napi\u0119cia i g\u0119sto\u015bci sk\u00f3ry<br data-start=\"2372\" data-end=\"2375\" \/>\u2714 wyg\u0142adzenie drobnych zmarszczek<br data-start=\"2408\" data-end=\"2411\" \/>\u2714 naturalne podniesienie owalu twarzy<br data-start=\"2448\" data-end=\"2451\" \/>\u2714 nawil\u017cona, od\u017cywiona, spr\u0119\u017cysta cera<br data-start=\"2489\" data-end=\"2492\" \/>\u2714 m\u0142odszy wygl\u0105d bez efektu \u201eprzerysowania\u201d<br data-start=\"2535\" data-end=\"2538\" \/>\u2714 poprawa kolorytu i struktury sk\u00f3ry<\/p>\t\t\t\t\t\t\t\t<\/div>\n\t\t\t\t<\/div>\n\t\t\t\t\t<\/div>\n\t\t<\/div>\n\t\t\t\t<div class=\"elementor-column elementor-col-50 elementor-top-column elementor-element elementor-element-36f9ae4\" data-id=\"36f9ae4\" data-element_type=\"column\">\n\t\t\t<div class=\"elementor-widget-wrap elementor-element-populated\">\n\t\t\t\t\t\t<div class=\"elementor-element elementor-element-9cae3c5 elementor-widget elementor-widget-heading\" data-id=\"9cae3c5\" data-element_type=\"widget\" data-widget_type=\"heading.default\">\n\t\t\t\t<div class=\"elementor-widget-container\">\n\t\t\t\t\t<h2 class=\"elementor-heading-title elementor-size-default\">Co wyr\u00f3\u017cnia ten zabieg?<\/h2>\t\t\t\t<\/div>\n\t\t\t\t<\/div>\n\t\t\t\t<div class=\"elementor-element elementor-element-3dcbca8 elementor-widget elementor-widget-text-editor\" data-id=\"3dcbca8\" data-element_type=\"widget\" data-widget_type=\"text-editor.default\">\n\t\t\t\t<div class=\"elementor-widget-container\">\n\t\t\t\t\t\t\t\t\t<p>\u2013 brak ryzyka zmiany rys\u00f3w twarzy<br data-start=\"2643\" data-end=\"2646\" \/>\u2013 mo\u017cliwo\u015b\u0107 stosowania w delikatnych okolicach (oczy, usta, szyja)<br data-start=\"2712\" data-end=\"2715\" \/>\u2013 kr\u00f3tki czas regeneracji<br data-start=\"2740\" data-end=\"2743\" \/>\u2013 mo\u017cliwo\u015b\u0107 \u0142\u0105czenia z innymi zabiegami kosmetycznymi<br data-start=\"2796\" data-end=\"2799\" \/>\u2013 widoczne efekty ju\u017c po pierwszych sesjach<\/p>\t\t\t\t\t\t\t\t<\/div>\n\t\t\t\t<\/div>\n\t\t\t\t\t<\/div>\n\t\t<\/div>\n\t\t\t\t\t<\/div>\n\t\t<\/section>\n\t\t\t\t<section class=\"elementor-section elementor-top-section elementor-element elementor-element-9d8224d elementor-section-boxed elementor-section-height-default elementor-section-height-default wpr-particle-no wpr-jarallax-no wpr-parallax-no wpr-sticky-section-no\" data-id=\"9d8224d\" data-element_type=\"section\">\n\t\t\t\t\t\t<div class=\"elementor-container elementor-column-gap-default\">\n\t\t\t\t\t<div class=\"elementor-column elementor-col-100 elementor-top-column elementor-element elementor-element-10e0d3f\" data-id=\"10e0d3f\" data-element_type=\"column\">\n\t\t\t<div class=\"elementor-widget-wrap elementor-element-populated\">\n\t\t\t\t\t\t<div class=\"elementor-element elementor-element-c152c91 elementor-widget elementor-widget-text-editor\" data-id=\"c152c91\" data-element_type=\"widget\" data-widget_type=\"text-editor.default\">\n\t\t\t\t<div class=\"elementor-widget-container\">\n\t\t\t\t\t\t\t\t\t<p>Zapraszamy do Gabinetu Kosmetycznego Ewa Kowal w Niemczy.<br data-start=\"2961\" data-end=\"2964\" \/>Zabieg wykonujemy z u\u017cyciem preparat\u00f3w najwy\u017cszej jako\u015bci.<\/p>\t\t\t\t\t\t\t\t<\/div>\n\t\t\t\t<\/div>\n\t\t\t\t\t<\/div>\n\t\t<\/div>\n\t\t\t\t\t<\/div>\n\t\t<\/section>\n\t\t\t\t<\/div>\n\t\t","protected":false},"excerpt":{"rendered":"<p>Co to jest aminokwasowa terapia zast\u0119pcza? Aminokwasowa terapia zast\u0119pcza to nowoczesny zabieg regeneruj\u0105cy, kt\u00f3ry nie maskuje oznak starzenia, lecz wspiera naturalne procesy naprawcze sk\u00f3ry. Dostarcza jej dok\u0142adnie tych sk\u0142adnik\u00f3w, kt\u00f3re &hellip; <\/p>\n","protected":false},"author":1,"featured_media":1392,"parent":0,"menu_order":0,"comment_status":"closed","ping_status":"closed","template":"","meta":{"footnotes":""},"class_list":["post-1377","page","type-page","status-publish","has-post-thumbnail","hentry"],"yoast_head":"<!-- This site is optimized with the Yoast SEO plugin v25.6 - https:\/\/yoast.com\/wordpress\/plugins\/seo\/ -->\n<title>Aminokwasowa Terapia Zast\u0119pcza - Ewa Kowal<\/title>\n<meta name=\"robots\" content=\"index, follow, max-snippet:-1, max-image-preview:large, max-video-preview:-1\" \/>\n<link rel=\"canonical\" href=\"http:\/\/salonkosmetyczny-niemcza.pl\/?page_id=1377\" \/>\n<meta property=\"og:locale\" content=\"pl_PL\" \/>\n<meta property=\"og:type\" content=\"article\" \/>\n<meta property=\"og:title\" content=\"Aminokwasowa Terapia Zast\u0119pcza - Ewa Kowal\" \/>\n<meta property=\"og:description\" content=\"Co to jest aminokwasowa terapia zast\u0119pcza? Aminokwasowa terapia zast\u0119pcza to nowoczesny zabieg regeneruj\u0105cy, kt\u00f3ry nie maskuje oznak starzenia, lecz wspiera naturalne procesy naprawcze sk\u00f3ry. Dostarcza jej dok\u0142adnie tych sk\u0142adnik\u00f3w, kt\u00f3re &hellip;\" \/>\n<meta property=\"og:url\" content=\"http:\/\/salonkosmetyczny-niemcza.pl\/?page_id=1377\" \/>\n<meta property=\"og:site_name\" content=\"Ewa Kowal\" \/>\n<meta property=\"article:modified_time\" content=\"2025-08-06T15:35:10+00:00\" \/>\n<meta property=\"og:image\" content=\"http:\/\/salonkosmetyczny-niemcza.pl\/wp-content\/uploads\/2025\/08\/beautiful-mature-woman-looking-away-thoughtfully-with-her-hand-her-face-standing-bright-room-scaled.jpg\" \/>\n\t<meta property=\"og:image:width\" content=\"2560\" \/>\n\t<meta property=\"og:image:height\" content=\"1118\" \/>\n\t<meta property=\"og:image:type\" content=\"image\/jpeg\" \/>\n<meta name=\"twitter:card\" content=\"summary_large_image\" \/>\n<meta name=\"twitter:label1\" content=\"Szacowany czas czytania\" \/>\n\t<meta name=\"twitter:data1\" content=\"3 minuty\" \/>\n<script type=\"application\/ld+json\" class=\"yoast-schema-graph\">{\"@context\":\"https:\/\/schema.org\",\"@graph\":[{\"@type\":\"WebPage\",\"@id\":\"http:\/\/salonkosmetyczny-niemcza.pl\/?page_id=1377\",\"url\":\"http:\/\/salonkosmetyczny-niemcza.pl\/?page_id=1377\",\"name\":\"Aminokwasowa Terapia Zast\u0119pcza - Ewa Kowal\",\"isPartOf\":{\"@id\":\"http:\/\/salonkosmetyczny-niemcza.pl\/#website\"},\"primaryImageOfPage\":{\"@id\":\"http:\/\/salonkosmetyczny-niemcza.pl\/?page_id=1377#primaryimage\"},\"image\":{\"@id\":\"http:\/\/salonkosmetyczny-niemcza.pl\/?page_id=1377#primaryimage\"},\"thumbnailUrl\":\"https:\/\/salonkosmetyczny-niemcza.pl\/wp-content\/uploads\/2025\/08\/beautiful-mature-woman-looking-away-thoughtfully-with-her-hand-her-face-standing-bright-room-scaled.jpg\",\"datePublished\":\"2025-08-06T14:49:53+00:00\",\"dateModified\":\"2025-08-06T15:35:10+00:00\",\"breadcrumb\":{\"@id\":\"http:\/\/salonkosmetyczny-niemcza.pl\/?page_id=1377#breadcrumb\"},\"inLanguage\":\"pl-PL\",\"potentialAction\":[{\"@type\":\"ReadAction\",\"target\":[\"http:\/\/salonkosmetyczny-niemcza.pl\/?page_id=1377\"]}]},{\"@type\":\"ImageObject\",\"inLanguage\":\"pl-PL\",\"@id\":\"http:\/\/salonkosmetyczny-niemcza.pl\/?page_id=1377#primaryimage\",\"url\":\"https:\/\/salonkosmetyczny-niemcza.pl\/wp-content\/uploads\/2025\/08\/beautiful-mature-woman-looking-away-thoughtfully-with-her-hand-her-face-standing-bright-room-scaled.jpg\",\"contentUrl\":\"https:\/\/salonkosmetyczny-niemcza.pl\/wp-content\/uploads\/2025\/08\/beautiful-mature-woman-looking-away-thoughtfully-with-her-hand-her-face-standing-bright-room-scaled.jpg\",\"width\":2560,\"height\":1118,\"caption\":\"Beautiful mature woman looking away thoughtfully with her hand on her face, standing in a bright room.\"},{\"@type\":\"BreadcrumbList\",\"@id\":\"http:\/\/salonkosmetyczny-niemcza.pl\/?page_id=1377#breadcrumb\",\"itemListElement\":[{\"@type\":\"ListItem\",\"position\":1,\"name\":\"Strona g\u0142\u00f3wna\",\"item\":\"http:\/\/salonkosmetyczny-niemcza.pl\/\"},{\"@type\":\"ListItem\",\"position\":2,\"name\":\"Aminokwasowa Terapia Zast\u0119pcza\"}]},{\"@type\":\"WebSite\",\"@id\":\"http:\/\/salonkosmetyczny-niemcza.pl\/#website\",\"url\":\"http:\/\/salonkosmetyczny-niemcza.pl\/\",\"name\":\"Ewa Kowal\",\"description\":\"Gabinet Kosmetyczny\",\"publisher\":{\"@id\":\"http:\/\/salonkosmetyczny-niemcza.pl\/#organization\"},\"potentialAction\":[{\"@type\":\"SearchAction\",\"target\":{\"@type\":\"EntryPoint\",\"urlTemplate\":\"http:\/\/salonkosmetyczny-niemcza.pl\/?s={search_term_string}\"},\"query-input\":{\"@type\":\"PropertyValueSpecification\",\"valueRequired\":true,\"valueName\":\"search_term_string\"}}],\"inLanguage\":\"pl-PL\"},{\"@type\":\"Organization\",\"@id\":\"http:\/\/salonkosmetyczny-niemcza.pl\/#organization\",\"name\":\"Ewa Kowal\",\"url\":\"http:\/\/salonkosmetyczny-niemcza.pl\/\",\"logo\":{\"@type\":\"ImageObject\",\"inLanguage\":\"pl-PL\",\"@id\":\"http:\/\/salonkosmetyczny-niemcza.pl\/#\/schema\/logo\/image\/\",\"url\":\"https:\/\/salonkosmetyczny-niemcza.pl\/wp-content\/uploads\/2023\/02\/cropped-ewakowal.png\",\"contentUrl\":\"https:\/\/salonkosmetyczny-niemcza.pl\/wp-content\/uploads\/2023\/02\/cropped-ewakowal.png\",\"width\":189,\"height\":150,\"caption\":\"Ewa Kowal\"},\"image\":{\"@id\":\"http:\/\/salonkosmetyczny-niemcza.pl\/#\/schema\/logo\/image\/\"}}]}<\/script>\n<!-- \/ Yoast SEO plugin. -->","yoast_head_json":{"title":"Aminokwasowa Terapia Zast\u0119pcza - Ewa Kowal","robots":{"index":"index","follow":"follow","max-snippet":"max-snippet:-1","max-image-preview":"max-image-preview:large","max-video-preview":"max-video-preview:-1"},"canonical":"http:\/\/salonkosmetyczny-niemcza.pl\/?page_id=1377","og_locale":"pl_PL","og_type":"article","og_title":"Aminokwasowa Terapia Zast\u0119pcza - Ewa Kowal","og_description":"Co to jest aminokwasowa terapia zast\u0119pcza? Aminokwasowa terapia zast\u0119pcza to nowoczesny zabieg regeneruj\u0105cy, kt\u00f3ry nie maskuje oznak starzenia, lecz wspiera naturalne procesy naprawcze sk\u00f3ry. Dostarcza jej dok\u0142adnie tych sk\u0142adnik\u00f3w, kt\u00f3re &hellip;","og_url":"http:\/\/salonkosmetyczny-niemcza.pl\/?page_id=1377","og_site_name":"Ewa Kowal","article_modified_time":"2025-08-06T15:35:10+00:00","og_image":[{"width":2560,"height":1118,"url":"http:\/\/salonkosmetyczny-niemcza.pl\/wp-content\/uploads\/2025\/08\/beautiful-mature-woman-looking-away-thoughtfully-with-her-hand-her-face-standing-bright-room-scaled.jpg","type":"image\/jpeg"}],"twitter_card":"summary_large_image","twitter_misc":{"Szacowany czas czytania":"3 minuty"},"schema":{"@context":"https:\/\/schema.org","@graph":[{"@type":"WebPage","@id":"http:\/\/salonkosmetyczny-niemcza.pl\/?page_id=1377","url":"http:\/\/salonkosmetyczny-niemcza.pl\/?page_id=1377","name":"Aminokwasowa Terapia Zast\u0119pcza - Ewa Kowal","isPartOf":{"@id":"http:\/\/salonkosmetyczny-niemcza.pl\/#website"},"primaryImageOfPage":{"@id":"http:\/\/salonkosmetyczny-niemcza.pl\/?page_id=1377#primaryimage"},"image":{"@id":"http:\/\/salonkosmetyczny-niemcza.pl\/?page_id=1377#primaryimage"},"thumbnailUrl":"https:\/\/salonkosmetyczny-niemcza.pl\/wp-content\/uploads\/2025\/08\/beautiful-mature-woman-looking-away-thoughtfully-with-her-hand-her-face-standing-bright-room-scaled.jpg","datePublished":"2025-08-06T14:49:53+00:00","dateModified":"2025-08-06T15:35:10+00:00","breadcrumb":{"@id":"http:\/\/salonkosmetyczny-niemcza.pl\/?page_id=1377#breadcrumb"},"inLanguage":"pl-PL","potentialAction":[{"@type":"ReadAction","target":["http:\/\/salonkosmetyczny-niemcza.pl\/?page_id=1377"]}]},{"@type":"ImageObject","inLanguage":"pl-PL","@id":"http:\/\/salonkosmetyczny-niemcza.pl\/?page_id=1377#primaryimage","url":"https:\/\/salonkosmetyczny-niemcza.pl\/wp-content\/uploads\/2025\/08\/beautiful-mature-woman-looking-away-thoughtfully-with-her-hand-her-face-standing-bright-room-scaled.jpg","contentUrl":"https:\/\/salonkosmetyczny-niemcza.pl\/wp-content\/uploads\/2025\/08\/beautiful-mature-woman-looking-away-thoughtfully-with-her-hand-her-face-standing-bright-room-scaled.jpg","width":2560,"height":1118,"caption":"Beautiful mature woman looking away thoughtfully with her hand on her face, standing in a bright room."},{"@type":"BreadcrumbList","@id":"http:\/\/salonkosmetyczny-niemcza.pl\/?page_id=1377#breadcrumb","itemListElement":[{"@type":"ListItem","position":1,"name":"Strona g\u0142\u00f3wna","item":"http:\/\/salonkosmetyczny-niemcza.pl\/"},{"@type":"ListItem","position":2,"name":"Aminokwasowa Terapia Zast\u0119pcza"}]},{"@type":"WebSite","@id":"http:\/\/salonkosmetyczny-niemcza.pl\/#website","url":"http:\/\/salonkosmetyczny-niemcza.pl\/","name":"Ewa Kowal","description":"Gabinet Kosmetyczny","publisher":{"@id":"http:\/\/salonkosmetyczny-niemcza.pl\/#organization"},"potentialAction":[{"@type":"SearchAction","target":{"@type":"EntryPoint","urlTemplate":"http:\/\/salonkosmetyczny-niemcza.pl\/?s={search_term_string}"},"query-input":{"@type":"PropertyValueSpecification","valueRequired":true,"valueName":"search_term_string"}}],"inLanguage":"pl-PL"},{"@type":"Organization","@id":"http:\/\/salonkosmetyczny-niemcza.pl\/#organization","name":"Ewa Kowal","url":"http:\/\/salonkosmetyczny-niemcza.pl\/","logo":{"@type":"ImageObject","inLanguage":"pl-PL","@id":"http:\/\/salonkosmetyczny-niemcza.pl\/#\/schema\/logo\/image\/","url":"https:\/\/salonkosmetyczny-niemcza.pl\/wp-content\/uploads\/2023\/02\/cropped-ewakowal.png","contentUrl":"https:\/\/salonkosmetyczny-niemcza.pl\/wp-content\/uploads\/2023\/02\/cropped-ewakowal.png","width":189,"height":150,"caption":"Ewa Kowal"},"image":{"@id":"http:\/\/salonkosmetyczny-niemcza.pl\/#\/schema\/logo\/image\/"}}]}},"_links":{"self":[{"href":"https:\/\/salonkosmetyczny-niemcza.pl\/index.php?rest_route=\/wp\/v2\/pages\/1377","targetHints":{"allow":["GET"]}}],"collection":[{"href":"https:\/\/salonkosmetyczny-niemcza.pl\/index.php?rest_route=\/wp\/v2\/pages"}],"about":[{"href":"https:\/\/salonkosmetyczny-niemcza.pl\/index.php?rest_route=\/wp\/v2\/types\/page"}],"author":[{"embeddable":true,"href":"https:\/\/salonkosmetyczny-niemcza.pl\/index.php?rest_route=\/wp\/v2\/users\/1"}],"replies":[{"embeddable":true,"href":"https:\/\/salonkosmetyczny-niemcza.pl\/index.php?rest_route=%2Fwp%2Fv2%2Fcomments&post=1377"}],"version-history":[{"count":12,"href":"https:\/\/salonkosmetyczny-niemcza.pl\/index.php?rest_route=\/wp\/v2\/pages\/1377\/revisions"}],"predecessor-version":[{"id":1425,"href":"https:\/\/salonkosmetyczny-niemcza.pl\/index.php?rest_route=\/wp\/v2\/pages\/1377\/revisions\/1425"}],"wp:featuredmedia":[{"embeddable":true,"href":"https:\/\/salonkosmetyczny-niemcza.pl\/index.php?rest_route=\/wp\/v2\/media\/1392"}],"wp:attachment":[{"href":"https:\/\/salonkosmetyczny-niemcza.pl\/index.php?rest_route=%2Fwp%2Fv2%2Fmedia&parent=1377"}],"curies":[{"name":"wp","href":"https:\/\/api.w.org\/{rel}","templated":true}]}}