{"id":1376,"date":"2025-08-06T16:32:46","date_gmt":"2025-08-06T14:32:46","guid":{"rendered":"http:\/\/salonkosmetyczny-niemcza.pl\/?page_id=1376"},"modified":"2025-08-06T17:35:07","modified_gmt":"2025-08-06T15:35:07","slug":"mikropunktura","status":"publish","type":"page","link":"https:\/\/salonkosmetyczny-niemcza.pl\/?page_id=1376","title":{"rendered":"Mikropunktura"},"content":{"rendered":"\t\t<div data-elementor-type=\"wp-page\" data-elementor-id=\"1376\" class=\"elementor elementor-1376\">\n\t\t\t\t\t\t<section class=\"elementor-section elementor-top-section elementor-element elementor-element-493e56a elementor-section-boxed elementor-section-height-default elementor-section-height-default wpr-particle-no wpr-jarallax-no wpr-parallax-no wpr-sticky-section-no\" data-id=\"493e56a\" data-element_type=\"section\">\n\t\t\t\t\t\t<div class=\"elementor-container elementor-column-gap-default\">\n\t\t\t\t\t<div class=\"elementor-column elementor-col-100 elementor-top-column elementor-element elementor-element-580a783\" data-id=\"580a783\" data-element_type=\"column\">\n\t\t\t<div class=\"elementor-widget-wrap elementor-element-populated\">\n\t\t\t\t\t\t<div class=\"elementor-element elementor-element-3e9d487 elementor-widget elementor-widget-heading\" data-id=\"3e9d487\" data-element_type=\"widget\" data-widget_type=\"heading.default\">\n\t\t\t\t<div class=\"elementor-widget-container\">\n\t\t\t\t\t<h2 class=\"elementor-heading-title elementor-size-default\">MIKROnak\u0142ucia, MAKROefekty<\/h2>\t\t\t\t<\/div>\n\t\t\t\t<\/div>\n\t\t\t\t<div class=\"elementor-element elementor-element-5cf86fb elementor-widget elementor-widget-text-editor\" data-id=\"5cf86fb\" data-element_type=\"widget\" data-widget_type=\"text-editor.default\">\n\t\t\t\t<div class=\"elementor-widget-container\">\n\t\t\t\t\t\t\t\t\t<p>Mikropunktura to skuteczna metoda odbudowy i regeneracji sk\u00f3ry, kt\u00f3ra wykorzystuje naturalne procesy naprawcze organizmu. Zabieg polega na precyzyjnym nak\u0142uwaniu sk\u00f3ry mikroigie\u0142kami, co pobudza produkcj\u0119 kolagenu i elastyny. Efektem jest uj\u0119drnienie, wyg\u0142adzenie i roz\u015bwietlenie cery \u2013 bez u\u017cycia wype\u0142niaczy.<\/p>\t\t\t\t\t\t\t\t<\/div>\n\t\t\t\t<\/div>\n\t\t\t\t<div class=\"elementor-element elementor-element-30bd3e4 elementor-widget elementor-widget-text-editor\" data-id=\"30bd3e4\" data-element_type=\"widget\" data-widget_type=\"text-editor.default\">\n\t\t\t\t<div class=\"elementor-widget-container\">\n\t\t\t\t\t\t\t\t\t<p>Zabieg mikropunktury wykonywany w naszym gabinecie jest ca\u0142kowicie bezpieczny i nie wymaga d\u0142ugiej rekonwalescencji. To \u015bwietna alternatywa dla os\u00f3b, kt\u00f3re chc\u0105 poprawi\u0107 kondycj\u0119 sk\u00f3ry w spos\u00f3b naturalny i trwa\u0142y.<\/p>\t\t\t\t\t\t\t\t<\/div>\n\t\t\t\t<\/div>\n\t\t\t\t<div class=\"elementor-element elementor-element-7a099be elementor-widget elementor-widget-image\" data-id=\"7a099be\" data-element_type=\"widget\" data-widget_type=\"image.default\">\n\t\t\t\t<div class=\"elementor-widget-container\">\n\t\t\t\t\t\t\t\t\t\t\t\t\t\t\t<img fetchpriority=\"high\" decoding=\"async\" width=\"768\" height=\"768\" src=\"https:\/\/salonkosmetyczny-niemcza.pl\/wp-content\/uploads\/2025\/08\/GRAFIKA-MIKROPUN-768x768.jpg\" class=\"attachment-medium_large size-medium_large wp-image-1407\" alt=\"\" srcset=\"https:\/\/salonkosmetyczny-niemcza.pl\/wp-content\/uploads\/2025\/08\/GRAFIKA-MIKROPUN-768x768.jpg 768w, https:\/\/salonkosmetyczny-niemcza.pl\/wp-content\/uploads\/2025\/08\/GRAFIKA-MIKROPUN-300x300.jpg 300w, https:\/\/salonkosmetyczny-niemcza.pl\/wp-content\/uploads\/2025\/08\/GRAFIKA-MIKROPUN-1024x1024.jpg 1024w, https:\/\/salonkosmetyczny-niemcza.pl\/wp-content\/uploads\/2025\/08\/GRAFIKA-MIKROPUN-150x150.jpg 150w, https:\/\/salonkosmetyczny-niemcza.pl\/wp-content\/uploads\/2025\/08\/GRAFIKA-MIKROPUN.jpg 1080w\" sizes=\"(max-width: 768px) 100vw, 768px\" \/>\t\t\t\t\t\t\t\t\t\t\t\t\t\t\t<\/div>\n\t\t\t\t<\/div>\n\t\t\t\t<div class=\"elementor-element elementor-element-3086b55 elementor-widget elementor-widget-heading\" data-id=\"3086b55\" data-element_type=\"widget\" data-widget_type=\"heading.default\">\n\t\t\t\t<div class=\"elementor-widget-container\">\n\t\t\t\t\t<h2 class=\"elementor-heading-title elementor-size-default\">Jak wygl\u0105da zabieg mikropunktury?<\/h2>\t\t\t\t<\/div>\n\t\t\t\t<\/div>\n\t\t\t\t<div class=\"elementor-element elementor-element-9739587 elementor-invisible elementor-widget elementor-widget-text-editor\" data-id=\"9739587\" data-element_type=\"widget\" data-settings=\"{&quot;_animation&quot;:&quot;fadeInLeft&quot;}\" data-widget_type=\"text-editor.default\">\n\t\t\t\t<div class=\"elementor-widget-container\">\n\t\t\t\t\t\t\t\t\t<p data-start=\"289\" data-end=\"714\">Aby osi\u0105gn\u0105\u0107 najlepsze rezultaty, zabieg mikropunktury poprzedza dok\u0142adna diagnoza sk\u00f3ry oraz indywidualny dob\u00f3r planu terapeutycznego. Przed rozpocz\u0119ciem terapii przeprowadzany jest szczeg\u00f3\u0142owy wywiad i ocena blizny lub defektu sk\u00f3ry. Ogromne znaczenie ma r\u00f3wnie\u017c dob\u00f3r odpowiednich preparat\u00f3w wspieraj\u0105cych regeneracj\u0119 oraz \u2013 w razie potrzeby \u2013 zastosowanie masa\u017cu, kt\u00f3ry pobudza mikrokr\u0105\u017cenie i przyspiesza efekty terapii.<\/p><p data-start=\"716\" data-end=\"1573\">Mikropunktura (ScarINK) wykonywana jest wy\u0142\u0105cznie w fazie przebudowy (remodelingu) blizny \u2013 najwcze\u015bniej po oko\u0142o 6 miesi\u0105cach od urazu lub zako\u0144czenia gojenia. Co wa\u017cne, nawet bardzo stare blizny mog\u0105 by\u0107 skutecznie leczone t\u0105 metod\u0105. W trakcie zabiegu u\u017cywa si\u0119 cienkiej, sterylnej ig\u0142y, kt\u00f3ra delikatnie, ale precyzyjnie nak\u0142uwa tkank\u0119. Procedura zazwyczaj nie wymaga znieczulenia i bywa opisywana jako uczucie lekkiego \u201edrapania\u201d lub delikatnego b\u00f3lu, szczeg\u00f3lnie w bardziej wra\u017cliwych miejscach \u2013 np. na czole, skroniach, nad g\u00f3rn\u0105 warg\u0105 czy wzd\u0142u\u017c \u017cuchwy. Po zabiegu mog\u0105 wyst\u0105pi\u0107 punktowe krwawienia oraz objawy przej\u015bciowego stanu zapalnego (zaczerwienienie, obrz\u0119k, ciep\u0142o sk\u00f3ry, tkliwo\u015b\u0107), kt\u00f3re zwykle ust\u0119puj\u0105 w ci\u0105gu kilku dni. Liczba i cz\u0119stotliwo\u015b\u0107 zabieg\u00f3w s\u0105 dostosowywane indywidualnie do typu i wieku blizny oraz reakcji sk\u00f3ry na terapi\u0119.<\/p>\t\t\t\t\t\t\t\t<\/div>\n\t\t\t\t<\/div>\n\t\t\t\t<div class=\"elementor-element elementor-element-4961a5a elementor-widget elementor-widget-heading\" data-id=\"4961a5a\" data-element_type=\"widget\" data-widget_type=\"heading.default\">\n\t\t\t\t<div class=\"elementor-widget-container\">\n\t\t\t\t\t<h2 class=\"elementor-heading-title elementor-size-default\">Jak dzia\u0142a mikropunktura?<\/h2>\t\t\t\t<\/div>\n\t\t\t\t<\/div>\n\t\t\t\t<div class=\"elementor-element elementor-element-e63dbd1 elementor-invisible elementor-widget elementor-widget-text-editor\" data-id=\"e63dbd1\" data-element_type=\"widget\" data-settings=\"{&quot;_animation&quot;:&quot;fadeInLeft&quot;}\" data-widget_type=\"text-editor.default\">\n\t\t\t\t<div class=\"elementor-widget-container\">\n\t\t\t\t\t\t\t\t\t<p data-start=\"1611\" data-end=\"1936\">Mikropunktura uruchamia g\u0142\u0119bok\u0105, naturaln\u0105 regeneracj\u0119 sk\u00f3ry. Ka\u017cde mikronak\u0142ucie dzia\u0142a jak sygna\u0142 alarmowy dla organizmu, aktywuj\u0105c szereg proces\u00f3w naprawczych. Pobudzeniu ulega produkcja kolagenu, elastyny oraz kwasu hialuronowego, a sama tkanka poddaje si\u0119 przebudowie \u2013 staje si\u0119 bardziej elastyczna, g\u0142adka i jednolita.<\/p><p data-start=\"1938\" data-end=\"2452\">W ci\u0105gu 72 godzin po zabiegu utrzymuje si\u0119 fizjologiczny stan zapalny, kt\u00f3ry stymuluje wydzielanie cytokin oraz aktywacj\u0119 czynnik\u00f3w wzrostu, takich jak EGF, FGF, IGF, VEGF, NGF. Uszkodzenie drobnych naczy\u0144 krwiono\u015bnych powoduje r\u00f3wnie\u017c migracj\u0119 sk\u0142adnik\u00f3w krwi, w tym p\u0142ytek i takich substancji jak laktoferyna czy L-arginina, kt\u00f3re wspieraj\u0105 odnow\u0119. Jednocze\u015bnie zachodzi angiogeneza, czyli tworzenie si\u0119 nowych naczy\u0144 krwiono\u015bnych. Dzi\u0119ki temu sk\u00f3ra jest lepiej ukrwiona, dotleniona i gotowa na g\u0142\u0119bok\u0105 odbudow\u0119.<\/p>\t\t\t\t\t\t\t\t<\/div>\n\t\t\t\t<\/div>\n\t\t\t\t<section class=\"elementor-section elementor-inner-section elementor-element elementor-element-2c045ad elementor-section-boxed elementor-section-height-default elementor-section-height-default wpr-particle-no wpr-jarallax-no wpr-parallax-no wpr-sticky-section-no\" data-id=\"2c045ad\" data-element_type=\"section\">\n\t\t\t\t\t\t<div class=\"elementor-container elementor-column-gap-default\">\n\t\t\t\t\t<div class=\"elementor-column elementor-col-50 elementor-inner-column elementor-element elementor-element-1fdb428\" data-id=\"1fdb428\" data-element_type=\"column\">\n\t\t\t<div class=\"elementor-widget-wrap elementor-element-populated\">\n\t\t\t\t\t\t<div class=\"elementor-element elementor-element-b8e6e0a elementor-widget elementor-widget-heading\" data-id=\"b8e6e0a\" data-element_type=\"widget\" data-widget_type=\"heading.default\">\n\t\t\t\t<div class=\"elementor-widget-container\">\n\t\t\t\t\t<h2 class=\"elementor-heading-title elementor-size-default\">Wskazania do zabiegu<\/h2>\t\t\t\t<\/div>\n\t\t\t\t<\/div>\n\t\t\t\t<div class=\"elementor-element elementor-element-f0c9c71 elementor-widget elementor-widget-text-editor\" data-id=\"f0c9c71\" data-element_type=\"widget\" data-widget_type=\"text-editor.default\">\n\t\t\t\t<div class=\"elementor-widget-container\">\n\t\t\t\t\t\t\t\t\t<ul><li>drobne zmarszczki i oznaki starzenia<\/li><li>blizny potr\u0105dzikowe<\/li><li>utrata j\u0119drno\u015bci i elastyczno\u015bci<\/li><li>\u201eszara\u201d i zm\u0119czona cera<\/li><li>rozszerzone pory i nier\u00f3wna struktura sk\u00f3ry<\/li><\/ul>\t\t\t\t\t\t\t\t<\/div>\n\t\t\t\t<\/div>\n\t\t\t\t\t<\/div>\n\t\t<\/div>\n\t\t\t\t<div class=\"elementor-column elementor-col-50 elementor-inner-column elementor-element elementor-element-3eefbdd\" data-id=\"3eefbdd\" data-element_type=\"column\">\n\t\t\t<div class=\"elementor-widget-wrap elementor-element-populated\">\n\t\t\t\t\t\t<div class=\"elementor-element elementor-element-321bbe5 elementor-widget elementor-widget-heading\" data-id=\"321bbe5\" data-element_type=\"widget\" data-widget_type=\"heading.default\">\n\t\t\t\t<div class=\"elementor-widget-container\">\n\t\t\t\t\t<h2 class=\"elementor-heading-title elementor-size-default\">Efekty zabiegu<\/h2>\t\t\t\t<\/div>\n\t\t\t\t<\/div>\n\t\t\t\t<div class=\"elementor-element elementor-element-de3ec52 elementor-icon-list--layout-traditional elementor-list-item-link-full_width elementor-widget elementor-widget-icon-list\" data-id=\"de3ec52\" data-element_type=\"widget\" data-widget_type=\"icon-list.default\">\n\t\t\t\t<div class=\"elementor-widget-container\">\n\t\t\t\t\t\t\t<ul class=\"elementor-icon-list-items\">\n\t\t\t\t\t\t\t<li class=\"elementor-icon-list-item\">\n\t\t\t\t\t\t\t\t\t\t\t<span class=\"elementor-icon-list-icon\">\n\t\t\t\t\t\t\t<i aria-hidden=\"true\" class=\"fas fa-dna\"><\/i>\t\t\t\t\t\t<\/span>\n\t\t\t\t\t\t\t\t\t\t<span class=\"elementor-icon-list-text\">wyg\u0142adzenie i napi\u0119cie sk\u00f3ry<\/span>\n\t\t\t\t\t\t\t\t\t<\/li>\n\t\t\t\t\t\t\t\t<li class=\"elementor-icon-list-item\">\n\t\t\t\t\t\t\t\t\t\t\t<span class=\"elementor-icon-list-icon\">\n\t\t\t\t\t\t\t<i aria-hidden=\"true\" class=\"fas fa-dna\"><\/i>\t\t\t\t\t\t<\/span>\n\t\t\t\t\t\t\t\t\t\t<span class=\"elementor-icon-list-text\">poprawa kolorytu i struktury<\/span>\n\t\t\t\t\t\t\t\t\t<\/li>\n\t\t\t\t\t\t\t\t<li class=\"elementor-icon-list-item\">\n\t\t\t\t\t\t\t\t\t\t\t<span class=\"elementor-icon-list-icon\">\n\t\t\t\t\t\t\t<i aria-hidden=\"true\" class=\"fas fa-dna\"><\/i>\t\t\t\t\t\t<\/span>\n\t\t\t\t\t\t\t\t\t\t<span class=\"elementor-icon-list-text\">redukcja zmarszczek i blizn<\/span>\n\t\t\t\t\t\t\t\t\t<\/li>\n\t\t\t\t\t\t\t\t<li class=\"elementor-icon-list-item\">\n\t\t\t\t\t\t\t\t\t\t\t<span class=\"elementor-icon-list-icon\">\n\t\t\t\t\t\t\t<i aria-hidden=\"true\" class=\"fas fa-dna\"><\/i>\t\t\t\t\t\t<\/span>\n\t\t\t\t\t\t\t\t\t\t<span class=\"elementor-icon-list-text\">naturalny efekt odm\u0142odzenia<\/span>\n\t\t\t\t\t\t\t\t\t<\/li>\n\t\t\t\t\t\t<\/ul>\n\t\t\t\t\t\t<\/div>\n\t\t\t\t<\/div>\n\t\t\t\t\t<\/div>\n\t\t<\/div>\n\t\t\t\t\t<\/div>\n\t\t<\/section>\n\t\t\t\t<div class=\"elementor-element elementor-element-3db3d34 elementor-invisible elementor-widget elementor-widget-text-editor\" data-id=\"3db3d34\" data-element_type=\"widget\" data-settings=\"{&quot;_animation&quot;:&quot;fadeInLeft&quot;}\" data-widget_type=\"text-editor.default\">\n\t\t\t\t<div class=\"elementor-widget-container\">\n\t\t\t\t\t\t\t\t\t<p>Mikropunktura mo\u017ce by\u0107 wykonywana na twarzy, szyi, dekolcie, a tak\u017ce w innych miejscach wymagaj\u0105cych regeneracji.<\/p>\t\t\t\t\t\t\t\t<\/div>\n\t\t\t\t<\/div>\n\t\t\t\t\t<\/div>\n\t\t<\/div>\n\t\t\t\t\t<\/div>\n\t\t<\/section>\n\t\t\t\t<\/div>\n\t\t","protected":false},"excerpt":{"rendered":"<p>MIKROnak\u0142ucia, MAKROefekty Mikropunktura to skuteczna metoda odbudowy i regeneracji sk\u00f3ry, kt\u00f3ra wykorzystuje naturalne procesy naprawcze organizmu. Zabieg polega na precyzyjnym nak\u0142uwaniu sk\u00f3ry mikroigie\u0142kami, co pobudza produkcj\u0119 kolagenu i elastyny. Efektem &hellip; <\/p>\n","protected":false},"author":1,"featured_media":1394,"parent":0,"menu_order":0,"comment_status":"closed","ping_status":"closed","template":"","meta":{"footnotes":""},"class_list":["post-1376","page","type-page","status-publish","has-post-thumbnail","hentry"],"yoast_head":"<!-- This site is optimized with the Yoast SEO plugin v25.6 - https:\/\/yoast.com\/wordpress\/plugins\/seo\/ -->\n<title>Mikropunktura - Ewa Kowal<\/title>\n<meta name=\"robots\" content=\"index, follow, max-snippet:-1, max-image-preview:large, max-video-preview:-1\" \/>\n<link rel=\"canonical\" href=\"https:\/\/salonkosmetyczny-niemcza.pl\/?page_id=1376\" \/>\n<meta property=\"og:locale\" content=\"pl_PL\" \/>\n<meta property=\"og:type\" content=\"article\" \/>\n<meta property=\"og:title\" content=\"Mikropunktura - Ewa Kowal\" \/>\n<meta property=\"og:description\" content=\"MIKROnak\u0142ucia, MAKROefekty Mikropunktura to skuteczna metoda odbudowy i regeneracji sk\u00f3ry, kt\u00f3ra wykorzystuje naturalne procesy naprawcze organizmu. Zabieg polega na precyzyjnym nak\u0142uwaniu sk\u00f3ry mikroigie\u0142kami, co pobudza produkcj\u0119 kolagenu i elastyny. Efektem &hellip;\" \/>\n<meta property=\"og:url\" content=\"https:\/\/salonkosmetyczny-niemcza.pl\/?page_id=1376\" \/>\n<meta property=\"og:site_name\" content=\"Ewa Kowal\" \/>\n<meta property=\"article:modified_time\" content=\"2025-08-06T15:35:07+00:00\" \/>\n<meta property=\"og:image\" content=\"https:\/\/salonkosmetyczny-niemcza.pl\/wp-content\/uploads\/2025\/08\/image-attractive-japanese-lady-enjoying-spa-salon-procedure-wellness-relaxation-scaled.jpg\" \/>\n\t<meta property=\"og:image:width\" content=\"2560\" \/>\n\t<meta property=\"og:image:height\" content=\"860\" \/>\n\t<meta property=\"og:image:type\" content=\"image\/jpeg\" \/>\n<meta name=\"twitter:card\" content=\"summary_large_image\" \/>\n<meta name=\"twitter:label1\" content=\"Szacowany czas czytania\" \/>\n\t<meta name=\"twitter:data1\" content=\"3 minuty\" \/>\n<script type=\"application\/ld+json\" class=\"yoast-schema-graph\">{\"@context\":\"https:\/\/schema.org\",\"@graph\":[{\"@type\":\"WebPage\",\"@id\":\"https:\/\/salonkosmetyczny-niemcza.pl\/?page_id=1376\",\"url\":\"https:\/\/salonkosmetyczny-niemcza.pl\/?page_id=1376\",\"name\":\"Mikropunktura - Ewa Kowal\",\"isPartOf\":{\"@id\":\"https:\/\/salonkosmetyczny-niemcza.pl\/#website\"},\"primaryImageOfPage\":{\"@id\":\"https:\/\/salonkosmetyczny-niemcza.pl\/?page_id=1376#primaryimage\"},\"image\":{\"@id\":\"https:\/\/salonkosmetyczny-niemcza.pl\/?page_id=1376#primaryimage\"},\"thumbnailUrl\":\"https:\/\/salonkosmetyczny-niemcza.pl\/wp-content\/uploads\/2025\/08\/image-attractive-japanese-lady-enjoying-spa-salon-procedure-wellness-relaxation-scaled.jpg\",\"datePublished\":\"2025-08-06T14:32:46+00:00\",\"dateModified\":\"2025-08-06T15:35:07+00:00\",\"breadcrumb\":{\"@id\":\"https:\/\/salonkosmetyczny-niemcza.pl\/?page_id=1376#breadcrumb\"},\"inLanguage\":\"pl-PL\",\"potentialAction\":[{\"@type\":\"ReadAction\",\"target\":[\"https:\/\/salonkosmetyczny-niemcza.pl\/?page_id=1376\"]}]},{\"@type\":\"ImageObject\",\"inLanguage\":\"pl-PL\",\"@id\":\"https:\/\/salonkosmetyczny-niemcza.pl\/?page_id=1376#primaryimage\",\"url\":\"https:\/\/salonkosmetyczny-niemcza.pl\/wp-content\/uploads\/2025\/08\/image-attractive-japanese-lady-enjoying-spa-salon-procedure-wellness-relaxation-scaled.jpg\",\"contentUrl\":\"https:\/\/salonkosmetyczny-niemcza.pl\/wp-content\/uploads\/2025\/08\/image-attractive-japanese-lady-enjoying-spa-salon-procedure-wellness-relaxation-scaled.jpg\",\"width\":2560,\"height\":860},{\"@type\":\"BreadcrumbList\",\"@id\":\"https:\/\/salonkosmetyczny-niemcza.pl\/?page_id=1376#breadcrumb\",\"itemListElement\":[{\"@type\":\"ListItem\",\"position\":1,\"name\":\"Strona g\u0142\u00f3wna\",\"item\":\"https:\/\/salonkosmetyczny-niemcza.pl\/\"},{\"@type\":\"ListItem\",\"position\":2,\"name\":\"Mikropunktura\"}]},{\"@type\":\"WebSite\",\"@id\":\"https:\/\/salonkosmetyczny-niemcza.pl\/#website\",\"url\":\"https:\/\/salonkosmetyczny-niemcza.pl\/\",\"name\":\"Ewa Kowal\",\"description\":\"Gabinet Kosmetyczny\",\"publisher\":{\"@id\":\"https:\/\/salonkosmetyczny-niemcza.pl\/#organization\"},\"potentialAction\":[{\"@type\":\"SearchAction\",\"target\":{\"@type\":\"EntryPoint\",\"urlTemplate\":\"https:\/\/salonkosmetyczny-niemcza.pl\/?s={search_term_string}\"},\"query-input\":{\"@type\":\"PropertyValueSpecification\",\"valueRequired\":true,\"valueName\":\"search_term_string\"}}],\"inLanguage\":\"pl-PL\"},{\"@type\":\"Organization\",\"@id\":\"https:\/\/salonkosmetyczny-niemcza.pl\/#organization\",\"name\":\"Ewa Kowal\",\"url\":\"https:\/\/salonkosmetyczny-niemcza.pl\/\",\"logo\":{\"@type\":\"ImageObject\",\"inLanguage\":\"pl-PL\",\"@id\":\"https:\/\/salonkosmetyczny-niemcza.pl\/#\/schema\/logo\/image\/\",\"url\":\"https:\/\/salonkosmetyczny-niemcza.pl\/wp-content\/uploads\/2023\/02\/cropped-ewakowal.png\",\"contentUrl\":\"https:\/\/salonkosmetyczny-niemcza.pl\/wp-content\/uploads\/2023\/02\/cropped-ewakowal.png\",\"width\":189,\"height\":150,\"caption\":\"Ewa Kowal\"},\"image\":{\"@id\":\"https:\/\/salonkosmetyczny-niemcza.pl\/#\/schema\/logo\/image\/\"}}]}<\/script>\n<!-- \/ Yoast SEO plugin. -->","yoast_head_json":{"title":"Mikropunktura - Ewa Kowal","robots":{"index":"index","follow":"follow","max-snippet":"max-snippet:-1","max-image-preview":"max-image-preview:large","max-video-preview":"max-video-preview:-1"},"canonical":"https:\/\/salonkosmetyczny-niemcza.pl\/?page_id=1376","og_locale":"pl_PL","og_type":"article","og_title":"Mikropunktura - Ewa Kowal","og_description":"MIKROnak\u0142ucia, MAKROefekty Mikropunktura to skuteczna metoda odbudowy i regeneracji sk\u00f3ry, kt\u00f3ra wykorzystuje naturalne procesy naprawcze organizmu. Zabieg polega na precyzyjnym nak\u0142uwaniu sk\u00f3ry mikroigie\u0142kami, co pobudza produkcj\u0119 kolagenu i elastyny. Efektem &hellip;","og_url":"https:\/\/salonkosmetyczny-niemcza.pl\/?page_id=1376","og_site_name":"Ewa Kowal","article_modified_time":"2025-08-06T15:35:07+00:00","og_image":[{"width":2560,"height":860,"url":"https:\/\/salonkosmetyczny-niemcza.pl\/wp-content\/uploads\/2025\/08\/image-attractive-japanese-lady-enjoying-spa-salon-procedure-wellness-relaxation-scaled.jpg","type":"image\/jpeg"}],"twitter_card":"summary_large_image","twitter_misc":{"Szacowany czas czytania":"3 minuty"},"schema":{"@context":"https:\/\/schema.org","@graph":[{"@type":"WebPage","@id":"https:\/\/salonkosmetyczny-niemcza.pl\/?page_id=1376","url":"https:\/\/salonkosmetyczny-niemcza.pl\/?page_id=1376","name":"Mikropunktura - Ewa Kowal","isPartOf":{"@id":"https:\/\/salonkosmetyczny-niemcza.pl\/#website"},"primaryImageOfPage":{"@id":"https:\/\/salonkosmetyczny-niemcza.pl\/?page_id=1376#primaryimage"},"image":{"@id":"https:\/\/salonkosmetyczny-niemcza.pl\/?page_id=1376#primaryimage"},"thumbnailUrl":"https:\/\/salonkosmetyczny-niemcza.pl\/wp-content\/uploads\/2025\/08\/image-attractive-japanese-lady-enjoying-spa-salon-procedure-wellness-relaxation-scaled.jpg","datePublished":"2025-08-06T14:32:46+00:00","dateModified":"2025-08-06T15:35:07+00:00","breadcrumb":{"@id":"https:\/\/salonkosmetyczny-niemcza.pl\/?page_id=1376#breadcrumb"},"inLanguage":"pl-PL","potentialAction":[{"@type":"ReadAction","target":["https:\/\/salonkosmetyczny-niemcza.pl\/?page_id=1376"]}]},{"@type":"ImageObject","inLanguage":"pl-PL","@id":"https:\/\/salonkosmetyczny-niemcza.pl\/?page_id=1376#primaryimage","url":"https:\/\/salonkosmetyczny-niemcza.pl\/wp-content\/uploads\/2025\/08\/image-attractive-japanese-lady-enjoying-spa-salon-procedure-wellness-relaxation-scaled.jpg","contentUrl":"https:\/\/salonkosmetyczny-niemcza.pl\/wp-content\/uploads\/2025\/08\/image-attractive-japanese-lady-enjoying-spa-salon-procedure-wellness-relaxation-scaled.jpg","width":2560,"height":860},{"@type":"BreadcrumbList","@id":"https:\/\/salonkosmetyczny-niemcza.pl\/?page_id=1376#breadcrumb","itemListElement":[{"@type":"ListItem","position":1,"name":"Strona g\u0142\u00f3wna","item":"https:\/\/salonkosmetyczny-niemcza.pl\/"},{"@type":"ListItem","position":2,"name":"Mikropunktura"}]},{"@type":"WebSite","@id":"https:\/\/salonkosmetyczny-niemcza.pl\/#website","url":"https:\/\/salonkosmetyczny-niemcza.pl\/","name":"Ewa Kowal","description":"Gabinet Kosmetyczny","publisher":{"@id":"https:\/\/salonkosmetyczny-niemcza.pl\/#organization"},"potentialAction":[{"@type":"SearchAction","target":{"@type":"EntryPoint","urlTemplate":"https:\/\/salonkosmetyczny-niemcza.pl\/?s={search_term_string}"},"query-input":{"@type":"PropertyValueSpecification","valueRequired":true,"valueName":"search_term_string"}}],"inLanguage":"pl-PL"},{"@type":"Organization","@id":"https:\/\/salonkosmetyczny-niemcza.pl\/#organization","name":"Ewa Kowal","url":"https:\/\/salonkosmetyczny-niemcza.pl\/","logo":{"@type":"ImageObject","inLanguage":"pl-PL","@id":"https:\/\/salonkosmetyczny-niemcza.pl\/#\/schema\/logo\/image\/","url":"https:\/\/salonkosmetyczny-niemcza.pl\/wp-content\/uploads\/2023\/02\/cropped-ewakowal.png","contentUrl":"https:\/\/salonkosmetyczny-niemcza.pl\/wp-content\/uploads\/2023\/02\/cropped-ewakowal.png","width":189,"height":150,"caption":"Ewa Kowal"},"image":{"@id":"https:\/\/salonkosmetyczny-niemcza.pl\/#\/schema\/logo\/image\/"}}]}},"_links":{"self":[{"href":"https:\/\/salonkosmetyczny-niemcza.pl\/index.php?rest_route=\/wp\/v2\/pages\/1376","targetHints":{"allow":["GET"]}}],"collection":[{"href":"https:\/\/salonkosmetyczny-niemcza.pl\/index.php?rest_route=\/wp\/v2\/pages"}],"about":[{"href":"https:\/\/salonkosmetyczny-niemcza.pl\/index.php?rest_route=\/wp\/v2\/types\/page"}],"author":[{"embeddable":true,"href":"https:\/\/salonkosmetyczny-niemcza.pl\/index.php?rest_route=\/wp\/v2\/users\/1"}],"replies":[{"embeddable":true,"href":"https:\/\/salonkosmetyczny-niemcza.pl\/index.php?rest_route=%2Fwp%2Fv2%2Fcomments&post=1376"}],"version-history":[{"count":9,"href":"https:\/\/salonkosmetyczny-niemcza.pl\/index.php?rest_route=\/wp\/v2\/pages\/1376\/revisions"}],"predecessor-version":[{"id":1434,"href":"https:\/\/salonkosmetyczny-niemcza.pl\/index.php?rest_route=\/wp\/v2\/pages\/1376\/revisions\/1434"}],"wp:featuredmedia":[{"embeddable":true,"href":"https:\/\/salonkosmetyczny-niemcza.pl\/index.php?rest_route=\/wp\/v2\/media\/1394"}],"wp:attachment":[{"href":"https:\/\/salonkosmetyczny-niemcza.pl\/index.php?rest_route=%2Fwp%2Fv2%2Fmedia&parent=1376"}],"curies":[{"name":"wp","href":"https:\/\/api.w.org\/{rel}","templated":true}]}}