{"id":1362,"date":"2025-02-03T13:29:51","date_gmt":"2025-02-03T12:29:51","guid":{"rendered":"http:\/\/salonkosmetyczny-niemcza.pl\/?page_id=1362"},"modified":"2025-08-06T17:35:21","modified_gmt":"2025-08-06T15:35:21","slug":"oczyszczanie-wodorowe","status":"publish","type":"page","link":"https:\/\/salonkosmetyczny-niemcza.pl\/?page_id=1362","title":{"rendered":"Oczyszczanie wodorowe"},"content":{"rendered":"\t\t<div data-elementor-type=\"wp-page\" data-elementor-id=\"1362\" class=\"elementor elementor-1362\">\n\t\t\t\t\t\t<section class=\"elementor-section elementor-top-section elementor-element elementor-element-493e56a elementor-section-boxed elementor-section-height-default elementor-section-height-default wpr-particle-no wpr-jarallax-no wpr-parallax-no wpr-sticky-section-no\" data-id=\"493e56a\" data-element_type=\"section\">\n\t\t\t\t\t\t<div class=\"elementor-container elementor-column-gap-default\">\n\t\t\t\t\t<div class=\"elementor-column elementor-col-100 elementor-top-column elementor-element elementor-element-580a783\" data-id=\"580a783\" data-element_type=\"column\">\n\t\t\t<div class=\"elementor-widget-wrap elementor-element-populated\">\n\t\t\t\t\t\t<div class=\"elementor-element elementor-element-5cf86fb elementor-widget elementor-widget-text-editor\" data-id=\"5cf86fb\" data-element_type=\"widget\" data-widget_type=\"text-editor.default\">\n\t\t\t\t<div class=\"elementor-widget-container\">\n\t\t\t\t\t\t\t\t\tOczyszczanie wodorowe to innowacyjny zabieg kosmetologiczny, kt\u00f3ry polega na wprowadzaniu w g\u0142\u0105b sk\u00f3ry mikroskopijnych cz\u0105steczek aktywnego wodoru. Proces ten umo\u017cliwia dog\u0142\u0119bne oczyszczenie kom\u00f3rek sk\u00f3ry poprzez eliminacj\u0119 wolnych rodnik\u00f3w odpowiedzialnych za jej starzenie. Wod\u00f3r aplikowany jest za pomoc\u0105 strumienia wody pod zwi\u0119kszonym ci\u015bnieniem, co pozwala na dotarcie do g\u0142\u0119bokich warstw sk\u00f3ry.\t\t\t\t\t\t\t\t<\/div>\n\t\t\t\t<\/div>\n\t\t\t\t<div class=\"elementor-element elementor-element-3e9d487 elementor-widget elementor-widget-heading\" data-id=\"3e9d487\" data-element_type=\"widget\" data-widget_type=\"heading.default\">\n\t\t\t\t<div class=\"elementor-widget-container\">\n\t\t\t\t\t<h2 class=\"elementor-heading-title elementor-size-default\">Twoja cera od\u017cywiona i pe\u0142na blasku<\/h2>\t\t\t\t<\/div>\n\t\t\t\t<\/div>\n\t\t\t\t<div class=\"elementor-element elementor-element-30bd3e4 elementor-widget elementor-widget-text-editor\" data-id=\"30bd3e4\" data-element_type=\"widget\" data-widget_type=\"text-editor.default\">\n\t\t\t\t<div class=\"elementor-widget-container\">\n\t\t\t\t\t\t\t\t\t<p>Oczyszczanie wodorowe to zaawansowana metoda piel\u0119gnacji sk\u00f3ry, kt\u00f3ra \u0142\u0105czy w sobie g\u0142\u0119bokie oczyszczenie z intensywn\u0105 rewitalizacj\u0105, przynosz\u0105c widoczne i d\u0142ugotrwa\u0142e efekty.<\/p><p>Zabieg rozpoczyna si\u0119 od dok\u0142adnego demakija\u017cu i oczyszczenia sk\u00f3ry. Nast\u0119pnie, za pomoc\u0105 specjalistycznego urz\u0105dzenia, wprowadzane s\u0105 cz\u0105steczki wodoru w g\u0142\u0105b sk\u00f3ry. Proces ten mo\u017ce by\u0107 wspomagany infuzj\u0105 tlenow\u0105, kt\u00f3ra dodatkowo nawil\u017ca i od\u017cywia sk\u00f3r\u0119. Ca\u0142o\u015b\u0107 zabiegu jest bezbolesna i nieinwazyjna, a pacjent odczuwa jedynie delikatne ch\u0142odzenie.<\/p><p><strong>Cz\u0119stotliwo\u015b\u0107 zabieg\u00f3w:<\/strong><\/p><p>Dla uzyskania optymalnych rezultat\u00f3w zaleca si\u0119 seri\u0119 4-6 zabieg\u00f3w w odst\u0119pach 1-2 tygodniowych. Nast\u0119pnie, w celu podtrzymania efekt\u00f3w, warto wykonywa\u0107 zabieg raz w miesi\u0105cu.<\/p>\t\t\t\t\t\t\t\t<\/div>\n\t\t\t\t<\/div>\n\t\t\t\t<div class=\"elementor-element elementor-element-7a099be elementor-widget elementor-widget-image\" data-id=\"7a099be\" data-element_type=\"widget\" data-widget_type=\"image.default\">\n\t\t\t\t<div class=\"elementor-widget-container\">\n\t\t\t\t\t\t\t\t\t\t\t\t\t\t\t<img fetchpriority=\"high\" decoding=\"async\" width=\"1024\" height=\"683\" src=\"http:\/\/salonkosmetyczny-niemcza.pl\/wp-content\/uploads\/2025\/02\/2-1024x683.jpg\" class=\"attachment-large size-large wp-image-1370\" alt=\"\" srcset=\"http:\/\/salonkosmetyczny-niemcza.pl\/wp-content\/uploads\/2025\/02\/2-1024x683.jpg 1024w, http:\/\/salonkosmetyczny-niemcza.pl\/wp-content\/uploads\/2025\/02\/2-300x200.jpg 300w, http:\/\/salonkosmetyczny-niemcza.pl\/wp-content\/uploads\/2025\/02\/2-768x512.jpg 768w, http:\/\/salonkosmetyczny-niemcza.pl\/wp-content\/uploads\/2025\/02\/2-1536x1024.jpg 1536w, http:\/\/salonkosmetyczny-niemcza.pl\/wp-content\/uploads\/2025\/02\/2-2048x1365.jpg 2048w, http:\/\/salonkosmetyczny-niemcza.pl\/wp-content\/uploads\/2025\/02\/2-370x247.jpg 370w, http:\/\/salonkosmetyczny-niemcza.pl\/wp-content\/uploads\/2025\/02\/2-776x517.jpg 776w\" sizes=\"(max-width: 1024px) 100vw, 1024px\" \/>\t\t\t\t\t\t\t\t\t\t\t\t\t\t\t<\/div>\n\t\t\t\t<\/div>\n\t\t\t\t<div class=\"elementor-element elementor-element-b8e6e0a elementor-widget elementor-widget-heading\" data-id=\"b8e6e0a\" data-element_type=\"widget\" data-widget_type=\"heading.default\">\n\t\t\t\t<div class=\"elementor-widget-container\">\n\t\t\t\t\t<h2 class=\"elementor-heading-title elementor-size-default\">Wskazania do zabiegu<\/h2>\t\t\t\t<\/div>\n\t\t\t\t<\/div>\n\t\t\t\t<div class=\"elementor-element elementor-element-f0c9c71 elementor-widget elementor-widget-text-editor\" data-id=\"f0c9c71\" data-element_type=\"widget\" data-widget_type=\"text-editor.default\">\n\t\t\t\t<div class=\"elementor-widget-container\">\n\t\t\t\t\t\t\t\t\t<ul><li>Sk\u00f3ra szara, zm\u0119czona, sucha, pozbawiona blasku, z oznakami starzenia.<\/li><li>Cera wymagaj\u0105ca dog\u0142\u0119bnego oczyszczenia i nawil\u017cenia.<\/li><li>Sk\u00f3ra nara\u017cona na dzia\u0142anie zanieczyszcze\u0144 miejskich oraz czynnik\u00f3w atmosferycznych.<\/li><li>Cera tr\u0105dzikowa, z tendencj\u0105 do nadmiernej produkcji sebum i stan\u00f3w zapalnych.<\/li><li>Rozszerzone pory oraz nier\u00f3wnomierny koloryt sk\u00f3ry.<\/li><li>Cera naczynkowa, nadreaktywna i problematyczna.<\/li><li>Profilaktyka dla sk\u00f3ry zdrowej w celu utrzymania jej w optymalnej kondycji.<\/li><\/ul>\t\t\t\t\t\t\t\t<\/div>\n\t\t\t\t<\/div>\n\t\t\t\t<div class=\"elementor-element elementor-element-b903e15 elementor-widget elementor-widget-heading\" data-id=\"b903e15\" data-element_type=\"widget\" data-widget_type=\"heading.default\">\n\t\t\t\t<div class=\"elementor-widget-container\">\n\t\t\t\t\t<h2 class=\"elementor-heading-title elementor-size-default\">Przeciwskazania<\/h2>\t\t\t\t<\/div>\n\t\t\t\t<\/div>\n\t\t\t\t<div class=\"elementor-element elementor-element-bf972f6 elementor-widget elementor-widget-text-editor\" data-id=\"bf972f6\" data-element_type=\"widget\" data-widget_type=\"text-editor.default\">\n\t\t\t\t<div class=\"elementor-widget-container\">\n\t\t\t\t\t\t\t\t\t<ul><li style=\"list-style-type: none;\"><ul><li>Aktywne infekcje sk\u00f3rne w miejscu zabiegu.<\/li><li>Nowotwory sk\u00f3ry.<\/li><li>Ci\u0105\u017ca i okres karmienia piersi\u0105.<\/li><li>\u015awie\u017ce rany lub uszkodzenia sk\u00f3ry.<\/li><\/ul><\/li><\/ul>\t\t\t\t\t\t\t\t<\/div>\n\t\t\t\t<\/div>\n\t\t\t\t<div class=\"elementor-element elementor-element-321bbe5 elementor-widget elementor-widget-heading\" data-id=\"321bbe5\" data-element_type=\"widget\" data-widget_type=\"heading.default\">\n\t\t\t\t<div class=\"elementor-widget-container\">\n\t\t\t\t\t<h2 class=\"elementor-heading-title elementor-size-default\">Efekty zabiegu<\/h2>\t\t\t\t<\/div>\n\t\t\t\t<\/div>\n\t\t\t\t<div class=\"elementor-element elementor-element-ce1bf96 elementor-invisible elementor-widget elementor-widget-heading\" data-id=\"ce1bf96\" data-element_type=\"widget\" data-settings=\"{&quot;_animation&quot;:&quot;fadeInRight&quot;}\" data-widget_type=\"heading.default\">\n\t\t\t\t<div class=\"elementor-widget-container\">\n\t\t\t\t\t<h5 class=\"elementor-heading-title elementor-size-default\">Dotlenienie i rewitalizacja sk\u00f3ry<\/h5>\t\t\t\t<\/div>\n\t\t\t\t<\/div>\n\t\t\t\t<div class=\"elementor-element elementor-element-2138e66 elementor-invisible elementor-widget elementor-widget-text-editor\" data-id=\"2138e66\" data-element_type=\"widget\" data-settings=\"{&quot;_animation&quot;:&quot;fadeInLeft&quot;}\" data-widget_type=\"text-editor.default\">\n\t\t\t\t<div class=\"elementor-widget-container\">\n\t\t\t\t\t\t\t\t\t<p>Zabieg poprawia metabolizm kom\u00f3rkowy, co skutkuje zdrowszym i bardziej promiennym wygl\u0105dem cery.<\/p>\t\t\t\t\t\t\t\t<\/div>\n\t\t\t\t<\/div>\n\t\t\t\t<div class=\"elementor-element elementor-element-9ee7047 elementor-invisible elementor-widget elementor-widget-heading\" data-id=\"9ee7047\" data-element_type=\"widget\" data-settings=\"{&quot;_animation&quot;:&quot;fadeInRight&quot;}\" data-widget_type=\"heading.default\">\n\t\t\t\t<div class=\"elementor-widget-container\">\n\t\t\t\t\t<h5 class=\"elementor-heading-title elementor-size-default\">Przebudowa w\u0142\u00f3kien kolagenowych:<\/h5>\t\t\t\t<\/div>\n\t\t\t\t<\/div>\n\t\t\t\t<div class=\"elementor-element elementor-element-5755c4b elementor-invisible elementor-widget elementor-widget-text-editor\" data-id=\"5755c4b\" data-element_type=\"widget\" data-settings=\"{&quot;_animation&quot;:&quot;fadeInLeft&quot;}\" data-widget_type=\"text-editor.default\">\n\t\t\t\t<div class=\"elementor-widget-container\">\n\t\t\t\t\t\t\t\t\t<p>Stymulacja produkcji kolagenu prowadzi do zwi\u0119kszenia elastyczno\u015bci i j\u0119drno\u015bci sk\u00f3ry.<\/p>\t\t\t\t\t\t\t\t<\/div>\n\t\t\t\t<\/div>\n\t\t\t\t<div class=\"elementor-element elementor-element-e365282 elementor-invisible elementor-widget elementor-widget-heading\" data-id=\"e365282\" data-element_type=\"widget\" data-settings=\"{&quot;_animation&quot;:&quot;fadeInRight&quot;}\" data-widget_type=\"heading.default\">\n\t\t\t\t<div class=\"elementor-widget-container\">\n\t\t\t\t\t<h5 class=\"elementor-heading-title elementor-size-default\">Poprawa g\u0119sto\u015bci i napi\u0119cia sk\u00f3ry<\/h5>\t\t\t\t<\/div>\n\t\t\t\t<\/div>\n\t\t\t\t<div class=\"elementor-element elementor-element-73ac301 elementor-invisible elementor-widget elementor-widget-text-editor\" data-id=\"73ac301\" data-element_type=\"widget\" data-settings=\"{&quot;_animation&quot;:&quot;fadeInLeft&quot;}\" data-widget_type=\"text-editor.default\">\n\t\t\t\t<div class=\"elementor-widget-container\">\n\t\t\t\t\t\t\t\t\t<p>Regularne zabiegi przyczyniaj\u0105 si\u0119 do zag\u0119szczenia struktury sk\u00f3ry, co wp\u0142ywa na jej m\u0142odszy wygl\u0105d.<\/p>\t\t\t\t\t\t\t\t<\/div>\n\t\t\t\t<\/div>\n\t\t\t\t<div class=\"elementor-element elementor-element-88ba81d elementor-invisible elementor-widget elementor-widget-heading\" data-id=\"88ba81d\" data-element_type=\"widget\" data-settings=\"{&quot;_animation&quot;:&quot;fadeInRight&quot;}\" data-widget_type=\"heading.default\">\n\t\t\t\t<div class=\"elementor-widget-container\">\n\t\t\t\t\t<h5 class=\"elementor-heading-title elementor-size-default\">Nawil\u017cenie i wyg\u0142adzenie<\/h5>\t\t\t\t<\/div>\n\t\t\t\t<\/div>\n\t\t\t\t<div class=\"elementor-element elementor-element-e0d09e7 elementor-invisible elementor-widget elementor-widget-text-editor\" data-id=\"e0d09e7\" data-element_type=\"widget\" data-settings=\"{&quot;_animation&quot;:&quot;fadeInLeft&quot;}\" data-widget_type=\"text-editor.default\">\n\t\t\t\t<div class=\"elementor-widget-container\">\n\t\t\t\t\t\t\t\t\t<p>Sk\u00f3ra staje si\u0119 lepiej nawil\u017cona, od\u017cywiona oraz g\u0142adsza w dotyku.<\/p>\t\t\t\t\t\t\t\t<\/div>\n\t\t\t\t<\/div>\n\t\t\t\t<div class=\"elementor-element elementor-element-5d78af2 elementor-invisible elementor-widget elementor-widget-heading\" data-id=\"5d78af2\" data-element_type=\"widget\" data-settings=\"{&quot;_animation&quot;:&quot;fadeInRight&quot;}\" data-widget_type=\"heading.default\">\n\t\t\t\t<div class=\"elementor-widget-container\">\n\t\t\t\t\t<h5 class=\"elementor-heading-title elementor-size-default\">Wzmocnienie naczy\u0144 krwiono\u015bnych<\/h5>\t\t\t\t<\/div>\n\t\t\t\t<\/div>\n\t\t\t\t<div class=\"elementor-element elementor-element-3db3d34 elementor-invisible elementor-widget elementor-widget-text-editor\" data-id=\"3db3d34\" data-element_type=\"widget\" data-settings=\"{&quot;_animation&quot;:&quot;fadeInLeft&quot;}\" data-widget_type=\"text-editor.default\">\n\t\t\t\t<div class=\"elementor-widget-container\">\n\t\t\t\t\t\t\t\t\t<p>Zabieg uszczelnia naczynia, co jest korzystne dla os\u00f3b z cer\u0105 naczynkow\u0105.<\/p>\t\t\t\t\t\t\t\t<\/div>\n\t\t\t\t<\/div>\n\t\t\t\t<div class=\"elementor-element elementor-element-f588dcb elementor-invisible elementor-widget elementor-widget-heading\" data-id=\"f588dcb\" data-element_type=\"widget\" data-settings=\"{&quot;_animation&quot;:&quot;fadeInRight&quot;}\" data-widget_type=\"heading.default\">\n\t\t\t\t<div class=\"elementor-widget-container\">\n\t\t\t\t\t<h5 class=\"elementor-heading-title elementor-size-default\">Ujednolicenie kolorytu i redukcja przebarwie\u0144<\/h5>\t\t\t\t<\/div>\n\t\t\t\t<\/div>\n\t\t\t\t<div class=\"elementor-element elementor-element-6d6b867 elementor-invisible elementor-widget elementor-widget-text-editor\" data-id=\"6d6b867\" data-element_type=\"widget\" data-settings=\"{&quot;_animation&quot;:&quot;fadeInLeft&quot;}\" data-widget_type=\"text-editor.default\">\n\t\t\t\t<div class=\"elementor-widget-container\">\n\t\t\t\t\t\t\t\t\t<p>Regularne stosowanie pomaga w wyr\u00f3wnaniu kolorytu sk\u00f3ry oraz zmniejszeniu widoczno\u015bci przebarwie\u0144.<\/p>\t\t\t\t\t\t\t\t<\/div>\n\t\t\t\t<\/div>\n\t\t\t\t<div class=\"elementor-element elementor-element-1f37737 elementor-invisible elementor-widget elementor-widget-heading\" data-id=\"1f37737\" data-element_type=\"widget\" data-settings=\"{&quot;_animation&quot;:&quot;fadeInRight&quot;}\" data-widget_type=\"heading.default\">\n\t\t\t\t<div class=\"elementor-widget-container\">\n\t\t\t\t\t<h5 class=\"elementor-heading-title elementor-size-default\">Normalizacja wydzielania sebum i \u0142agodzenie stan\u00f3w zapalnych<\/h5>\t\t\t\t<\/div>\n\t\t\t\t<\/div>\n\t\t\t\t<div class=\"elementor-element elementor-element-b808bcd elementor-invisible elementor-widget elementor-widget-text-editor\" data-id=\"b808bcd\" data-element_type=\"widget\" data-settings=\"{&quot;_animation&quot;:&quot;fadeInLeft&quot;}\" data-widget_type=\"text-editor.default\">\n\t\t\t\t<div class=\"elementor-widget-container\">\n\t\t\t\t\t\t\t\t\t<p>\u00a0Oczyszczanie wodorowe reguluje prac\u0119 gruczo\u0142\u00f3w \u0142ojowych oraz redukuje stany zapalne, co jest istotne dla cery tr\u0105dzikowej.<\/p>\t\t\t\t\t\t\t\t<\/div>\n\t\t\t\t<\/div>\n\t\t\t\t\t<\/div>\n\t\t<\/div>\n\t\t\t\t\t<\/div>\n\t\t<\/section>\n\t\t\t\t<\/div>\n\t\t","protected":false},"excerpt":{"rendered":"<p>Oczyszczanie wodorowe to innowacyjny zabieg kosmetologiczny, kt\u00f3ry polega na wprowadzaniu w g\u0142\u0105b sk\u00f3ry mikroskopijnych cz\u0105steczek aktywnego wodoru. Proces ten umo\u017cliwia dog\u0142\u0119bne oczyszczenie kom\u00f3rek sk\u00f3ry poprzez eliminacj\u0119 wolnych rodnik\u00f3w odpowiedzialnych za &hellip; <\/p>\n","protected":false},"author":1,"featured_media":644,"parent":0,"menu_order":0,"comment_status":"closed","ping_status":"closed","template":"","meta":{"footnotes":""},"class_list":["post-1362","page","type-page","status-publish","has-post-thumbnail","hentry"],"yoast_head":"<!-- This site is optimized with the Yoast SEO plugin v25.6 - https:\/\/yoast.com\/wordpress\/plugins\/seo\/ -->\n<title>Oczyszczanie wodorowe - Ewa Kowal<\/title>\n<meta name=\"robots\" content=\"index, follow, max-snippet:-1, max-image-preview:large, max-video-preview:-1\" \/>\n<link rel=\"canonical\" href=\"http:\/\/salonkosmetyczny-niemcza.pl\/?page_id=1362\" \/>\n<meta property=\"og:locale\" content=\"pl_PL\" \/>\n<meta property=\"og:type\" content=\"article\" \/>\n<meta property=\"og:title\" content=\"Oczyszczanie wodorowe - Ewa Kowal\" \/>\n<meta property=\"og:description\" content=\"Oczyszczanie wodorowe to innowacyjny zabieg kosmetologiczny, kt\u00f3ry polega na wprowadzaniu w g\u0142\u0105b sk\u00f3ry mikroskopijnych cz\u0105steczek aktywnego wodoru. Proces ten umo\u017cliwia dog\u0142\u0119bne oczyszczenie kom\u00f3rek sk\u00f3ry poprzez eliminacj\u0119 wolnych rodnik\u00f3w odpowiedzialnych za &hellip;\" \/>\n<meta property=\"og:url\" content=\"http:\/\/salonkosmetyczny-niemcza.pl\/?page_id=1362\" \/>\n<meta property=\"og:site_name\" content=\"Ewa Kowal\" \/>\n<meta property=\"article:modified_time\" content=\"2025-08-06T15:35:21+00:00\" \/>\n<meta property=\"og:image\" content=\"http:\/\/salonkosmetyczny-niemcza.pl\/wp-content\/uploads\/2023\/02\/gg.jpg\" \/>\n\t<meta property=\"og:image:width\" content=\"1804\" \/>\n\t<meta property=\"og:image:height\" content=\"472\" \/>\n\t<meta property=\"og:image:type\" content=\"image\/jpeg\" \/>\n<meta name=\"twitter:card\" content=\"summary_large_image\" \/>\n<meta name=\"twitter:label1\" content=\"Szacowany czas czytania\" \/>\n\t<meta name=\"twitter:data1\" content=\"3 minuty\" \/>\n<script type=\"application\/ld+json\" class=\"yoast-schema-graph\">{\"@context\":\"https:\/\/schema.org\",\"@graph\":[{\"@type\":\"WebPage\",\"@id\":\"http:\/\/salonkosmetyczny-niemcza.pl\/?page_id=1362\",\"url\":\"http:\/\/salonkosmetyczny-niemcza.pl\/?page_id=1362\",\"name\":\"Oczyszczanie wodorowe - Ewa Kowal\",\"isPartOf\":{\"@id\":\"http:\/\/salonkosmetyczny-niemcza.pl\/#website\"},\"primaryImageOfPage\":{\"@id\":\"http:\/\/salonkosmetyczny-niemcza.pl\/?page_id=1362#primaryimage\"},\"image\":{\"@id\":\"http:\/\/salonkosmetyczny-niemcza.pl\/?page_id=1362#primaryimage\"},\"thumbnailUrl\":\"https:\/\/salonkosmetyczny-niemcza.pl\/wp-content\/uploads\/2023\/02\/gg.jpg\",\"datePublished\":\"2025-02-03T12:29:51+00:00\",\"dateModified\":\"2025-08-06T15:35:21+00:00\",\"breadcrumb\":{\"@id\":\"http:\/\/salonkosmetyczny-niemcza.pl\/?page_id=1362#breadcrumb\"},\"inLanguage\":\"pl-PL\",\"potentialAction\":[{\"@type\":\"ReadAction\",\"target\":[\"http:\/\/salonkosmetyczny-niemcza.pl\/?page_id=1362\"]}]},{\"@type\":\"ImageObject\",\"inLanguage\":\"pl-PL\",\"@id\":\"http:\/\/salonkosmetyczny-niemcza.pl\/?page_id=1362#primaryimage\",\"url\":\"https:\/\/salonkosmetyczny-niemcza.pl\/wp-content\/uploads\/2023\/02\/gg.jpg\",\"contentUrl\":\"https:\/\/salonkosmetyczny-niemcza.pl\/wp-content\/uploads\/2023\/02\/gg.jpg\",\"width\":1804,\"height\":472},{\"@type\":\"BreadcrumbList\",\"@id\":\"http:\/\/salonkosmetyczny-niemcza.pl\/?page_id=1362#breadcrumb\",\"itemListElement\":[{\"@type\":\"ListItem\",\"position\":1,\"name\":\"Strona g\u0142\u00f3wna\",\"item\":\"http:\/\/salonkosmetyczny-niemcza.pl\/\"},{\"@type\":\"ListItem\",\"position\":2,\"name\":\"Oczyszczanie wodorowe\"}]},{\"@type\":\"WebSite\",\"@id\":\"http:\/\/salonkosmetyczny-niemcza.pl\/#website\",\"url\":\"http:\/\/salonkosmetyczny-niemcza.pl\/\",\"name\":\"Ewa Kowal\",\"description\":\"Gabinet Kosmetyczny\",\"publisher\":{\"@id\":\"http:\/\/salonkosmetyczny-niemcza.pl\/#organization\"},\"potentialAction\":[{\"@type\":\"SearchAction\",\"target\":{\"@type\":\"EntryPoint\",\"urlTemplate\":\"http:\/\/salonkosmetyczny-niemcza.pl\/?s={search_term_string}\"},\"query-input\":{\"@type\":\"PropertyValueSpecification\",\"valueRequired\":true,\"valueName\":\"search_term_string\"}}],\"inLanguage\":\"pl-PL\"},{\"@type\":\"Organization\",\"@id\":\"http:\/\/salonkosmetyczny-niemcza.pl\/#organization\",\"name\":\"Ewa Kowal\",\"url\":\"http:\/\/salonkosmetyczny-niemcza.pl\/\",\"logo\":{\"@type\":\"ImageObject\",\"inLanguage\":\"pl-PL\",\"@id\":\"http:\/\/salonkosmetyczny-niemcza.pl\/#\/schema\/logo\/image\/\",\"url\":\"https:\/\/salonkosmetyczny-niemcza.pl\/wp-content\/uploads\/2023\/02\/cropped-ewakowal.png\",\"contentUrl\":\"https:\/\/salonkosmetyczny-niemcza.pl\/wp-content\/uploads\/2023\/02\/cropped-ewakowal.png\",\"width\":189,\"height\":150,\"caption\":\"Ewa Kowal\"},\"image\":{\"@id\":\"http:\/\/salonkosmetyczny-niemcza.pl\/#\/schema\/logo\/image\/\"}}]}<\/script>\n<!-- \/ Yoast SEO plugin. -->","yoast_head_json":{"title":"Oczyszczanie wodorowe - Ewa Kowal","robots":{"index":"index","follow":"follow","max-snippet":"max-snippet:-1","max-image-preview":"max-image-preview:large","max-video-preview":"max-video-preview:-1"},"canonical":"http:\/\/salonkosmetyczny-niemcza.pl\/?page_id=1362","og_locale":"pl_PL","og_type":"article","og_title":"Oczyszczanie wodorowe - Ewa Kowal","og_description":"Oczyszczanie wodorowe to innowacyjny zabieg kosmetologiczny, kt\u00f3ry polega na wprowadzaniu w g\u0142\u0105b sk\u00f3ry mikroskopijnych cz\u0105steczek aktywnego wodoru. Proces ten umo\u017cliwia dog\u0142\u0119bne oczyszczenie kom\u00f3rek sk\u00f3ry poprzez eliminacj\u0119 wolnych rodnik\u00f3w odpowiedzialnych za &hellip;","og_url":"http:\/\/salonkosmetyczny-niemcza.pl\/?page_id=1362","og_site_name":"Ewa Kowal","article_modified_time":"2025-08-06T15:35:21+00:00","og_image":[{"width":1804,"height":472,"url":"http:\/\/salonkosmetyczny-niemcza.pl\/wp-content\/uploads\/2023\/02\/gg.jpg","type":"image\/jpeg"}],"twitter_card":"summary_large_image","twitter_misc":{"Szacowany czas czytania":"3 minuty"},"schema":{"@context":"https:\/\/schema.org","@graph":[{"@type":"WebPage","@id":"http:\/\/salonkosmetyczny-niemcza.pl\/?page_id=1362","url":"http:\/\/salonkosmetyczny-niemcza.pl\/?page_id=1362","name":"Oczyszczanie wodorowe - Ewa Kowal","isPartOf":{"@id":"http:\/\/salonkosmetyczny-niemcza.pl\/#website"},"primaryImageOfPage":{"@id":"http:\/\/salonkosmetyczny-niemcza.pl\/?page_id=1362#primaryimage"},"image":{"@id":"http:\/\/salonkosmetyczny-niemcza.pl\/?page_id=1362#primaryimage"},"thumbnailUrl":"https:\/\/salonkosmetyczny-niemcza.pl\/wp-content\/uploads\/2023\/02\/gg.jpg","datePublished":"2025-02-03T12:29:51+00:00","dateModified":"2025-08-06T15:35:21+00:00","breadcrumb":{"@id":"http:\/\/salonkosmetyczny-niemcza.pl\/?page_id=1362#breadcrumb"},"inLanguage":"pl-PL","potentialAction":[{"@type":"ReadAction","target":["http:\/\/salonkosmetyczny-niemcza.pl\/?page_id=1362"]}]},{"@type":"ImageObject","inLanguage":"pl-PL","@id":"http:\/\/salonkosmetyczny-niemcza.pl\/?page_id=1362#primaryimage","url":"https:\/\/salonkosmetyczny-niemcza.pl\/wp-content\/uploads\/2023\/02\/gg.jpg","contentUrl":"https:\/\/salonkosmetyczny-niemcza.pl\/wp-content\/uploads\/2023\/02\/gg.jpg","width":1804,"height":472},{"@type":"BreadcrumbList","@id":"http:\/\/salonkosmetyczny-niemcza.pl\/?page_id=1362#breadcrumb","itemListElement":[{"@type":"ListItem","position":1,"name":"Strona g\u0142\u00f3wna","item":"http:\/\/salonkosmetyczny-niemcza.pl\/"},{"@type":"ListItem","position":2,"name":"Oczyszczanie wodorowe"}]},{"@type":"WebSite","@id":"http:\/\/salonkosmetyczny-niemcza.pl\/#website","url":"http:\/\/salonkosmetyczny-niemcza.pl\/","name":"Ewa Kowal","description":"Gabinet Kosmetyczny","publisher":{"@id":"http:\/\/salonkosmetyczny-niemcza.pl\/#organization"},"potentialAction":[{"@type":"SearchAction","target":{"@type":"EntryPoint","urlTemplate":"http:\/\/salonkosmetyczny-niemcza.pl\/?s={search_term_string}"},"query-input":{"@type":"PropertyValueSpecification","valueRequired":true,"valueName":"search_term_string"}}],"inLanguage":"pl-PL"},{"@type":"Organization","@id":"http:\/\/salonkosmetyczny-niemcza.pl\/#organization","name":"Ewa Kowal","url":"http:\/\/salonkosmetyczny-niemcza.pl\/","logo":{"@type":"ImageObject","inLanguage":"pl-PL","@id":"http:\/\/salonkosmetyczny-niemcza.pl\/#\/schema\/logo\/image\/","url":"https:\/\/salonkosmetyczny-niemcza.pl\/wp-content\/uploads\/2023\/02\/cropped-ewakowal.png","contentUrl":"https:\/\/salonkosmetyczny-niemcza.pl\/wp-content\/uploads\/2023\/02\/cropped-ewakowal.png","width":189,"height":150,"caption":"Ewa Kowal"},"image":{"@id":"http:\/\/salonkosmetyczny-niemcza.pl\/#\/schema\/logo\/image\/"}}]}},"_links":{"self":[{"href":"https:\/\/salonkosmetyczny-niemcza.pl\/index.php?rest_route=\/wp\/v2\/pages\/1362","targetHints":{"allow":["GET"]}}],"collection":[{"href":"https:\/\/salonkosmetyczny-niemcza.pl\/index.php?rest_route=\/wp\/v2\/pages"}],"about":[{"href":"https:\/\/salonkosmetyczny-niemcza.pl\/index.php?rest_route=\/wp\/v2\/types\/page"}],"author":[{"embeddable":true,"href":"https:\/\/salonkosmetyczny-niemcza.pl\/index.php?rest_route=\/wp\/v2\/users\/1"}],"replies":[{"embeddable":true,"href":"https:\/\/salonkosmetyczny-niemcza.pl\/index.php?rest_route=%2Fwp%2Fv2%2Fcomments&post=1362"}],"version-history":[{"count":7,"href":"https:\/\/salonkosmetyczny-niemcza.pl\/index.php?rest_route=\/wp\/v2\/pages\/1362\/revisions"}],"predecessor-version":[{"id":1374,"href":"https:\/\/salonkosmetyczny-niemcza.pl\/index.php?rest_route=\/wp\/v2\/pages\/1362\/revisions\/1374"}],"wp:featuredmedia":[{"embeddable":true,"href":"https:\/\/salonkosmetyczny-niemcza.pl\/index.php?rest_route=\/wp\/v2\/media\/644"}],"wp:attachment":[{"href":"https:\/\/salonkosmetyczny-niemcza.pl\/index.php?rest_route=%2Fwp%2Fv2%2Fmedia&parent=1362"}],"curies":[{"name":"wp","href":"https:\/\/api.w.org\/{rel}","templated":true}]}}