{"id":1118,"date":"2024-02-29T20:38:29","date_gmt":"2024-02-29T19:38:29","guid":{"rendered":"https:\/\/serwer1331410.home.pl\/home\/salonkosea\/www\/?page_id=1118"},"modified":"2024-02-29T20:42:01","modified_gmt":"2024-02-29T19:42:01","slug":"manicure-tradycyjny","status":"publish","type":"page","link":"https:\/\/salonkosmetyczny-niemcza.pl\/?page_id=1118","title":{"rendered":"Makija\u017c tradycyjny"},"content":{"rendered":"\t\t<div data-elementor-type=\"wp-page\" data-elementor-id=\"1118\" class=\"elementor elementor-1118\">\n\t\t\t\t\t\t<section class=\"elementor-section elementor-top-section elementor-element elementor-element-95da71b elementor-section-boxed elementor-section-height-default elementor-section-height-default wpr-particle-no wpr-jarallax-no wpr-parallax-no wpr-sticky-section-no\" data-id=\"95da71b\" data-element_type=\"section\">\n\t\t\t\t\t\t<div class=\"elementor-container elementor-column-gap-default\">\n\t\t\t\t\t<div class=\"elementor-column elementor-col-100 elementor-top-column elementor-element elementor-element-b12e7c0\" data-id=\"b12e7c0\" data-element_type=\"column\">\n\t\t\t<div class=\"elementor-widget-wrap elementor-element-populated\">\n\t\t\t\t\t\t<div class=\"elementor-element elementor-element-a814446 elementor-widget elementor-widget-heading\" data-id=\"a814446\" data-element_type=\"widget\" data-widget_type=\"heading.default\">\n\t\t\t\t<div class=\"elementor-widget-container\">\n\t\t\t\t\t<h1 class=\"elementor-heading-title elementor-size-default\">Podkre\u015blenie pi\u0119kna w naturalny spos\u00f3b<\/h1>\t\t\t\t<\/div>\n\t\t\t\t<\/div>\n\t\t\t\t<div class=\"elementor-element elementor-element-fe0ba85 elementor-widget elementor-widget-text-editor\" data-id=\"fe0ba85\" data-element_type=\"widget\" data-widget_type=\"text-editor.default\">\n\t\t\t\t<div class=\"elementor-widget-container\">\n\t\t\t\t\t\t\t\t\t<p>Makija\u017c tradycyjny od lat cieszy si\u0119 popularno\u015bci\u0105 ze wzgl\u0119du na swoj\u0105 uniwersalno\u015b\u0107 i mo\u017cliwo\u015b\u0107 dostosowania do r\u00f3\u017cnych okazji i styl\u00f3w. Odpowiednio dobrany makija\u017c potrafi podkre\u015bli\u0107 naturalne pi\u0119kno oraz nada\u0107 pewno\u015bci siebie. Oferujemy wysokiej jako\u015bci zabiegi makija\u017cu tradycyjnego, kt\u00f3re pozwol\u0105 naszym klientkom poczu\u0107 si\u0119 wyj\u0105tkowo i pi\u0119knie w ka\u017cdej sytuacji.<\/p>\t\t\t\t\t\t\t\t<\/div>\n\t\t\t\t<\/div>\n\t\t\t\t<section class=\"elementor-section elementor-inner-section elementor-element elementor-element-c0680c4 elementor-section-boxed elementor-section-height-default elementor-section-height-default wpr-particle-no wpr-jarallax-no wpr-parallax-no wpr-sticky-section-no\" data-id=\"c0680c4\" data-element_type=\"section\">\n\t\t\t\t\t\t<div class=\"elementor-container elementor-column-gap-default\">\n\t\t\t\t\t<div class=\"elementor-column elementor-col-50 elementor-inner-column elementor-element elementor-element-937f156\" data-id=\"937f156\" data-element_type=\"column\">\n\t\t\t<div class=\"elementor-widget-wrap elementor-element-populated\">\n\t\t\t\t\t\t<div class=\"elementor-element elementor-element-df4cc10 elementor-widget elementor-widget-text-editor\" data-id=\"df4cc10\" data-element_type=\"widget\" data-widget_type=\"text-editor.default\">\n\t\t\t\t<div class=\"elementor-widget-container\">\n\t\t\t\t\t\t\t\t\t<p>Makija\u017c tradycyjny to klasyka, kt\u00f3ra nigdy nie wychodzi z mody. Jest doskona\u0142ym rozwi\u0105zaniem zar\u00f3wno na co dzie\u0144, jak i na specjalne okazje, takie jak wesela, imprezy czy spotkania biznesowe. Dzi\u0119ki r\u00f3\u017cnorodno\u015bci dost\u0119pnych produkt\u00f3w i technik, makija\u017c tradycyjny mo\u017ce by\u0107 dopasowany do indywidualnych preferencji i potrzeb klientki, podkre\u015blaj\u0105c jej naturalne pi\u0119kno w spos\u00f3b subtelny lub bardziej wyrazisty.<\/p>\t\t\t\t\t\t\t\t<\/div>\n\t\t\t\t<\/div>\n\t\t\t\t\t<\/div>\n\t\t<\/div>\n\t\t\t\t<div class=\"elementor-column elementor-col-50 elementor-inner-column elementor-element elementor-element-4159370\" data-id=\"4159370\" data-element_type=\"column\">\n\t\t\t<div class=\"elementor-widget-wrap elementor-element-populated\">\n\t\t\t\t\t\t<div class=\"elementor-element elementor-element-8662ddd elementor-widget elementor-widget-image\" data-id=\"8662ddd\" data-element_type=\"widget\" data-widget_type=\"image.default\">\n\t\t\t\t<div class=\"elementor-widget-container\">\n\t\t\t\t\t\t\t\t\t\t\t\t\t\t\t<img fetchpriority=\"high\" decoding=\"async\" width=\"300\" height=\"225\" src=\"http:\/\/salonkosmetyczny-niemcza.pl\/wp-content\/uploads\/2024\/02\/female-artist-applying-make-up-model-300x225.jpg\" class=\"attachment-medium size-medium wp-image-1119\" alt=\"\" srcset=\"http:\/\/salonkosmetyczny-niemcza.pl\/wp-content\/uploads\/2024\/02\/female-artist-applying-make-up-model-300x225.jpg 300w, http:\/\/salonkosmetyczny-niemcza.pl\/wp-content\/uploads\/2024\/02\/female-artist-applying-make-up-model-1024x768.jpg 1024w, http:\/\/salonkosmetyczny-niemcza.pl\/wp-content\/uploads\/2024\/02\/female-artist-applying-make-up-model-768x576.jpg 768w, http:\/\/salonkosmetyczny-niemcza.pl\/wp-content\/uploads\/2024\/02\/female-artist-applying-make-up-model-1536x1152.jpg 1536w, http:\/\/salonkosmetyczny-niemcza.pl\/wp-content\/uploads\/2024\/02\/female-artist-applying-make-up-model-2048x1536.jpg 2048w, http:\/\/salonkosmetyczny-niemcza.pl\/wp-content\/uploads\/2024\/02\/female-artist-applying-make-up-model-80x60.jpg 80w, http:\/\/salonkosmetyczny-niemcza.pl\/wp-content\/uploads\/2024\/02\/female-artist-applying-make-up-model-640x480.jpg 640w, http:\/\/salonkosmetyczny-niemcza.pl\/wp-content\/uploads\/2024\/02\/female-artist-applying-make-up-model-110x83.jpg 110w\" sizes=\"(max-width: 300px) 100vw, 300px\" \/>\t\t\t\t\t\t\t\t\t\t\t\t\t\t\t<\/div>\n\t\t\t\t<\/div>\n\t\t\t\t\t<\/div>\n\t\t<\/div>\n\t\t\t\t\t<\/div>\n\t\t<\/section>\n\t\t\t\t<div class=\"elementor-element elementor-element-e3d3031 elementor-widget elementor-widget-spacer\" data-id=\"e3d3031\" data-element_type=\"widget\" data-widget_type=\"spacer.default\">\n\t\t\t\t<div class=\"elementor-widget-container\">\n\t\t\t\t\t\t\t<div class=\"elementor-spacer\">\n\t\t\t<div class=\"elementor-spacer-inner\"><\/div>\n\t\t<\/div>\n\t\t\t\t\t\t<\/div>\n\t\t\t\t<\/div>\n\t\t\t\t<div class=\"elementor-element elementor-element-f805244 elementor-widget elementor-widget-heading\" data-id=\"f805244\" data-element_type=\"widget\" data-widget_type=\"heading.default\">\n\t\t\t\t<div class=\"elementor-widget-container\">\n\t\t\t\t\t<h1 class=\"elementor-heading-title elementor-size-default\">Makija\u017c tradycyjny w naszym gabinecie:<\/h1>\t\t\t\t<\/div>\n\t\t\t\t<\/div>\n\t\t\t\t<div class=\"elementor-element elementor-element-415acb6 elementor-widget elementor-widget-eael-feature-list\" data-id=\"415acb6\" data-element_type=\"widget\" data-widget_type=\"eael-feature-list.default\">\n\t\t\t\t<div class=\"elementor-widget-container\">\n\t\t\t\t\t\t\t<div class=\"-icon-position-left -tablet-icon-position-left -mobile-icon-position-left\">\n\t\t\t<ul id=\"eael-feature-list-415acb6\" class=\"eael-feature-list-items circle stacked  eael-feature-list-vertical\">\n\t\t\t                <li class=\"eael-feature-list-item elementor-repeater-item-04d4ad5\">\n                    \n\t\t\t\t\t\t<div class=\"eael-feature-list-icon-box\">\n\t\t\t\t\t\t\t<div class=\"eael-feature-list-icon-inner\">\n\n\t\t\t\t\t\t\t\t<span class=\"eael-feature-list-icon fl-icon-0\">\n\n\t\t<i aria-hidden=\"true\" class=\"far fa-eye\"><\/i>\t\t\t\t\t\t\t\t<\/span>\n\t\t\t\t\t\t\t<\/div>\n\t\t\t\t\t\t<\/div>\n\t\t\t\t\t\t<div class=\"eael-feature-list-content-box\">\n                            <h2 class=\"eael-feature-list-title\">Makija\u017c dzienny<\/h2>\t\t\t\t\t\t<p class=\"eael-feature-list-content\">To lekki i naturalny makija\u017c, kt\u00f3ry delikatnie podkre\u015bla urod\u0119 klientki, b\u0119d\u0105c idealnym wyborem do noszenia na co dzie\u0144. Zadbamy o to by makija\u017c by\u0142 trwa\u0142y i bez efektu \"maski\", zapewniaj\u0105c naturalny wygl\u0105d przez ca\u0142y dzie\u0144.<\/p>\n\t\t\t\t\t\t<\/div>\n\n\t\t\t\t\t<\/li>\n\t\t\t\t                <li class=\"eael-feature-list-item elementor-repeater-item-7963074\">\n                    \n\t\t\t\t\t\t<div class=\"eael-feature-list-icon-box\">\n\t\t\t\t\t\t\t<div class=\"eael-feature-list-icon-inner\">\n\n\t\t\t\t\t\t\t\t<span class=\"eael-feature-list-icon fl-icon-1\">\n\n\t\t<i aria-hidden=\"true\" class=\"far fa-eye\"><\/i>\t\t\t\t\t\t\t\t<\/span>\n\t\t\t\t\t\t\t<\/div>\n\t\t\t\t\t\t<\/div>\n\t\t\t\t\t\t<div class=\"eael-feature-list-content-box\">\n                            <h2 class=\"eael-feature-list-title\">Makija\u017c wieczorowy<\/h2>\t\t\t\t\t\t<p class=\"eael-feature-list-content\">Dla klientek pragn\u0105cych wygl\u0105da\u0107 ol\u015bniewaj\u0105co na wieczornych wyj\u015bciach proponujemy makija\u017c wieczorowy. Jest to bardziej intensywny makija\u017c, kt\u00f3ry podkre\u015bla oczy lub usta, dodaj\u0105c blasku i elegancji ca\u0142ej stylizacji.<\/p>\n\t\t\t\t\t\t<\/div>\n\n\t\t\t\t\t<\/li>\n\t\t\t\t                <li class=\"eael-feature-list-item elementor-repeater-item-79cfcc4\">\n                    \n\t\t\t\t\t\t<div class=\"eael-feature-list-icon-box\">\n\t\t\t\t\t\t\t<div class=\"eael-feature-list-icon-inner\">\n\n\t\t\t\t\t\t\t\t<span class=\"eael-feature-list-icon fl-icon-2\">\n\n\t\t<i aria-hidden=\"true\" class=\"far fa-eye\"><\/i>\t\t\t\t\t\t\t\t<\/span>\n\t\t\t\t\t\t\t<\/div>\n\t\t\t\t\t\t<\/div>\n\t\t\t\t\t\t<div class=\"eael-feature-list-content-box\">\n                            <h2 class=\"eael-feature-list-title\">Makija\u017c okoliczno\u015bciowy<\/h2>\t\t\t\t\t\t<p class=\"eael-feature-list-content\">Na specjalne okazje, takie jak \u015bluby, studni\u00f3wki czy urodziny, proponujemy makija\u017c okoliczno\u015bciowy. Dopasujemy makija\u017c do charakteru wydarzenia oraz preferencji klientki, zapewniaj\u0105c perfekcyjny wygl\u0105d na ka\u017cd\u0105 okazj\u0119.<\/p>\n\t\t\t\t\t\t<\/div>\n\n\t\t\t\t\t<\/li>\n\t\t\t\t\t\t\t<\/ul>\n\t\t<\/div>\n\t\t\t\t\t\t<\/div>\n\t\t\t\t<\/div>\n\t\t\t\t<div class=\"elementor-element elementor-element-1c14a4d elementor-widget elementor-widget-heading\" data-id=\"1c14a4d\" data-element_type=\"widget\" data-widget_type=\"heading.default\">\n\t\t\t\t<div class=\"elementor-widget-container\">\n\t\t\t\t\t<h1 class=\"elementor-heading-title elementor-size-default\">Dlaczego w\u0142a\u015bnie u nas warto wykona\u0107 zabieg henn\u0105?<\/h1>\t\t\t\t<\/div>\n\t\t\t\t<\/div>\n\t\t\t\t<div class=\"elementor-element elementor-element-88f4251 elementor-widget elementor-widget-text-editor\" data-id=\"88f4251\" data-element_type=\"widget\" data-widget_type=\"text-editor.default\">\n\t\t\t\t<div class=\"elementor-widget-container\">\n\t\t\t\t\t\t\t\t\t<div class=\"flex flex-grow flex-col max-w-full\"><div class=\"min-h-[20px] text-message flex flex-col items-start gap-3 whitespace-pre-wrap break-words [.text-message+&amp;]:mt-5 overflow-x-auto\" data-message-author-role=\"assistant\" data-message-id=\"c54d508e-3dfd-4353-a2b6-4210c057b73f\"><div class=\"markdown prose w-full break-words dark:prose-invert light\">Zabiegi makija\u017cu tradycyjnego w moim Gabinecie to gwarancja perfekcyjnego wygl\u0105du i poczucia pewno\u015bci siebie. Dzi\u0119ki wiedzy i do\u015bwiadczeniu, mog\u0119 zapewni\u0107 Ci idealnie dopasowany makija\u017c, kt\u00f3ry podkre\u015bli Twoje naturalne pi\u0119kno i sprawi, \u017ce b\u0119dziesz czu\u0107 si\u0119 wyj\u0105tkowo na ka\u017cd\u0105 okazj\u0119.<\/div><\/div><\/div>\t\t\t\t\t\t\t\t<\/div>\n\t\t\t\t<\/div>\n\t\t\t\t\t<\/div>\n\t\t<\/div>\n\t\t\t\t\t<\/div>\n\t\t<\/section>\n\t\t\t\t<\/div>\n\t\t","protected":false},"excerpt":{"rendered":"<p>Podkre\u015blenie pi\u0119kna w naturalny spos\u00f3b Makija\u017c tradycyjny od lat cieszy si\u0119 popularno\u015bci\u0105 ze wzgl\u0119du na swoj\u0105 uniwersalno\u015b\u0107 i mo\u017cliwo\u015b\u0107 dostosowania do r\u00f3\u017cnych okazji i styl\u00f3w. Odpowiednio dobrany makija\u017c potrafi podkre\u015bli\u0107 &hellip; <\/p>\n","protected":false},"author":1,"featured_media":1119,"parent":0,"menu_order":0,"comment_status":"closed","ping_status":"closed","template":"","meta":{"footnotes":""},"class_list":["post-1118","page","type-page","status-publish","has-post-thumbnail","hentry"],"yoast_head":"<!-- This site is optimized with the Yoast SEO plugin v25.6 - https:\/\/yoast.com\/wordpress\/plugins\/seo\/ -->\n<title>Makija\u017c tradycyjny - Ewa Kowal<\/title>\n<meta name=\"robots\" content=\"index, follow, max-snippet:-1, max-image-preview:large, max-video-preview:-1\" \/>\n<link rel=\"canonical\" href=\"http:\/\/salonkosmetyczny-niemcza.pl\/?page_id=1118\" \/>\n<meta property=\"og:locale\" content=\"pl_PL\" \/>\n<meta property=\"og:type\" content=\"article\" \/>\n<meta property=\"og:title\" content=\"Makija\u017c tradycyjny - Ewa Kowal\" \/>\n<meta property=\"og:description\" content=\"Podkre\u015blenie pi\u0119kna w naturalny spos\u00f3b Makija\u017c tradycyjny od lat cieszy si\u0119 popularno\u015bci\u0105 ze wzgl\u0119du na swoj\u0105 uniwersalno\u015b\u0107 i mo\u017cliwo\u015b\u0107 dostosowania do r\u00f3\u017cnych okazji i styl\u00f3w. Odpowiednio dobrany makija\u017c potrafi podkre\u015bli\u0107 &hellip;\" \/>\n<meta property=\"og:url\" content=\"http:\/\/salonkosmetyczny-niemcza.pl\/?page_id=1118\" \/>\n<meta property=\"og:site_name\" content=\"Ewa Kowal\" \/>\n<meta property=\"article:modified_time\" content=\"2024-02-29T19:42:01+00:00\" \/>\n<meta property=\"og:image\" content=\"http:\/\/salonkosmetyczny-niemcza.pl\/wp-content\/uploads\/2024\/02\/female-artist-applying-make-up-model-scaled.jpg\" \/>\n\t<meta property=\"og:image:width\" content=\"2560\" \/>\n\t<meta property=\"og:image:height\" content=\"1920\" \/>\n\t<meta property=\"og:image:type\" content=\"image\/jpeg\" \/>\n<meta name=\"twitter:card\" content=\"summary_large_image\" \/>\n<meta name=\"twitter:label1\" content=\"Szacowany czas czytania\" \/>\n\t<meta name=\"twitter:data1\" content=\"2 minuty\" \/>\n<script type=\"application\/ld+json\" class=\"yoast-schema-graph\">{\"@context\":\"https:\/\/schema.org\",\"@graph\":[{\"@type\":\"WebPage\",\"@id\":\"http:\/\/salonkosmetyczny-niemcza.pl\/?page_id=1118\",\"url\":\"http:\/\/salonkosmetyczny-niemcza.pl\/?page_id=1118\",\"name\":\"Makija\u017c tradycyjny - Ewa Kowal\",\"isPartOf\":{\"@id\":\"http:\/\/salonkosmetyczny-niemcza.pl\/#website\"},\"primaryImageOfPage\":{\"@id\":\"http:\/\/salonkosmetyczny-niemcza.pl\/?page_id=1118#primaryimage\"},\"image\":{\"@id\":\"http:\/\/salonkosmetyczny-niemcza.pl\/?page_id=1118#primaryimage\"},\"thumbnailUrl\":\"https:\/\/salonkosmetyczny-niemcza.pl\/wp-content\/uploads\/2024\/02\/female-artist-applying-make-up-model-scaled.jpg\",\"datePublished\":\"2024-02-29T19:38:29+00:00\",\"dateModified\":\"2024-02-29T19:42:01+00:00\",\"breadcrumb\":{\"@id\":\"http:\/\/salonkosmetyczny-niemcza.pl\/?page_id=1118#breadcrumb\"},\"inLanguage\":\"pl-PL\",\"potentialAction\":[{\"@type\":\"ReadAction\",\"target\":[\"http:\/\/salonkosmetyczny-niemcza.pl\/?page_id=1118\"]}]},{\"@type\":\"ImageObject\",\"inLanguage\":\"pl-PL\",\"@id\":\"http:\/\/salonkosmetyczny-niemcza.pl\/?page_id=1118#primaryimage\",\"url\":\"https:\/\/salonkosmetyczny-niemcza.pl\/wp-content\/uploads\/2024\/02\/female-artist-applying-make-up-model-scaled.jpg\",\"contentUrl\":\"https:\/\/salonkosmetyczny-niemcza.pl\/wp-content\/uploads\/2024\/02\/female-artist-applying-make-up-model-scaled.jpg\",\"width\":2560,\"height\":1920},{\"@type\":\"BreadcrumbList\",\"@id\":\"http:\/\/salonkosmetyczny-niemcza.pl\/?page_id=1118#breadcrumb\",\"itemListElement\":[{\"@type\":\"ListItem\",\"position\":1,\"name\":\"Strona g\u0142\u00f3wna\",\"item\":\"http:\/\/salonkosmetyczny-niemcza.pl\/\"},{\"@type\":\"ListItem\",\"position\":2,\"name\":\"Makija\u017c tradycyjny\"}]},{\"@type\":\"WebSite\",\"@id\":\"http:\/\/salonkosmetyczny-niemcza.pl\/#website\",\"url\":\"http:\/\/salonkosmetyczny-niemcza.pl\/\",\"name\":\"Ewa Kowal\",\"description\":\"Gabinet Kosmetyczny\",\"publisher\":{\"@id\":\"http:\/\/salonkosmetyczny-niemcza.pl\/#organization\"},\"potentialAction\":[{\"@type\":\"SearchAction\",\"target\":{\"@type\":\"EntryPoint\",\"urlTemplate\":\"http:\/\/salonkosmetyczny-niemcza.pl\/?s={search_term_string}\"},\"query-input\":{\"@type\":\"PropertyValueSpecification\",\"valueRequired\":true,\"valueName\":\"search_term_string\"}}],\"inLanguage\":\"pl-PL\"},{\"@type\":\"Organization\",\"@id\":\"http:\/\/salonkosmetyczny-niemcza.pl\/#organization\",\"name\":\"Ewa Kowal\",\"url\":\"http:\/\/salonkosmetyczny-niemcza.pl\/\",\"logo\":{\"@type\":\"ImageObject\",\"inLanguage\":\"pl-PL\",\"@id\":\"http:\/\/salonkosmetyczny-niemcza.pl\/#\/schema\/logo\/image\/\",\"url\":\"https:\/\/salonkosmetyczny-niemcza.pl\/wp-content\/uploads\/2023\/02\/cropped-ewakowal.png\",\"contentUrl\":\"https:\/\/salonkosmetyczny-niemcza.pl\/wp-content\/uploads\/2023\/02\/cropped-ewakowal.png\",\"width\":189,\"height\":150,\"caption\":\"Ewa Kowal\"},\"image\":{\"@id\":\"http:\/\/salonkosmetyczny-niemcza.pl\/#\/schema\/logo\/image\/\"}}]}<\/script>\n<!-- \/ Yoast SEO plugin. -->","yoast_head_json":{"title":"Makija\u017c tradycyjny - Ewa Kowal","robots":{"index":"index","follow":"follow","max-snippet":"max-snippet:-1","max-image-preview":"max-image-preview:large","max-video-preview":"max-video-preview:-1"},"canonical":"http:\/\/salonkosmetyczny-niemcza.pl\/?page_id=1118","og_locale":"pl_PL","og_type":"article","og_title":"Makija\u017c tradycyjny - Ewa Kowal","og_description":"Podkre\u015blenie pi\u0119kna w naturalny spos\u00f3b Makija\u017c tradycyjny od lat cieszy si\u0119 popularno\u015bci\u0105 ze wzgl\u0119du na swoj\u0105 uniwersalno\u015b\u0107 i mo\u017cliwo\u015b\u0107 dostosowania do r\u00f3\u017cnych okazji i styl\u00f3w. Odpowiednio dobrany makija\u017c potrafi podkre\u015bli\u0107 &hellip;","og_url":"http:\/\/salonkosmetyczny-niemcza.pl\/?page_id=1118","og_site_name":"Ewa Kowal","article_modified_time":"2024-02-29T19:42:01+00:00","og_image":[{"width":2560,"height":1920,"url":"http:\/\/salonkosmetyczny-niemcza.pl\/wp-content\/uploads\/2024\/02\/female-artist-applying-make-up-model-scaled.jpg","type":"image\/jpeg"}],"twitter_card":"summary_large_image","twitter_misc":{"Szacowany czas czytania":"2 minuty"},"schema":{"@context":"https:\/\/schema.org","@graph":[{"@type":"WebPage","@id":"http:\/\/salonkosmetyczny-niemcza.pl\/?page_id=1118","url":"http:\/\/salonkosmetyczny-niemcza.pl\/?page_id=1118","name":"Makija\u017c tradycyjny - Ewa Kowal","isPartOf":{"@id":"http:\/\/salonkosmetyczny-niemcza.pl\/#website"},"primaryImageOfPage":{"@id":"http:\/\/salonkosmetyczny-niemcza.pl\/?page_id=1118#primaryimage"},"image":{"@id":"http:\/\/salonkosmetyczny-niemcza.pl\/?page_id=1118#primaryimage"},"thumbnailUrl":"https:\/\/salonkosmetyczny-niemcza.pl\/wp-content\/uploads\/2024\/02\/female-artist-applying-make-up-model-scaled.jpg","datePublished":"2024-02-29T19:38:29+00:00","dateModified":"2024-02-29T19:42:01+00:00","breadcrumb":{"@id":"http:\/\/salonkosmetyczny-niemcza.pl\/?page_id=1118#breadcrumb"},"inLanguage":"pl-PL","potentialAction":[{"@type":"ReadAction","target":["http:\/\/salonkosmetyczny-niemcza.pl\/?page_id=1118"]}]},{"@type":"ImageObject","inLanguage":"pl-PL","@id":"http:\/\/salonkosmetyczny-niemcza.pl\/?page_id=1118#primaryimage","url":"https:\/\/salonkosmetyczny-niemcza.pl\/wp-content\/uploads\/2024\/02\/female-artist-applying-make-up-model-scaled.jpg","contentUrl":"https:\/\/salonkosmetyczny-niemcza.pl\/wp-content\/uploads\/2024\/02\/female-artist-applying-make-up-model-scaled.jpg","width":2560,"height":1920},{"@type":"BreadcrumbList","@id":"http:\/\/salonkosmetyczny-niemcza.pl\/?page_id=1118#breadcrumb","itemListElement":[{"@type":"ListItem","position":1,"name":"Strona g\u0142\u00f3wna","item":"http:\/\/salonkosmetyczny-niemcza.pl\/"},{"@type":"ListItem","position":2,"name":"Makija\u017c tradycyjny"}]},{"@type":"WebSite","@id":"http:\/\/salonkosmetyczny-niemcza.pl\/#website","url":"http:\/\/salonkosmetyczny-niemcza.pl\/","name":"Ewa Kowal","description":"Gabinet Kosmetyczny","publisher":{"@id":"http:\/\/salonkosmetyczny-niemcza.pl\/#organization"},"potentialAction":[{"@type":"SearchAction","target":{"@type":"EntryPoint","urlTemplate":"http:\/\/salonkosmetyczny-niemcza.pl\/?s={search_term_string}"},"query-input":{"@type":"PropertyValueSpecification","valueRequired":true,"valueName":"search_term_string"}}],"inLanguage":"pl-PL"},{"@type":"Organization","@id":"http:\/\/salonkosmetyczny-niemcza.pl\/#organization","name":"Ewa Kowal","url":"http:\/\/salonkosmetyczny-niemcza.pl\/","logo":{"@type":"ImageObject","inLanguage":"pl-PL","@id":"http:\/\/salonkosmetyczny-niemcza.pl\/#\/schema\/logo\/image\/","url":"https:\/\/salonkosmetyczny-niemcza.pl\/wp-content\/uploads\/2023\/02\/cropped-ewakowal.png","contentUrl":"https:\/\/salonkosmetyczny-niemcza.pl\/wp-content\/uploads\/2023\/02\/cropped-ewakowal.png","width":189,"height":150,"caption":"Ewa Kowal"},"image":{"@id":"http:\/\/salonkosmetyczny-niemcza.pl\/#\/schema\/logo\/image\/"}}]}},"_links":{"self":[{"href":"https:\/\/salonkosmetyczny-niemcza.pl\/index.php?rest_route=\/wp\/v2\/pages\/1118","targetHints":{"allow":["GET"]}}],"collection":[{"href":"https:\/\/salonkosmetyczny-niemcza.pl\/index.php?rest_route=\/wp\/v2\/pages"}],"about":[{"href":"https:\/\/salonkosmetyczny-niemcza.pl\/index.php?rest_route=\/wp\/v2\/types\/page"}],"author":[{"embeddable":true,"href":"https:\/\/salonkosmetyczny-niemcza.pl\/index.php?rest_route=\/wp\/v2\/users\/1"}],"replies":[{"embeddable":true,"href":"https:\/\/salonkosmetyczny-niemcza.pl\/index.php?rest_route=%2Fwp%2Fv2%2Fcomments&post=1118"}],"version-history":[{"count":6,"href":"https:\/\/salonkosmetyczny-niemcza.pl\/index.php?rest_route=\/wp\/v2\/pages\/1118\/revisions"}],"predecessor-version":[{"id":1126,"href":"https:\/\/salonkosmetyczny-niemcza.pl\/index.php?rest_route=\/wp\/v2\/pages\/1118\/revisions\/1126"}],"wp:featuredmedia":[{"embeddable":true,"href":"https:\/\/salonkosmetyczny-niemcza.pl\/index.php?rest_route=\/wp\/v2\/media\/1119"}],"wp:attachment":[{"href":"https:\/\/salonkosmetyczny-niemcza.pl\/index.php?rest_route=%2Fwp%2Fv2%2Fmedia&parent=1118"}],"curies":[{"name":"wp","href":"https:\/\/api.w.org\/{rel}","templated":true}]}}